{"id":143,"date":"2023-03-03T14:58:13","date_gmt":"2023-03-03T13:58:13","guid":{"rendered":"https:\/\/semmelweis.hu\/nhkk\/?page_id=143"},"modified":"2026-02-11T11:13:50","modified_gmt":"2026-02-11T10:13:50","slug":"nemzetkozi-tanulmanyi-igazgatosag","status":"publish","type":"page","link":"https:\/\/semmelweis.hu\/nhkk\/a-kozpontrol\/nemzetkozi-tanulmanyi-igazgatosag\/","title":{"rendered":"Nemzetk\u00f6zi Tanulm\u00e1nyi Igazgat\u00f3s\u00e1g"},"content":{"rendered":"<p>A <strong>Nemzetk\u00f6zi Tanulm\u00e1nyi Igazgat\u00f3s\u00e1g<\/strong> (NTI) az egyetemen a k\u00fclf\u00f6ldi \u00e1llampolg\u00e1rok sz\u00e1m\u00e1ra hirdetett, idegen nyelven foly\u00f3 k\u00e9pz\u00e9sek kapcs\u00e1n \u2013 a karokkal egy\u00fcttm\u0171k\u00f6dve \u2013 koordin\u00e1lja az oktat\u00e1s megszervez\u00e9s\u00e9t a k\u00e9pz\u00e9si programban az adott k\u00e9pz\u00e9sre vonatkoz\u00f3an meghat\u00e1rozott szakmai tartalomnak megfelel\u0151en. Az Igazgat\u00f3s\u00e1g feladatai k\u00f6z\u00e9 tartozik a hallgat\u00f3i toborz\u00e1s \u00e9s a felv\u00e9teli elj\u00e1r\u00e1s megszervez\u00e9se \u00e9s lebonyol\u00edt\u00e1sa; ell\u00e1tja a hallgat\u00f3k \u00e1ltal\u00e1nos tanulm\u00e1nyi \u00e9s t\u00e9r\u00edt\u00e9si-juttat\u00e1si \u00fcgyeivel, magyarorsz\u00e1gi tart\u00f3zkod\u00e1s\u00e1val kapcsolatos adminisztr\u00e1ci\u00f3t, gondoskodik a hallgat\u00f3k t\u00e1j\u00e9koztat\u00e1s\u00e1r\u00f3l. Az igazgat\u00f3s\u00e1g ell\u00e1tja a magyar nyelv\u0171 k\u00e9pz\u00e9sben r\u00e9sztvev\u0151 k\u00fclf\u00f6ldi hallgat\u00f3kkal kapcsolatos speci\u00e1lis adminisztrat\u00edv feladatokat is.<\/p>\n<p>Az igazgat\u00f3s\u00e1g a <a href=\"https:\/\/semmelweis.hu\/nhkk\/nyitolap\/\">Nemzetk\u00f6zi Hallgat\u00f3k K\u00e9pz\u00e9seinek K\u00f6zpontj\u00e1hoz<\/a> tartoz\u00f3 szervezeti egys\u00e9g. Tev\u00e9kenys\u00e9g\u00e9nek szakmai ir\u00e1ny\u00edt\u00e1s\u00e1t az Oktat\u00e1sigazgat\u00e1si Hivatal k\u00f6zrem\u0171k\u00f6d\u00e9s\u00e9vel az oktat\u00e1si rektorhelyettes, tov\u00e1bb\u00e1 az egyes k\u00e9pz\u00e9sekhez kapcsol\u00f3d\u00f3 speci\u00e1lis feladatok tekintet\u00e9ben a kar d\u00e9k\u00e1nja, oktat\u00e1si \u00fcgyek\u00e9rt felel\u0151s d\u00e9k\u00e1nhelyettese v\u00e9gzi.\u00a0<\/p>\n<p style=\"text-align: left\"><a href=\"https:\/\/semmelweis.hu\/nhkk\/elerhetosegek\/\">Tov\u00e1bb az el\u00e9rhet\u0151s\u00e9gekre \u2192<\/a><\/p>\n<div class=\"keretes w-100\">\n<h4><strong>Az NTI Tanulm\u00e1nyi Oszt\u00e1lyai:<\/strong><\/h4>\n<ul style=\"list-style-type: square\">\n<li><a href=\"https:\/\/semmelweis.hu\/english\/education\/registrars-offices\/\" target=\"_blank\" rel=\"noopener\">ANGOL NYELV\u0170 TANULM\u00c1NYI OSZT\u00c1LY \u2192<\/a><\/li>\n<li><a href=\"https:\/\/semmelweis.hu\/deutsch\/kontakt\/\" target=\"_blank\" rel=\"noopener\">N\u00c9MET NYELV\u0170 TANULM\u00c1NYI OSZT\u00c1LY \u2192<\/a><\/li>\n<\/ul>\n<\/div>\n<p>&nbsp;<\/p>\n","protected":false},"excerpt":{"rendered":"<p>A Nemzetk\u00f6zi Tanulm\u00e1nyi Igazgat\u00f3s\u00e1g (NTI) az egyetemen a k\u00fclf\u00f6ldi \u00e1llampolg\u00e1rok sz\u00e1m\u00e1ra hirdetett, idegen nyelven foly\u00f3 k\u00e9pz\u00e9sek kapcs\u00e1n \u2013 a karokkal egy\u00fcttm\u0171k\u00f6dve \u2013 koordin\u00e1lja az oktat\u00e1s megszervez\u00e9s\u00e9t a k\u00e9pz\u00e9si programban az adott k\u00e9pz\u00e9sre vonatkoz\u00f3an meghat\u00e1rozott szakmai tartalomnak megfelel\u0151en. Az Igazgat\u00f3s\u00e1g feladatai k\u00f6z\u00e9 tartozik a hallgat\u00f3i toborz\u00e1s \u00e9s a felv\u00e9teli elj\u00e1r\u00e1s megszervez\u00e9se \u00e9s lebonyol\u00edt\u00e1sa; ell\u00e1tja a hallgat\u00f3k &hellip;<\/p>\n","protected":false},"author":101640,"featured_media":0,"parent":5,"menu_order":2,"comment_status":"closed","ping_status":"closed","template":"","meta":{"_acf_changed":false,"footnotes":""},"categories":[],"tags":[],"class_list":["post-143","page","type-page","status-publish","hentry"],"acf":[],"_links":{"self":[{"href":"https:\/\/semmelweis.hu\/nhkk\/wp-json\/wp\/v2\/pages\/143","targetHints":{"allow":["GET"]}}],"collection":[{"href":"https:\/\/semmelweis.hu\/nhkk\/wp-json\/wp\/v2\/pages"}],"about":[{"href":"https:\/\/semmelweis.hu\/nhkk\/wp-json\/wp\/v2\/types\/page"}],"author":[{"embeddable":true,"href":"https:\/\/semmelweis.hu\/nhkk\/wp-json\/wp\/v2\/users\/101640"}],"replies":[{"embeddable":true,"href":"https:\/\/semmelweis.hu\/nhkk\/wp-json\/wp\/v2\/comments?post=143"}],"version-history":[{"count":10,"href":"https:\/\/semmelweis.hu\/nhkk\/wp-json\/wp\/v2\/pages\/143\/revisions"}],"predecessor-version":[{"id":428,"href":"https:\/\/semmelweis.hu\/nhkk\/wp-json\/wp\/v2\/pages\/143\/revisions\/428"}],"up":[{"embeddable":true,"href":"https:\/\/semmelweis.hu\/nhkk\/wp-json\/wp\/v2\/pages\/5"}],"wp:attachment":[{"href":"https:\/\/semmelweis.hu\/nhkk\/wp-json\/wp\/v2\/media?parent=143"}],"wp:term":[{"taxonomy":"category","embeddable":true,"href":"https:\/\/semmelweis.hu\/nhkk\/wp-json\/wp\/v2\/categories?post=143"},{"taxonomy":"post_tag","embeddable":true,"href":"https:\/\/semmelweis.hu\/nhkk\/wp-json\/wp\/v2\/tags?post=143"}],"curies":[{"name":"wp","href":"https:\/\/api.w.org\/{rel}","templated":true}]}}