{"id":131,"date":"2023-03-03T14:13:17","date_gmt":"2023-03-03T13:13:17","guid":{"rendered":"https:\/\/semmelweis.hu\/nhkk\/?page_id=131"},"modified":"2023-03-10T10:26:15","modified_gmt":"2023-03-10T09:26:15","slug":"adatkezeles","status":"publish","type":"page","link":"https:\/\/semmelweis.hu\/nhkk\/adatkezeles\/","title":{"rendered":"Adatkezel\u00e9s"},"content":{"rendered":"<h4>A Nemzetk\u00f6zi Hallgat\u00f3k K\u00e9pz\u00e9seinek K\u00f6zpontja \u00e1ltal v\u00e9gzett szem\u00e9lyes adatkezel\u00e9ssel kapcsolatos inform\u00e1ci\u00f3k el\u00e9rhet\u0151s\u00e9ge<\/h4>\n<p>1. A <strong>Nemzetk\u00f6zi Hallgat\u00f3k K\u00e9pz\u00e9seinek K\u00f6zpontj\u00e1nak<\/strong> adatkezel\u00e9si t\u00e1j\u00e9koztat\u00f3ja:<br \/>\n<a href=\"https:\/\/semmelweis.hu\/nhkk\/files\/2023\/03\/25352_NHKK_2023-ADL-NHKK-vegleges_2023-03-01.pdf\">Erre a linkre kattintva let\u00f6lthet\u0151<\/a><\/p>\n<p>1.1. Az adatkezel\u0151\u00a0NHKK <strong>adminisztrat\u00edv<\/strong> tev\u00e9kenys\u00e9g\u00e9nek feladataival \u00f6sszef\u00fcgg\u0151 adatkezel\u00e9sekkel kapcsolatos inform\u00e1ci\u00f3k el\u00e9rhet\u0151s\u00e9ge:<br \/>\n<a href=\"https:\/\/semmelweis.hu\/nhkk\/files\/2023\/03\/27110_2_NHKK_2023_adatkezelesi-nyilvantartas-NHKK-adminisztrativ-tevekenyseg.xlsx\">Erre a linkre kattintva let\u00f6lthet\u0151<\/a><\/p>\n<p>1.2. Az adatkezel\u0151 NHKK <strong>munka\u00fcgyi-p\u00e9nz\u00fcgyi<\/strong> szolg\u00e1ltat\u00e1si tev\u00e9kenys\u00e9g\u00e9nek feladataival \u00f6sszef\u00fcgg\u0151 adatkezel\u00e9sekkel kapcsolatos inform\u00e1ci\u00f3k el\u00e9rhet\u0151s\u00e9ge:<br \/>\n<a href=\"https:\/\/semmelweis.hu\/nhkk\/files\/2023\/03\/27110_3_NHKK_2023_adatkezelesi-nyilvantartas-NHKK-munkaugyi-penzugyi-szolgaltatas.xlsx\">Erre a linkre kattintva let\u00f6lthet\u0151<\/a><\/p>\n<p>1.3. Az adatkezel\u0151 NHKK <strong>oktat\u00e1sszervez\u00e9si<\/strong> tev\u00e9kenys\u00e9g\u00e9nek feladataival \u00f6sszef\u00fcgg\u0151 adatkezel\u00e9sekkel kapcsolatos inform\u00e1ci\u00f3k el\u00e9rhet\u0151s\u00e9ge:<br \/>\n<a href=\"https:\/\/semmelweis.hu\/nhkk\/files\/2023\/03\/27110_4_NHKK_2023_adatkezelesi-nyilvantartas-NHKK-oktatas-szervezes.xlsx\">Erre a linkre kattintva let\u00f6lthet\u0151<\/a><\/p>\n<p>&nbsp;<\/p>\n","protected":false},"excerpt":{"rendered":"<p>A Nemzetk\u00f6zi Hallgat\u00f3k K\u00e9pz\u00e9seinek K\u00f6zpontja \u00e1ltal v\u00e9gzett szem\u00e9lyes adatkezel\u00e9ssel kapcsolatos inform\u00e1ci\u00f3k el\u00e9rhet\u0151s\u00e9ge 1. A Nemzetk\u00f6zi Hallgat\u00f3k K\u00e9pz\u00e9seinek K\u00f6zpontj\u00e1nak adatkezel\u00e9si t\u00e1j\u00e9koztat\u00f3ja: <a href=\"https:\/\/semmelweis.hu\/nhkk\/files\/2023\/03\/25352_NHKK_2023-ADL-NHKK-vegleges_2023-03-01.pdf\">Erre a linkre kattintva let\u00f6lthet\u0151<\/a> 1.1. Az adatkezel\u0151\u00a0NHKK adminisztrat\u00edv tev\u00e9kenys\u00e9g\u00e9nek feladataival \u00f6sszef\u00fcgg\u0151 adatkezel\u00e9sekkel kapcsolatos inform\u00e1ci\u00f3k el\u00e9rhet\u0151s\u00e9ge: <a href=\"https:\/\/semmelweis.hu\/nhkk\/files\/2023\/03\/27110_2_NHKK_2023_adatkezelesi-nyilvantartas-NHKK-adminisztrativ-tevekenyseg.xlsx\">Erre a linkre kattintva let\u00f6lthet\u0151<\/a> 1.2. Az adatkezel\u0151 NHKK munka\u00fcgyi-p\u00e9nz\u00fcgyi szolg\u00e1ltat\u00e1si tev\u00e9kenys\u00e9g\u00e9nek feladataival \u00f6sszef\u00fcgg\u0151 adatkezel\u00e9sekkel kapcsolatos inform\u00e1ci\u00f3k el\u00e9rhet\u0151s\u00e9ge: <a href=\"https:\/\/semmelweis.hu\/nhkk\/files\/2023\/03\/27110_3_NHKK_2023_adatkezelesi-nyilvantartas-NHKK-munkaugyi-penzugyi-szolgaltatas.xlsx\">Erre a linkre kattintva let\u00f6lthet\u0151<\/a> 1.3. Az adatkezel\u0151 NHKK oktat\u00e1sszervez\u00e9si tev\u00e9kenys\u00e9g\u00e9nek feladataival \u00f6sszef\u00fcgg\u0151 adatkezel\u00e9sekkel kapcsolatos inform\u00e1ci\u00f3k &hellip;<\/p>\n","protected":false},"author":101640,"featured_media":0,"parent":0,"menu_order":4,"comment_status":"closed","ping_status":"closed","template":"","meta":{"_acf_changed":false,"footnotes":""},"categories":[],"tags":[],"class_list":["post-131","page","type-page","status-publish","hentry"],"acf":[],"_links":{"self":[{"href":"https:\/\/semmelweis.hu\/nhkk\/wp-json\/wp\/v2\/pages\/131","targetHints":{"allow":["GET"]}}],"collection":[{"href":"https:\/\/semmelweis.hu\/nhkk\/wp-json\/wp\/v2\/pages"}],"about":[{"href":"https:\/\/semmelweis.hu\/nhkk\/wp-json\/wp\/v2\/types\/page"}],"author":[{"embeddable":true,"href":"https:\/\/semmelweis.hu\/nhkk\/wp-json\/wp\/v2\/users\/101640"}],"replies":[{"embeddable":true,"href":"https:\/\/semmelweis.hu\/nhkk\/wp-json\/wp\/v2\/comments?post=131"}],"version-history":[{"count":5,"href":"https:\/\/semmelweis.hu\/nhkk\/wp-json\/wp\/v2\/pages\/131\/revisions"}],"predecessor-version":[{"id":138,"href":"https:\/\/semmelweis.hu\/nhkk\/wp-json\/wp\/v2\/pages\/131\/revisions\/138"}],"wp:attachment":[{"href":"https:\/\/semmelweis.hu\/nhkk\/wp-json\/wp\/v2\/media?parent=131"}],"wp:term":[{"taxonomy":"category","embeddable":true,"href":"https:\/\/semmelweis.hu\/nhkk\/wp-json\/wp\/v2\/categories?post=131"},{"taxonomy":"post_tag","embeddable":true,"href":"https:\/\/semmelweis.hu\/nhkk\/wp-json\/wp\/v2\/tags?post=131"}],"curies":[{"name":"wp","href":"https:\/\/api.w.org\/{rel}","templated":true}]}}