{"id":113,"date":"2023-01-13T15:45:33","date_gmt":"2023-01-13T14:45:33","guid":{"rendered":"https:\/\/semmelweis.hu\/nhkk\/?page_id=113"},"modified":"2026-02-19T08:44:37","modified_gmt":"2026-02-19T07:44:37","slug":"contacts","status":"publish","type":"page","link":"https:\/\/semmelweis.hu\/nhkk\/en\/contacts\/","title":{"rendered":"Contacts"},"content":{"rendered":"<h1 style=\"text-align: center\">Center of International Training Programs<\/h1>\n<p style=\"text-align: center\"><strong>Address<\/strong>: 1094 Budapest, T\u0171zolt\u00f3 utca 37\u201347.<br \/>\n<strong>Phone<\/strong>: 06-1\/459-1500\/60069<br \/>\n<strong>E-Mail<\/strong>: titkarsag.nhkk@semmelweis.hu<\/p>\n\n<!-- iframe plugin v.4.9 wordpress.org\/plugins\/iframe\/ -->\n<iframe src=\"https:\/\/www.google.com\/maps\/embed?pb=!1m18!1m12!1m3!1d2696.455807310775!2d19.07577490125087!3d47.48103320453475!2m3!1f0!2f0!3f0!3m2!1i1024!2i768!4f13.1!3m3!1m2!1s0x4741dcfbb84fe5cf%3A0x2f79cb92802a5427!2sBudapest%2C%20T%C5%B1zolt%C3%B3%20u.%2037-47%2C%201094!5e0!3m2!1shu!2shu!4v1677851002893!5m2!1shu!2shu\" width=\"100%\" height=\"250\" style=\"border:0;\" allowfullscreen loading=\"lazy\" referrerpolicy=\"no-referrer-when-downgrade\" scrolling=\"yes\" class=\"iframe-class\" frameborder=\"0\"><\/iframe>\n\n<h1>STAFF MEMBERS<\/h1>\n<h3>CENTER OF INTERNATIONAL TRAINING PROGRAMS<\/h3>\n<p><a href=\"https:\/\/semmelweis.hu\/wp-content\/telefon\/data\/emp\/portre\/15697.jpg?t=1761661983\" rel=\"attachment wp-att-2259\"><img loading=\"lazy\" decoding=\"async\" class=\"alignright wp-image-2259 size-medium\" src=\"https:\/\/semmelweis.hu\/deutsch\/files\/2019\/09\/Alan_Alpar.jpg\" alt=\"\" width=\"202\" height=\"300\" \/><\/a><\/p>\n<div id=\"GroupWiseSection_1584524772000_gimpl.edit@semmelweis-univ.hu_D650A502132F0000A0FF000000000000_\" class=\"GroupWiseMessageBody active\">\n<div>\u00a0<\/div>\n<div><b style=\"font-size: 1rem\"><b>Prof. Dr. Al\u00e1n ALP\u00c1R<\/b><\/b><\/div>\n<\/div>\n<p><b><i>Vice-Rector of International Studies<\/i><\/b><\/p>\n<p>Phone: (+36-1) 459-1500\/60069<\/p>\n<p>E-Mail: <a href=\"mailto:alpar.alan@semmelweis.hu\">alpar.alan@semmelweis.hu<\/a><\/p>\n<p>&nbsp;<\/p>\n<hr \/>\n<p><a href=\"https:\/\/semmelweis.hu\/deutsch\/files\/2025\/10\/Zsuzsa-23-resize.jpg\" rel=\"attachment wp-att-2259\"><img loading=\"lazy\" decoding=\"async\" class=\"alignright wp-image-2259 size-medium\" src=\"https:\/\/semmelweis.hu\/deutsch\/files\/2025\/10\/Zsuzsa-23-resize.jpg\" alt=\"\" width=\"202\" height=\"300\" \/><\/a><\/p>\n<div id=\"GroupWiseSection_1584524772000_gimpl.edit@semmelweis-univ.hu_D650A502132F0000A0FF000000000000_\" class=\"GroupWiseMessageBody active\">\n<p><b>Zsuzsanna ARDAY-BUSA<\/b><\/p>\n<p><b><i>Head of Secretariat<\/i><\/b><\/p>\n<\/div>\n<p>Phone: (+36-20) 670 1008<br \/>\nE-Mail: <a href=\"mailto:busa.zsuzsanna@semmelweis.hu\">busa.zsuzsanna@semmelweis.hu<\/a><\/p>\n<p>&nbsp;<\/p>\n<hr \/>\n<p><a href=\"https:\/\/semmelweis.hu\/nhkk\/files\/2025\/10\/Aranka-5.jpg\" rel=\"attachment wp-att-2259\"><img loading=\"lazy\" decoding=\"async\" class=\"alignright wp-image-2259 size-medium\" src=\"https:\/\/semmelweis.hu\/nhkk\/files\/2025\/10\/Aranka-5.jpg\" alt=\"\" width=\"202\" height=\"300\" \/><\/a><\/p>\n<div id=\"GroupWiseSection_1584524772000_gimpl.edit@semmelweis-univ.hu_D650A502132F0000A0FF000000000000_\" class=\"GroupWiseMessageBody active\">\n<p><b>Aranka AMBRUS<\/b><\/p>\n<p><b><i>Delivery Service<\/i><\/b><\/p>\n<\/div>\n<p>Telefon: (+36-20) 663 2669<br \/>\nE-Mail: <a href=\"mailto:ambrus.aranka@semmelweis.hu\">ambrus.aranka@semmelweis.hu<\/a><\/p>\n<p>&nbsp;<\/p>\n<hr \/>\n<p><a href=\"https:\/\/semmelweis.hu\/deutsch\/files\/2019\/09\/Boglarka_Somfai.jpg\" rel=\"attachment wp-att-2259\"><img loading=\"lazy\" decoding=\"async\" class=\"alignright wp-image-2259 size-medium\" src=\"https:\/\/semmelweis.hu\/deutsch\/files\/2019\/09\/Boglarka_Somfai.jpg\" alt=\"\" width=\"202\" height=\"300\" \/><\/a><\/p>\n<div id=\"GroupWiseSection_1584524772000_gimpl.edit@semmelweis-univ.hu_D650A502132F0000A0FF000000000000_\" class=\"GroupWiseMessageBody active\">\n<p>&nbsp;<\/p>\n<p><b>Bogl\u00e1rka Zita SOMFAI<\/b><\/p>\n<p><b><i>Senior Expert<\/i><\/b><\/p>\n<p>&nbsp;<\/p>\n<p>Phone: (+36-20) 663 2661<br \/>\nE-Mail: <a href=\"mailto:somfai.boglarka@semmelweis.hu\">somfai.boglarka@semmelweis.hu<\/a><\/p>\n<hr style=\"font-size: 1rem\" \/><\/div>\n<p>&nbsp;<\/p>\n<p><a href=\"https:\/\/semmelweis.hu\/deutsch\/files\/2025\/10\/Nori-1-resize.jpg\" rel=\"attachment wp-att-2259\"><img loading=\"lazy\" decoding=\"async\" class=\"alignright wp-image-2259 size-medium\" src=\"https:\/\/semmelweis.hu\/deutsch\/files\/2025\/10\/Nori-1-resize.jpg\" alt=\"\" width=\"202\" height=\"300\" \/><\/a><\/p>\n<div id=\"GroupWiseSection_1584524772000_gimpl.edit@semmelweis-univ.hu_D650A502132F0000A0FF000000000000_\" class=\"GroupWiseMessageBody active\"><\/p>\n<p><b>N\u00f3ra HORV\u00c1THN\u00c9 ORB\u00c1N<\/b><\/p>\n<p><b><i>Coordinator<\/i><\/b><\/p>\n<p>&nbsp;<\/p>\n<p>Phone: (+36-30) 877 2745<br \/>\nE-Mail: <a href=\"mailto:horvathne.orban.nora@semmelweis.hu\">horvathne.orban.nora@semmelweis.hu<\/a><\/p>\n<hr style=\"font-size: 1rem\" \/><\/div>\n<p>&nbsp;<\/p>\n<p><a href=\"https:\/\/semmelweis.hu\/deutsch\/files\/2025\/09\/Siklosi-Zoltan-scaled.jpg\" rel=\"attachment wp-att-2259\"><img loading=\"lazy\" decoding=\"async\" class=\"alignright wp-image-2259 size-medium\" src=\"https:\/\/semmelweis.hu\/deutsch\/files\/2025\/09\/Siklosi-Zoltan-scaled.jpg\" alt=\"\" width=\"202\" height=\"300\" \/><\/a><\/p>\n<div id=\"GroupWiseSection_1584524772000_gimpl.edit@semmelweis-univ.hu_D650A502132F0000A0FF000000000000_\" class=\"GroupWiseMessageBody active\"><\/p>\n<p><b>Zolt\u00e1n SIKL\u00d3SI<\/b><\/p>\n<p><b><i>Coordinator<\/i><\/b><\/p>\n<p>&nbsp;<\/p>\n<p>Phone: (+36-30) 877 2748<br \/>\nE-Mail: <a href=\"siklosi.zoltan@semmelweis.hu\">siklosi.zoltan@semmelweis.hu<\/a><\/p>\n<hr \/>\n<div id=\"GroupWiseSection_1584524772000_gimpl.edit@semmelweis-univ.hu_D650A502132F0000A0FF000000000000_\" class=\"GroupWiseMessageBody active\">\n<p><b>Annam\u00e1ria SZ\u00c9CSI<\/b><\/p>\n<p><b><i>scholarship officer (Stipendium Hungaricum)<\/i><\/b><\/p>\n<\/div>\n<p>Telefon: (+36-20) 666 3675<br \/>\nE-Mail: <a href=\"szecsi.annamaria@semmelweis.hu\">szecsi.annamaria@semmelweis.hu<\/a><\/p>\n<\/div>\n<p>&nbsp;<\/p>\n<hr \/>\n<h3><a href=\"https:\/\/semmelweis.hu\/registrar\/contacts\/contacts-academic-inquiries\/\" target=\"_blank\" rel=\"noopener\">REGISTRAR&#8217;S OFFICE FOR ENGLISH LANGUAGE PROGRAMS<\/a><\/h3>\n<h3><a href=\"https:\/\/semmelweis.hu\/deutsch\/kontakt\/\" target=\"_blank\" rel=\"noopener\">REGISTRAR&#8217;S OFFICE FOR GERMAN LANGUAGE PROGRAMS<\/a><\/h3>\n","protected":false},"excerpt":{"rendered":"<p>Center of International Training Programs Address: 1094 Budapest, T\u0171zolt\u00f3 utca 37\u201347. Phone: 06-1\/459-1500\/60069 E-Mail: titkarsag.nhkk@semmelweis.hu STAFF MEMBERS CENTER OF INTERNATIONAL TRAINING PROGRAMS <a href=\"https:\/\/semmelweis.hu\/wp-content\/telefon\/data\/emp\/portre\/15697.jpg?t=1761661983\" rel=\"attachment wp-att-2259\"><\/a> \u00a0 Prof. Dr. Al\u00e1n ALP\u00c1R Vice-Rector of International Studies Phone: (+36-1) 459-1500\/60069 E-Mail: <a href=\"mailto:alpar.alan@semmelweis.hu\">alpar.alan@semmelweis.hu<\/a> &nbsp; <a href=\"https:\/\/semmelweis.hu\/deutsch\/files\/2025\/10\/Zsuzsa-23-resize.jpg\" rel=\"attachment wp-att-2259\"><\/a> Zsuzsanna ARDAY-BUSA Head of Secretariat Phone: (+36-20) 670 1008 E-Mail: <a href=\"mailto:busa.zsuzsanna@semmelweis.hu\">busa.zsuzsanna@semmelweis.hu<\/a> &nbsp; <a href=\"https:\/\/semmelweis.hu\/nhkk\/files\/2025\/10\/Aranka-5.jpg\" rel=\"attachment wp-att-2259\"><\/a> Aranka AMBRUS Delivery Service Telefon: (+36-20) 663 2669 &hellip;<\/p>\n","protected":false},"author":12,"featured_media":0,"parent":0,"menu_order":8,"comment_status":"closed","ping_status":"closed","template":"","meta":{"_acf_changed":false,"footnotes":""},"categories":[],"tags":[],"class_list":["post-113","page","type-page","status-publish","hentry"],"acf":[],"_links":{"self":[{"href":"https:\/\/semmelweis.hu\/nhkk\/wp-json\/wp\/v2\/pages\/113","targetHints":{"allow":["GET"]}}],"collection":[{"href":"https:\/\/semmelweis.hu\/nhkk\/wp-json\/wp\/v2\/pages"}],"about":[{"href":"https:\/\/semmelweis.hu\/nhkk\/wp-json\/wp\/v2\/types\/page"}],"author":[{"embeddable":true,"href":"https:\/\/semmelweis.hu\/nhkk\/wp-json\/wp\/v2\/users\/12"}],"replies":[{"embeddable":true,"href":"https:\/\/semmelweis.hu\/nhkk\/wp-json\/wp\/v2\/comments?post=113"}],"version-history":[{"count":10,"href":"https:\/\/semmelweis.hu\/nhkk\/wp-json\/wp\/v2\/pages\/113\/revisions"}],"predecessor-version":[{"id":438,"href":"https:\/\/semmelweis.hu\/nhkk\/wp-json\/wp\/v2\/pages\/113\/revisions\/438"}],"wp:attachment":[{"href":"https:\/\/semmelweis.hu\/nhkk\/wp-json\/wp\/v2\/media?parent=113"}],"wp:term":[{"taxonomy":"category","embeddable":true,"href":"https:\/\/semmelweis.hu\/nhkk\/wp-json\/wp\/v2\/categories?post=113"},{"taxonomy":"post_tag","embeddable":true,"href":"https:\/\/semmelweis.hu\/nhkk\/wp-json\/wp\/v2\/tags?post=113"}],"curies":[{"name":"wp","href":"https:\/\/api.w.org\/{rel}","templated":true}]}}