{"id":107,"date":"2023-01-13T15:40:49","date_gmt":"2023-01-13T14:40:49","guid":{"rendered":"https:\/\/semmelweis.hu\/nhkk\/?page_id=107"},"modified":"2026-02-11T11:12:45","modified_gmt":"2026-02-11T10:12:45","slug":"elerhetosegek","status":"publish","type":"page","link":"https:\/\/semmelweis.hu\/nhkk\/elerhetosegek\/","title":{"rendered":"El\u00e9rhet\u0151s\u00e9gek"},"content":{"rendered":"<p>&nbsp;<\/p>\n<p style=\"text-align: center\">C\u00edm: 1094 Budapest, T\u0171zolt\u00f3 utca 37\u201347. I. em. 1.602<br \/>\nTelefon: 06-1\/459-1500\/60069<br \/>\nE-mail: titkarsag.nhkk@semmelweis.hu<\/p>\n<p style=\"text-align: center\">\n<!-- iframe plugin v.4.9 wordpress.org\/plugins\/iframe\/ -->\n<iframe src=\"https:\/\/www.google.com\/maps\/embed?pb=!1m18!1m12!1m3!1d2696.455807310775!2d19.07577490125087!3d47.48103320453475!2m3!1f0!2f0!3f0!3m2!1i1024!2i768!4f13.1!3m3!1m2!1s0x4741dcfbb84fe5cf%3A0x2f79cb92802a5427!2sBudapest%2C%20T%C5%B1zolt%C3%B3%20u.%2037-47%2C%201094!5e0!3m2!1shu!2shu!4v1677851002893!5m2!1shu!2shu\" width=\"100%\" height=\"250\" style=\"border:0;\" allowfullscreen loading=\"lazy\" referrerpolicy=\"no-referrer-when-downgrade\" scrolling=\"yes\" class=\"iframe-class\" frameborder=\"0\"><\/iframe>\n<a id=\"munkatarsak\"><\/a><\/p>\n<p>&nbsp;<\/p>\n<p style=\"text-align: center\">\u00a0<\/p>\n<h1>Munkat\u00e1rsak<\/h1>\n<h3>NEMZETK\u00d6ZI HALLGAT\u00d3K K\u00c9PZ\u00c9SEINEK K\u00d6ZPONTJA<\/h3>\n<p><a href=\"https:\/\/semmelweis.hu\/wp-content\/telefon\/data\/emp\/portre\/15697.jpg?t=1761661983\" rel=\"attachment wp-att-2259\"><img loading=\"lazy\" decoding=\"async\" class=\"alignright wp-image-2259 size-medium\" src=\"https:\/\/semmelweis.hu\/deutsch\/files\/2019\/09\/Alan_Alpar.jpg\" alt=\"\" width=\"202\" height=\"300\" \/><\/a><\/p>\n<div id=\"GroupWiseSection_1584524772000_gimpl.edit@semmelweis-univ.hu_D650A502132F0000A0FF000000000000_\" class=\"GroupWiseMessageBody active\">\n<div>\u00a0<\/div>\n<div><b style=\"font-size: 1rem\"><b>Prof. Dr. ALP\u00c1R Al\u00e1n<\/b><\/b><\/div>\n<\/div>\n<p><b><i>nemzetk\u00f6zi k\u00e9pz\u00e9s\u00e9rt felel\u0151s rektorhelyettes<\/i><\/b><\/p>\n<p>Telefon: (+36-1) 459-1500\/60069<\/p>\n<p>E-Mail: <a href=\"mailto:alpar.alan@semmelweis.hu\">alpar.alan@semmelweis.hu<\/a><\/p>\n<p>&nbsp;<\/p>\n<hr \/>\n<p><a href=\"https:\/\/semmelweis.hu\/deutsch\/files\/2025\/10\/Zsuzsa-23-resize.jpg\" rel=\"attachment wp-att-2259\"><img loading=\"lazy\" decoding=\"async\" class=\"alignright wp-image-2259 size-medium\" src=\"https:\/\/semmelweis.hu\/deutsch\/files\/2025\/10\/Zsuzsa-23-resize.jpg\" alt=\"\" width=\"202\" height=\"300\" \/><\/a><\/p>\n<div id=\"GroupWiseSection_1584524772000_gimpl.edit@semmelweis-univ.hu_D650A502132F0000A0FF000000000000_\" class=\"GroupWiseMessageBody active\">\n<p><b>ARDAY-BUSA Zsuzsanna<\/b><\/p>\n<p><b><i>titk\u00e1rs\u00e1gvezet\u0151<\/i><\/b><\/p>\n<\/div>\n<p>Telefon: (+36-20) 670 1008<br \/>\nE-Mail: <a href=\"mailto:busa.zsuzsanna@semmelweis.hu\">busa.zsuzsanna@semmelweis.hu<\/a><\/p>\n<p>&nbsp;<\/p>\n<hr \/>\n<p><a href=\"https:\/\/semmelweis.hu\/nhkk\/files\/2025\/10\/Aranka-5.jpg\" rel=\"attachment wp-att-2259\"><img loading=\"lazy\" decoding=\"async\" class=\"alignright wp-image-2259 size-medium\" src=\"https:\/\/semmelweis.hu\/nhkk\/files\/2025\/10\/Aranka-5.jpg\" alt=\"\" width=\"202\" height=\"300\" \/><\/a><\/p>\n<div id=\"GroupWiseSection_1584524772000_gimpl.edit@semmelweis-univ.hu_D650A502132F0000A0FF000000000000_\" class=\"GroupWiseMessageBody active\">\n<p><b>AMBRUS Aranka<\/b><\/p>\n<p><b><i>k\u00e9zbes\u00edt\u0151<\/i><\/b><\/p>\n<\/div>\n<p>Telefon: (+36-20) 663 2669<br \/>\nE-Mail: <a href=\"mailto:ambrus.aranka@semmelweis.hu\">ambrus.aranka@semmelweis.hu<\/a><\/p>\n<p>&nbsp;<\/p>\n<hr \/>\n<p><a href=\"https:\/\/semmelweis.hu\/deutsch\/files\/2019\/09\/Boglarka_Somfai.jpg\" rel=\"attachment wp-att-2259\"><img loading=\"lazy\" decoding=\"async\" class=\"alignright wp-image-2259 size-medium\" src=\"https:\/\/semmelweis.hu\/deutsch\/files\/2019\/09\/Boglarka_Somfai.jpg\" alt=\"\" width=\"202\" height=\"300\" \/><\/a><\/p>\n<div id=\"GroupWiseSection_1584524772000_gimpl.edit@semmelweis-univ.hu_D650A502132F0000A0FF000000000000_\" class=\"GroupWiseMessageBody active\">\n<p>&nbsp;<\/p>\n<p><b>SOMFAI Bogl\u00e1rka Zita<\/b><\/p>\n<p><b><i>kiemelt titk\u00e1rs\u00e1gi szak\u00e9rt\u0151<\/i><\/b><\/p>\n<p>&nbsp;<\/p>\n<p>Telefon: (+36-20) 663 2661<br \/>\nE-Mail: <a href=\"mailto:somfai.boglarka@semmelweis.hu\">somfai.boglarka@semmelweis.hu<\/a><\/p>\n<hr style=\"font-size: 1rem\" \/><\/div>\n<p>&nbsp;<\/p>\n<p><a href=\"https:\/\/semmelweis.hu\/deutsch\/files\/2025\/10\/Nori-1-resize.jpg\" rel=\"attachment wp-att-2259\"><img loading=\"lazy\" decoding=\"async\" class=\"alignright wp-image-2259 size-medium\" src=\"https:\/\/semmelweis.hu\/deutsch\/files\/2025\/10\/Nori-1-resize.jpg\" alt=\"\" width=\"202\" height=\"300\" \/><\/a><\/p>\n<div id=\"GroupWiseSection_1584524772000_gimpl.edit@semmelweis-univ.hu_D650A502132F0000A0FF000000000000_\" class=\"GroupWiseMessageBody active\"><\/p>\n<p><b>HORV\u00c1THN\u00c9 ORB\u00c1N N\u00f3ra\u00a0<\/b><\/p>\n<p><b><i>adminisztrat\u00edv koordin\u00e1tor<\/i><\/b><\/p>\n<p>&nbsp;<\/p>\n<p>Telefon: (+36-30) 877 2745<br \/>\nE-Mail: <a href=\"mailto:horvathne.orban.nora@semmelweis.hu\">horvathne.orban.nora@semmelweis.hu<\/a><\/p>\n<hr style=\"font-size: 1rem\" \/><\/div>\n<p>&nbsp;<\/p>\n<p><a href=\"https:\/\/semmelweis.hu\/deutsch\/files\/2025\/09\/Siklosi-Zoltan-scaled.jpg\" rel=\"attachment wp-att-2259\"><img loading=\"lazy\" decoding=\"async\" class=\"alignright wp-image-2259 size-medium\" src=\"https:\/\/semmelweis.hu\/deutsch\/files\/2025\/09\/Siklosi-Zoltan-scaled.jpg\" alt=\"\" width=\"202\" height=\"300\" \/><\/a><\/p>\n<div id=\"GroupWiseSection_1584524772000_gimpl.edit@semmelweis-univ.hu_D650A502132F0000A0FF000000000000_\" class=\"GroupWiseMessageBody active\"><\/p>\n<p><b>SIKL\u00d3SI Zolt\u00e1n<\/b><\/p>\n<p><b><i>igazgat\u00e1si szak\u00e9rt\u0151<\/i><\/b><\/p>\n<p>&nbsp;<\/p>\n<p>Phone: (+36-30) 877 2748<br \/>\nE-Mail: <a href=\"siklosi.zoltan@semmelweis.hu\">siklosi.zoltan@semmelweis.hu<\/a><\/p>\n<hr \/>\n<div id=\"GroupWiseSection_1584524772000_gimpl.edit@semmelweis-univ.hu_D650A502132F0000A0FF000000000000_\" class=\"GroupWiseMessageBody active\">\n<p><b>SZ\u00c9CSI Annam\u00e1ria<\/b><\/p>\n<p><b><i>nemzetk\u00f6zi szak\u00e9rt\u0151 (Stipendium Hungaricum)<\/i><\/b><\/p>\n<\/div>\n<p>Telefon: (+36-20) 666 3675<br \/>\nE-Mail: <a href=\"szecsi.annamaria@semmelweis.hu\">szecsi.annamaria@semmelweis.hu<\/a><\/p>\n<p>&nbsp;<\/p>\n<\/div>\n<p>&nbsp;<\/p>\n<h3><a href=\"https:\/\/semmelweis.hu\/registrar\/contacts\/contacts-academic-inquiries\/\" target=\"_blank\" rel=\"noopener\">ANGOL NYELV\u0170 TANULM\u00c1NYI OSZT\u00c1LY<\/a><\/h3>\n<h3><a href=\"https:\/\/semmelweis.hu\/deutsch\/kontakt\/\" target=\"_blank\" rel=\"noopener\">N\u00c9MET NYELV\u0170 TANULM\u00c1NYI OSZT\u00c1LY<\/a><\/h3>\n","protected":false},"excerpt":{"rendered":"<p>&nbsp; C\u00edm: 1094 Budapest, T\u0171zolt\u00f3 utca 37\u201347. I. em. 1.602 Telefon: 06-1\/459-1500\/60069 E-mail: titkarsag.nhkk@semmelweis.hu <a id=\"munkatarsak\"><\/a> &nbsp; \u00a0 Munkat\u00e1rsak NEMZETK\u00d6ZI HALLGAT\u00d3K K\u00c9PZ\u00c9SEINEK K\u00d6ZPONTJA <a href=\"https:\/\/semmelweis.hu\/wp-content\/telefon\/data\/emp\/portre\/15697.jpg?t=1761661983\" rel=\"attachment wp-att-2259\"><\/a> \u00a0 Prof. Dr. ALP\u00c1R Al\u00e1n nemzetk\u00f6zi k\u00e9pz\u00e9s\u00e9rt felel\u0151s rektorhelyettes Telefon: (+36-1) 459-1500\/60069 E-Mail: <a href=\"mailto:alpar.alan@semmelweis.hu\">alpar.alan@semmelweis.hu<\/a> &nbsp; <a href=\"https:\/\/semmelweis.hu\/deutsch\/files\/2025\/10\/Zsuzsa-23-resize.jpg\" rel=\"attachment wp-att-2259\"><\/a> ARDAY-BUSA Zsuzsanna titk\u00e1rs\u00e1gvezet\u0151 Telefon: (+36-20) 670 1008 E-Mail: <a href=\"mailto:busa.zsuzsanna@semmelweis.hu\">busa.zsuzsanna@semmelweis.hu<\/a> &nbsp; <a href=\"https:\/\/semmelweis.hu\/nhkk\/files\/2025\/10\/Aranka-5.jpg\" rel=\"attachment wp-att-2259\"><\/a> AMBRUS Aranka k\u00e9zbes\u00edt\u0151 Telefon: (+36-20) 663 2669 E-Mail: <a href=\"mailto:ambrus.aranka@semmelweis.hu\">ambrus.aranka@semmelweis.hu<\/a> &nbsp; <a href=\"https:\/\/semmelweis.hu\/deutsch\/files\/2019\/09\/Boglarka_Somfai.jpg\" rel=\"attachment wp-att-2259\"><\/a> &nbsp; SOMFAI &hellip;<\/p>\n","protected":false},"author":12,"featured_media":0,"parent":0,"menu_order":5,"comment_status":"closed","ping_status":"closed","template":"","meta":{"_acf_changed":false,"footnotes":""},"categories":[],"tags":[],"class_list":["post-107","page","type-page","status-publish","hentry"],"acf":[],"_links":{"self":[{"href":"https:\/\/semmelweis.hu\/nhkk\/wp-json\/wp\/v2\/pages\/107","targetHints":{"allow":["GET"]}}],"collection":[{"href":"https:\/\/semmelweis.hu\/nhkk\/wp-json\/wp\/v2\/pages"}],"about":[{"href":"https:\/\/semmelweis.hu\/nhkk\/wp-json\/wp\/v2\/types\/page"}],"author":[{"embeddable":true,"href":"https:\/\/semmelweis.hu\/nhkk\/wp-json\/wp\/v2\/users\/12"}],"replies":[{"embeddable":true,"href":"https:\/\/semmelweis.hu\/nhkk\/wp-json\/wp\/v2\/comments?post=107"}],"version-history":[{"count":12,"href":"https:\/\/semmelweis.hu\/nhkk\/wp-json\/wp\/v2\/pages\/107\/revisions"}],"predecessor-version":[{"id":427,"href":"https:\/\/semmelweis.hu\/nhkk\/wp-json\/wp\/v2\/pages\/107\/revisions\/427"}],"wp:attachment":[{"href":"https:\/\/semmelweis.hu\/nhkk\/wp-json\/wp\/v2\/media?parent=107"}],"wp:term":[{"taxonomy":"category","embeddable":true,"href":"https:\/\/semmelweis.hu\/nhkk\/wp-json\/wp\/v2\/categories?post=107"},{"taxonomy":"post_tag","embeddable":true,"href":"https:\/\/semmelweis.hu\/nhkk\/wp-json\/wp\/v2\/tags?post=107"}],"curies":[{"name":"wp","href":"https:\/\/api.w.org\/{rel}","templated":true}]}}