{"id":6,"date":"2012-01-30T15:36:24","date_gmt":"2012-01-30T15:36:24","guid":{"rendered":"http:\/\/semmelweis-egyetem.hu\/mrkk\/?page_id=6"},"modified":"2019-09-10T14:05:31","modified_gmt":"2019-09-10T12:05:31","slug":"altalanos-informaciok","status":"publish","type":"page","link":"https:\/\/semmelweis.hu\/neuroradiologia\/altalanos-informaciok\/","title":{"rendered":"\u00c1ltal\u00e1nos inform\u00e1ci\u00f3k"},"content":{"rendered":"<p style=\"text-align: justify;\">Az MR Kutat\u00f3k\u00f6zpontot 2005-ben hozta l\u00e9tre a Semmelweis Egyetem, a P\u00e1zm\u00e1ny P\u00e9ter Katolikus Egyetem\u00a0Informatikai Kara, az MTA K\u00f6zponti Orvostudom\u00e1nyi Kutat\u00f3 Int\u00e9zete \u00e9s a Richter Gedeon NyRt. konzorciuma\u00a0a Szent\u00e1gothai J\u00e1nos Tud\u00e1sk\u00f6zpont keretein bel\u00fcl.<\/p>\n<p style=\"text-align: justify;\">Feladata az alap- \u00e9s az alkalmazott kutat\u00e1sok v\u00e9gz\u00e9se, de szabad kapacit\u00e1sait a diagnosztika t\u00f6lti ki.<\/p>\n<p style=\"text-align: justify;\">A kutat\u00e1si tev\u00e9kenys\u00e9gek els\u0151sorban a k\u00f6zponti idegrendszerre ir\u00e1nyulnak, \u00e9s a legfontosabb metodik\u00e1k\u00a0a funkcion\u00e1lis MRI (fMRI), az MRSpektroszk\u00f3pia, a DTI \u00e9s a Traktogr\u00e1fia. Az MRKK befogad k\u00fcls\u0151 tudom\u00e1nyos\u00a0projekteket is k\u00f6lts\u00e9gt\u00e9r\u00edt\u00e9s mellett.<\/p>\n<p>A diagnosztik\u00e1ban is a neuroradiol\u00f3gia a meghat\u00e1roz\u00f3, de emellett a gyermekradiol\u00f3gia, ill. a muszkuloszkelet\u00e1lis\u00a0radiol\u00f3gia \u00e9s a gasztroenterol\u00f3gia jelent\u0151s m\u00e9g. \u00c9vente kb. 2500 gyermek-MR-vizsg\u00e1latot\u00a0v\u00e9gz\u00fcnk \u2013 az orsz\u00e1g ilyen vizsg\u00e1latainak 4\/5-\u00e9t \u00e9s kb. 2\/3-\u00e1t szed\u00e1l\u00e1sban.<\/p>\n<p style=\"text-align: center;\"><a href=\"http:\/\/www.semmelweiskft.hu\"><img loading=\"lazy\" decoding=\"async\" class=\"wp-image-97 size-full alignnone\" src=\"https:\/\/semmelweis.hu\/neuroradiologia\/files\/2014\/12\/semmelweis_banner_240x120.gif\" alt=\"semmelweis_banner_240x120\" width=\"240\" height=\"120\" \/><\/a><\/p>\n","protected":false},"excerpt":{"rendered":"<p>Az MR Kutat\u00f3k\u00f6zpont feladata az alap- \u00e9s az alkalmazott kutat\u00e1sok v\u00e9gz\u00e9se, de szabad kapacit\u00e1sait a diagnosztika t\u00f6lti ki.  A kutat\u00e1si tev\u00e9kenys\u00e9gek els\u0151sorban a k\u00f6zponti idegrendszerre ir\u00e1nyulnak, \u00e9s a legfontosabb metodik\u00e1k\u00a0a funkcion\u00e1lis MRI (fMRI), az MRSpektroszk\u00f3pia, a DTI \u00e9s a Traktogr\u00e1fia. Az MRKK befogad k\u00fcls\u0151 tudom\u00e1nyos\u00a0projekteket is k\u00f6lts\u00e9gt\u00e9r\u00edt\u00e9s mellett. <\/p>\n","protected":false},"author":142,"featured_media":152,"parent":0,"menu_order":0,"comment_status":"open","ping_status":"open","template":"","meta":{"_acf_changed":false,"footnotes":""},"categories":[],"tags":[],"class_list":["post-6","page","type-page","status-publish","has-post-thumbnail","hentry"],"acf":[],"_links":{"self":[{"href":"https:\/\/semmelweis.hu\/neuroradiologia\/wp-json\/wp\/v2\/pages\/6","targetHints":{"allow":["GET"]}}],"collection":[{"href":"https:\/\/semmelweis.hu\/neuroradiologia\/wp-json\/wp\/v2\/pages"}],"about":[{"href":"https:\/\/semmelweis.hu\/neuroradiologia\/wp-json\/wp\/v2\/types\/page"}],"author":[{"embeddable":true,"href":"https:\/\/semmelweis.hu\/neuroradiologia\/wp-json\/wp\/v2\/users\/142"}],"replies":[{"embeddable":true,"href":"https:\/\/semmelweis.hu\/neuroradiologia\/wp-json\/wp\/v2\/comments?post=6"}],"version-history":[{"count":10,"href":"https:\/\/semmelweis.hu\/neuroradiologia\/wp-json\/wp\/v2\/pages\/6\/revisions"}],"predecessor-version":[{"id":158,"href":"https:\/\/semmelweis.hu\/neuroradiologia\/wp-json\/wp\/v2\/pages\/6\/revisions\/158"}],"wp:featuredmedia":[{"embeddable":true,"href":"https:\/\/semmelweis.hu\/neuroradiologia\/wp-json\/wp\/v2\/media\/152"}],"wp:attachment":[{"href":"https:\/\/semmelweis.hu\/neuroradiologia\/wp-json\/wp\/v2\/media?parent=6"}],"wp:term":[{"taxonomy":"category","embeddable":true,"href":"https:\/\/semmelweis.hu\/neuroradiologia\/wp-json\/wp\/v2\/categories?post=6"},{"taxonomy":"post_tag","embeddable":true,"href":"https:\/\/semmelweis.hu\/neuroradiologia\/wp-json\/wp\/v2\/tags?post=6"}],"curies":[{"name":"wp","href":"https:\/\/api.w.org\/{rel}","templated":true}]}}