{"id":5,"date":"2012-01-30T15:34:13","date_gmt":"2012-01-30T15:34:13","guid":{"rendered":"http:\/\/semmelweis-egyetem.hu\/mrkk\/?page_id=5"},"modified":"2025-01-10T10:47:30","modified_gmt":"2025-01-10T09:47:30","slug":"elerhetoseg","status":"publish","type":"page","link":"https:\/\/semmelweis.hu\/neuroradiologia\/elerhetoseg\/","title":{"rendered":"El\u00e9rhet\u0151s\u00e9g"},"content":{"rendered":"<p>1083 Budapest, Balassa u. 6.<br \/>\nTitk\u00e1rs\u00e1g (tel\/fax): +36-1-459-1580, +36-1-459-1500\/51342<br \/>\nId\u0151pont k\u00e9r\u00e9s: +36 <span data-olk-copy-source=\"MessageBody\">1 55-33-502<\/span><br \/>\nTelefonon koll\u00e9g\u00e1ink munkaid\u0151ben v\u00e1rj\u00e1k h\u00edv\u00e1sukat (8:30-15:30 k\u00f6z\u00f6tt)<br \/>\n<a href=\"https:\/\/semmelweis.hu\/neuroradiologia\">https:\/\/semmelweis.hu\/neuroradiologia<\/a><\/p>\n<p>\n<!-- iframe plugin v.4.9 wordpress.org\/plugins\/iframe\/ -->\n<iframe loading=\"lazy\" src=\"https:\/\/www.google.com\/maps?f=q&#038;source=s_q&#038;hl=hu&#038;geocode=&#038;q=1083+Budapest,+Balassa+u.+6,+Magyarorsz%C3%A1g&#038;aq=0&#038;oq=1083+Budapest,+Balassa+u.+6&#038;sll=37.0625,-95.677068&#038;sspn=50.111473,113.642578&#038;ie=UTF8&#038;hq=&#038;hnear=1083+Budapest,+VIII.+ker%C3%BClet,+Balassa+utca+6,+Magyarorsz%C3%A1g&#038;ll=47.484396,19.081751&#038;spn=0.001316,0.003468&#038;t=m&#038;z=14&#038;iwloc=A&#038;output=embed\" width=\"675\" height=\"350\" scrolling=\"yes\" class=\"iframe-class\" frameborder=\"0\"><\/iframe>\n<br \/>\n<small><a href=\"https:\/\/www.google.com\/maps?f=q&amp;source=embed&amp;hl=hu&amp;geocode=&amp;q=1083+Budapest,+Balassa+u.+6,+Magyarorsz%C3%A1g&amp;aq=0&amp;oq=1083+Budapest,+Balassa+u.+6&amp;sll=37.0625,-95.677068&amp;sspn=50.111473,113.642578&amp;ie=UTF8&amp;hq=&amp;hnear=1083+Budapest,+VIII.+ker%C3%BClet,+Balassa+utca+6,+Magyarorsz%C3%A1g&amp;ll=47.484396,19.081751&amp;spn=0.001316,0.003468&amp;t=m&amp;z=14&amp;iwloc=A\">Nagyobb t\u00e9rk\u00e9pre v\u00e1lt\u00e1s<\/a><\/small><\/p>\n","protected":false},"excerpt":{"rendered":"<p>1083 Budapest, Balassa u. 6.<br \/>\nTitk\u00e1rs\u00e1g (tel\/fax): +36-1-459-1580, +36-1-459-1500\/51342<br \/>\nId\u0151pont k\u00e9r\u00e9s: +36 1 55-33-502<br \/>\nTelefonon koll\u00e9g\u00e1ink munkaid\u0151ben v\u00e1rj\u00e1k h\u00edv\u00e1sukat (8:30-15:30 k\u00f6z\u00f6tt)<br \/>\n<a href=\"https:\/\/semmelweis.hu\/neuroradiologia\">https:\/\/semmelweis.hu\/neuroradiologia<\/a><\/p>\n<p><a href=\"https:\/\/www.google.com\/maps?f=q&amp;source=embed&amp;hl=hu&amp;geocode=&amp;q=1083+Budapest,+Balassa+u.+6,+Magyarorsz%C3%A1g&amp;aq=0&amp;oq=1083+Budapest,+Balassa+u.+6&amp;sll=37.0625,-95.677068&amp;sspn=50.111473,113.642578&amp;ie=UTF8&amp;hq=&amp;hnear=1083+Budapest,+VIII.+ker%C3%BClet,+Balassa+utca+6,+Magyarorsz%C3%A1g&amp;ll=47.484396,19.081751&amp;spn=0.001316,0.003468&amp;t=m&amp;z=14&amp;iwloc=A\">Nagyobb t\u00e9rk\u00e9pre v\u00e1lt\u00e1s<\/a><\/p>\n","protected":false},"author":142,"featured_media":0,"parent":0,"menu_order":0,"comment_status":"open","ping_status":"open","template":"","meta":{"_acf_changed":false,"footnotes":""},"categories":[],"tags":[],"class_list":["post-5","page","type-page","status-publish","hentry"],"acf":[],"_links":{"self":[{"href":"https:\/\/semmelweis.hu\/neuroradiologia\/wp-json\/wp\/v2\/pages\/5","targetHints":{"allow":["GET"]}}],"collection":[{"href":"https:\/\/semmelweis.hu\/neuroradiologia\/wp-json\/wp\/v2\/pages"}],"about":[{"href":"https:\/\/semmelweis.hu\/neuroradiologia\/wp-json\/wp\/v2\/types\/page"}],"author":[{"embeddable":true,"href":"https:\/\/semmelweis.hu\/neuroradiologia\/wp-json\/wp\/v2\/users\/142"}],"replies":[{"embeddable":true,"href":"https:\/\/semmelweis.hu\/neuroradiologia\/wp-json\/wp\/v2\/comments?post=5"}],"version-history":[{"count":11,"href":"https:\/\/semmelweis.hu\/neuroradiologia\/wp-json\/wp\/v2\/pages\/5\/revisions"}],"predecessor-version":[{"id":222,"href":"https:\/\/semmelweis.hu\/neuroradiologia\/wp-json\/wp\/v2\/pages\/5\/revisions\/222"}],"wp:attachment":[{"href":"https:\/\/semmelweis.hu\/neuroradiologia\/wp-json\/wp\/v2\/media?parent=5"}],"wp:term":[{"taxonomy":"category","embeddable":true,"href":"https:\/\/semmelweis.hu\/neuroradiologia\/wp-json\/wp\/v2\/categories?post=5"},{"taxonomy":"post_tag","embeddable":true,"href":"https:\/\/semmelweis.hu\/neuroradiologia\/wp-json\/wp\/v2\/tags?post=5"}],"curies":[{"name":"wp","href":"https:\/\/api.w.org\/{rel}","templated":true}]}}