{"id":199,"date":"2022-03-10T12:53:04","date_gmt":"2022-03-10T11:53:04","guid":{"rendered":"https:\/\/semmelweis.hu\/neuroradiologia\/?page_id=199"},"modified":"2022-03-10T13:55:11","modified_gmt":"2022-03-10T12:55:11","slug":"betegjogi-kepviselo","status":"publish","type":"page","link":"https:\/\/semmelweis.hu\/neuroradiologia\/betegeinknek\/betegjogi-kepviselo\/","title":{"rendered":"Betegjogi k\u00e9pvisel\u0151"},"content":{"rendered":"<p>Panasz\u00e1val fordulhat a ter\u00fcletileg illet\u00e9kes betegjogi k\u00e9pvisel\u0151h\u00f6z is.<\/p>\n<p><strong>Ter\u00fcletileg illet\u00e9kes betegjogi k\u00e9pvisel\u0151:<\/strong><\/p>\n<p><strong>Dr. Mina Andr\u00e1s<\/strong><br \/>\nbetegjogi k\u00e9pvisel\u0151<br \/>\n<strong><br \/>\nEl\u00e9rhet\u0151s\u00e9gei:<\/strong><\/p>\n<ul style=\"list-style-type: square\">\n<li>Telefon: +36 20\/489-9577<\/li>\n<li><span style=\"font-size: 1rem\">E-mail c\u00edme: <\/span><a href=\"mailto:andras.mina@ijb.emmi.gov.hu\">andras.mina@ijb.emmi.gov.hu<\/a><span style=\"font-size: 1rem\">\u00a0<\/span><\/li>\n<\/ul>\n<p>\nA betegjogi k\u00e9pvisel\u0151 az eg\u00e9szs\u00e9g\u00fcgyi int\u00e9zm\u00e9nyt\u0151l f\u00fcggetlen szem\u00e9ly, az Integr\u00e1lt Jogv\u00e9delmi Szolg\u00e1lat munkat\u00e1rsa.<\/p>\n","protected":false},"excerpt":{"rendered":"<p>Panasz\u00e1val fordulhat a ter\u00fcletileg illet\u00e9kes betegjogi k\u00e9pvisel\u0151h\u00f6z is.<br \/>\nTer\u00fcletileg illet\u00e9kes betegjogi k\u00e9pvisel\u0151:<br \/>\nDr. Mina Andr\u00e1s<br \/>\nbetegjogi k\u00e9pvisel\u0151<\/p>\n<p>El\u00e9rhet\u0151s\u00e9gei:<\/p>\n<p>Telefon: +36 20\/489-9577<br \/>\nE-mail c\u00edme: <a href=\"mailto:andras.mina@ijb.emmi.gov.hu\">andras.mina@ijb.emmi.gov.hu<\/a>\u00a0<\/p>\n<p>A betegjogi k\u00e9pvisel\u0151 az eg\u00e9szs\u00e9g\u00fcgyi int\u00e9zm\u00e9nyt\u0151l f\u00fcggetlen szem\u00e9ly, az Integr\u00e1lt Jogv\u00e9delmi Szolg\u00e1lat munkat\u00e1rsa.<\/p>\n","protected":false},"author":101997,"featured_media":0,"parent":139,"menu_order":0,"comment_status":"closed","ping_status":"closed","template":"","meta":{"_acf_changed":false,"footnotes":""},"categories":[],"tags":[],"class_list":["post-199","page","type-page","status-publish","hentry"],"acf":[],"_links":{"self":[{"href":"https:\/\/semmelweis.hu\/neuroradiologia\/wp-json\/wp\/v2\/pages\/199","targetHints":{"allow":["GET"]}}],"collection":[{"href":"https:\/\/semmelweis.hu\/neuroradiologia\/wp-json\/wp\/v2\/pages"}],"about":[{"href":"https:\/\/semmelweis.hu\/neuroradiologia\/wp-json\/wp\/v2\/types\/page"}],"author":[{"embeddable":true,"href":"https:\/\/semmelweis.hu\/neuroradiologia\/wp-json\/wp\/v2\/users\/101997"}],"replies":[{"embeddable":true,"href":"https:\/\/semmelweis.hu\/neuroradiologia\/wp-json\/wp\/v2\/comments?post=199"}],"version-history":[{"count":7,"href":"https:\/\/semmelweis.hu\/neuroradiologia\/wp-json\/wp\/v2\/pages\/199\/revisions"}],"predecessor-version":[{"id":207,"href":"https:\/\/semmelweis.hu\/neuroradiologia\/wp-json\/wp\/v2\/pages\/199\/revisions\/207"}],"up":[{"embeddable":true,"href":"https:\/\/semmelweis.hu\/neuroradiologia\/wp-json\/wp\/v2\/pages\/139"}],"wp:attachment":[{"href":"https:\/\/semmelweis.hu\/neuroradiologia\/wp-json\/wp\/v2\/media?parent=199"}],"wp:term":[{"taxonomy":"category","embeddable":true,"href":"https:\/\/semmelweis.hu\/neuroradiologia\/wp-json\/wp\/v2\/categories?post=199"},{"taxonomy":"post_tag","embeddable":true,"href":"https:\/\/semmelweis.hu\/neuroradiologia\/wp-json\/wp\/v2\/tags?post=199"}],"curies":[{"name":"wp","href":"https:\/\/api.w.org\/{rel}","templated":true}]}}