{"id":139,"date":"2019-05-17T11:05:50","date_gmt":"2019-05-17T09:05:50","guid":{"rendered":"http:\/\/semmelweis.hu\/mrkk\/?page_id=139"},"modified":"2019-05-17T11:11:47","modified_gmt":"2019-05-17T09:11:47","slug":"betegeinknek","status":"publish","type":"page","link":"https:\/\/semmelweis.hu\/neuroradiologia\/betegeinknek\/","title":{"rendered":"Betegeinknek"},"content":{"rendered":"<p style=\"font-weight: 400\">MR vizsg\u00e1latra megfelel\u0151 szakorvosi beutal\u00f3val lehet jelentkezni, a jelentkez\u00e9ssel kapcsolatban felmer\u00fcl\u0151 k\u00e9rd\u00e9seivel forduljon hozz\u00e1nk el\u00e9rhet\u0151s\u00e9geinken.<\/p>\n<p style=\"font-weight: 400\">\u00a0Az MRI egyfajta orvosi diagnosztik\u00e1hoz haszn\u00e1lt k\u00e9palkot\u00f3 elj\u00e1r\u00e1s, amely a k\u00e9pet a szervezetben az eg\u00e9szs\u00e9ges \u00e9s az elv\u00e1ltozott (beteg) sz\u00f6vetekben tal\u00e1lhat\u00f3 v\u00edzmolekul\u00e1k nyomon k\u00f6vet\u00e9se (detekt\u00e1l\u00e1sa) alapj\u00e1n hozza l\u00e9tre. A folyamat m\u00e1gneses \u00e9s r\u00e1di\u00f3hull\u00e1mok bonyolult rendszer\u00e9nek felhaszn\u00e1l\u00e1s\u00e1val zajlik. A sz\u00e1m\u00edt\u00f3g\u00e9p feljegyzi a m\u00e9rt jeleket, \u00e9s azokat k\u00e9pp\u00e9 alak\u00edtja \u00e1t.<\/p>\n<p style=\"font-weight: 400\">Bizonyos esetekben a szakma szab\u00e1lyainak megfelel\u0151en az MR vizsg\u00e1lat elv\u00e9gz\u00e9se sor\u00e1n sz\u00fcks\u00e9g lehet kontrasztanyag bead\u00e1s\u00e1ra is. A kontrasztanyag az eg\u00e9sz test vizsg\u00e1lat\u00e1hoz haszn\u00e1lhat\u00f3, bele\u00e9rtve az agyat \u00e9s a gerincvel\u0151t is. A szer vizes oldatk\u00e9nt intrav\u00e9n\u00e1s injekci\u00f3, vagy inf\u00fazi\u00f3 form\u00e1j\u00e1ban ker\u00fcl forgalomba, \u00e9s kiz\u00e1r\u00f3lag diagnosztikai c\u00e9lra alkalmazhat\u00f3. A kontrasztanyagot k\u00f6zvetlen\u00fcl egy t\u0171n kereszt\u00fcl, vagy kat\u00e9teren az orvos juttatja be a v\u00e9n\u00e1ba. Az injekci\u00f3 bead\u00e1s\u00e1t k\u00f6vet\u0151en\u00a0<em>\u00d6nt megfigyel\u00e9s alatt fogj\u00e1k tartani.\u00a0<\/em>Az \u00d6nnek megfelel\u0151 kontrasztanyag adagot tests\u00faly\u00e1t figyelembe v\u00e9ve sz\u00e1m\u00edtj\u00e1k ki.<\/p>\n<p style=\"font-weight: 400\">A korszer\u0171 kontrasztanyagoknak k\u00f6sz\u00f6nhet\u0151en sz\u00f6v\u0151dm\u00e9ny a gyakorlatban szinte soha nem fordul el\u0151. Elm\u00e9letileg lehets\u00e9ges\u00a0<u>mell\u00e9khat\u00e1sok a h\u00e1nyinger \u00e9s h\u00e1ny\u00e1s, fejf\u00e1j\u00e1s, sz\u00e9d\u00fcl\u00e9s<\/u>, az injekci\u00f3 hely\u00e9n fell\u00e9p\u0151 reakci\u00f3k (pl. f\u00e1jdalom, hidegs\u00e9g-, melegs\u00e9g\u00e9rzet). Azonnal t\u00e1j\u00e9koztassa az MR Oszt\u00e1ly szem\u00e9lyzet\u00e9t, ha ezeket a t\u00fcneteket, vagy neh\u00e9zl\u00e9gz\u00e9st tapasztal. Ritk\u00e1n el\u0151fordulhatnak k\u00e9sleltetett reakci\u00f3k a kontrasztanyag bead\u00e1sa ut\u00e1n \u00f3r\u00e1kkal, vagy napokkal. Ha ez el\u0151fordul, t\u00e1j\u00e9koztassa orvos\u00e1t vagy a radiol\u00f3gust. A kontrasztanyag egyidej\u0171 alkalmaz\u00e1sa bizonyos \u00e9telekkel, vagy italokkal h\u00e1nyingert, vagy h\u00e1ny\u00e1st okozhat. Terhess\u00e9g eset\u00e9n \u00e9s szoptat\u00e1s alatt a kontrasztanyag csak a kock\u00e1zatok \u00e9s el\u0151ny\u00f6k alapos m\u00e9rlegel\u00e9se ut\u00e1n alkalmazhat\u00f3. Az eddigi tapasztalatok alapj\u00e1n nem val\u00f3sz\u00edn\u0171, hogy a szoptatott csecsem\u0151t k\u00e1rosod\u00e1s \u00e9ri. A kontrasztanyagnak nincs ismert hat\u00e1sa a g\u00e9pj\u00e1rm\u0171-vezet\u00e9shez, \u00e9s g\u00e9pek \u00fczemeltet\u00e9s\u00e9hez sz\u00fcks\u00e9ges k\u00e9pess\u00e9gekre.<\/p>\n<p style=\"font-weight: 400\">A vizsg\u00e1lat v\u00e9grehajt\u00e1s\u00e1hoz, mint b\u00e1rmilyen egy\u00e9b orvosi tev\u00e9kenys\u00e9ghez az \u00d6n beleegyez\u00e9se sz\u00fcks\u00e9ges, amit a vizsg\u00e1lat el\u0151tti felvil\u00e1gos\u00edt\u00e1st k\u00f6vet\u0151en \u00edr\u00e1sban kell nek\u00fcnk megadnia.<\/p>\n<p style=\"font-weight: 400\">Amennyiben a beutal\u00f3 orvos v\u00e9lem\u00e9nye alapj\u00e1n az MR vizsg\u00e1lat m\u00e1s diagnosztikai elj\u00e1r\u00e1ssal nem v\u00e1lthat\u00f3 ki \u00e9s \u00d6n a vizsg\u00e1lathoz nem j\u00e1rul hozz\u00e1, vagy amennyiben a vizsg\u00e1lat korrekt elv\u00e9gz\u00e9s\u00e9hez kontrasztanyag ad\u00e1sa lenne sz\u00fcks\u00e9ges, azonban ehhez \u00d6n nem j\u00e1rul hozz\u00e1 akkor fenn\u00e1ll annak es\u00e9lye, hogy nem tudunk teljes diagn\u00f3zist adni illetve a diagn\u00f3zishoz k\u00e9sedelmesen jut hozz\u00e1.\u00a0A hozz\u00e1j\u00e1rul\u00e1s hi\u00e1ny\u00e1ban elmaradt MR vizsg\u00e1lat, ill. elmaradt kontrasztanyag haszn\u00e1lat eg\u00e9szs\u00e9g\u00fcgyi k\u00f6vetkezm\u00e9nyei \u00d6nt terhelik.\u00a0\u00a0<\/p>\n<p style=\"font-weight: 400\">A vizsg\u00e1lat biztons\u00e1ga \u00e9rdek\u00e9ben k\u00e9rj\u00fck, hogy esetleges gy\u00f3gyszer\u00e9rz\u00e9kenys\u00e9g\u00e9r\u0151l, fenn\u00e1ll\u00f3 s\u00falyosabb betegs\u00e9g\u00e9r\u0151l vizsg\u00e1lati beleegyez\u00e9se el\u0151tt\u00a0a belegyez\u0151 nyilatkozaton szerepl\u0151 k\u00e9rd\u0151\u00edven\u00a0nyilatkozzon!\u00a0A kit\u00f6lt\u00f6tt k\u00e9rd\u0151\u00edv alapj\u00e1n az \u00d6nt vizsg\u00e1l\u00f3 koll\u00e9g\u00e1nk fog d\u00f6nteni arr\u00f3l, hogy a vizsg\u00e1lat biztons\u00e1gosan elv\u00e9gezhet\u0151-e vagy sem.\u00a0<\/p>\n<p style=\"font-weight: 400\"><strong>Felh\u00edvjuk betegeink figyelm\u00e9t, hogy hasi vizsg\u00e1latokat csak akkor tudunk elv\u00e9gezni, ha vizsg\u00e1latot megel\u0151z\u0151 4 \u00f3r\u00e1ban nem fogyasztottak \u00e9telt.<\/strong><\/p>\n<p><strong>Szed\u00e1ci\u00f3ban v\u00e9gzett vizsg\u00e1latok eset\u00e9n pedig a beteg a vizsg\u00e1latot megel\u0151z\u0151 6 \u00f3r\u00e1ban ne egyen, \u00e9s 4 \u00f3r\u00e1ban ne igyon.\u00a0\u00a0<\/strong><\/p>\n","protected":false},"excerpt":{"rendered":"<p>MR vizsg\u00e1latra megfelel\u0151 szakorvosi beutal\u00f3val lehet jelentkezni, a jelentkez\u00e9ssel kapcsolatban felmer\u00fcl\u0151 k\u00e9rd\u00e9seivel forduljon hozz\u00e1nk el\u00e9rhet\u0151s\u00e9geinken. \u00a0Az MRI egyfajta orvosi diagnosztik\u00e1hoz haszn\u00e1lt k\u00e9palkot\u00f3 elj\u00e1r\u00e1s, amely a k\u00e9pet a szervezetben az eg\u00e9szs\u00e9ges \u00e9s az elv\u00e1ltozott (beteg) sz\u00f6vetekben tal\u00e1lhat\u00f3 v\u00edzmolekul\u00e1k nyomon k\u00f6vet\u00e9se (detekt\u00e1l\u00e1sa) alapj\u00e1n hozza l\u00e9tre. A folyamat m\u00e1gneses \u00e9s r\u00e1di\u00f3hull\u00e1mok bonyolult rendszer\u00e9nek felhaszn\u00e1l\u00e1s\u00e1val zajlik. A sz\u00e1m\u00edt\u00f3g\u00e9p feljegyzi &hellip;<\/p>\n","protected":false},"author":142,"featured_media":0,"parent":0,"menu_order":0,"comment_status":"closed","ping_status":"closed","template":"","meta":{"_acf_changed":false,"footnotes":""},"categories":[],"tags":[],"class_list":["post-139","page","type-page","status-publish","hentry"],"acf":[],"_links":{"self":[{"href":"https:\/\/semmelweis.hu\/neuroradiologia\/wp-json\/wp\/v2\/pages\/139","targetHints":{"allow":["GET"]}}],"collection":[{"href":"https:\/\/semmelweis.hu\/neuroradiologia\/wp-json\/wp\/v2\/pages"}],"about":[{"href":"https:\/\/semmelweis.hu\/neuroradiologia\/wp-json\/wp\/v2\/types\/page"}],"author":[{"embeddable":true,"href":"https:\/\/semmelweis.hu\/neuroradiologia\/wp-json\/wp\/v2\/users\/142"}],"replies":[{"embeddable":true,"href":"https:\/\/semmelweis.hu\/neuroradiologia\/wp-json\/wp\/v2\/comments?post=139"}],"version-history":[{"count":3,"href":"https:\/\/semmelweis.hu\/neuroradiologia\/wp-json\/wp\/v2\/pages\/139\/revisions"}],"predecessor-version":[{"id":143,"href":"https:\/\/semmelweis.hu\/neuroradiologia\/wp-json\/wp\/v2\/pages\/139\/revisions\/143"}],"wp:attachment":[{"href":"https:\/\/semmelweis.hu\/neuroradiologia\/wp-json\/wp\/v2\/media?parent=139"}],"wp:term":[{"taxonomy":"category","embeddable":true,"href":"https:\/\/semmelweis.hu\/neuroradiologia\/wp-json\/wp\/v2\/categories?post=139"},{"taxonomy":"post_tag","embeddable":true,"href":"https:\/\/semmelweis.hu\/neuroradiologia\/wp-json\/wp\/v2\/tags?post=139"}],"curies":[{"name":"wp","href":"https:\/\/api.w.org\/{rel}","templated":true}]}}