{"id":396,"date":"2014-12-17T11:28:44","date_gmt":"2014-12-17T10:28:44","guid":{"rendered":"http:\/\/semmelweis.hu\/neuromorfologia\/?page_id=396"},"modified":"2025-09-16T12:19:32","modified_gmt":"2025-09-16T11:19:32","slug":"laboratory-of-neuromorphology","status":"publish","type":"page","link":"https:\/\/semmelweis.hu\/neuromorfologia\/laboratory-of-neuromorphology\/","title":{"rendered":"Laboratory of Neuromorphology"},"content":{"rendered":"<p><figure id=\"attachment_390\" aria-describedby=\"caption-attachment-390\" style=\"width: 148px\" class=\"wp-caption alignright\"><a href=\"https:\/\/semmelweis.hu\/neuromorfologia\/files\/2014\/11\/palkovits_miklos_0.jpg\"><img loading=\"lazy\" decoding=\"async\" class=\"wp-image-390 \" src=\"https:\/\/semmelweis.hu\/neuromorfologia\/files\/2014\/11\/palkovits_miklos_0.jpg\" alt=\"Dr. Mikl\u00f3s Palkovits\" width=\"148\" height=\"218\" \/><\/a><figcaption id=\"caption-attachment-390\" class=\"wp-caption-text\">Dr. Mikl\u00f3s Palkovits<\/figcaption><\/figure> <figure id=\"attachment_390\" aria-describedby=\"caption-attachment-390\" style=\"width: 153px\" class=\"wp-caption alignright\"><a href=\"https:\/\/semmelweis.hu\/neuromorfologia\/files\/2014\/12\/kep-Dobolyi-211x300.jpg\"><img loading=\"lazy\" decoding=\"async\" class=\"wp-image-390 \" src=\"https:\/\/semmelweis.hu\/neuromorfologia\/files\/2014\/12\/kep-Dobolyi-211x300.jpg\" alt=\"Dr. \u00c1rp\u00e1d Dobolyi\" width=\"153\" height=\"217\" \/><\/a><figcaption id=\"caption-attachment-390\" class=\"wp-caption-text\">Dr. \u00c1rp\u00e1d Dobolyi<\/figcaption><\/figure><\/p>\n<p><strong>Head of the Laboratory:<br \/>\n<\/strong>Dr. \u00c1rp\u00e1d Dobolyi, PhD, DSc, research professor<\/p>\n<p><strong>Scientific Advisor:<br \/>\n<\/strong>Dr. Mikl\u00f3s Palkovits, MD, PhD, DSc, professor, member of the Hungarian Academy of Sciences<\/p>\n<p><strong>Members of the Laboratory:<br \/>\n<\/strong>\u2022 J\u00e1nos Barna, PhD, associate professor<br \/>\n\u2022 Fanni D\u00f3ra, PhD, postdoctoral fellow <br \/>\n\u2022 Tam\u00e1s L\u00e1ng, MD-PhD fellow <br \/>\n\u2022 Tamara Hajdu, PhD fellow <br \/>\n\u2022 Nikolett Han\u00e1k, research assistant<\/p>\n<h4 style=\"text-align: left\"><strong>Techniques and methods used routinely in the Laboratory<\/strong><\/h4>\n<ul>\n<li>Animal operations<\/li>\n<li>Occlusion of the middle cerebral artery and other models of focal brain ischemia<\/li>\n<li>Canulations, sampling of blood and cerebrospinal fluid in rodents<\/li>\n<li>Behavioral tests of anxiety, depression and maternal motivation<\/li>\n<li>Stereotaxic operations, brain lesions, pathway transections, tracer injections<\/li>\n<li>Neuronal tract-tracing using viruses and transgenic mice<\/li>\n<li>Laser capture microdissection and real-time RT-PCR<\/li>\n<li>Basic molecular biological techniques<\/li>\n<li>RNA amplification for sequencing<\/li>\n<li>In situ hybridization histochemistry and dark-field microscopy<\/li>\n<li>Immunolabeling and fluorescent microscopy<\/li>\n<li>Western blotting<\/li>\n<li>Fiber photometry<\/li>\n<li>Analysis of single cell RNA sequencing<\/li>\n<li>Chemo- and optogenetics<\/li>\n<li>Behavioural analysis, cameras, automated video analysis systems<\/li>\n<\/ul>\n<h4>\u00a0<\/h4>\n<h1><strong>Ongoing research activity in the Laboratory<\/strong><\/h1>\n<h4><strong>1. Parenting behavior<\/strong><\/h4>\n<ul>\n<li style=\"text-align: justify\"><span class=\"x_docsum-authors\"><span data-olk-copy-source=\"MessageBody\">Puska G., Szendi V., Egyed M., Dim\u00e9n D., Cserven\u00e1k M., Dobolyi A.<\/span><\/span>\u00a0(2025) Maternally activated connections of the ventral lateral septum reveal input from the posterior intralaminar thalamus.<span class=\"x_docsum-journal-citation\"> Brain Struct. Funct. <span data-olk-copy-source=\"MessageBody\">230:27.<\/span><\/span><\/li>\n<li>Puska G., Szendi V., Dobolyi A. (2024) Lateral septum as a possible regulatory center of maternal behaviors. Neurosci. Biobehav. Rev. 161:105683.<\/li>\n<li style=\"text-align: justify\">Kumari R., Fazekas E.A., Morvai B., Udvari E.B., D\u00f3ra F., Zachar G., Sz\u00e9kely T., Pog\u00e1ny \u00c1., Dobolyi \u00c1. (2022) Transcriptomics of parental care in the hypothalamic-septal region of female zebra finch brain. Int. J. Mol. Sci. 23:2518.<\/li>\n<li style=\"text-align: justify\">T\u00f3th A., Peth\u0151 M., Keser\u0171 D., Simon D., Hajnik T., D\u00e9t\u00e1ri L., Dobolyi A. (2020) Complete sleep and local field potential analysis regarding estrus cycle, pregnancy, postpartum and post-weaning periods and homeostatic sleep regulation in female rats. Sci. Rep. 10:8546.<\/li>\n<li style=\"text-align: justify\">Dobolyi A., L\u00e9k\u00f3 A.H. (2019) The insulin-like growth factor-1 system in the adult mammalian brain and its implications in central maternal adaptations. Front. Neuroendocrinol. 52:181-194.<\/li>\n<li style=\"text-align: justify\">Cserven\u00e1k M., Szab\u00f3 \u00c9.R., Bodn\u00e1r I., L\u00e9k\u00f3 A., Palkovits M., Nagy G.M., Usdin T.B., Dobolyi A. (2013) The thalamic neuropeptide TIP39 mediates the effects of nursing on lactation and maternal motivation. Psychoneuroendocrinology 38:3070-3084.<\/li>\n<li style=\"text-align: justify\">Szab\u00f3 E.R., Cserven\u00e1k M., Dobolyi A. (2012) Amylin is a novel neuropeptide with potential maternal functions. FASEB J. 26:272-281.<\/li>\n<\/ul>\n<h4><strong>2. ProlaCtin<\/strong><\/h4>\n<ul>\n<li style=\"text-align: justify\"><span class=\"x_docsum-authors\"><span data-olk-copy-source=\"MessageBody\">T\u00f3th A., Dobolyi A.<\/span><\/span> (2025) Prolactin in sleep and EEG regulation: new mechanisms and sleep-related brain targets complement classical data.\u00a0<span class=\"x_docsum-journal-citation\">Neurosci. Biobehav. Rev. 169:106000.<\/span><\/li>\n<li style=\"text-align: justify\">T\u00f3th A., Keser\u0171 D., Peth\u0151 M., D\u00e9t\u00e1ri L., Bencsik N., Dobolyi A., Hajnik T. (2024) Sleep and local field potential effect of the D2 receptor agonist bromocriptine during the estrous cycle and postpartum period in female rats. Pharmacol. Biochem. Behav. 239:173754.<\/li>\n<li style=\"text-align: justify\">Csik\u00f3s V., Ol\u00e1h S., D\u00f3ra F., Arrasz N., Cserven\u00e1k M., Dobolyi A. (2023) Microglia depletion prevents lactation by inhibition of prolactin secretion. iScience 26:106264.<\/li>\n<li style=\"text-align: justify\">Dobolyi A., Ol\u00e1h S., Keller D., Kumari R., Fazekas E.A., Csik\u00f3s V., Renner \u00c9., Cserven\u00e1k M. (2020) Secretion and function of pituitary prolactin in evolutionary perspective. Front. Neurosci. 14:621.<\/li>\n<li style=\"text-align: justify\">Olah S., Cserven\u00e1k M., Keller D., Fazekas E.A., Renner E., Low P., Dobolyi A. (2018) Prolactin-induced and neuronal activation in the brain of mother mice. Brain Struct. Funct. 223:3229-3250.<\/li>\n<\/ul>\n<h4><strong>3. Brain pathology of stroke<\/strong><\/h4>\n<ul>\n<li style=\"text-align: justify\">P\u00e9nzes M., T\u00far\u00f3s D., M\u00e1th\u00e9 D., Szigeti K., Heged\u0171s N., Rauscher A.\u00c1., T\u00f3th P., Ivic I., Padmanabhan P., P\u00e1l G., Dobolyi \u00c1., Gyimesi M., M\u00e1ln\u00e1si-Csizmadia A. (2020) Direct myosin-2 inhibition enhances cerebral perfusion resulting in functional improvement after ischemic stroke. Theranostics. 10:5341-5356.<\/li>\n<li style=\"text-align: justify\">V\u00f6lgyi K., Guly\u00e1ssy P., Todorov M.I., Puska G., Badics K., Hlatky D., K\u00e9kesi K.A., Nyitrai G., Czurk\u00f3 A., Drahos L., Dobolyi A. (2018) Chronic cerebral hypoperfusion induced synaptic proteome changes in the rat cerebral cortex. Mol. Neurobiol. 55:4253-4266.<\/li>\n<li style=\"text-align: justify\">P\u00e1l G., Vincze C., Renner \u00c9., Wappler E.A., Nagy Z., Lovas G., Dobolyi A. (2012) Time course, distribution and cell types of induction of transforming growth factor betas following middle cerebral artery occlusion in the rat brain. PLoS One 7:e46731.<\/li>\n<li style=\"text-align: justify\">Dobolyi A., Vincze C., P\u00e1l G., Lovas G. (2012) The neuroprotective functions of transforming growth factor beta proteins. Int. J. Mol. Sci. 13:8219-8258.<\/li>\n<\/ul>\n<h4><strong>4. Pathomechanism of epilepsy<\/strong><\/h4>\n<ul>\n<li>Koech P.K., J\u00f3cs\u00e1k G., Boldizs\u00e1r I., Moldov\u00e1n K., Borb\u00e9ly S., Vil\u00e1gi I., Dobolyi A., Varr\u00f3 P. (2023) Anti-gluatamatergic effects of three lignin compounds: arctigenin, matairesinol and trachelogenin \u2013 An ex vivo study on rat brain slices. Planta Med. 89:879-889.<\/li>\n<li style=\"text-align: justify\">Kov\u00e1cs Z. (2018) Uric acid and allopurinol aggravate absence epileptic activity in Wistar Albino Glaxo Rijswijk rats. Brain Res. 1686:1-9.<\/li>\n<li style=\"text-align: justify\">Kov\u00e1cs Z., Lakatos R.K., Barna J., Dobolyi A. (2017) Absence epileptic activity in Wistar Albino Glaxo Rijswijk rat mothers. Brain Res. 1657:368-376.<\/li>\n<li style=\"text-align: justify\">Lakatos R.K., Dobolyi A., Todorov M.I., K\u00e9kesi K.A., Juh\u00e1sz G., Aleksza M., Kov\u00e1cs Z. (2016) Guanosine may increase absence epileptic activity by means of A2A adenosine receptors in Wistar Albino Glaxo Rijswijk rats. Brain Res. Bull. 124:172-181.<\/li>\n<\/ul>\n<h4><strong>5. Pathomechanism of depression<\/strong><\/h4>\n<ul>\n<li style=\"text-align: justify\">D\u00f3ra F., Renner \u00c9., Keller D., Palkovits M., Dobolyi \u00c1. (2022) Transcriptome profiling of the dorsomedial prefrontal cortex in suicide victims. Int. J. Mol. Sci. 23:2518.<\/li>\n<li style=\"text-align: justify\">Dim\u00e9n D., Puska G., Szendi V., Sipos E., Zelena D., Dobolyi A. (2021) Sex-specific parenting and depression evoked by preoptic inhibitory neurons. iScience 24:103090.<\/li>\n<\/ul>\n<h4><strong>6. Neurochemistry of mitochondria<\/strong><\/h4>\n<ul>\n<li style=\"text-align: justify\"><span class=\"x_docsum-authors\"><span data-olk-copy-source=\"MessageBody\">D\u00f3ra F., Hajdu T., Renner \u00c9., Pa\u00e1l K., Alp\u00e1r A., Palkovits M., Chinopoulos C., Dobolyi A.<\/span><\/span>\u00a0(2024) Reverse phase protein array-based investigation of mitochondrial genes reveals alteration of glutaminolysis in the parahippocampal cortex of people who died by suicide.\u00a0<span class=\"x_docsum-journal-citation\">Transl. Psychiatry 14:479.<\/span><\/li>\n<li style=\"text-align: justify\">Dobolyi A., Cserven\u00e1k M., Bag\u00f3 A.G., Chen C., Stepanova A., Paal K., Lee J., Palkovits M., Hudson G., Chinopoulos C. (2024) Cell-specific expression of key mitochondrial enzymes limits OXPHOS in astrocytes of the adult human neocortex and hippocampal formation. Commun. Biol. 7:1045.<\/li>\n<li style=\"text-align: justify\">Dobolyi A., Bago A., Palkovits M., Nemeria N.S., Jordan F., Doczi J., Ambrus A., Adam-Vizi V., Chinopoulos C. (2020) Exclusive neuronal detection of KGDHC-specific subunits in the adult human brain cortex despite pancellular protein lysine succinylation. Brain Struct. Funct. 225:639-667.<\/li>\n<li style=\"text-align: justify\">Barna J., Dim\u00e9n D., Puska G., Kov\u00e1cs D., Csik\u00f3s V., Ol\u00e1h S., Udvari E.B., P\u00e1l G., Dobolyi A. (2019) Complement component 1q subcomponent binding protein in the brain of the rat. Sci. Rep. 9:4597.<\/li>\n<\/ul>\n<h4><strong>7. Neuronal control of food intake<\/strong><\/h4>\n<ul>\n<li style=\"text-align: justify\">Renner \u00c9., D\u00f3ra F., Oszwald E., Dobolyi \u00c1., Palkovits M. (2022) Elevated glucagon-like peptide-1 receptor level in the paraventricular hypothalamic nucleus of type 2 diabetes mellitus patients. Int. J. Mol. Sci. 23:15945.<\/li>\n<li style=\"text-align: justify\">Csik\u00f3s V., Varr\u00f3 P., B\u00f3di V., Ol\u00e1h S., Vil\u00e1gi I., Dobolyi A. (2020) The mycotoxin Deoxynivalenol activates GABAergic neurons in the reward system and inhibits feeding and maternal behaviours. Arch. Toxicol. 94:3297-3313.<\/li>\n<li style=\"text-align: justify\">Barna J., Renner E., Arszovszki A., Cserven\u00e1k M., Kov\u00e1cs Z., Palkovits M., Dobolyi A. (2018) Suckling induced activation pattern in the brain of rat pups. Nutr. Neurosci. 21:317-327.<\/li>\n<li style=\"text-align: justify\">Renner E., Pusk\u00e1s N., Dobolyi A., Palkovits M. (2012) Glucagon-like peptide-1 of brainstem origin activates dorsomedial hypothalamic neurons in satiated rats. Peptides 35:14-22.<\/li>\n<\/ul>\n<h4><strong>8. Social behaviour<\/strong><\/h4>\n<ul>\n<li style=\"text-align: justify\">L\u00e1ng T., Dim\u00e9n D., Ol\u00e1h S., Puska G., Dobolyi A. (2024) Medial preoptic circuits governing instinctive social behaviors. iScience 27:110296.<\/li>\n<li style=\"text-align: justify\">Csik\u00f3s V., D\u00f3ra F., L\u00e1ng T., Darai L., Szendi V., T\u00f3th A., Cserven\u00e1k M., Dobolyi A. (2024) Social isolation induces changes in the monoaminergic signalling in the rat medial prefrontal cortex. Cells 13:1043.<\/li>\n<li style=\"text-align: justify\">Fazekas C.L., T\u00f6r\u00f6k B., Correia P., Chaves T., Bellardie M., Sipos E., Horv\u00e1th H.R., Gaszner B., D\u00f3ra F., Dobolyi \u00c1., Zelena D. (2024) The role of vesicular glutamate transporter type 3 in social behavior, with focus ont he median raphe region. eNeuro 11:ENEURO.0332-23.2024.<\/li>\n<li style=\"text-align: justify\">Chaves T., T\u00f6r\u00f6k B., Fazekas C.L., Correia P., Sipos E., V\u00e1rkonyi D., T\u00f3th Z.E., D\u00f3ra F., Dobolyi A., Zelena D. (2024) The dopaminergic cells in the median raphe region regulate social behavior in male mice. Int. J. Mol. Sci. 25:4315.<\/li>\n<li style=\"text-align: justify\">Keller D., Lang T., Cserven\u00e1k M., Puska G., Barna J., Csillag V., Farkas I., Zelena D., D\u00f3ra F., K\u00fcppers S., Barteczko L., Usdin T.B., Palkovits M., Hasan M.T., Grinevich V., Dobolyi A. (2022) A thalamo-preoptic pathway promotes social grooming in rodents. Curr. Biol. 32:4593-4606.<\/li>\n<li style=\"text-align: justify\">Cserven\u00e1k M., Keller D., Kis V., Fazekas E.A., \u00d6ll\u00f6s H., L\u00e9k\u00f3 A., Szab\u00f3 \u00c9.R., Renner \u00c9., Usdin T.B., Palkovits M., Dobolyi A. (2017) A thalamo-hypothalamic pathway that activates oxytocin neurons in social contexts in female rats. Endocrinology\u00a0158:335-348.<\/li>\n<\/ul>\n<h4><strong>9. theory OF\u00a0<\/strong><strong>Behaviour<\/strong><\/h4>\n<ul>\n<li><span class=\"x_docsum-authors\">Dobolyi \u00c1.<\/span><span class=\"x_docsum-authors\">\u00a0(2025)\u00a0<\/span>Integrating the COM-B model into behavioral neuroscience: A framework for understanding animal behavior.\u00a0<span class=\"x_docsum-authors\">Prog. Neuropsychopharmacol. Biol. Psychiatry\u00a0<\/span><span class=\"x_docsum-journal-citation\">138:111346.<\/span><\/li>\n<li><span data-olk-copy-source=\"MailCompose\">Yang M., Keller D., Dobolyi A., Valtcheva S. (2025) The lateral thalamus: a bridge between multisensory processing and naturalistic behaviors. Trends Neurosci. 48:33-46.<\/span><\/li>\n<\/ul>\n","protected":false},"excerpt":{"rendered":"<p>Head of the Laboratory: Dr. \u00c1rp\u00e1d Dobolyi, PhD, DSc, research professor Scientific Advisor: Dr. Mikl\u00f3s Palkovits, MD, PhD, DSc, professor, member of the Hungarian Academy of Sciences Members of the Laboratory: \u2022 J\u00e1nos Barna, PhD, associate professor \u2022 Fanni D\u00f3ra, PhD, postdoctoral fellow \u2022 Tam\u00e1s L\u00e1ng, MD-PhD fellow \u2022 Tamara Hajdu, PhD fellow \u2022 Nikolett &hellip;<\/p>\n","protected":false},"author":12,"featured_media":0,"parent":0,"menu_order":1,"comment_status":"closed","ping_status":"closed","template":"template-fullwidth.php","meta":{"_acf_changed":false,"footnotes":""},"categories":[],"tags":[],"class_list":["post-396","page","type-page","status-publish","hentry"],"acf":[],"_links":{"self":[{"href":"https:\/\/semmelweis.hu\/neuromorfologia\/wp-json\/wp\/v2\/pages\/396","targetHints":{"allow":["GET"]}}],"collection":[{"href":"https:\/\/semmelweis.hu\/neuromorfologia\/wp-json\/wp\/v2\/pages"}],"about":[{"href":"https:\/\/semmelweis.hu\/neuromorfologia\/wp-json\/wp\/v2\/types\/page"}],"author":[{"embeddable":true,"href":"https:\/\/semmelweis.hu\/neuromorfologia\/wp-json\/wp\/v2\/users\/12"}],"replies":[{"embeddable":true,"href":"https:\/\/semmelweis.hu\/neuromorfologia\/wp-json\/wp\/v2\/comments?post=396"}],"version-history":[{"count":10,"href":"https:\/\/semmelweis.hu\/neuromorfologia\/wp-json\/wp\/v2\/pages\/396\/revisions"}],"predecessor-version":[{"id":797,"href":"https:\/\/semmelweis.hu\/neuromorfologia\/wp-json\/wp\/v2\/pages\/396\/revisions\/797"}],"wp:attachment":[{"href":"https:\/\/semmelweis.hu\/neuromorfologia\/wp-json\/wp\/v2\/media?parent=396"}],"wp:term":[{"taxonomy":"category","embeddable":true,"href":"https:\/\/semmelweis.hu\/neuromorfologia\/wp-json\/wp\/v2\/categories?post=396"},{"taxonomy":"post_tag","embeddable":true,"href":"https:\/\/semmelweis.hu\/neuromorfologia\/wp-json\/wp\/v2\/tags?post=396"}],"curies":[{"name":"wp","href":"https:\/\/api.w.org\/{rel}","templated":true}]}}