{"id":388,"date":"2014-12-17T11:00:56","date_gmt":"2014-12-17T10:00:56","guid":{"rendered":"http:\/\/semmelweis.hu\/neuromorfologia\/?page_id=388"},"modified":"2025-09-19T12:37:13","modified_gmt":"2025-09-19T11:37:13","slug":"a-neuromorfologiai-laboratorium","status":"publish","type":"page","link":"https:\/\/semmelweis.hu\/neuromorfologia\/bemutatkozas\/a-neuromorfologiai-laboratorium\/","title":{"rendered":"Neuromorfol\u00f3giai laborat\u00f3rium"},"content":{"rendered":"<figure id=\"attachment_390\" aria-describedby=\"caption-attachment-390\" style=\"width: 153px\" class=\"wp-caption alignright\"><a href=\"https:\/\/semmelweis.hu\/neuromorfologia\/files\/2014\/12\/kep-Dobolyi-211x300.jpg\"><img loading=\"lazy\" decoding=\"async\" class=\"wp-image-390 \" src=\"https:\/\/semmelweis.hu\/neuromorfologia\/files\/2014\/12\/kep-Dobolyi-211x300.jpg\" alt=\"Dr. Dobolyi \u00c1rp\u00e1d\" width=\"153\" height=\"217\" \/><\/a><figcaption id=\"caption-attachment-390\" class=\"wp-caption-text\">Dr. Dobolyi \u00c1rp\u00e1d<\/figcaption><\/figure>\n<h4><strong>A kutat\u00f3csoport vezet\u0151je:<\/strong><\/h4>\n<p><strong>Dr. Dobolyi \u00c1rp\u00e1d<\/strong><br \/>\ntudom\u00e1nyos tan\u00e1csad\u00f3<br \/>\naz MTA doktora<\/p>\n<p class=\"entry-title\"><a href=\"https:\/\/semmelweis.hu\/neuromorfologia\/files\/2021\/10\/Dobolyi_CV_20211023.pdf\">Dobolyi \u00c1rp\u00e1d \u00f6n\u00e9letrajza<\/a>\u00a0(pdf)<\/p>\n<hr \/>\n<figure id=\"attachment_390\" aria-describedby=\"caption-attachment-390\" style=\"width: 148px\" class=\"wp-caption alignright\"><a href=\"https:\/\/semmelweis.hu\/neuromorfologia\/files\/2014\/11\/palkovits_miklos_0.jpg\"><img loading=\"lazy\" decoding=\"async\" class=\"wp-image-390 \" src=\"https:\/\/semmelweis.hu\/neuromorfologia\/files\/2014\/11\/palkovits_miklos_0.jpg\" alt=\"Dr. Palkovits Mikl\u00f3s\" width=\"148\" height=\"218\" \/><\/a><figcaption id=\"caption-attachment-390\" class=\"wp-caption-text\">Dr. Palkovits Mikl\u00f3s<\/figcaption><\/figure>\n<h4><strong>Tudom\u00e1nyos tan\u00e1csad\u00f3:<\/strong><\/h4>\n<p><strong>Dr. Palkovits Mikl\u00f3s<\/strong><br \/>\nprofessor emeritus<br \/>\nkutat\u00f3 professzor<br \/>\naz MTA tagja<\/p>\n<p><a href=\"https:\/\/semmelweis.hu\/neuromorfologia\/munkatarsak\/palkovits_miklos_cv\/\">Dr. Palkovits Mikl\u00f3s \u00e9letrajza \u2192<\/a><\/p>\n<hr \/>\n<h4><strong>A kutat\u00f3csoport tagjai<\/strong><\/h4>\n<ul>\n<li>Barna J\u00e1nos, PhD, egyetemi docens<\/li>\n<li>D\u00f3ra Fanni, PhD, tudom\u00e1nyos munkat\u00e1rs<\/li>\n<li>L\u00e1ng Tam\u00e1s, MD-PhD hallgat\u00f3<\/li>\n<li>Hajdu Tamara, PhD hallgat\u00f3<\/li>\n<li>Han\u00e1k Nikolett, kutat\u00e1si munkat\u00e1rs<\/li>\n<\/ul>\n<h4>\u00a0<\/h4>\n<h4><strong>K\u00e9pek<\/strong><\/h4>\n<ul>\n<li><a href=\"https:\/\/semmelweis.hu\/anatomia\/2024\/01\/20\/dora-fanni-ph-d-vedese\/\">D\u00f3ra Fanni PhD v\u00e9d\u00e9se<\/a><\/li>\n<li><a href=\"https:\/\/semmelweis.hu\/anatomia\/2023\/05\/07\/dr-keller-david-phd-vedese\/\">Keller D\u00e1vid PhD v\u00e9d\u00e9se<\/a><\/li>\n<li><a href=\"https:\/\/semmelweis.hu\/anatomia\/2016\/11\/24\/borsicsne-szabo-eva-rebeka-phd-vedese\/\">Szab\u00f3 \u00c9va Rebeka PhD v\u00e9d\u00e9se<\/a><\/li>\n<li><a href=\"https:\/\/semmelweis.hu\/anatomia\/2016\/11\/23\/pal-gabriella-phd-vedese\/\">P\u00e1l Gabriella PhD v\u00e9d\u00e9se<\/a><\/li>\n<li><a href=\"https:\/\/semmelweis.hu\/anatomia\/2015\/05\/06\/papp-rege-sugarka-phd-vedese\/\">Papp Rege Sug\u00e1rka PhD v\u00e9d\u00e9se<\/a><\/li>\n<li><a href=\"https:\/\/semmelweis.hu\/anatomia\/2014\/05\/16\/dobolyine-renner-eve-phd-vedese\/\">Renner \u00c9va PhD v\u00e9d\u00e9se<\/a><\/li>\n<li><a href=\"https:\/\/semmelweis.hu\/anatomia\/2014\/04\/30\/cservenak-melinda-phd-vedese\/\">Cserven\u00e1k Melinda PhD v\u00e9d\u00e9se<\/a><\/li>\n<li><a href=\"https:\/\/semmelweis.hu\/anatomia\/2007\/05\/17\/bratincsak-andras-phd-vedese\/\">Bratincs\u00e1k Andr\u00e1s PhD v\u00e9d\u00e9se<\/a><\/li>\n<\/ul>\n<h4>\u00a0<\/h4>\n<h4><strong>A Neuromorfol\u00f3giai Laborat\u00f3riumban rendelkez\u00e9sre \u00e1ll\u00f3 m\u00f3dszerek<\/strong><\/h4>\n<ul>\n<li>R\u00e1gcs\u00e1l\u00f3k m\u0171t\u00e9ti vizsg\u00e1lata<\/li>\n<li>Az arteria cerebri media okkl\u00fazi\u00f3ja mint fok\u00e1lis ischemia model<\/li>\n<li>Kan\u00fcl\u00f6z\u00e9sek, cerebrospin\u00e1lis folyad\u00e9k \u00e9s v\u00e9rv\u00e9telez\u00e9s r\u00e1gcs\u00e1l\u00f3kb\u00f3l<\/li>\n<li>\u00c1llatok emocion\u00e1lis v\u00e1ltoz\u00e1sainak \u00e9s anyai motiv\u00e1ci\u00f3j\u00e1nak viselked\u00e9si tesztjei<\/li>\n<li>Sztereotaxikus oper\u00e1ci\u00f3k, agyi l\u00e9zi\u00f3k, p\u00e1lya\u00e1tmetsz\u00e9sek<\/li>\n<li>Idegi p\u00e1lyak\u00f6vet\u00e9s v\u00edrusok \u00e9s transzg\u00e9n egerek felhaszn\u00e1l\u00e1s\u00e1val<\/li>\n<li>L\u00e9zer mikrodisszekci\u00f3, RT-PCR, val\u00f3s idej\u0171 fluoreszcens PCR<\/li>\n<li>Alapvet\u0151 molekul\u00e1ris biol\u00f3giai technik\u00e1k<\/li>\n<li>RNS amplifik\u00e1ci\u00f3 szekven\u00e1l\u00e1s c\u00e9lj\u00e1ra<\/li>\n<li>In situ hibridiz\u00e1ci\u00f3s hisztok\u00e9mia, autoradiogr\u00e1fia, \u00e9s s\u00f6t\u00e9t l\u00e1t\u00f3teres mikroszk\u00f3pia<\/li>\n<li>Immunfest\u00e9s \u00e9s fluoreszcens mikroszk\u00f3pia<\/li>\n<li>Western blot technik\u00e1k<\/li>\n<li>Sz\u00e1lfotometria<\/li>\n<li>Egysejt RNS szekven\u00e1l\u00e1s bioinformatikai ki\u00e9rt\u00e9kel\u00e9se<\/li>\n<li>Kemo- \u00e9s optogenetika<\/li>\n<li>Viselked\u00e9sanal\u00edzis, kamer\u00e1k, \u00e1llv\u00e1nyok, automata ki\u00e9rt\u00e9kel\u0151rendszerek<\/li>\n<\/ul>\n<p>&nbsp;<\/p>\n","protected":false},"excerpt":{"rendered":"<p>A kutat\u00f3csoport vezet\u0151je: Dr. Dobolyi \u00c1rp\u00e1d tudom\u00e1nyos tan\u00e1csad\u00f3 az MTA doktora <a href=\"https:\/\/semmelweis.hu\/neuromorfologia\/files\/2021\/10\/Dobolyi_CV_20211023.pdf\">Dobolyi \u00c1rp\u00e1d \u00f6n\u00e9letrajza<\/a> \u00a0(pdf) Tudom\u00e1nyos tan\u00e1csad\u00f3: Dr. Palkovits Mikl\u00f3s professor emeritus kutat\u00f3 professzor az MTA tagja <a href=\"https:\/\/semmelweis.hu\/neuromorfologia\/munkatarsak\/palkovits_miklos_cv\/\">Dr. Palkovits Mikl\u00f3s \u00e9letrajza \u2192<\/a> A kutat\u00f3csoport tagjai Barna J\u00e1nos, PhD, egyetemi docens D\u00f3ra Fanni, PhD, tudom\u00e1nyos munkat\u00e1rs L\u00e1ng Tam\u00e1s, MD-PhD hallgat\u00f3 Hajdu Tamara, PhD hallgat\u00f3 Han\u00e1k Nikolett, kutat\u00e1si munkat\u00e1rs \u00a0 K\u00e9pek <a href=\"https:\/\/semmelweis.hu\/anatomia\/2024\/01\/20\/dora-fanni-ph-d-vedese\/\">D\u00f3ra Fanni PhD v\u00e9d\u00e9se<\/a> <a href=\"https:\/\/semmelweis.hu\/anatomia\/2023\/05\/07\/dr-keller-david-phd-vedese\/\">Keller D\u00e1vid PhD v\u00e9d\u00e9se<\/a> <a href=\"https:\/\/semmelweis.hu\/anatomia\/2016\/11\/24\/borsicsne-szabo-eva-rebeka-phd-vedese\/\">Szab\u00f3 \u00c9va Rebeka PhD v\u00e9d\u00e9se<\/a> <a href=\"https:\/\/semmelweis.hu\/anatomia\/2016\/11\/23\/pal-gabriella-phd-vedese\/\">P\u00e1l Gabriella PhD v\u00e9d\u00e9se<\/a> <a href=\"https:\/\/semmelweis.hu\/anatomia\/2015\/05\/06\/papp-rege-sugarka-phd-vedese\/\">Papp Rege Sug\u00e1rka PhD v\u00e9d\u00e9se<\/a> <a href=\"https:\/\/semmelweis.hu\/anatomia\/2014\/05\/16\/dobolyine-renner-eve-phd-vedese\/\">Renner \u00c9va PhD v\u00e9d\u00e9se<\/a> <a href=\"https:\/\/semmelweis.hu\/anatomia\/2014\/04\/30\/cservenak-melinda-phd-vedese\/\">Cserven\u00e1k Melinda PhD v\u00e9d\u00e9se<\/a> <a href=\"https:\/\/semmelweis.hu\/anatomia\/2007\/05\/17\/bratincsak-andras-phd-vedese\/\">Bratincs\u00e1k Andr\u00e1s PhD v\u00e9d\u00e9se<\/a> \u00a0 A Neuromorfol\u00f3giai Laborat\u00f3riumban &hellip;<\/p>\n","protected":false},"author":12,"featured_media":0,"parent":252,"menu_order":1,"comment_status":"closed","ping_status":"closed","template":"template-fullwidth.php","meta":{"_acf_changed":false,"footnotes":""},"categories":[],"tags":[],"class_list":["post-388","page","type-page","status-publish","hentry"],"acf":[],"_links":{"self":[{"href":"https:\/\/semmelweis.hu\/neuromorfologia\/wp-json\/wp\/v2\/pages\/388","targetHints":{"allow":["GET"]}}],"collection":[{"href":"https:\/\/semmelweis.hu\/neuromorfologia\/wp-json\/wp\/v2\/pages"}],"about":[{"href":"https:\/\/semmelweis.hu\/neuromorfologia\/wp-json\/wp\/v2\/types\/page"}],"author":[{"embeddable":true,"href":"https:\/\/semmelweis.hu\/neuromorfologia\/wp-json\/wp\/v2\/users\/12"}],"replies":[{"embeddable":true,"href":"https:\/\/semmelweis.hu\/neuromorfologia\/wp-json\/wp\/v2\/comments?post=388"}],"version-history":[{"count":11,"href":"https:\/\/semmelweis.hu\/neuromorfologia\/wp-json\/wp\/v2\/pages\/388\/revisions"}],"predecessor-version":[{"id":755,"href":"https:\/\/semmelweis.hu\/neuromorfologia\/wp-json\/wp\/v2\/pages\/388\/revisions\/755"}],"up":[{"embeddable":true,"href":"https:\/\/semmelweis.hu\/neuromorfologia\/wp-json\/wp\/v2\/pages\/252"}],"wp:attachment":[{"href":"https:\/\/semmelweis.hu\/neuromorfologia\/wp-json\/wp\/v2\/media?parent=388"}],"wp:term":[{"taxonomy":"category","embeddable":true,"href":"https:\/\/semmelweis.hu\/neuromorfologia\/wp-json\/wp\/v2\/categories?post=388"},{"taxonomy":"post_tag","embeddable":true,"href":"https:\/\/semmelweis.hu\/neuromorfologia\/wp-json\/wp\/v2\/tags?post=388"}],"curies":[{"name":"wp","href":"https:\/\/api.w.org\/{rel}","templated":true}]}}