{"id":284,"date":"2014-11-09T17:09:37","date_gmt":"2014-11-09T16:09:37","guid":{"rendered":"http:\/\/semmelweis.hu\/neuromorfologia\/ujphd\/"},"modified":"2025-09-19T13:11:50","modified_gmt":"2025-09-19T12:11:50","slug":"ujphd","status":"publish","type":"page","link":"https:\/\/semmelweis.hu\/neuromorfologia\/oktatas\/ujphd\/","title":{"rendered":"PhD-t\u00e9ma ki\u00edr\u00e1sok"},"content":{"rendered":"<table id=\"table1\" border=\"0\" width=\"80%\">\n<tbody>\n<tr>\n<td width=\"193\"><span style=\"font-family: gorgia, palatino\">2017:<\/span><\/td>\n<td><span style=\"font-family: gorgia, palatino\">Transzform\u00e1l\u00f3 n\u00f6veked\u00e9si faktor b\u00e9ta feh\u00e9rj\u00e9k a k\u00f6zponti idegrendszerben<\/span><\/td>\n<\/tr>\n<tr>\n<td width=\"193\"><span style=\"font-family: gorgia, palatino\">T\u00e9mavezet\u0151:<\/span><\/td>\n<td><span style=\"font-family: gorgia, palatino\">Dr. Dobolyi \u00c1rp\u00e1d<\/span><\/td>\n<\/tr>\n<tr>\n<td width=\"193\" height=\"30\">\u00a0<\/td>\n<td height=\"30\">\u00a0<\/td>\n<\/tr>\n<tr>\n<td width=\"193\">\u00a0<\/td>\n<td>&nbsp;<\/td>\n<\/tr>\n<tr>\n<td width=\"193\">\u00a0<\/td>\n<td>&nbsp;<\/td>\n<\/tr>\n<\/tbody>\n<\/table>\n","protected":false},"excerpt":{"rendered":"<p>2017:<br \/>\nTranszform\u00e1l\u00f3 n\u00f6veked\u00e9si faktor b\u00e9ta feh\u00e9rj\u00e9k a k\u00f6zponti idegrendszerben<\/p>\n<p>T\u00e9mavezet\u0151:<br \/>\nDr. Dobolyi \u00c1rp\u00e1d<\/p>\n<p>\u00a0<br \/>\n\u00a0<\/p>\n<p>\u00a0<br \/>\n&nbsp;<\/p>\n<p>\u00a0<br \/>\n&nbsp;<\/p>\n","protected":false},"author":12,"featured_media":0,"parent":279,"menu_order":4,"comment_status":"closed","ping_status":"closed","template":"template-fullwidth.php","meta":{"_acf_changed":false,"footnotes":""},"categories":[],"tags":[],"class_list":["post-284","page","type-page","status-publish","hentry"],"acf":[],"_links":{"self":[{"href":"https:\/\/semmelweis.hu\/neuromorfologia\/wp-json\/wp\/v2\/pages\/284","targetHints":{"allow":["GET"]}}],"collection":[{"href":"https:\/\/semmelweis.hu\/neuromorfologia\/wp-json\/wp\/v2\/pages"}],"about":[{"href":"https:\/\/semmelweis.hu\/neuromorfologia\/wp-json\/wp\/v2\/types\/page"}],"author":[{"embeddable":true,"href":"https:\/\/semmelweis.hu\/neuromorfologia\/wp-json\/wp\/v2\/users\/12"}],"replies":[{"embeddable":true,"href":"https:\/\/semmelweis.hu\/neuromorfologia\/wp-json\/wp\/v2\/comments?post=284"}],"version-history":[{"count":4,"href":"https:\/\/semmelweis.hu\/neuromorfologia\/wp-json\/wp\/v2\/pages\/284\/revisions"}],"predecessor-version":[{"id":676,"href":"https:\/\/semmelweis.hu\/neuromorfologia\/wp-json\/wp\/v2\/pages\/284\/revisions\/676"}],"up":[{"embeddable":true,"href":"https:\/\/semmelweis.hu\/neuromorfologia\/wp-json\/wp\/v2\/pages\/279"}],"wp:attachment":[{"href":"https:\/\/semmelweis.hu\/neuromorfologia\/wp-json\/wp\/v2\/media?parent=284"}],"wp:term":[{"taxonomy":"category","embeddable":true,"href":"https:\/\/semmelweis.hu\/neuromorfologia\/wp-json\/wp\/v2\/categories?post=284"},{"taxonomy":"post_tag","embeddable":true,"href":"https:\/\/semmelweis.hu\/neuromorfologia\/wp-json\/wp\/v2\/tags?post=284"}],"curies":[{"name":"wp","href":"https:\/\/api.w.org\/{rel}","templated":true}]}}