{"id":282,"date":"2014-11-09T17:09:36","date_gmt":"2014-11-09T16:09:36","guid":{"rendered":"http:\/\/semmelweis.hu\/neuromorfologia\/phd_kurzus_pm\/"},"modified":"2025-09-19T13:11:23","modified_gmt":"2025-09-19T12:11:23","slug":"phd_kurzus_pm","status":"publish","type":"page","link":"https:\/\/semmelweis.hu\/neuromorfologia\/oktatas\/phd_kurzus_pm\/","title":{"rendered":"Neuropeptidek szerepe az idegrendszer m\u0171k\u00f6d\u00e9s\u00e9ben (PhD kurzus)"},"content":{"rendered":"<p align=\"center\">\u00a0<\/p>\n<p align=\"center\"><span style=\"font-family: Century Gothic;font-size: large\">Dobolyi \u00c1rp\u00e1d \u00e9s Palkovits Mikl\u00f3s<\/span><\/p>\n<p style=\"margin-top: 60px\" align=\"center\"><b>2012-2013 \/ I. f\u00e9l\u00e9v (\u0151szi kurzus)<\/b><br \/>\n\u00a0<\/p>\n<div align=\"center\">\n<table id=\"table1\" border=\"0\" width=\"90%\" cellspacing=\"6\">\n<tbody>\n<tr>\n<td align=\"right\" width=\"40\">1.<\/td>\n<td><a href=\"\/neuromorfologia\/files\/2014\/11\/Neurokemia_2012_Dobolyi.pps\">A neuropeptidek neurok\u00e9mi\u00e1ja<\/a><\/td>\n<td width=\"160\">Dobolyi \u00c1rp\u00e1d<\/td>\n<\/tr>\n<tr>\n<td align=\"right\" width=\"40\">2.<\/td>\n<td><a href=\"\/neuromorfologia\/files\/2014\/11\/Pain_neuropeptides_2012_Palkovits.pps\">Neuropeptidek a f\u00e1jdalmi inger\u00fclet \u00e1tvitel\u00e9ben \u00e9s feldolgoz\u00e1s\u00e1ban<\/a><\/td>\n<td width=\"160\">Palkovits Mikl\u00f3s<\/td>\n<\/tr>\n<tr>\n<td align=\"right\" width=\"40\">3.<\/td>\n<td><a href=\"\/neuromorfologia\/files\/2014\/11\/Metodikak_2012_Dobolyi.pps\">A neuropeptidek vizsg\u00e1l\u00f3 m\u00f3dszerei<\/a><\/td>\n<td width=\"160\">Dobolyi \u00c1rp\u00e1d<\/td>\n<\/tr>\n<tr>\n<td align=\"right\" width=\"40\">4.<\/td>\n<td><a href=\"\/neuromorfologia\/files\/2014\/11\/CRH_%20neuropeptides_2012_Kovacs.pps\">Neuropeptidek a stresszreakci\u00f3ban \u00e9s az emocion\u00e1lis viselked\u00e9sben<\/a><\/td>\n<td width=\"160\">Kov\u00e1cs Krisztina<\/td>\n<\/tr>\n<tr>\n<td align=\"right\" width=\"40\">5.<\/td>\n<td><a href=\"\/neuromorfologia\/files\/2014\/11\/Food_intake_neuropeptides_2012_Palkovits.pps\">T\u00e1pl\u00e1l\u00e9k \u00e9s folyad\u00e9kszab\u00e1lyoz\u00e1sban r\u00e9sztvev\u0151 neuropeptidek<\/a><\/td>\n<td width=\"160\">Palkovits Mikl\u00f3s<\/td>\n<\/tr>\n<tr>\n<td align=\"right\" width=\"40\">6.<\/td>\n<td><a href=\"\/neuromorfologia\/files\/2014\/11\/Phd_2012_Hrabovszky.pps\">Reprodukci\u00f3s szab\u00e1lyoz\u00e1sokban r\u00e9sztvev\u0151 neuropeptidek<\/a><\/td>\n<td width=\"160\">Hrabovszky Erik<\/td>\n<\/tr>\n<tr>\n<td align=\"right\" width=\"40\">7.<\/td>\n<td><a href=\"\/neuromorfologia\/files\/2014\/11\/Peptidanat_2012_Szirmai.pps\">Neuropeptidek szerepe neurol\u00f3giai betegs\u00e9gekben<\/a><\/td>\n<td width=\"160\">Szirmai Imre\u2020<\/td>\n<\/tr>\n<\/tbody>\n<\/table>\n<\/div>\n<p align=\"center\">\u00a0<\/p>\n<p>&nbsp;<\/p>\n","protected":false},"excerpt":{"rendered":"<p>\u00a0<br \/>\nDobolyi \u00c1rp\u00e1d \u00e9s Palkovits Mikl\u00f3s<br \/>\n2012-2013 \/ I. f\u00e9l\u00e9v (\u0151szi kurzus)<br \/>\n\u00a0<\/p>\n<p>1.<br \/>\n<a href=\"\/neuromorfologia\/files\/2014\/11\/Neurokemia_2012_Dobolyi.pps\">A neuropeptidek neurok\u00e9mi\u00e1ja<\/a><br \/>\nDobolyi \u00c1rp\u00e1d<\/p>\n<p>2.<br \/>\n<a href=\"\/neuromorfologia\/files\/2014\/11\/Pain_neuropeptides_2012_Palkovits.pps\">Neuropeptidek a f\u00e1jdalmi inger\u00fclet \u00e1tvitel\u00e9ben \u00e9s feldolgoz\u00e1s\u00e1ban<\/a><br \/>\nPalkovits Mikl\u00f3s<\/p>\n<p>3.<br \/>\n<a href=\"\/neuromorfologia\/files\/2014\/11\/Metodikak_2012_Dobolyi.pps\">A neuropeptidek vizsg\u00e1l\u00f3 m\u00f3dszerei<\/a><br \/>\nDobolyi \u00c1rp\u00e1d<\/p>\n<p>4.<br \/>\n<a href=\"\/neuromorfologia\/files\/2014\/11\/CRH_%20neuropeptides_2012_Kovacs.pps\">Neuropeptidek a stresszreakci\u00f3ban \u00e9s az emocion\u00e1lis viselked\u00e9sben<\/a><br \/>\nKov\u00e1cs Krisztina<\/p>\n<p>5.<br \/>\n<a href=\"\/neuromorfologia\/files\/2014\/11\/Food_intake_neuropeptides_2012_Palkovits.pps\">T\u00e1pl\u00e1l\u00e9k \u00e9s folyad\u00e9kszab\u00e1lyoz\u00e1sban r\u00e9sztvev\u0151 neuropeptidek<\/a><br \/>\nPalkovits Mikl\u00f3s<\/p>\n<p>6.<br \/>\n<a href=\"\/neuromorfologia\/files\/2014\/11\/Phd_2012_Hrabovszky.pps\">Reprodukci\u00f3s szab\u00e1lyoz\u00e1sokban r\u00e9sztvev\u0151 neuropeptidek<\/a><br \/>\nHrabovszky Erik<\/p>\n<p>7.<br \/>\n<a href=\"\/neuromorfologia\/files\/2014\/11\/Peptidanat_2012_Szirmai.pps\">Neuropeptidek szerepe neurol\u00f3giai betegs\u00e9gekben<\/a><br \/>\nSzirmai Imre\u2020<\/p>\n<p>\u00a0<br \/>\n&nbsp;<\/p>\n","protected":false},"author":12,"featured_media":0,"parent":279,"menu_order":3,"comment_status":"closed","ping_status":"closed","template":"template-fullwidth.php","meta":{"_acf_changed":false,"footnotes":""},"categories":[],"tags":[],"class_list":["post-282","page","type-page","status-publish","hentry"],"acf":[],"_links":{"self":[{"href":"https:\/\/semmelweis.hu\/neuromorfologia\/wp-json\/wp\/v2\/pages\/282","targetHints":{"allow":["GET"]}}],"collection":[{"href":"https:\/\/semmelweis.hu\/neuromorfologia\/wp-json\/wp\/v2\/pages"}],"about":[{"href":"https:\/\/semmelweis.hu\/neuromorfologia\/wp-json\/wp\/v2\/types\/page"}],"author":[{"embeddable":true,"href":"https:\/\/semmelweis.hu\/neuromorfologia\/wp-json\/wp\/v2\/users\/12"}],"replies":[{"embeddable":true,"href":"https:\/\/semmelweis.hu\/neuromorfologia\/wp-json\/wp\/v2\/comments?post=282"}],"version-history":[{"count":4,"href":"https:\/\/semmelweis.hu\/neuromorfologia\/wp-json\/wp\/v2\/pages\/282\/revisions"}],"predecessor-version":[{"id":585,"href":"https:\/\/semmelweis.hu\/neuromorfologia\/wp-json\/wp\/v2\/pages\/282\/revisions\/585"}],"up":[{"embeddable":true,"href":"https:\/\/semmelweis.hu\/neuromorfologia\/wp-json\/wp\/v2\/pages\/279"}],"wp:attachment":[{"href":"https:\/\/semmelweis.hu\/neuromorfologia\/wp-json\/wp\/v2\/media?parent=282"}],"wp:term":[{"taxonomy":"category","embeddable":true,"href":"https:\/\/semmelweis.hu\/neuromorfologia\/wp-json\/wp\/v2\/categories?post=282"},{"taxonomy":"post_tag","embeddable":true,"href":"https:\/\/semmelweis.hu\/neuromorfologia\/wp-json\/wp\/v2\/tags?post=282"}],"curies":[{"name":"wp","href":"https:\/\/api.w.org\/{rel}","templated":true}]}}