{"id":272,"date":"2014-11-09T17:09:35","date_gmt":"2014-11-09T16:09:35","guid":{"rendered":"http:\/\/semmelweis.hu\/neuromorfologia\/palkovits_miklos_cv\/"},"modified":"2025-09-19T13:07:19","modified_gmt":"2025-09-19T12:07:19","slug":"palkovits_miklos_cv","status":"publish","type":"page","link":"https:\/\/semmelweis.hu\/neuromorfologia\/munkatarsak\/palkovits_miklos_cv\/","title":{"rendered":"Dr. Palkovits Mikl\u00f3s"},"content":{"rendered":"<p><a href=\"https:\/\/m2.mtmt.hu\/gui2\/?type=authors&amp;mode=browse&amp;sel=10000458\">Dr. Palkovits Mikl\u00f3s publik\u00e1ci\u00f3inak list\u00e1ja az MTMT adatb\u00e1zis\u00e1ban<\/a><\/p>\n<p><span style=\"font-family: georgia, palatino;font-size: 12pt;color: #000000\"><b>Tanulm\u00e1nyok \u00e9s tudom\u00e1nyos fokozatok:<\/b><\/span><\/p>\n<table id=\"table3\" style=\"width: 111.133%\" border=\"0\" width=\"100%\" cellspacing=\"0\">\n<tbody>\n<tr>\n<td style=\"width: 18.3938%\" width=\"110\" height=\"30\"><span style=\"font-family: georgia, palatino;font-size: 12pt;color: #000000\">1995-<\/span><\/td>\n<td style=\"width: 97.8462%\" height=\"30\"><span style=\"color: #000000;font-family: georgia, palatino;font-size: 12pt\">MTA rendes tagja<\/span><\/td>\n<\/tr>\n<tr>\n<td style=\"width: 18.3938%\" width=\"110\" height=\"30\"><span style=\"font-family: georgia, palatino;font-size: 12pt;color: #000000\">1992-<\/span><\/td>\n<td style=\"width: 97.8462%\" height=\"30\"><span style=\"color: #000000;font-family: georgia, palatino;font-size: 12pt\">Academia Europaea tagja<\/span><\/td>\n<\/tr>\n<tr>\n<td style=\"width: 18.3938%\" width=\"110\" height=\"30\"><span style=\"font-family: georgia, palatino;font-size: 12pt;color: #000000\">1990-<\/span><\/td>\n<td style=\"width: 97.8462%\" height=\"30\"><span style=\"color: #000000;font-family: georgia, palatino;font-size: 12pt\">MTA levelez\u0151 tagja<\/span><\/td>\n<\/tr>\n<tr>\n<td style=\"width: 18.3938%\" width=\"110\" height=\"30\"><span style=\"font-family: georgia, palatino;font-size: 12pt;color: #000000\">1972:<\/span><\/td>\n<td style=\"width: 97.8462%\" height=\"30\"><span style=\"font-family: georgia, palatino;font-size: 12pt;color: #000000\">DSc elm\u00e9leti orvostudom\u00e1nyok, MTA<\/span><\/td>\n<\/tr>\n<tr>\n<td style=\"width: 18.3938%\" width=\"110\" height=\"30\"><span style=\"font-family: georgia, palatino;font-size: 12pt;color: #000000\">1966:<\/span><\/td>\n<td style=\"width: 97.8462%\" height=\"30\"><span style=\"color: #000000;font-family: georgia, palatino;font-size: 12pt\">PhD, doktori \u00e9rtekez\u00e9s c\u00edme: A k\u00f6zponti idegrendszer szerepe az aldosteron termel\u00e9s szab\u00e1lyoz\u00e1s\u00e1ban<\/span><\/td>\n<\/tr>\n<tr>\n<td style=\"width: 18.3938%\" width=\"110\" height=\"30\"><span style=\"font-family: georgia, palatino;font-size: 12pt;color: #000000\">1952-1958:<\/span><\/td>\n<td style=\"width: 97.8462%\" height=\"30\"><span style=\"color: #000000;font-family: georgia, palatino;font-size: 12pt\">Semmelweis Orvostudom\u00e1nyi Egyetem, \u00c1ltal\u00e1nos Orvosi Kar<\/span><\/td>\n<\/tr>\n<\/tbody>\n<\/table>\n<p>&nbsp;<\/p>\n<p><span style=\"font-family: georgia, palatino;font-size: 12pt;color: #000000\"><b>Munkahelyi el\u0151menetel:<\/b><\/span><\/p>\n<table id=\"table4\" style=\"width: 110.781%\" border=\"0\" width=\"100%\" cellspacing=\"0\">\n<tbody>\n<tr>\n<td style=\"width: 19.3251%\" width=\"110\" height=\"30\"><span style=\"font-family: georgia, palatino;font-size: 12pt;color: #000000\">2014-<\/span><\/td>\n<td style=\"width: 91.1436%\" height=\"30\"><span style=\"font-family: georgia, palatino;font-size: 12pt;color: #000000\">Hum\u00e1n Agysz\u00f6vet Bank \u00e9s Laborat\u00f3rium, Semmelweis Egyetem,\u00a0kutat\u00f3 professzor<\/span><\/td>\n<\/tr>\n<tr>\n<td style=\"width: 19.3251%\" width=\"110\" height=\"30\"><span style=\"font-family: georgia, palatino;font-size: 12pt;color: #000000\">1996-2013:<\/span><\/td>\n<td style=\"width: 91.1436%\" height=\"30\"><span style=\"font-family: georgia, palatino;font-size: 12pt;color: #000000\">MTA T\u00e1mogatott Kutat\u00f3helyek Irod\u00e1ja, kutat\u00f3 professzor<\/span><\/td>\n<\/tr>\n<tr>\n<td style=\"width: 19.3251%\" width=\"110\" height=\"30\"><span style=\"font-family: georgia, palatino;font-size: 12pt;color: #000000\">1980-1985:<\/span><\/td>\n<td style=\"width: 91.1436%\" height=\"30\"><span style=\"font-family: georgia, palatino;font-size: 12pt;color: #000000\">MTA K\u00eds\u00e9rleti Orvostudom\u00e1nyi Kutat\u00f3int\u00e9zet, tudom\u00e1nyos tan\u00e1csad\u00f3<\/span><\/td>\n<\/tr>\n<tr>\n<td style=\"width: 19.3251%\" width=\"110\" height=\"30\"><span style=\"font-family: georgia, palatino;font-size: 12pt;color: #000000\">1980-1983:<\/span><\/td>\n<td style=\"width: 91.1436%\" height=\"30\"><span style=\"color: #000000;font-family: georgia, palatino;font-size: 12pt\">Semmelweis Egyetem, Anat\u00f3miai Int\u00e9zet, egyetemi tan\u00e1r<\/span><\/td>\n<\/tr>\n<tr>\n<td style=\"width: 19.3251%\" width=\"110\" height=\"30\"><span style=\"font-family: georgia, palatino;font-size: 12pt;color: #000000\">1972-1980:<\/span><\/td>\n<td style=\"width: 91.1436%\" height=\"30\"><span style=\"color: #000000;font-family: georgia, palatino;font-size: 12pt\">Semmelweis Egyetem, Anat\u00f3miai Int\u00e9zet, egyetemi docens<\/span><\/td>\n<\/tr>\n<tr>\n<td style=\"width: 19.3251%\" width=\"110\" height=\"30\"><span style=\"font-family: georgia, palatino;font-size: 12pt;color: #000000\">1963-1980:<\/span><\/td>\n<td style=\"width: 91.1436%\" height=\"30\"><span style=\"font-family: georgia, palatino;font-size: 12pt;color: #000000\">MTA K\u00eds\u00e9rleti Orvostudom\u00e1nyi Kutat\u00f3int\u00e9zet, tudom\u00e1nyos kutat\u00f3<\/span><\/td>\n<\/tr>\n<tr>\n<td style=\"width: 19.3251%\" width=\"110\" height=\"30\"><span style=\"font-family: georgia, palatino;font-size: 12pt;color: #000000\">1960-1972:<\/span><\/td>\n<td style=\"width: 91.1436%\" height=\"30\"><span style=\"color: #000000;font-family: georgia, palatino;font-size: 12pt\">Semmelweis Egyetem, Anat\u00f3miai Int\u00e9zet, egyetemi adjunktus<\/span><\/td>\n<\/tr>\n<tr>\n<td style=\"width: 19.3251%\" width=\"110\" height=\"30\"><span style=\"font-family: georgia, palatino;font-size: 12pt;color: #000000\">1958-1960:<\/span><\/td>\n<td style=\"width: 91.1436%\" height=\"30\"><span style=\"font-family: georgia, palatino;font-size: 12pt;color: #000000\">Semmelweis Egyetem, Anat\u00f3miai Int\u00e9zet, egyetemi tan\u00e1rseg\u00e9d<\/span><\/td>\n<\/tr>\n<\/tbody>\n<\/table>\n<p>&nbsp;<\/p>\n<p><span style=\"font-family: georgia, palatino;font-size: 12pt;color: #000000\"><b>Vend\u00e9gprofesszor:<\/b><\/span><\/p>\n<table id=\"table9\" style=\"width: 110.156%\" border=\"0\" width=\"100%\" cellspacing=\"0\">\n<tbody>\n<tr>\n<td style=\"width: 19.4454%\" width=\"150\" height=\"24\"><span style=\"font-family: georgia, palatino;font-size: 12pt;color: #000000\">2002:<\/span><\/td>\n<td style=\"width: 90.3983%\" height=\"24\"><span style=\"color: #000000;font-family: georgia, palatino;font-size: 12pt\">University of Endocrinology, Bratislava, Szlov\u00e1kia<\/span><\/td>\n<\/tr>\n<tr>\n<td style=\"width: 19.4454%\" width=\"150\" height=\"24\"><span style=\"font-family: georgia, palatino;font-size: 12pt;color: #000000\">1996:<\/span><\/td>\n<td style=\"width: 90.3983%\" height=\"24\"><span style=\"color: #000000;font-family: georgia, palatino;font-size: 12pt\">Hans Selye Visiting Professor, University of California, Irvine, CA, USA<\/span><\/td>\n<\/tr>\n<tr>\n<td style=\"width: 19.4454%\" width=\"150\" height=\"24\"><span style=\"font-family: georgia, palatino;font-size: 12pt;color: #000000\">1982:<\/span><\/td>\n<td style=\"width: 90.3983%\" height=\"24\"><span style=\"color: #000000;font-family: georgia, palatino;font-size: 12pt\">Mario Negri Institute for Pharmacology, Milano, Olaszorsz\u00e1g<\/span><\/td>\n<\/tr>\n<tr>\n<td style=\"width: 19.4454%\" width=\"150\" height=\"24\"><span style=\"font-family: georgia, palatino;font-size: 12pt;color: #000000\">1978:<\/span><\/td>\n<td style=\"width: 90.3983%\" height=\"24\"><span style=\"color: #000000;font-family: georgia, palatino;font-size: 12pt\">Universidad de Caracas, Caracas, Venezuela<\/span><\/td>\n<\/tr>\n<tr>\n<td style=\"width: 19.4454%\" width=\"150\" height=\"24\"><span style=\"font-family: georgia, palatino;font-size: 12pt;color: #000000\">1977:<\/span><\/td>\n<td style=\"width: 90.3983%\" height=\"24\"><span style=\"color: #000000;font-family: georgia, palatino;font-size: 12pt\">Salk Institute, University of California at San Diego, CA, USA<\/span><\/td>\n<\/tr>\n<tr>\n<td style=\"width: 19.4454%\" width=\"150\" height=\"24\"><span style=\"font-family: georgia, palatino;font-size: 12pt;color: #000000\">1969-1971, 1974:<\/span><\/td>\n<td style=\"width: 90.3983%\" height=\"24\"><span style=\"color: #000000;font-family: georgia, palatino;font-size: 12pt\">Rudolf Magnus Institute, Utrecht, Hollandia<\/span><\/td>\n<\/tr>\n<\/tbody>\n<\/table>\n<p><span style=\"font-family: georgia, palatino;font-size: 12pt;color: #000000\"><b>Vend\u00e9gtud\u00f3s:<\/b><\/span><\/p>\n<table id=\"table8\" style=\"width: 109.844%\" border=\"0\" width=\"100%\" cellspacing=\"0\">\n<tbody>\n<tr>\n<td style=\"width: 18.8465%\" width=\"150\" height=\"24\"><span style=\"font-family: georgia, palatino;font-size: 12pt;color: #000000\">1997-2006:<\/span><\/td>\n<td style=\"width: 90.6848%\" height=\"24\"><span style=\"color: #000000;font-family: georgia, palatino;font-size: 12pt\">Laboratory of Genetics, NIMH, Bethesda, MD, USA<\/span><\/td>\n<\/tr>\n<tr>\n<td style=\"width: 18.8465%\" width=\"150\" height=\"24\"><span style=\"font-family: georgia, palatino;font-size: 12pt;color: #000000\">1980-1997:<\/span><\/td>\n<td style=\"width: 90.6848%\" height=\"24\"><span style=\"color: #000000;font-family: georgia, palatino;font-size: 12pt\">Laboratory of Cell Biology, NIMH, bethesda, MD, USA<\/span><\/td>\n<\/tr>\n<tr>\n<td style=\"width: 18.8465%\" width=\"150\" height=\"24\"><span style=\"font-family: georgia, palatino;font-size: 12pt;color: #000000\">1972-1973, 1975:<\/span><\/td>\n<td style=\"width: 90.6848%\" height=\"24\"><span style=\"color: #000000;font-family: georgia, palatino;font-size: 12pt\">Laboratory of Clinical Sciences, NIMH, Bethesda, MD, USA<\/span><\/td>\n<\/tr>\n<tr>\n<td style=\"width: 18.8465%\" width=\"150\" height=\"24\"><span style=\"font-family: georgia, palatino;font-size: 12pt;color: #000000\">1968-1969:<\/span><\/td>\n<td style=\"width: 90.6848%\" height=\"24\"><span style=\"color: #000000;font-family: georgia, palatino;font-size: 12pt\">Rudolf Magnus Institute for Pharmacology, University of Utrecht, Hollandia<\/span><\/td>\n<\/tr>\n<\/tbody>\n<\/table>\n<p>&nbsp;<\/p>\n<p><span style=\"font-family: georgia, palatino;font-size: 12pt;color: #000000\"><span style=\"font-weight: bold\">Szakmai \u00e9rdekl\u0151d\u00e9si ter\u00fclete<\/span><b><span style=\"font-weight: bold\">:<\/span><\/b><\/span><\/p>\n<ul>\n<li><span style=\"font-family: georgia, palatino;font-size: 12pt;color: #000000\">neuroanat\u00f3mia (agyp\u00e1ly\u00e1k, k\u00e9miai neuroanat\u00f3mia)<\/span><\/li>\n<li><span style=\"font-family: georgia, palatino;font-size: 12pt;color: #000000\">neuroendokrinol\u00f3gia (stressz, neuropeptidek, neurotranszmitterek)<\/span><\/li>\n<li><span style=\"font-family: georgia, palatino;font-size: 12pt;color: #000000\">k\u00f6zponti auton\u00f3m szab\u00e1lyoz\u00f3 mechanizmusok (f\u00e1jdalom, termoregul\u00e1ci\u00f3)<\/span><\/li>\n<\/ul>\n<p><span style=\"font-family: georgia, palatino;font-size: 12pt;color: #000000\"> <span style=\"font-weight: bold\">Kiemelt szakter\u00fclete<\/span><b><span style=\"font-weight: bold\">:<\/span><\/b><\/span><\/p>\n<p><span style=\"font-family: georgia, palatino;font-size: 12pt;color: #000000\"> \u201ePunch\u201d technika<\/span><\/p>\n<p>&nbsp;<\/p>\n<p><span style=\"font-family: georgia, palatino;font-size: 12pt;color: #000000\"><b>Publik\u00e1ci\u00f3s aktivit\u00e1s:<\/b><\/span><\/p>\n<table id=\"table1\" border=\"0\" width=\"100%\" cellspacing=\"0\">\n<tbody>\n<tr>\n<td width=\"210\" height=\"24\"><span style=\"font-family: georgia, palatino;font-size: 12pt;color: #000000\">K\u00f6nyvek:<\/span><\/td>\n<td height=\"24\"><span style=\"color: #000000;font-family: georgia, palatino;font-size: 12pt\">9<\/span><\/td>\n<\/tr>\n<tr>\n<td width=\"210\" height=\"24\"><span style=\"font-family: georgia, palatino;font-size: 12pt;color: #000000\">K\u00f6nyvfejezetek:<\/span><\/td>\n<td height=\"24\"><span style=\"font-family: georgia, palatino;font-size: 12pt;color: #000000\">61<\/span><\/td>\n<\/tr>\n<tr>\n<td width=\"210\" height=\"24\"><span style=\"font-family: georgia, palatino;font-size: 12pt;color: #000000\">K\u00f6zlem\u00e9nyek:<\/span><\/td>\n<td height=\"24\"><span style=\"font-family: georgia, palatino;font-size: 12pt;color: #000000\">782<\/span><\/td>\n<\/tr>\n<tr>\n<td width=\"210\" height=\"24\"><span style=\"font-family: georgia, palatino;font-size: 12pt;color: #000000\"> Kongresszusi kiadv\u00e1nyok:<\/span><\/td>\n<td height=\"24\"><span style=\"font-family: georgia, palatino;font-size: 12pt;color: #000000\">93<\/span><\/td>\n<\/tr>\n<tr>\n<td width=\"210\" height=\"24\"><span style=\"font-size: 12pt;font-family: georgia, palatino;color: #000000\"> Kongresszusi \u00f6sszefoglal\u00f3k:<\/span><\/td>\n<td height=\"24\"><span style=\"font-family: georgia, palatino;font-size: 12pt;color: #000000\">731<\/span><\/td>\n<\/tr>\n<tr>\n<td width=\"210\" height=\"24\"><span style=\"font-size: 12pt;font-family: georgia, palatino;color: #000000\"> \u00c1ltala szerkesztett k\u00f6nyvek:<\/span><\/td>\n<td height=\"24\"><span style=\"font-family: georgia, palatino;font-size: 12pt;color: #000000\">3<\/span><\/td>\n<\/tr>\n<\/tbody>\n<\/table>\n<p><span style=\"font-family: georgia, palatino;font-size: 12pt;color: #000000\"><b>Szcientometriai adatok:<\/b><\/span><\/p>\n<table id=\"table2\" border=\"0\" width=\"100%\" cellspacing=\"0\">\n<tbody>\n<tr>\n<td width=\"210\" height=\"24\"><span style=\"font-family: georgia, palatino;font-size: 12pt;color: #000000\">Kumulat\u00edv impakt faktor:<\/span><\/td>\n<td height=\"24\"><span style=\"font-family: georgia, palatino;font-size: 12pt;color: #000000\">2284.164<\/span><\/td>\n<\/tr>\n<tr>\n<td width=\"210\" height=\"24\"><span style=\"font-family: georgia, palatino;font-size: 12pt;color: #000000\">\u00d6ssz id\u00e9zetts\u00e9g:<\/span><\/td>\n<td height=\"24\"><span style=\"font-family: georgia, palatino;font-size: 12pt;color: #000000\">52 400<\/span><\/td>\n<\/tr>\n<tr>\n<td width=\"210\" height=\"24\"><span style=\"font-family: georgia, palatino;font-size: 12pt;color: #000000\">Hirsch index:<\/span><\/td>\n<td height=\"24\"><span style=\"font-family: georgia, palatino;font-size: 12pt;color: #000000\">111<\/span><\/td>\n<\/tr>\n<tr>\n<td><span style=\"font-family: georgia, palatino;font-size: 12pt;color: #000000\">g index:<\/span><\/td>\n<td><span style=\"font-family: georgia, palatino;font-size: 12pt;color: #000000\">191<\/span><\/td>\n<\/tr>\n<\/tbody>\n<\/table>\n<p>&nbsp;<\/p>\n<p><span style=\"font-family: georgia, palatino;font-size: 12pt;color: #000000\"><b>Kongresszusi szervez\u0151munk\u00e1ss\u00e1ga: <\/b><\/span><\/p>\n<p><span style=\"color: #000000;font-family: georgia, palatino;font-size: 12pt\"> 2006: International IBRO Workshop, Budapest<\/span><\/p>\n<p><span style=\"color: #000000;font-family: georgia, palatino;font-size: 12pt\"> 2003: Az agy \u00e9vtizede<\/span><\/p>\n<p><span style=\"color: #000000;font-family: georgia, palatino;font-size: 12pt\"> 1998: 4th International\u00a0 Congress of WHMA, Budapest<\/span><\/p>\n<p><span style=\"color: #000000;font-family: georgia, palatino;font-size: 12pt\"> 1994: 2nd International Congress of WHMA, Budapest<\/span><\/p>\n<p><span style=\"color: #000000;font-family: georgia, palatino;font-size: 12pt\"> 1989: 2nd International IBRO Congress, Budapest<\/span><\/p>\n<p><span style=\"color: #000000;font-family: georgia, palatino;font-size: 12pt\"> 1980: XXVIII. International Congress of Physiological Sciences, Budapest <\/span><\/p>\n<p><span style=\"color: #000000;font-family: georgia, palatino;font-size: 12pt\"> 1973: III. Magyar Anat\u00f3mus Kongresszus, Budapest <\/span><\/p>\n<p>&nbsp;<\/p>\n<p><span style=\"font-family: georgia, palatino;font-size: 12pt;color: #000000\"><b>D\u00edjak, elismer\u00e9sek:<\/b><\/span><\/p>\n<p><span style=\"font-family: georgia, palatino;font-size: 12pt;color: #000000\"> 2021: Akad\u00e9miai Arany\u00e9rem<\/span><\/p>\n<p><span style=\"font-family: georgia, palatino;font-size: 12pt;color: #000000\"> 2015: Magyar K\u00f6zt\u00e1rsas\u00e1g K\u00f6z\u00e9pkeresztje a Csillaggal<\/span><\/p>\n<p><span style=\"font-family: georgia, palatino;font-size: 12pt;color: #000000\"> 2014: Magyar Neurol\u00f3gus T\u00e1rsas\u00e1g K\u00f6rnyey d\u00edja<\/span><\/p>\n<p><span style=\"font-family: georgia, palatino;font-size: 12pt;color: #000000\"> 2013: Magyar \u00d6r\u00f6ks\u00e9g d\u00edj<\/span><\/p>\n<p><span style=\"font-family: georgia, palatino;font-size: 12pt;color: #000000\"> 2012: Prima Primissima d\u00edj<\/span><\/p>\n<p><span style=\"font-family: georgia, palatino;font-size: 12pt;color: #000000\"> 2010: Budapest-K\u0151b\u00e1nya d\u00edszpolg\u00e1ra<\/span><\/p>\n<p><span style=\"font-family: georgia, palatino;font-size: 12pt;color: #000000\"> 2006: Szil\u00e1rd Le\u00f3 d\u00edj<\/span><\/p>\n<p><span style=\"font-family: georgia, palatino;font-size: 12pt;color: #000000\"> 2003: Magyar K\u00f6zt\u00e1rsas\u00e1g Tisztikeresztje<\/span><\/p>\n<p><span style=\"font-family: georgia, palatino;font-size: 12pt;color: #000000\"> 2001: Hemingway-Szab\u00f3 Gy\u00f6rgy d\u00edj<\/span><\/p>\n<p><span style=\"font-family: georgia, palatino;font-size: 12pt;color: #000000\"> 1998: Hans Selye Memorial Lecture<\/span><\/p>\n<p><span style=\"font-family: georgia, palatino;font-size: 12pt;color: #000000\"> 1998: Harris Memorial Lecture<\/span><\/p>\n<p><span style=\"font-family: georgia, palatino;font-size: 12pt;color: #000000\"> 1997: Semmelweis d\u00edj \u00e9s Eml\u00e9k\u00e9rem<\/span><\/p>\n<p><span style=\"font-family: georgia, palatino;font-size: 12pt;color: #000000\"> 1995: Szent-Gy\u00f6rgyi Albert d\u00edj<\/span><\/p>\n<p><span style=\"font-family: georgia, palatino;font-size: 12pt;color: #000000\"> 1993: Rinecker Award and Gold Medal (W\u00fcrzburg)<\/span><\/p>\n<p><span style=\"font-family: georgia, palatino;font-size: 12pt;color: #000000\"> 1991: Sz\u00e9chenyi d\u00edj<\/span><\/p>\n<p><span style=\"font-family: georgia, palatino;font-size: 12pt;color: #000000\"> 1976: Akad\u00e9miai d\u00edj<\/span><\/p>\n<p><span style=\"font-family: georgia, palatino;font-size: 12pt;color: #000000\"> 1978, 1997,\u00a02014: Nobel-d\u00edjra jel\u00f6lt\u00e9k<\/span><\/p>\n<p>&nbsp;<\/p>\n<p><span style=\"font-family: georgia, palatino;font-size: 12pt;color: #000000\"><b>Szerkeszt\u0151bizotts\u00e1gi tags\u00e1g:<\/b><\/span><\/p>\n<ul>\n<li><span style=\"font-family: georgia, palatino;font-size: 12pt;color: #000000\"> Stress<\/span><\/li>\n<li><span style=\"font-family: georgia, palatino;font-size: 12pt;color: #000000\"> Acta Physiologica Hungarica<\/span><\/li>\n<li><span style=\"font-family: georgia, palatino;font-size: 12pt;color: #000000\"> Clinical Neuroscience \/ Idegtudom\u00e1nyi Szemle<\/span><\/li>\n<li><span style=\"font-family: georgia, palatino;font-size: 12pt;color: #000000\"> Central European Journal of Biology<\/span><\/li>\n<li><span style=\"font-family: georgia, palatino;font-size: 12pt;color: #000000\"> Progress in Neurobiology<\/span><\/li>\n<li><span style=\"font-family: georgia, palatino;font-size: 12pt;color: #000000\"> Orvosi Hetilap <\/span><\/li>\n<li><span style=\"font-family: georgia, palatino;font-size: 12pt;color: #000000\"> Neuropsychopharmacologica Hungarica<\/span><\/li>\n<li><span style=\"font-family: georgia, palatino;font-size: 12pt;color: #000000\">Endocrine Regulations<\/span><\/li>\n<\/ul>\n<p><span style=\"font-family: georgia, palatino;font-size: 12pt;color: #000000\"><b>\u00a0<\/b><\/span><\/p>\n<p><span style=\"font-family: georgia, palatino;font-size: 12pt;color: #000000\"><b>T\u00e1rsas\u00e1gi tags\u00e1g:<\/b><\/span><\/p>\n<ul>\n<li><span style=\"font-family: georgia, palatino;font-size: 12pt;color: #000000\">International Brain Research Organization (IBRO)<\/span><\/li>\n<li><span style=\"font-family: georgia, palatino;font-size: 12pt;color: #000000\">Federation of European Neuroscience Societies<\/span><\/li>\n<li><span style=\"font-family: georgia, palatino;font-size: 12pt;color: #000000\">Magyar Anat\u00f3musok T\u00e1rsas\u00e1ga (1972-1978: f\u0151titk\u00e1r)<\/span><\/li>\n<li><span style=\"font-family: georgia, palatino;font-size: 12pt;color: #000000\">International Society for Neuroendocrinology<\/span><\/li>\n<li><span style=\"font-family: georgia, palatino;font-size: 12pt;color: #000000\">Anatomische Gesellschaft<\/span><\/li>\n<li><span style=\"font-family: georgia, palatino;font-size: 12pt;color: #000000\">Magyar Endokrinol\u00f3gusok T\u00e1rsas\u00e1ga<\/span><\/li>\n<li><span style=\"font-family: georgia, palatino;font-size: 12pt;color: #000000\">Magyar Idegtudom\u00e1nyi T\u00e1rsas\u00e1g\u00a0 (eln\u00f6k: 1997-2000)<\/span><\/li>\n<li><span style=\"font-family: georgia, palatino;font-size: 12pt;color: #000000\">Magyar Pszichoneurofarmakol\u00f3gusok T\u00e1rsas\u00e1ga<\/span><\/li>\n<li><span style=\"font-family: georgia, palatino;font-size: 12pt;color: #000000\">International Society for the Investigation of Stress<\/span><\/li>\n<li><span style=\"font-family: georgia, palatino;font-size: 12pt;color: #000000\">Magyar F\u00e1jdalom T\u00e1rsas\u00e1g<\/span><\/li>\n<\/ul>\n<p>&nbsp;<\/p>\n<p><span style=\"font-family: georgia, palatino;font-size: 12pt;color: #000000\"><b>Oktat\u00e1si tev\u00e9kenys\u00e9g:<\/b><\/span><\/p>\n<ul>\n<li><span style=\"font-family: georgia, palatino;font-size: 12pt;color: #000000\">angol nyelv\u0171 el\u0151ad\u00e1sok k\u00fclf\u00f6ldi egyetemeken, kutat\u00f3helyeken<\/span><\/li>\n<li><span style=\"font-family: georgia, palatino;font-size: 12pt;color: #000000\">magyar \u00e9s angol nyelv\u0171 tantermi el\u0151ad\u00e1sok<\/span><\/li>\n<li><span style=\"font-family: georgia, palatino;font-size: 12pt;color: #000000\">PhD hallgat\u00f3k \u00e9s tudom\u00e1nyos di\u00e1kk\u00f6r\u00f6s\u00f6k oktat\u00e1sa<\/span><\/li>\n<li><span style=\"font-family: georgia, palatino;font-size: 12pt;color: #000000\">az Idegtudom\u00e1nyi Doktori Iskola alap\u00edt\u00f3ja (1992)<\/span><\/li>\n<li><span style=\"font-family: georgia, palatino;font-size: 12pt;color: #000000\">1992-2016 k\u00f6z\u00f6tt minden \u00e9vben tartott idegtudom\u00e1nyi PhD kurzust<\/span><\/li>\n<\/ul>\n<p>&nbsp;<\/p>\n<p><span style=\"font-family: georgia, palatino;font-size: 12pt;color: #000000\"><b>Posztgradu\u00e1lis k\u00e9pz\u00e9s:<\/b><\/span><\/p>\n<p><span style=\"font-family: georgia, palatino;font-size: 12pt;color: #000000\">1992-2016 k\u00f6z\u00f6tt a Semmelweis Egyetem Szent\u00e1gothai J\u00e1nos Idegtudom\u00e1nyi Doktori Iskol\u00e1j\u00e1ban akkredit\u00e1lt t\u00e9mavezet\u0151. Tan\u00edtv\u00e1nyai k\u00f6z\u00fcl 50 f\u0151 szerzett fokozatot.<\/span><\/p>\n<p>&nbsp;<\/p>\n<p><span style=\"font-family: georgia, palatino;font-size: 12pt;color: #000000\"><b>Nyelvismeret:<\/b><\/span><\/p>\n<ul>\n<li><span style=\"color: #000000;font-family: georgia, palatino;font-size: 12pt\">Angol: fels\u0151fok\u00fa C-t\u00edpus\u00fa \u00e1llami nyelvvizsga<\/span><\/li>\n<li><span style=\"color: #000000;font-family: georgia, palatino;font-size: 12pt\">N\u00e9met: k\u00f6z\u00e9pfok\u00fa C-t\u00edpus\u00fa \u00e1llami nyelvvizsga<\/span><\/li>\n<\/ul>\n<p>&nbsp;<\/p>\n","protected":false},"excerpt":{"rendered":"<p><a href=\"https:\/\/m2.mtmt.hu\/gui2\/?type=authors&amp;mode=browse&amp;sel=10000458\">Dr. Palkovits Mikl\u00f3s publik\u00e1ci\u00f3inak list\u00e1ja az MTMT adatb\u00e1zis\u00e1ban<\/a> Tanulm\u00e1nyok \u00e9s tudom\u00e1nyos fokozatok: 1995- MTA rendes tagja 1992- Academia Europaea tagja 1990- MTA levelez\u0151 tagja 1972: DSc elm\u00e9leti orvostudom\u00e1nyok, MTA 1966: PhD, doktori \u00e9rtekez\u00e9s c\u00edme: A k\u00f6zponti idegrendszer szerepe az aldosteron termel\u00e9s szab\u00e1lyoz\u00e1s\u00e1ban 1952-1958: Semmelweis Orvostudom\u00e1nyi Egyetem, \u00c1ltal\u00e1nos Orvosi Kar &nbsp; Munkahelyi el\u0151menetel: 2014- Hum\u00e1n Agysz\u00f6vet Bank \u00e9s Laborat\u00f3rium, Semmelweis Egyetem,\u00a0kutat\u00f3 professzor 1996-2013: MTA &hellip;<\/p>\n","protected":false},"author":12,"featured_media":0,"parent":260,"menu_order":2,"comment_status":"closed","ping_status":"closed","template":"template-fullwidth.php","meta":{"_acf_changed":false,"footnotes":""},"categories":[],"tags":[],"class_list":["post-272","page","type-page","status-publish","hentry"],"acf":[],"_links":{"self":[{"href":"https:\/\/semmelweis.hu\/neuromorfologia\/wp-json\/wp\/v2\/pages\/272","targetHints":{"allow":["GET"]}}],"collection":[{"href":"https:\/\/semmelweis.hu\/neuromorfologia\/wp-json\/wp\/v2\/pages"}],"about":[{"href":"https:\/\/semmelweis.hu\/neuromorfologia\/wp-json\/wp\/v2\/types\/page"}],"author":[{"embeddable":true,"href":"https:\/\/semmelweis.hu\/neuromorfologia\/wp-json\/wp\/v2\/users\/12"}],"replies":[{"embeddable":true,"href":"https:\/\/semmelweis.hu\/neuromorfologia\/wp-json\/wp\/v2\/comments?post=272"}],"version-history":[{"count":10,"href":"https:\/\/semmelweis.hu\/neuromorfologia\/wp-json\/wp\/v2\/pages\/272\/revisions"}],"predecessor-version":[{"id":803,"href":"https:\/\/semmelweis.hu\/neuromorfologia\/wp-json\/wp\/v2\/pages\/272\/revisions\/803"}],"up":[{"embeddable":true,"href":"https:\/\/semmelweis.hu\/neuromorfologia\/wp-json\/wp\/v2\/pages\/260"}],"wp:attachment":[{"href":"https:\/\/semmelweis.hu\/neuromorfologia\/wp-json\/wp\/v2\/media?parent=272"}],"wp:term":[{"taxonomy":"category","embeddable":true,"href":"https:\/\/semmelweis.hu\/neuromorfologia\/wp-json\/wp\/v2\/categories?post=272"},{"taxonomy":"post_tag","embeddable":true,"href":"https:\/\/semmelweis.hu\/neuromorfologia\/wp-json\/wp\/v2\/tags?post=272"}],"curies":[{"name":"wp","href":"https:\/\/api.w.org\/{rel}","templated":true}]}}