{"id":260,"date":"2014-11-09T17:09:33","date_gmt":"2014-11-09T16:09:33","guid":{"rendered":"http:\/\/semmelweis.hu\/neuromorfologia\/munkatarsak\/"},"modified":"2025-09-19T13:05:50","modified_gmt":"2025-09-19T12:05:50","slug":"munkatarsak","status":"publish","type":"page","link":"https:\/\/semmelweis.hu\/neuromorfologia\/munkatarsak\/","title":{"rendered":"Munkat\u00e1rsak"},"content":{"rendered":"<h4><strong>Laborvezet\u0151: <\/strong><\/h4>\n<p><a href=\"https:\/\/semmelweis.hu\/neuromorfologia\/munkatarsak\/dobolyi_arpad_cv\/\">Dr. Dobolyi \u00c1rp\u00e1d<\/a><br \/>\ntudom\u00e1nyos tan\u00e1csad\u00f3<br \/>\ndobolyi.arpad@semmelweis.hu<br \/>\n+36-1-215-6920\/53634 <span style=\"color: #ff0000\"><strong>&#8211; \u00c1tmenetileg nem m\u0171k\u00f6dik!<\/strong><\/span><\/p>\n<p>&nbsp;<\/p>\n<h4><strong>Tudom\u00e1nyos tan\u00e1csad\u00f3:<\/strong><\/h4>\n<p><a href=\"https:\/\/semmelweis.hu\/neuromorfologia\/munkatarsak\/palkovits_miklos_cv\/\">Dr. Palkovits Mikl\u00f3s<\/a><br \/>\nkutat\u00f3 professzor, professor emeritus <br \/>\npalkovits.miklos@semmelweis.hu<br \/>\n+36-1-216-0488 <span style=\"color: #ff0000\"><strong>&#8211; \u00c1tmenetileg nem m\u0171k\u00f6dik!<\/strong><\/span><\/p>\n<h4><strong>Kutat\u00f3k:<\/strong><\/h4>\n<ul style=\"list-style-type: square\">\n<li>Barna J\u00e1nos<br \/>\ntudom\u00e1nyos munkat\u00e1rs<br \/>\nbarna.janos@semmelweis.hu<\/li>\n<li>D\u00f3ra Fanni<br \/>\ntudom\u00e1nyos munkat\u00e1rs<br \/>\ndora.fanni@semmelweis.hu\u00a0<\/li>\n<li>L\u00e1ng Tam\u00e1s<br \/>\n\u00f6szt\u00f6nd\u00edjas MD-PhD hallgat\u00f3<br \/>\nlang.tamas@phd.semmelweis.hu<\/li>\n<li>Hajdu Tamara<br \/>\n\u00f6szt\u00f6nd\u00edjas PhD hallgat\u00f3<br \/>\nhajdu.tamara@phd.semmelweis.hu<\/p>\n<\/li>\n<\/ul>\n<h4><strong>Asszisztens:<\/strong><\/h4>\n<ul style=\"list-style-type: square\">\n<li>Han\u00e1k Nikolett<br \/>\nkutat\u00e1si munkat\u00e1rs<br \/>\nhanak.nikolett@semmelweis.hu<\/li>\n<\/ul>\n","protected":false},"excerpt":{"rendered":"<p>Laborvezet\u0151:<br \/>\n<a href=\"https:\/\/semmelweis.hu\/neuromorfologia\/munkatarsak\/dobolyi_arpad_cv\/\">Dr. Dobolyi \u00c1rp\u00e1d<\/a><br \/>\ntudom\u00e1nyos tan\u00e1csad\u00f3<br \/>\ndobolyi.arpad@semmelweis.hu<br \/>\n+36-1-215-6920\/53634 &#8211; \u00c1tmenetileg nem m\u0171k\u00f6dik!<br \/>\n&nbsp;<br \/>\nTudom\u00e1nyos tan\u00e1csad\u00f3:<br \/>\n<a href=\"https:\/\/semmelweis.hu\/neuromorfologia\/munkatarsak\/palkovits_miklos_cv\/\">Dr. Palkovits Mikl\u00f3s<\/a><br \/>\nkutat\u00f3 professzor, professor emeritus<br \/>\npalkovits.miklos@semmelweis.hu<br \/>\n+36-1-216-0488 &#8211; \u00c1tmenetileg nem m\u0171k\u00f6dik!<br \/>\nKutat\u00f3k:<\/p>\n<p>Barna J\u00e1nos<br \/>\ntudom\u00e1nyos munkat\u00e1rs<br \/>\nbarna.janos@semmelweis.hu<br \/>\nD\u00f3ra Fanni<br \/>\ntudom\u00e1nyos munkat\u00e1rs<br \/>\ndora.fanni@semmelweis.hu\u00a0<br \/>\nL\u00e1ng Tam\u00e1s<br \/>\n\u00f6szt\u00f6nd\u00edjas MD-PhD hallgat\u00f3<br \/>\nlang.tamas@phd.semmelweis.hu<br \/>\nHajdu Tamara<br \/>\n\u00f6szt\u00f6nd\u00edjas PhD hallgat\u00f3<br \/>\nhajdu.tamara@phd.semmelweis.hu<\/p>\n<p>Asszisztens:<\/p>\n<p>Han\u00e1k Nikolett<br \/>\nkutat\u00e1si munkat\u00e1rs<br \/>\nhanak.nikolett@semmelweis.hu<\/p>\n","protected":false},"author":12,"featured_media":0,"parent":0,"menu_order":6,"comment_status":"closed","ping_status":"closed","template":"template-fullwidth.php","meta":{"_acf_changed":false,"footnotes":""},"categories":[],"tags":[],"class_list":["post-260","page","type-page","status-publish","hentry"],"acf":[],"_links":{"self":[{"href":"https:\/\/semmelweis.hu\/neuromorfologia\/wp-json\/wp\/v2\/pages\/260","targetHints":{"allow":["GET"]}}],"collection":[{"href":"https:\/\/semmelweis.hu\/neuromorfologia\/wp-json\/wp\/v2\/pages"}],"about":[{"href":"https:\/\/semmelweis.hu\/neuromorfologia\/wp-json\/wp\/v2\/types\/page"}],"author":[{"embeddable":true,"href":"https:\/\/semmelweis.hu\/neuromorfologia\/wp-json\/wp\/v2\/users\/12"}],"replies":[{"embeddable":true,"href":"https:\/\/semmelweis.hu\/neuromorfologia\/wp-json\/wp\/v2\/comments?post=260"}],"version-history":[{"count":11,"href":"https:\/\/semmelweis.hu\/neuromorfologia\/wp-json\/wp\/v2\/pages\/260\/revisions"}],"predecessor-version":[{"id":792,"href":"https:\/\/semmelweis.hu\/neuromorfologia\/wp-json\/wp\/v2\/pages\/260\/revisions\/792"}],"wp:attachment":[{"href":"https:\/\/semmelweis.hu\/neuromorfologia\/wp-json\/wp\/v2\/media?parent=260"}],"wp:term":[{"taxonomy":"category","embeddable":true,"href":"https:\/\/semmelweis.hu\/neuromorfologia\/wp-json\/wp\/v2\/categories?post=260"},{"taxonomy":"post_tag","embeddable":true,"href":"https:\/\/semmelweis.hu\/neuromorfologia\/wp-json\/wp\/v2\/tags?post=260"}],"curies":[{"name":"wp","href":"https:\/\/api.w.org\/{rel}","templated":true}]}}