{"id":259,"date":"2014-11-09T17:09:33","date_gmt":"2014-11-09T16:09:33","guid":{"rendered":"http:\/\/semmelweis.hu\/neuromorfologia\/linkek\/"},"modified":"2025-09-19T13:05:26","modified_gmt":"2025-09-19T12:05:26","slug":"linkek","status":"publish","type":"page","link":"https:\/\/semmelweis.hu\/neuromorfologia\/linkek\/","title":{"rendered":"Linkek"},"content":{"rendered":"<ul style=\"list-style-type: square\">\n<li>\n<p>Semmelweis Egyetem Anat\u00f3miai, Sz\u00f6vet- \u00e9s Fejl\u0151d\u00e9stani Int\u00e9zet<br \/>\n<a href=\"https:\/\/semmelweis.hu\/anatomia\/\">https:\/\/semmelweis.hu\/anatomia\/<\/a><\/p>\n<\/li>\n<li>\n<p>Magyar Tudom\u00e1nyos Akad\u00e9mia<br \/>\n<a href=\"http:\/\/www.mta.hu\/\">https:\/\/mta.hu<\/a><\/p>\n<\/li>\n<li>\n<p>Hum\u00e1n Agysz\u00f6vet Bank<br \/>\n<a href=\"https:\/\/semmelweis.hu\/hbtb\">https:\/\/semmelweis.hu\/hbtb<\/a>\/<\/p>\n<\/li>\n<li>\n<p>Magyar Tudom\u00e1nyos M\u0171vek T\u00e1ra<br \/>\n<a href=\"https:\/\/www.mtmt.hu\/\">https:\/\/www.mtmt.hu\/<\/a><\/p>\n<\/li>\n<li>\n<p>Orsz\u00e1gos Tudom\u00e1nyos Kutat\u00e1si Alapprogramok (OTKA)<br \/>\n<a href=\"https:\/\/nkfih.gov.hu\/palyazoknak\/archivum\/otka\">https:\/\/nkfih.gov.hu\/palyazoknak\/archivum\/otka<\/a><br \/>\n<a href=\"https:\/\/www.otka-palyazat.hu\/\">https:\/\/www.otka-palyazat.hu\/<\/a><\/p>\n<\/li>\n<li>\n<p>Orsz\u00e1gos Doktori Tan\u00e1cs<br \/>\n<a href=\"http:\/\/www.doktori.hu\/\">https:\/\/doktori.hu<\/a><\/p>\n<\/li>\n<li>\n<p>Semmelweis Egyetem Doktori Iskola<br \/>\n<a href=\"https:\/\/semmelweis.hu\/phd\/\" target=\"_blank\" rel=\"noopener\">https:\/\/semmelweis.hu\/phd\/<\/a><\/p>\n<\/li>\n<li>\n<p>Semmelweis Egyetem K\u00f6zponti K\u00f6nyvt\u00e1r<br \/>\n<a href=\"https:\/\/lib.semmelweis.hu\/\">lib.semmelweis.hu\/<\/a><\/p>\n<\/li>\n<li>\n<p>National Library of Medicine<br \/>\n<a href=\"http:\/\/www.nlm.nih.gov\/\">http:\/\/www.nlm.nih.gov<\/a><\/p>\n<\/li>\n<\/ul>\n","protected":false},"excerpt":{"rendered":"<p>Semmelweis Egyetem Anat\u00f3miai, Sz\u00f6vet- \u00e9s Fejl\u0151d\u00e9stani Int\u00e9zet<br \/>\n<a href=\"https:\/\/semmelweis.hu\/anatomia\/\">https:\/\/semmelweis.hu\/anatomia\/<\/a><\/p>\n<p>Magyar Tudom\u00e1nyos Akad\u00e9mia<br \/>\n<a href=\"http:\/\/www.mta.hu\/\">https:\/\/mta.hu<\/a><\/p>\n<p>Hum\u00e1n Agysz\u00f6vet Bank<br \/>\n<a href=\"https:\/\/semmelweis.hu\/hbtb\">https:\/\/semmelweis.hu\/hbtb<\/a>\/<\/p>\n<p>Magyar Tudom\u00e1nyos M\u0171vek T\u00e1ra<br \/>\n<a href=\"https:\/\/www.mtmt.hu\/\">https:\/\/www.mtmt.hu\/<\/a><\/p>\n<p>Orsz\u00e1gos Tudom\u00e1nyos Kutat\u00e1si Alapprogramok (OTKA)<br \/>\n<a href=\"https:\/\/nkfih.gov.hu\/palyazoknak\/archivum\/otka\">https:\/\/nkfih.gov.hu\/palyazoknak\/archivum\/otka<\/a><br \/>\n<a href=\"https:\/\/www.otka-palyazat.hu\/\">https:\/\/www.otka-palyazat.hu\/<\/a><\/p>\n<p>Orsz\u00e1gos Doktori Tan\u00e1cs<br \/>\n<a href=\"http:\/\/www.doktori.hu\/\">https:\/\/doktori.hu<\/a><\/p>\n<p>Semmelweis Egyetem Doktori Iskola<br \/>\n<a href=\"https:\/\/semmelweis.hu\/phd\/\" target=\"_blank\" rel=\"noopener\">https:\/\/semmelweis.hu\/phd\/<\/a><\/p>\n<p>Semmelweis Egyetem K\u00f6zponti K\u00f6nyvt\u00e1r<br \/>\n<a href=\"https:\/\/lib.semmelweis.hu\/\">lib.semmelweis.hu\/<\/a><\/p>\n<p>National Library of Medicine<br \/>\n<a href=\"http:\/\/www.nlm.nih.gov\/\">http:\/\/www.nlm.nih.gov<\/a><\/p>\n","protected":false},"author":12,"featured_media":0,"parent":0,"menu_order":5,"comment_status":"closed","ping_status":"closed","template":"template-fullwidth.php","meta":{"_acf_changed":false,"footnotes":""},"categories":[],"tags":[],"class_list":["post-259","page","type-page","status-publish","hentry"],"acf":[],"_links":{"self":[{"href":"https:\/\/semmelweis.hu\/neuromorfologia\/wp-json\/wp\/v2\/pages\/259","targetHints":{"allow":["GET"]}}],"collection":[{"href":"https:\/\/semmelweis.hu\/neuromorfologia\/wp-json\/wp\/v2\/pages"}],"about":[{"href":"https:\/\/semmelweis.hu\/neuromorfologia\/wp-json\/wp\/v2\/types\/page"}],"author":[{"embeddable":true,"href":"https:\/\/semmelweis.hu\/neuromorfologia\/wp-json\/wp\/v2\/users\/12"}],"replies":[{"embeddable":true,"href":"https:\/\/semmelweis.hu\/neuromorfologia\/wp-json\/wp\/v2\/comments?post=259"}],"version-history":[{"count":10,"href":"https:\/\/semmelweis.hu\/neuromorfologia\/wp-json\/wp\/v2\/pages\/259\/revisions"}],"predecessor-version":[{"id":715,"href":"https:\/\/semmelweis.hu\/neuromorfologia\/wp-json\/wp\/v2\/pages\/259\/revisions\/715"}],"wp:attachment":[{"href":"https:\/\/semmelweis.hu\/neuromorfologia\/wp-json\/wp\/v2\/media?parent=259"}],"wp:term":[{"taxonomy":"category","embeddable":true,"href":"https:\/\/semmelweis.hu\/neuromorfologia\/wp-json\/wp\/v2\/categories?post=259"},{"taxonomy":"post_tag","embeddable":true,"href":"https:\/\/semmelweis.hu\/neuromorfologia\/wp-json\/wp\/v2\/tags?post=259"}],"curies":[{"name":"wp","href":"https:\/\/api.w.org\/{rel}","templated":true}]}}