{"id":257,"date":"2014-11-09T17:09:33","date_gmt":"2014-11-09T16:09:33","guid":{"rendered":"http:\/\/semmelweis.hu\/neuromorfologia\/kutatokepzes\/"},"modified":"2025-09-19T13:10:26","modified_gmt":"2025-09-19T12:10:26","slug":"kutatokepzes","status":"publish","type":"page","link":"https:\/\/semmelweis.hu\/neuromorfologia\/oktatas\/kutatokepzes\/","title":{"rendered":"Kutat\u00f3k\u00e9pz\u00e9s"},"content":{"rendered":"<p align=\"center\">\u00a0<\/p>\n<table class=\"MsoNormalTable\" border=\"0\" cellpadding=\"0\">\n<tbody>\n<tr style=\"height: 15pt\">\n<td style=\"padding: 0cm;width: 200px;height: 42px;font-family: Century Gothic;font-weight: bold;text-align: left\" valign=\"top\">\n<p>N\u00e9v<\/p>\n<\/td>\n<td style=\"padding: 0cm;width: 140px;height: 42px;font-family: Century Gothic;font-weight: bold;text-align: center\" valign=\"top\">\n<p>V\u00e9d\u00e9s \u00e9ve<\/p>\n<\/td>\n<\/tr>\n<tr>\n<td style=\"padding: 0cm;width: 200px\">\n<p><a href=\"https:\/\/doktori.hu\/index.php?menuid=193&amp;lang=HU&amp;vid=27776\">D\u00f3ra Fanni<\/a><\/p>\n<\/td>\n<td style=\"padding: 0cm;width: 140px;text-align: center\">\n<p>2024<\/p>\n<\/td>\n<\/tr>\n<tr>\n<td style=\"padding: 0cm;width: 200px\">\n<p><a href=\"https:\/\/doktori.hu\/index.php?menuid=193&amp;lang=HU&amp;vid=26258\">Keller D\u00e1vid<\/a><\/p>\n<\/td>\n<td style=\"padding: 0cm;width: 140px;text-align: center\">\n<p>2023<\/p>\n<\/td>\n<\/tr>\n<tr>\n<td style=\"padding: 0cm;width: 200px\">\n<p><a href=\"https:\/\/doktori.hu\/index.php?menuid=193&amp;lang=HU&amp;vid=19100\">L\u00e9k\u00f3 Andr\u00e1s<\/a><\/p>\n<\/td>\n<td style=\"padding: 0cm;width: 140px;text-align: center\">\n<p>2018<\/p>\n<\/td>\n<\/tr>\n<tr>\n<td style=\"padding: 0cm;width: 200px\">\n<p><a href=\"https:\/\/doktori.hu\/index.php?menuid=193&amp;lang=HU&amp;vid=16576\">Szab\u00f3 \u00c9va Rebeka<\/a><\/p>\n<\/td>\n<td style=\"padding: 0cm;width: 140px;text-align: center\">\n<p>2017<\/p>\n<\/td>\n<\/tr>\n<tr>\n<td style=\"padding: 0cm;width: 200px\">\n<p><a href=\"https:\/\/doktori.hu\/index.php?menuid=193&amp;lang=HU&amp;vid=16484\">P\u00e1l Gabriella<\/a><\/p>\n<\/td>\n<td style=\"padding: 0cm;width: 140px;text-align: center\">\n<p>2017<\/p>\n<\/td>\n<\/tr>\n<tr>\n<td style=\"padding: 0cm;width: 200px\">\n<p><a href=\"https:\/\/doktori.hu\/index.php?menuid=193&amp;lang=HU&amp;vid=14786\">Vincze Csilla<\/a><\/p>\n<\/td>\n<td style=\"padding: 0cm;width: 140px;text-align: center\">\n<p>2015<\/p>\n<\/td>\n<\/tr>\n<tr>\n<td style=\"padding: 0cm;width: 200px\">\n<p><a href=\"https:\/\/doktori.hu\/index.php?menuid=193&amp;lang=HU&amp;vid=14275\">Papp Rege Sug\u00e1rka<\/a><\/p>\n<\/td>\n<td style=\"padding: 0cm;width: 140px;text-align: center\">\n<p>2015<\/p>\n<\/td>\n<\/tr>\n<tr>\n<td style=\"padding: 0cm;width: 200px\">\n<p><a href=\"https:\/\/doktori.hu\/index.php?menuid=193&amp;lang=HU&amp;vid=12780\">Renner \u00c9va<\/a><\/p>\n<\/td>\n<td style=\"padding: 0cm;width: 140px;text-align: center\">\n<p>2014<\/p>\n<\/td>\n<\/tr>\n<tr>\n<td style=\"padding: 0cm;width: 200px\">\n<p><a href=\"https:\/\/doktori.hu\/index.php?menuid=193&amp;lang=HU&amp;vid=12000\">Cserven\u00e1k Melinda<\/a><\/p>\n<\/td>\n<td style=\"padding: 0cm;width: 140px;text-align: center\">\n<p>2013<\/p>\n<\/td>\n<\/tr>\n<tr>\n<td style=\"padding: 0cm;width: 200px\">\n<p><a href=\"https:\/\/doktori.hu\/index.php?menuid=193&amp;lang=HU&amp;vid=9992\">Bag\u00f3 Attila Gy\u00f6rgy<\/a><\/p>\n<\/td>\n<td style=\"padding: 0cm;width: 140px;text-align: center\">\n<p>2012<\/p>\n<\/td>\n<\/tr>\n<tr>\n<td style=\"padding: 0cm;width: 200px;height: 18px\">\n<p>Kirilly Eszter<\/p>\n<\/td>\n<td style=\"padding: 0cm;width: 140px;height: 18px;text-align: center\">\n<p>2009<\/p>\n<\/td>\n<\/tr>\n<tr>\n<td style=\"padding: 0cm;width: 200px;height: 15pt\">\n<p><a href=\"https:\/\/doktori.hu\/index.php?menuid=193&amp;lang=HU&amp;vid=3648\">Moln\u00e1r T\u00fcnde<\/a><\/p>\n<\/td>\n<td style=\"padding: 0cm;width: 140px;height: 15pt;text-align: center\">\n<p>2009<\/p>\n<\/td>\n<\/tr>\n<tr>\n<td style=\"padding: 0cm;width: 200px;height: 15pt\">\n<p><a href=\"https:\/\/doktori.hu\/index.php?menuid=193&amp;lang=HU&amp;vid=2890\">Reichart Anik\u00f3<\/a><\/p>\n<\/td>\n<td style=\"padding: 0cm;width: 140px;height: 15pt;text-align: center\">\n<p>2009<\/p>\n<\/td>\n<\/tr>\n<tr style=\"height: 15pt\">\n<td style=\"padding: 0cm;width: 200px;height: 15pt\">\n<p>Bratincs\u00e1k Andr\u00e1s<\/p>\n<\/td>\n<td style=\"padding: 0cm;width: 140px;height: 15pt;text-align: center\">\n<p>2007<\/p>\n<\/td>\n<\/tr>\n<tr style=\"height: 15pt\">\n<td style=\"padding: 0cm;width: 200px;height: 15pt\">\n<p>Shahar, Tal<\/p>\n<\/td>\n<td style=\"padding: 0cm;width: 140px;height: 15pt;text-align: center\">\n<p>2005<\/p>\n<\/td>\n<\/tr>\n<tr style=\"height: 15pt\">\n<td style=\"padding: 0cm;width: 200px;height: 15pt\">\n<p>Helfferich Frigyes<\/p>\n<\/td>\n<td style=\"padding: 0cm;width: 140px;height: 15pt;text-align: center\">\n<p>2004<\/p>\n<\/td>\n<\/tr>\n<tr style=\"height: 15pt\">\n<td style=\"padding: 0cm;width: 200px;height: 15pt\">\n<p>Horv\u00e1th Mikl\u00f3s<\/p>\n<\/td>\n<td style=\"padding: 0cm;width: 140px;height: 15pt;text-align: center\">\n<p>2003<\/p>\n<\/td>\n<\/tr>\n<tr style=\"height: 15pt\">\n<td style=\"padding: 0cm;width: 200px;height: 15pt\">\n<p>Baffi Judit<\/p>\n<\/td>\n<td style=\"padding: 0cm;width: 140px;height: 15pt;text-align: center\">\n<p>2002<\/p>\n<\/td>\n<\/tr>\n<tr style=\"height: 15pt\">\n<td style=\"padding: 0cm;width: 200px;height: 15pt\">\n<p>Lovas G\u00e1bor<\/p>\n<\/td>\n<td style=\"padding: 0cm;width: 140px;height: 15pt;text-align: center\">\n<p>2002<\/p>\n<\/td>\n<\/tr>\n<tr style=\"height: 15pt\">\n<td style=\"padding: 0cm;width: 200px;height: 15pt\">\n<p>Mravec, Boris<\/p>\n<\/td>\n<td style=\"padding: 0cm;width: 140px;height: 15pt;text-align: center\">\n<p>2002<\/p>\n<\/td>\n<\/tr>\n<tr style=\"height: 15pt\">\n<td style=\"padding: 0cm;width: 200px;height: 15pt\">\n<p>Reaux, Annabelle<\/p>\n<\/td>\n<td style=\"padding: 0cm;width: 140px;height: 15pt;text-align: center\">\n<p>2001<\/p>\n<\/td>\n<\/tr>\n<tr style=\"height: 15pt\">\n<td style=\"padding: 0cm;width: 200px;height: 15pt\">\n<p>T\u00f3th Zsuzsanna<\/p>\n<\/td>\n<td style=\"padding: 0cm;width: 140px;height: 15pt;text-align: center\">\n<p>1999<\/p>\n<\/td>\n<\/tr>\n<tr style=\"height: 15pt\">\n<td style=\"padding: 0cm;width: 200px;height: 15pt\">\n<p>Hunyady B\u00e9la<\/p>\n<\/td>\n<td style=\"padding: 0cm;width: 140px;height: 15pt;text-align: center\">\n<p>1998<\/p>\n<\/td>\n<\/tr>\n<tr style=\"height: 15pt\">\n<td style=\"padding: 0cm;width: 200px;height: 15pt\">\n<p>Lenkei Zsolt<\/p>\n<\/td>\n<td style=\"padding: 0cm;width: 140px;height: 15pt;text-align: center\">\n<p>1998<\/p>\n<\/td>\n<\/tr>\n<tr style=\"height: 15pt\">\n<td style=\"padding: 0cm;width: 200px;height: 15pt\">\n<p>Kiss J\u00f3zsef Zolt\u00e1n<\/p>\n<\/td>\n<td style=\"padding: 0cm;width: 140px;height: 15pt;text-align: center\">\n<p>1997<\/p>\n<\/td>\n<\/tr>\n<tr style=\"height: 15pt\">\n<td style=\"padding: 0cm;width: 200px;height: 15pt\">\n<p>Kiss, Alexander<\/p>\n<\/td>\n<td style=\"padding: 0cm;width: 140px;height: 15pt;text-align: center\">\n<p>1995<\/p>\n<\/td>\n<\/tr>\n<tr style=\"height: 15pt\">\n<td style=\"padding: 0cm;width: 200px;height: 15pt\">\n<p>Geiger, Helmut<\/p>\n<\/td>\n<td style=\"padding: 0cm;width: 140px;height: 15pt;text-align: center\">\n<p>1994<\/p>\n<\/td>\n<\/tr>\n<tr style=\"height: 15pt\">\n<td style=\"padding: 0cm;width: 200px;height: 15pt\">\n<p>Pacak, Karel<\/p>\n<\/td>\n<td style=\"padding: 0cm;width: 140px;height: 15pt;text-align: center\">\n<p>1993<\/p>\n<\/td>\n<\/tr>\n<tr style=\"height: 15pt\">\n<td style=\"padding: 0cm;width: 200px;height: 15pt\">\n<p>\u2020Fodor Mariann<\/p>\n<\/td>\n<td style=\"padding: 0cm;width: 140px;height: 15pt;text-align: center\">\n<p>1993<\/p>\n<\/td>\n<\/tr>\n<tr style=\"height: 15pt\">\n<td style=\"padding: 0cm;width: 200px;height: 15pt\">\n<p>Bahner, Udo<\/p>\n<\/td>\n<td style=\"padding: 0cm;width: 140px;height: 15pt;text-align: center\">\n<p>1992<\/p>\n<\/td>\n<\/tr>\n<tr style=\"height: 15pt\">\n<td style=\"padding: 0cm;width: 200px;height: 15pt\">\n<p>Horv\u00e1th S\u00e1ndor<\/p>\n<\/td>\n<td style=\"padding: 0cm;width: 140px;height: 15pt;text-align: center\">\n<p>1989<\/p>\n<\/td>\n<\/tr>\n<tr style=\"height: 15pt\">\n<td style=\"padding: 0cm;width: 200px;height: 15pt\">\n<p>\u2020G\u00f6rcs Tam\u00e1s<\/p>\n<\/td>\n<td style=\"padding: 0cm;width: 140px;height: 15pt;text-align: center\">\n<p>1987<\/p>\n<\/td>\n<\/tr>\n<tr style=\"height: 15pt\">\n<td style=\"padding: 0cm;width: 200px;height: 15pt\">\n<p>L\u00e9r\u00e1nth Csaba<\/p>\n<\/td>\n<td style=\"padding: 0cm;width: 140px;height: 15pt;text-align: center\">\n<p>1985<\/p>\n<\/td>\n<\/tr>\n<tr style=\"height: 15pt\">\n<td style=\"padding: 0cm;width: 200px;height: 15pt\">\n<p>\u2020Schmid, Gerhard<\/p>\n<\/td>\n<td style=\"padding: 0cm;width: 140px;height: 15pt;text-align: center\">\n<p>1985<\/p>\n<\/td>\n<\/tr>\n<tr style=\"height: 15pt\">\n<td style=\"padding: 0cm;width: 200px;height: 15pt\">\n<p>\u2020Ambach Gy\u00f6rgy<\/p>\n<\/td>\n<td style=\"padding: 0cm;width: 140px;height: 15pt;text-align: center\">\n<p>1984<\/p>\n<\/td>\n<\/tr>\n<tr style=\"height: 15pt\">\n<td style=\"padding: 0cm;width: 200px;height: 15pt\">\n<p>Kanyicska B\u00e9la<\/p>\n<\/td>\n<td style=\"padding: 0cm;width: 140px;height: 15pt;text-align: center\">\n<p>1982<\/p>\n<\/td>\n<\/tr>\n<tr style=\"height: 15pt\">\n<td style=\"padding: 0cm;width: 200px;height: 15pt\">\n<p>Mezey \u00c9va<\/p>\n<\/td>\n<td style=\"padding: 0cm;width: 140px;height: 15pt;text-align: center\">\n<p>1982<\/p>\n<\/td>\n<\/tr>\n<tr style=\"height: 15pt\">\n<td style=\"padding: 0cm;width: 200px;height: 15pt\">\n<p>Z\u00e1borszky L\u00e1szl\u00f3<\/p>\n<\/td>\n<td style=\"padding: 0cm;width: 140px;height: 15pt;text-align: center\">\n<p>1981<\/p>\n<\/td>\n<\/tr>\n<tr style=\"height: 15pt\">\n<td style=\"padding: 0cm;width: 200px;height: 15pt\">\n<p>Hoang van Cuc<\/p>\n<\/td>\n<td style=\"padding: 0cm;width: 140px;height: 15pt;text-align: center\">\n<p>1978<\/p>\n<\/td>\n<\/tr>\n<tr style=\"height: 15pt\">\n<td style=\"padding: 0cm;width: 200px;height: 15pt\">\n<p>\u2020Magyar P\u00e1l<\/p>\n<\/td>\n<td style=\"padding: 0cm;width: 140px;height: 15pt;text-align: center\">\n<p>1975<\/p>\n<\/td>\n<\/tr>\n<\/tbody>\n<\/table>\n","protected":false},"excerpt":{"rendered":"<p>\u00a0 N\u00e9v V\u00e9d\u00e9s \u00e9ve <a href=\"https:\/\/doktori.hu\/index.php?menuid=193&amp;lang=HU&amp;vid=27776\">D\u00f3ra Fanni<\/a> 2024 <a href=\"https:\/\/doktori.hu\/index.php?menuid=193&amp;lang=HU&amp;vid=26258\">Keller D\u00e1vid<\/a> 2023 <a href=\"https:\/\/doktori.hu\/index.php?menuid=193&amp;lang=HU&amp;vid=19100\">L\u00e9k\u00f3 Andr\u00e1s<\/a> 2018 <a href=\"https:\/\/doktori.hu\/index.php?menuid=193&amp;lang=HU&amp;vid=16576\">Szab\u00f3 \u00c9va Rebeka<\/a> 2017 <a href=\"https:\/\/doktori.hu\/index.php?menuid=193&amp;lang=HU&amp;vid=16484\">P\u00e1l Gabriella<\/a> 2017 <a href=\"https:\/\/doktori.hu\/index.php?menuid=193&amp;lang=HU&amp;vid=14786\">Vincze Csilla<\/a> 2015 <a href=\"https:\/\/doktori.hu\/index.php?menuid=193&amp;lang=HU&amp;vid=14275\">Papp Rege Sug\u00e1rka<\/a> 2015 <a href=\"https:\/\/doktori.hu\/index.php?menuid=193&amp;lang=HU&amp;vid=12780\">Renner \u00c9va<\/a> 2014 <a href=\"https:\/\/doktori.hu\/index.php?menuid=193&amp;lang=HU&amp;vid=12000\">Cserven\u00e1k Melinda<\/a> 2013 <a href=\"https:\/\/doktori.hu\/index.php?menuid=193&amp;lang=HU&amp;vid=9992\">Bag\u00f3 Attila Gy\u00f6rgy<\/a> 2012 Kirilly Eszter 2009 <a href=\"https:\/\/doktori.hu\/index.php?menuid=193&amp;lang=HU&amp;vid=3648\">Moln\u00e1r T\u00fcnde<\/a> 2009 <a href=\"https:\/\/doktori.hu\/index.php?menuid=193&amp;lang=HU&amp;vid=2890\">Reichart Anik\u00f3<\/a> 2009 Bratincs\u00e1k Andr\u00e1s 2007 Shahar, Tal 2005 Helfferich Frigyes 2004 Horv\u00e1th Mikl\u00f3s 2003 Baffi Judit 2002 Lovas G\u00e1bor 2002 Mravec, Boris 2002 Reaux, Annabelle 2001 T\u00f3th Zsuzsanna 1999 Hunyady B\u00e9la 1998 Lenkei Zsolt 1998 Kiss J\u00f3zsef Zolt\u00e1n &hellip;<\/p>\n","protected":false},"author":12,"featured_media":0,"parent":279,"menu_order":2,"comment_status":"closed","ping_status":"closed","template":"template-fullwidth.php","meta":{"_acf_changed":false,"footnotes":""},"categories":[],"tags":[],"class_list":["post-257","page","type-page","status-publish","hentry"],"acf":[],"_links":{"self":[{"href":"https:\/\/semmelweis.hu\/neuromorfologia\/wp-json\/wp\/v2\/pages\/257","targetHints":{"allow":["GET"]}}],"collection":[{"href":"https:\/\/semmelweis.hu\/neuromorfologia\/wp-json\/wp\/v2\/pages"}],"about":[{"href":"https:\/\/semmelweis.hu\/neuromorfologia\/wp-json\/wp\/v2\/types\/page"}],"author":[{"embeddable":true,"href":"https:\/\/semmelweis.hu\/neuromorfologia\/wp-json\/wp\/v2\/users\/12"}],"replies":[{"embeddable":true,"href":"https:\/\/semmelweis.hu\/neuromorfologia\/wp-json\/wp\/v2\/comments?post=257"}],"version-history":[{"count":10,"href":"https:\/\/semmelweis.hu\/neuromorfologia\/wp-json\/wp\/v2\/pages\/257\/revisions"}],"predecessor-version":[{"id":717,"href":"https:\/\/semmelweis.hu\/neuromorfologia\/wp-json\/wp\/v2\/pages\/257\/revisions\/717"}],"up":[{"embeddable":true,"href":"https:\/\/semmelweis.hu\/neuromorfologia\/wp-json\/wp\/v2\/pages\/279"}],"wp:attachment":[{"href":"https:\/\/semmelweis.hu\/neuromorfologia\/wp-json\/wp\/v2\/media?parent=257"}],"wp:term":[{"taxonomy":"category","embeddable":true,"href":"https:\/\/semmelweis.hu\/neuromorfologia\/wp-json\/wp\/v2\/categories?post=257"},{"taxonomy":"post_tag","embeddable":true,"href":"https:\/\/semmelweis.hu\/neuromorfologia\/wp-json\/wp\/v2\/tags?post=257"}],"curies":[{"name":"wp","href":"https:\/\/api.w.org\/{rel}","templated":true}]}}