{"id":253,"date":"2014-11-09T17:09:33","date_gmt":"2014-11-09T16:09:33","guid":{"rendered":"http:\/\/semmelweis.hu\/neuromorfologia\/elerhetoseg\/"},"modified":"2026-01-12T15:23:43","modified_gmt":"2026-01-12T14:23:43","slug":"elerhetoseg","status":"publish","type":"page","link":"https:\/\/semmelweis.hu\/neuromorfologia\/elerhetoseg\/","title":{"rendered":"El\u00e9rhet\u0151s\u00e9g"},"content":{"rendered":"<p><span style=\"color: #ff0000\"><strong><span style=\"color: #000000\">Levelez\u00e9si c\u00edm: 1428 Budapest, Pf. 2.<\/span><\/strong><\/span><\/p>\n<p><span style=\"color: #000000\"><strong>C\u00edm:<\/strong><\/span><\/p>\n<p><span style=\"color: #000000\">1089 Budapest, Nagyv\u00e1rad t\u00e9r 4. (Orczy \u00fat 2-4.)<\/span><\/p>\n<p>Nagyv\u00e1rad t\u00e9ri Elm\u00e9leti T\u00f6mb, <span style=\"color: #000000\">9. emelet, 0919 ajt\u00f3<\/span><\/p>\n<p><span style=\"color: #000000\"><strong>Telefonsz\u00e1m: <\/strong>+36 1 459 1500, mell\u00e9k: 56214 (mobilsz\u00e1mk\u00e9nt h\u00edvhat\u00f3: +36 20 825 6214)<\/span><\/p>\n<p>&nbsp;<\/p>\n\n<!-- iframe plugin v.4.9 wordpress.org\/plugins\/iframe\/ -->\n<iframe src=\"https:\/\/www.google.com\/maps\/embed?pb=!1m18!1m12!1m3!1d2696.4403032697037!2d19.077569215626227!3d47.48133527917659!2m3!1f0!2f0!3f0!3m2!1i1024!2i768!4f13.1!3m3!1m2!1s0x4741dcfb082e8d79%3A0x994caa9d15e97d3!2zQnVkYXBlc3QsIFTFsXpvbHTDsyB1LiA1OCwgMTA5NA!5e0!3m2!1sen!2shu!4v1651841221704!5m2!1sen!2shu\" width=\"100%\" height=\"450\" style=\"border:0;\" allowfullscreen loading=\"lazy\" referrerpolicy=\"no-referrer-when-downgrade\" scrolling=\"yes\" class=\"iframe-class\" frameborder=\"0\"><\/iframe>\n\n","protected":false},"excerpt":{"rendered":"<p>Levelez\u00e9si c\u00edm: 1428 Budapest, Pf. 2.<br \/>\nC\u00edm:<br \/>\n1089 Budapest, Nagyv\u00e1rad t\u00e9r 4. (Orczy \u00fat 2-4.)<br \/>\nNagyv\u00e1rad t\u00e9ri Elm\u00e9leti T\u00f6mb, 9. emelet, 0919 ajt\u00f3<br \/>\nTelefonsz\u00e1m: +36 1 459 1500, mell\u00e9k: 56214 (mobilsz\u00e1mk\u00e9nt h\u00edvhat\u00f3: +36 20 825 6214)<br \/>\n&nbsp;<\/p>\n","protected":false},"author":12,"featured_media":0,"parent":0,"menu_order":1,"comment_status":"closed","ping_status":"closed","template":"template-fullwidth.php","meta":{"_acf_changed":false,"footnotes":""},"categories":[],"tags":[],"class_list":["post-253","page","type-page","status-publish","hentry"],"acf":[],"_links":{"self":[{"href":"https:\/\/semmelweis.hu\/neuromorfologia\/wp-json\/wp\/v2\/pages\/253","targetHints":{"allow":["GET"]}}],"collection":[{"href":"https:\/\/semmelweis.hu\/neuromorfologia\/wp-json\/wp\/v2\/pages"}],"about":[{"href":"https:\/\/semmelweis.hu\/neuromorfologia\/wp-json\/wp\/v2\/types\/page"}],"author":[{"embeddable":true,"href":"https:\/\/semmelweis.hu\/neuromorfologia\/wp-json\/wp\/v2\/users\/12"}],"replies":[{"embeddable":true,"href":"https:\/\/semmelweis.hu\/neuromorfologia\/wp-json\/wp\/v2\/comments?post=253"}],"version-history":[{"count":10,"href":"https:\/\/semmelweis.hu\/neuromorfologia\/wp-json\/wp\/v2\/pages\/253\/revisions"}],"predecessor-version":[{"id":811,"href":"https:\/\/semmelweis.hu\/neuromorfologia\/wp-json\/wp\/v2\/pages\/253\/revisions\/811"}],"wp:attachment":[{"href":"https:\/\/semmelweis.hu\/neuromorfologia\/wp-json\/wp\/v2\/media?parent=253"}],"wp:term":[{"taxonomy":"category","embeddable":true,"href":"https:\/\/semmelweis.hu\/neuromorfologia\/wp-json\/wp\/v2\/categories?post=253"},{"taxonomy":"post_tag","embeddable":true,"href":"https:\/\/semmelweis.hu\/neuromorfologia\/wp-json\/wp\/v2\/tags?post=253"}],"curies":[{"name":"wp","href":"https:\/\/api.w.org\/{rel}","templated":true}]}}