{"id":252,"date":"2014-11-09T17:09:33","date_gmt":"2014-11-09T16:09:33","guid":{"rendered":"http:\/\/semmelweis.hu\/neuromorfologia\/bemutatkozas\/"},"modified":"2025-09-19T12:37:52","modified_gmt":"2025-09-19T11:37:52","slug":"bemutatkozas","status":"publish","type":"page","link":"https:\/\/semmelweis.hu\/neuromorfologia\/","title":{"rendered":"Bemutatkoz\u00e1s"},"content":{"rendered":"<p style=\"text-align: justify\" align=\"center\"><div class=\"responsive-tabs\">\n<h2 class=\"tabtitle\">\u00c1ltal\u00e1nos<\/h2>\n<div class=\"tabcontent\">\n<\/p>\n<h1 style=\"text-align: left\" align=\"center\">Neuromorfol\u00f3giai Laborat\u00f3riumr\u00f3l<\/h1>\n<p style=\"text-align: justify\" align=\"center\"><span style=\"font-size: 1rem\">A Neuromorfol\u00f3giai Laborat\u00f3rium a Semmelweis Egyetem Anat\u00f3miai, Sz\u00f6vet- \u00e9s Fejl\u0151d\u00e9stani Int\u00e9zet\u00e9ben m\u0171k\u00f6dik.\u00a0 A Laborat\u00f3rium vezet\u0151je 2013-ig Dr. Palkovits Mikl\u00f3s, az MTA rendes tagja, 2013 \u00f3ta pedig Dr. Dobolyi \u00c1rp\u00e1d, az MTA Doktora.<\/span><\/p>\n<p style=\"text-align: justify\" align=\"center\">Az MTA-Semmelweis Egyetem Neuromorfol\u00f3giai \u00e9s Neuroendokrin Kutat\u00f3csoport k\u00e9t, kor\u00e1bban \u00f6n\u00e1ll\u00f3, MTA \u00e1ltal t\u00e1mogatott kutat\u00f3csoport (Neuromorfol\u00f3giai Kutat\u00f3csoport \u00e9s Neuroendokrin Kutat\u00f3csoport) egyes\u00fcl\u00e9s\u00e9b\u0151l j\u00f6tt l\u00e9tre 2007. janu\u00e1r 1-j\u00e9n. Az egyes\u00fclt kutat\u00f3csoport vezet\u0151je Dr. Gerendai Ida volt.<\/p>\n<p style=\"text-align: justify\"><strong>A \u00a0Neuromorfol\u00f3giai Laborat\u00f3rium jelenlegi, t\u00f6bb \u00e9ves kutat\u00e1si programja:<\/strong><\/p>\n<p style=\"text-align: justify\">A k\u00f6zponti idegrendszer szab\u00e1lyoz\u00f3 rendszereinek neuroanat\u00f3miai \u00e9s neurok\u00e9miai vizsg\u00e1lata. E t\u00e9mak\u00f6r\u00f6n bel\u00fcl a hipotalamusz, a limbikus kortik\u00e1lis \u00e1rea \u00e9s az auton\u00f3m k\u00f6zpontok k\u00f6z\u00f6tti p\u00e1ly\u00e1k vizsg\u00e1lata; az akut stresszhat\u00e1sok k\u00f6zponti idegrendszeri p\u00e1ly\u00e1inak elemz\u00e9se; t\u00f6bb &#8222;\u00fajonnan felfedezett&#8221;, a k\u00f6zponti idegrendszer neuronjai \u00e1ltal termelt hat\u00f3anyag felt\u00e9rk\u00e9pez\u00e9se az ember, a patk\u00e1ny \u00e9s az eg\u00e9r k\u00f6zponti idegrendszer\u00e9ben; az idegsejtek plaszticit\u00e1s\u00e1nak immunhisztok\u00e9miai \u00e9s molekul\u00e1ris biol\u00f3giai vizsg\u00e1lata; a reprodukci\u00f3, a t\u00e1pl\u00e1l\u00e9kfelv\u00e9tel k\u00f6zponti szab\u00e1lyoz\u00e1s\u00e1nak tanulm\u00e1nyoz\u00e1sa, valamint a szoci\u00e1lis viselked\u00e9s vizsg\u00e1lata.<\/p>\n<p style=\"text-align: justify\">Vizsg\u00e1latainkhoz korszer\u0171 kemogenetikai, transzkriptomikai, neuroanat\u00f3miai, neurok\u00e9miai, immunhisztok\u00e9miai \u00e9s molekul\u00e1ris biol\u00f3giai elj\u00e1r\u00e1sokat alkalmazunk.<\/p>\n\n<\/div><h2 class=\"tabtitle\">A Kutat\u00f3csoport<\/h2>\n<div class=\"tabcontent\">\n\n<p><a href=\"https:\/\/semmelweis.hu\/neuromorfologia\/files\/2014\/12\/kep-Dobolyi-211x300.jpg\"><img loading=\"lazy\" decoding=\"async\" class=\"alignright wp-image-390\" src=\"https:\/\/semmelweis.hu\/neuromorfologia\/files\/2014\/12\/kep-Dobolyi-211x300.jpg\" alt=\"Dr. Dobolyi \u00c1rp\u00e1d\" width=\"153\" height=\"217\" \/><\/a><\/p>\n<h4><strong>A kutat\u00f3csoport vezet\u0151je:<\/strong><\/h4>\n<p><strong>Dr. Dobolyi \u00c1rp\u00e1d<\/strong><br \/>\ntudom\u00e1nyos tan\u00e1csad\u00f3<br \/>\naz MTA doktora<\/p>\n<p class=\"entry-title\"><a href=\"https:\/\/semmelweis.hu\/neuromorfologia\/files\/2021\/10\/Dobolyi_CV_20211023.pdf\">Dobolyi \u00c1rp\u00e1d \u00f6n\u00e9letrajza<\/a>\u00a0(pdf)<\/p>\n<hr \/>\n<p><a href=\"https:\/\/semmelweis.hu\/neuromorfologia\/files\/2014\/11\/palkovits_miklos_0.jpg\"><img loading=\"lazy\" decoding=\"async\" class=\"alignright wp-image-390\" src=\"https:\/\/semmelweis.hu\/neuromorfologia\/files\/2014\/11\/palkovits_miklos_0.jpg\" alt=\"Dr. Palkovits Mikl\u00f3s\" width=\"148\" height=\"218\" \/><\/a><\/p>\n<h4><strong>Tudom\u00e1nyos tan\u00e1csad\u00f3:<\/strong><\/h4>\n<p><strong>Dr. Palkovits Mikl\u00f3s<\/strong><br \/>\nprofessor emeritus<br \/>\nkutat\u00f3 professzor<br \/>\naz MTA tagja<\/p>\n<p><a href=\"https:\/\/semmelweis.hu\/neuromorfologia\/munkatarsak\/palkovits_miklos_cv\/\">Dr. Palkovits Mikl\u00f3s \u00e9letrajza \u2192<\/a><\/p>\n<hr \/>\n<h4><strong>A kutat\u00f3csoport tagjai:<\/strong><\/h4>\n<ul>\n<li>Barna J\u00e1nos, PhD, egyetemi docens<\/li>\n<li>D\u00f3ra Fanni, PhD, tudom\u00e1nyos munkat\u00e1rs<\/li>\n<li>L\u00e1ng Tam\u00e1s, MD-PhD hallgat\u00f3<\/li>\n<li>Hajdu Tamara, PhD hallgat\u00f3<\/li>\n<li>Han\u00e1k Nikolett, kutat\u00e1si munkat\u00e1rs\n<\/li>\n<\/ul>\n<h4><strong>K\u00e9pek:<\/strong><\/h4>\n<ul>\n<li><a href=\"https:\/\/semmelweis.hu\/anatomia\/2024\/01\/20\/dora-fanni-ph-d-vedese\/\">D\u00f3ra Fanni PhD v\u00e9d\u00e9se<\/a><\/li>\n<li><a href=\"https:\/\/semmelweis.hu\/anatomia\/2023\/05\/07\/dr-keller-david-phd-vedese\/\">Keller D\u00e1vid PhD v\u00e9d\u00e9se<\/a><\/li>\n<li><a href=\"https:\/\/semmelweis.hu\/anatomia\/2016\/11\/24\/borsicsne-szabo-eva-rebeka-phd-vedese\/\">Szab\u00f3 \u00c9va Rebeka PhD v\u00e9d\u00e9se<\/a><\/li>\n<li><a href=\"https:\/\/semmelweis.hu\/anatomia\/2016\/11\/23\/pal-gabriella-phd-vedese\/\">P\u00e1l Gabriella PhD v\u00e9d\u00e9se<\/a><\/li>\n<li><a href=\"https:\/\/semmelweis.hu\/anatomia\/2015\/05\/06\/papp-rege-sugarka-phd-vedese\/\">Papp Rege Sug\u00e1rka PhD v\u00e9d\u00e9se<\/a><\/li>\n<li><a href=\"https:\/\/semmelweis.hu\/anatomia\/2014\/05\/16\/dobolyine-renner-eve-phd-vedese\/\">Renner \u00c9va PhD v\u00e9d\u00e9se<\/a><\/li>\n<li><a href=\"https:\/\/semmelweis.hu\/anatomia\/2014\/04\/30\/cservenak-melinda-phd-vedese\/\">Cserven\u00e1k Melinda PhD v\u00e9d\u00e9se<\/a><\/li>\n<li><a href=\"https:\/\/semmelweis.hu\/anatomia\/2007\/05\/17\/bratincsak-andras-phd-vedese\/\">Bratincs\u00e1k Andr\u00e1s PhD v\u00e9d\u00e9se<\/a><\/li>\n<\/ul>\n<h4>\u00a0<\/h4>\n<h4><strong>A Neuromorfol\u00f3giai Laborat\u00f3riumban rendelkez\u00e9sre \u00e1ll\u00f3 m\u00f3dszerek<\/strong><\/h4>\n<ul>\n<li>R\u00e1gcs\u00e1l\u00f3k m\u0171t\u00e9ti vizsg\u00e1lata<\/li>\n<li>Az arteria cerebri media okkl\u00fazi\u00f3ja mint fok\u00e1lis ischemia model<\/li>\n<li>Kan\u00fcl\u00f6z\u00e9sek, cerebrospin\u00e1lis folyad\u00e9k \u00e9s v\u00e9rv\u00e9telez\u00e9s r\u00e1gcs\u00e1l\u00f3kb\u00f3l<\/li>\n<li>\u00c1llatok emocion\u00e1lis v\u00e1ltoz\u00e1sainak \u00e9s anyai motiv\u00e1ci\u00f3j\u00e1nak viselked\u00e9si tesztjei<\/li>\n<li>Sztereotaxikus oper\u00e1ci\u00f3k, agyi l\u00e9zi\u00f3k, p\u00e1lya\u00e1tmetsz\u00e9sek<\/li>\n<li>Idegi p\u00e1lyak\u00f6vet\u00e9s v\u00edrusok \u00e9s transzg\u00e9n egerek felhaszn\u00e1l\u00e1s\u00e1val<\/li>\n<li>L\u00e9zer mikrodisszekci\u00f3, RT-PCR, val\u00f3s idej\u0171 fluoreszcens PCR<\/li>\n<li>Alapvet\u0151 molekul\u00e1ris biol\u00f3giai technik\u00e1k<\/li>\n<li>RNS amplifik\u00e1ci\u00f3 szekven\u00e1l\u00e1s c\u00e9lj\u00e1ra<\/li>\n<li>In situ hibridiz\u00e1ci\u00f3s hisztok\u00e9mia, autoradiogr\u00e1fia, \u00e9s s\u00f6t\u00e9t l\u00e1t\u00f3teres mikroszk\u00f3pia<\/li>\n<li>Immunfest\u00e9s \u00e9s fluoreszcens mikroszk\u00f3pia<\/li>\n<li>Western blot technik\u00e1k<\/li>\n<li>Sz\u00e1lfotometria<\/li>\n<li>Egysejt RNS szekven\u00e1l\u00e1s bioinformatikai ki\u00e9rt\u00e9kel\u00e9se<\/li>\n<li>Kemo- \u00e9s optogenetika<\/li>\n<li>Viselked\u00e9sanal\u00edzis, kamer\u00e1k, \u00e1llv\u00e1nyok, automata ki\u00e9rt\u00e9kel\u0151rendszerek<\/li>\n<\/ul>\n<p>&nbsp;<\/p>\n\n<\/div><h2 class=\"tabtitle\">Kutat\u00e1si ir\u00e1nyok<\/h2>\n<div class=\"tabcontent\">\n\n<h1>Jelenleg foly\u00f3 kutat\u00e1si ir\u00e1nyok<\/h1>\n<h4><strong>1. Az ut\u00f3dgondoz\u00f3 viselked\u00e9s<\/strong><\/h4>\n<ul>\n<li class=\"x_MsoNormal\" style=\"text-align: justify\"><span class=\"x_docsum-authors\"><span data-olk-copy-source=\"MessageBody\">Puska G., Szendi V., Egyed M., Dim\u00e9n D., Cserven\u00e1k M., Dobolyi A.<\/span><\/span>\u00a0(2025) Maternally activated connections of the ventral lateral septum reveal input from the posterior intralaminar thalamus.<span class=\"x_docsum-journal-citation\"> Brain Struct. Funct. <span data-olk-copy-source=\"MessageBody\">230:27.<\/span><\/span><\/li>\n<li>Puska G., Szendi V., Dobolyi A. (2024) Lateral septum as a possible regulatory center of maternal behaviors. Neurosci. Biobehav. Rev. 161:105683.<\/li>\n<li style=\"text-align: justify\">Kumari R., Fazekas E.A., Morvai B., Udvari E.B., D\u00f3ra F., Zachar G., Sz\u00e9kely T., Pog\u00e1ny \u00c1., Dobolyi \u00c1. (2022) Transcriptomics of parental care in the hypothalamic-septal region of female zebra finch brain. Int. J. Mol. Sci. 23:2518.<\/li>\n<li style=\"text-align: justify\">T\u00f3th A., Peth\u0151 M., Keser\u0171 D., Simon D., Hajnik T., D\u00e9t\u00e1ri L., Dobolyi A. (2020) Complete sleep and local field potential analysis regarding estrus cycle, pregnancy, postpartum and post-weaning periods and homeostatic sleep regulation in female rats. Sci. Rep. 10:8546.<\/li>\n<li style=\"text-align: justify\">Dobolyi A., L\u00e9k\u00f3 A.H. (2019) The insulin-like growth factor-1 system in the adult mammalian brain and its implications in central maternal adaptations. Front. Neuroendocrinol. 52:181-194.<\/li>\n<li style=\"text-align: justify\">Cserven\u00e1k M., Szab\u00f3 \u00c9.R., Bodn\u00e1r I., L\u00e9k\u00f3 A., Palkovits M., Nagy G.M., Usdin T.B., Dobolyi A. (2013) The thalamic neuropeptide TIP39 mediates the effects of nursing on lactation and maternal motivation. Psychoneuroendocrinology 38:3070-3084.<\/li>\n<li style=\"text-align: justify\">Szab\u00f3 E.R., Cserven\u00e1k M., Dobolyi A. (2012) Amylin is a novel neuropeptide with potential maternal functions. FASEB J. 26:272-281.<\/li>\n<\/ul>\n<h4><strong>2. Prolaktin<\/strong><\/h4>\n<ul>\n<li class=\"x_MsoNormal\" style=\"text-align: justify\"><span class=\"x_docsum-authors\"><span data-olk-copy-source=\"MessageBody\">T\u00f3th A., Dobolyi A.<\/span><\/span> (2025) Prolactin in sleep and EEG regulation: new mechanisms and sleep-related brain targets complement classical data.\u00a0<span class=\"x_docsum-journal-citation\">Neurosci. Biobehav. Rev. 169:106000.<\/span><\/li>\n<li style=\"text-align: justify\">T\u00f3th A., Keser\u0171 D., Peth\u0151 M., D\u00e9t\u00e1ri L., Bencsik N., Dobolyi A., Hajnik T. (2024) Sleep and local field potential effect of the D2 receptor agonist bromocriptine during the estrous cycle and postpartum period in female rats. Pharmacol. Biochem. Behav. 239:173754.<\/li>\n<li style=\"text-align: justify\">Csik\u00f3s V., Ol\u00e1h S., D\u00f3ra F., Arrasz N., Cserven\u00e1k M., Dobolyi A. (2023) Microglia depletion prevents lactation by inhibition of prolactin secretion. iScience 26:106264.<\/li>\n<li style=\"text-align: justify\">Dobolyi A., Ol\u00e1h S., Keller D., Kumari R., Fazekas E.A., Csik\u00f3s V., Renner \u00c9., Cserven\u00e1k M. (2020) Secretion and function of pituitary prolactin in evolutionary perspective. Front. Neurosci. 14:621.<\/li>\n<li style=\"text-align: justify\">Olah S., Cserven\u00e1k M., Keller D., Fazekas E.A., Renner E., Low P., Dobolyi A. (2018) Prolactin-induced and neuronal activation in the brain of mother mice. Brain Struct. Funct. 223:3229-3250.<\/li>\n<\/ul>\n<h4><strong>3. A stroke agyi patol\u00f3gi\u00e1ja<\/strong><\/h4>\n<ul>\n<li style=\"text-align: justify\">P\u00e9nzes M., T\u00far\u00f3s D., M\u00e1th\u00e9 D., Szigeti K., Heged\u0171s N., Rauscher A.\u00c1., T\u00f3th P., Ivic I., Padmanabhan P., P\u00e1l G., Dobolyi \u00c1., Gyimesi M., M\u00e1ln\u00e1si-Csizmadia A. (2020) Direct myosin-2 inhibition enhances cerebral perfusion resulting in functional improvement after ischemic stroke. Theranostics. 10:5341-5356.<\/li>\n<li style=\"text-align: justify\">V\u00f6lgyi K., Guly\u00e1ssy P., Todorov M.I., Puska G., Badics K., Hlatky D., K\u00e9kesi K.A., Nyitrai G., Czurk\u00f3 A., Drahos L., Dobolyi A. (2018) Chronic cerebral hypoperfusion induced synaptic proteome changes in the rat cerebral cortex. Mol. Neurobiol. 55:4253-4266.<\/li>\n<li style=\"text-align: justify\">P\u00e1l G., Vincze C., Renner \u00c9., Wappler E.A., Nagy Z., Lovas G., Dobolyi A. (2012) Time course, distribution and cell types of induction of transforming growth factor betas following middle cerebral artery occlusion in the rat brain. PLoS One 7:e46731.<\/li>\n<li style=\"text-align: justify\">Dobolyi A., Vincze C., P\u00e1l G., Lovas G. (2012) The neuroprotective functions of transforming growth factor beta proteins. Int. J. Mol. Sci. 13:8219-8258.<\/li>\n<\/ul>\n<h4><strong>4. Az epilepszia pathomechanizmusa<\/strong><\/h4>\n<ul>\n<li>Koech P.K., J\u00f3cs\u00e1k G., Boldizs\u00e1r I., Moldov\u00e1n K., Borb\u00e9ly S., Vil\u00e1gi I., Dobolyi A., Varr\u00f3 P. (2023) Anti-gluatamatergic effects of three lignin compounds: arctigenin, matairesinol and trachelogenin \u2013 An ex vivo study on rat brain slices. Planta Med. 89:879-889.<\/li>\n<li style=\"text-align: justify\">Kov\u00e1cs Z. (2018) Uric acid and allopurinol aggravate absence epileptic activity in Wistar Albino Glaxo Rijswijk rats. Brain Res. 1686:1-9.<\/li>\n<li style=\"text-align: justify\">Kov\u00e1cs Z., Lakatos R.K., Barna J., Dobolyi A. (2017) Absence epileptic activity in Wistar Albino Glaxo Rijswijk rat mothers. Brain Res. 1657:368-376.<\/li>\n<li style=\"text-align: justify\">Lakatos R.K., Dobolyi A., Todorov M.I., K\u00e9kesi K.A., Juh\u00e1sz G., Aleksza M., Kov\u00e1cs Z. (2016) Guanosine may increase absence epileptic activity by means of A2A adenosine receptors in Wistar Albino Glaxo Rijswijk rats. Brain Res. Bull. 124:172-181.<\/li>\n<\/ul>\n<h4><strong>5. A depresszi\u00f3 pathomechanizmusa<\/strong><\/h4>\n<ul>\n<li style=\"text-align: justify\">D\u00f3ra F., Renner \u00c9., Keller D., Palkovits M., Dobolyi \u00c1. (2022) Transcriptome profiling of the dorsomedial prefrontal cortex in suicide victims. Int. J. Mol. Sci. 23:2518.<\/li>\n<li style=\"text-align: justify\">Dim\u00e9n D., Puska G., Szendi V., Sipos E., Zelena D., Dobolyi A. (2021) Sex-specific parenting and depression evoked by preoptic inhibitory neurons. iScience 24:103090.<\/li>\n<\/ul>\n<h4><strong>6. A mitokondriumok neurok\u00e9mi\u00e1ja<\/strong><\/h4>\n<ul>\n<li class=\"x_MsoNormal\" style=\"text-align: justify\"><span class=\"x_docsum-authors\"><span data-olk-copy-source=\"MessageBody\">D\u00f3ra F., Hajdu T., Renner \u00c9., Pa\u00e1l K., Alp\u00e1r A., Palkovits M., Chinopoulos C., Dobolyi A.<\/span><\/span>\u00a0(2024) Reverse phase protein array-based investigation of mitochondrial genes reveals alteration of glutaminolysis in the parahippocampal cortex of people who died by suicide.\u00a0<span class=\"x_docsum-journal-citation\">Transl. Psychiatry 14:479.<\/span><\/li>\n<li style=\"text-align: justify\">Dobolyi A., Cserven\u00e1k M., Bag\u00f3 A.G., Chen C., Stepanova A., Paal K., Lee J., Palkovits M., Hudson G., Chinopoulos C. (2024) Cell-specific expression of key mitochondrial enzymes limits OXPHOS in astrocytes of the adult human neocortex and hippocampal formation. Commun. Biol. 7:1045.<\/li>\n<li style=\"text-align: justify\">Dobolyi A., Bago A., Palkovits M., Nemeria N.S., Jordan F., Doczi J., Ambrus A., Adam-Vizi V., Chinopoulos C. (2020) Exclusive neuronal detection of KGDHC-specific subunits in the adult human brain cortex despite pancellular protein lysine succinylation. Brain Struct. Funct. 225:639-667.<\/li>\n<li style=\"text-align: justify\">Barna J., Dim\u00e9n D., Puska G., Kov\u00e1cs D., Csik\u00f3s V., Ol\u00e1h S., Udvari E.B., P\u00e1l G., Dobolyi A. (2019) Complement component 1q subcomponent binding protein in the brain of the rat. Sci. Rep. 9:4597.<\/li>\n<\/ul>\n<h4><strong>7. A t\u00e1pl\u00e1l\u00e9kfelv\u00e9tel szab\u00e1lyoz\u00e1sa<\/strong><\/h4>\n<ul>\n<li style=\"text-align: justify\">Renner \u00c9., D\u00f3ra F., Oszwald E., Dobolyi \u00c1., Palkovits M. (2022) Elevated glucagon-like peptide-1 receptor level in the paraventricular hypothalamic nucleus of type 2 diabetes mellitus patients. Int. J. Mol. Sci. 23:15945.<\/li>\n<li style=\"text-align: justify\">Csik\u00f3s V., Varr\u00f3 P., B\u00f3di V., Ol\u00e1h S., Vil\u00e1gi I., Dobolyi A. (2020) The mycotoxin Deoxynivalenol activates GABAergic neurons in the reward system and inhibits feeding and maternal behaviours. Arch. Toxicol. 94:3297-3313.<\/li>\n<li style=\"text-align: justify\">Barna J., Renner E., Arszovszki A., Cserven\u00e1k M., Kov\u00e1cs Z., Palkovits M., Dobolyi A. (2018) Suckling induced activation pattern in the brain of rat pups. Nutr. Neurosci. 21:317-327.<\/li>\n<li style=\"text-align: justify\">Renner E., Pusk\u00e1s N., Dobolyi A., Palkovits M. (2012) Glucagon-like peptide-1 of brainstem origin activates dorsomedial hypothalamic neurons in satiated rats. Peptides 35:14-22.<\/li>\n<\/ul>\n<h4><strong>8. Szoci\u00e1lis viselked\u00e9s<\/strong><\/h4>\n<ul>\n<li style=\"text-align: justify\">L\u00e1ng T., Dim\u00e9n D., Ol\u00e1h S., Puska G., Dobolyi A. (2024) Medial preoptic circuits governing instinctive social behaviors. iScience 27:110296.<\/li>\n<li style=\"text-align: justify\">Csik\u00f3s V., D\u00f3ra F., L\u00e1ng T., Darai L., Szendi V., T\u00f3th A., Cserven\u00e1k M., Dobolyi A. (2024) Social isolation induces changes in the monoaminergic signalling in the rat medial prefrontal cortex. Cells 13:1043.<\/li>\n<li style=\"text-align: justify\">Fazekas C.L., T\u00f6r\u00f6k B., Correia P., Chaves T., Bellardie M., Sipos E., Horv\u00e1th H.R., Gaszner B., D\u00f3ra F., Dobolyi \u00c1., Zelena D. (2024) The role of vesicular glutamate transporter type 3 in social behavior, with focus ont he median raphe region. eNeuro 11:ENEURO.0332-23.2024.<\/li>\n<li style=\"text-align: justify\">Chaves T., T\u00f6r\u00f6k B., Fazekas C.L., Correia P., Sipos E., V\u00e1rkonyi D., T\u00f3th Z.E., D\u00f3ra F., Dobolyi A., Zelena D. (2024) The dopaminergic cells in the median raphe region regulate social behavior in male mice. Int. J. Mol. Sci. 25:4315.<\/li>\n<li style=\"text-align: justify\">Keller D., Lang T., Cserven\u00e1k M., Puska G., Barna J., Csillag V., Farkas I., Zelena D., D\u00f3ra F., K\u00fcppers S., Barteczko L., Usdin T.B., Palkovits M., Hasan M.T., Grinevich V., Dobolyi A. (2022) A thalamo-preoptic pathway promotes social grooming in rodents. Curr. Biol. 32:4593-4606.<\/li>\n<li style=\"text-align: justify\">Cserven\u00e1k M., Keller D., Kis V., Fazekas E.A., \u00d6ll\u00f6s H., L\u00e9k\u00f3 A., Szab\u00f3 \u00c9.R., Renner \u00c9., Usdin T.B., Palkovits M., Dobolyi A. (2017) A thalamo-hypothalamic pathway that activates oxytocin neurons in social contexts in female rats. Endocrinology\u00a0158:335-348.<\/li>\n<\/ul>\n<h4><strong>9. A viselked\u00e9s ELM\u00c9LETE<\/strong><\/h4>\n<ul>\n<li class=\"x_MsoNormal\" style=\"text-align: justify\"><span class=\"x_docsum-authors\">Dobolyi \u00c1.<\/span><span class=\"x_docsum-authors\">\u00a0(2025)\u00a0<\/span>Integrating the COM-B model into behavioral neuroscience: A framework for understanding animal behavior.\u00a0<span class=\"x_docsum-authors\">Prog. Neuropsychopharmacol. Biol. Psychiatry\u00a0<\/span><span class=\"x_docsum-journal-citation\">138:111346.<\/span><\/li>\n<li style=\"text-align: justify\"><span data-olk-copy-source=\"MailCompose\">Yang M., Keller D., Dobolyi A., Valtcheva S. (2025) The lateral thalamus: a bridge between multisensory processing and naturalistic behaviors. Trends Neurosci. 48:33-46.<\/span><\/li>\n<\/ul>\n<\/div><\/div>\n","protected":false},"excerpt":{"rendered":"<p>Neuromorfol\u00f3giai Laborat\u00f3riumr\u00f3l A Neuromorfol\u00f3giai Laborat\u00f3rium a Semmelweis Egyetem Anat\u00f3miai, Sz\u00f6vet- \u00e9s Fejl\u0151d\u00e9stani Int\u00e9zet\u00e9ben m\u0171k\u00f6dik.\u00a0 A Laborat\u00f3rium vezet\u0151je 2013-ig Dr. Palkovits Mikl\u00f3s, az MTA rendes tagja, 2013 \u00f3ta pedig Dr. Dobolyi \u00c1rp\u00e1d, az MTA Doktora. Az MTA-Semmelweis Egyetem Neuromorfol\u00f3giai \u00e9s Neuroendokrin Kutat\u00f3csoport k\u00e9t, kor\u00e1bban \u00f6n\u00e1ll\u00f3, MTA \u00e1ltal t\u00e1mogatott kutat\u00f3csoport (Neuromorfol\u00f3giai Kutat\u00f3csoport \u00e9s Neuroendokrin Kutat\u00f3csoport) egyes\u00fcl\u00e9s\u00e9b\u0151l j\u00f6tt &hellip;<\/p>\n","protected":false},"author":12,"featured_media":0,"parent":0,"menu_order":0,"comment_status":"closed","ping_status":"closed","template":"template-fullwidth.php","meta":{"_acf_changed":false,"footnotes":""},"categories":[],"tags":[],"class_list":["post-252","page","type-page","status-publish","hentry"],"acf":[],"_links":{"self":[{"href":"https:\/\/semmelweis.hu\/neuromorfologia\/wp-json\/wp\/v2\/pages\/252","targetHints":{"allow":["GET"]}}],"collection":[{"href":"https:\/\/semmelweis.hu\/neuromorfologia\/wp-json\/wp\/v2\/pages"}],"about":[{"href":"https:\/\/semmelweis.hu\/neuromorfologia\/wp-json\/wp\/v2\/types\/page"}],"author":[{"embeddable":true,"href":"https:\/\/semmelweis.hu\/neuromorfologia\/wp-json\/wp\/v2\/users\/12"}],"replies":[{"embeddable":true,"href":"https:\/\/semmelweis.hu\/neuromorfologia\/wp-json\/wp\/v2\/comments?post=252"}],"version-history":[{"count":11,"href":"https:\/\/semmelweis.hu\/neuromorfologia\/wp-json\/wp\/v2\/pages\/252\/revisions"}],"predecessor-version":[{"id":785,"href":"https:\/\/semmelweis.hu\/neuromorfologia\/wp-json\/wp\/v2\/pages\/252\/revisions\/785"}],"wp:attachment":[{"href":"https:\/\/semmelweis.hu\/neuromorfologia\/wp-json\/wp\/v2\/media?parent=252"}],"wp:term":[{"taxonomy":"category","embeddable":true,"href":"https:\/\/semmelweis.hu\/neuromorfologia\/wp-json\/wp\/v2\/categories?post=252"},{"taxonomy":"post_tag","embeddable":true,"href":"https:\/\/semmelweis.hu\/neuromorfologia\/wp-json\/wp\/v2\/tags?post=252"}],"curies":[{"name":"wp","href":"https:\/\/api.w.org\/{rel}","templated":true}]}}