{"id":991,"date":"2020-03-22T12:28:03","date_gmt":"2020-03-22T11:28:03","guid":{"rendered":"http:\/\/semmelweis.hu\/neurologia\/?page_id=991"},"modified":"2020-03-22T13:18:39","modified_gmt":"2020-03-22T12:18:39","slug":"aok-otodeves-tavoktatas","status":"publish","type":"page","link":"https:\/\/semmelweis.hu\/neurologia\/aok-otodeves-tavoktatas\/","title":{"rendered":"\u00c1OK \u00f6t\u00f6d\u00e9ves t\u00e1voktat\u00e1s"},"content":{"rendered":"<p><strong>Bevezet\u00e9s<\/strong><\/p>\n<p>A t\u00e1voktat\u00e1s sor\u00e1n a Neurol\u00f3giai Klinika e-learning fejezeteire, a napi 4 \u00f3r\u00e1s blokkok sor\u00e1n \u00f6n\u00e1ll\u00f3 tanul\u00e1sra \u00e9s esetfeldolgoz\u00e1sra, ill. a Klinika folyamatosan b\u0151v\u00fcl\u0151 esettanulm\u00e1nyaira t\u00e1maszkodunk.A hallgat\u00f3kat a Neptunban \u00e9rtes\u00edtj\u00fck a blokk oktat\u00e1s m\u00f3dj\u00e1r\u00f3l, \u00e9s ott h\u00edvjuk meg a \u0151ket.<\/p>\n<p>A napi 4 \u00f3r\u00e1s blokk menete<br \/>\n&#8211; A n\u00e9gy\u00f3r\u00e1s blokk els\u0151 \u00f3r\u00e1j\u00e1ban n\u00e9zz\u00e9k \u00e1t a t\u00e9m\u00e1hoz felt\u00f6lt\u00f6tt powerpoint el\u0151ad\u00e1st, melyet narr\u00e1ci\u00f3val tesz\u00fcnk k\u00f6vethet\u0151bb\u00e9.<br \/>\n&#8211; A m\u00e1sodik \u00f3r\u00e1ban n\u00e9zz\u00e9k \u00e1t a t\u00e9m\u00e1hoz tartoz\u00f3 e-learning fejezetet, ide \u00e9rtve a fejezet v\u00e9g\u00e9n l\u00e9v\u0151 gyakorl\u00f3tesztek megold\u00e1s\u00e1t is.<br \/>\n&#8211; A harmadik \u00f3r\u00e1ban n\u00e9zz\u00e9k \u00e1t a \u201eNeurol\u00f3giai esetek\u201d k\u00f6z\u00fcl a t\u00e9m\u00e1hoz kapcsol\u00f3d\u00f3 esetet vagy eseteket (ennek felt\u00f6lt\u00e9s\u00e9t folyamatosan v\u00e9gezz\u00fck).<br \/>\n&#8211; A blokk negyedik \u00f3r\u00e1j\u00e1ban \u00e9l\u0151 online konzult\u00e1ci\u00f3 (k\u00e9rd\u00e9sek \u00e9s v\u00e1laszok) lesz az oktat\u00f3val a Zoom rendszerben. Az egyes konzult\u00e1ci\u00f3kra vonatkoz\u00f3 linkeket az adott nap d\u00e1tuma mellett tal\u00e1lj\u00e1k.<\/p>\n<p>A t\u00e1voktat\u00e1ssal kapcsolatos k\u00e9rd\u00e9seket, v\u00e9lem\u00e9nyeket, javaslatokat az <a href=\"mailto:ertsey.csaba@med.semelweis-univ.hu\">ertsey.csaba@med.semelweis-univ.hu<\/a> email c\u00edmre v\u00e1rjuk.<\/p>\n<p>&nbsp;<\/p>\n<p><a href=\"https:\/\/semmelweis.hu\/neurologia\/oktatas\/gradualis-oktatas-2\/gradualis-oktatas\/\">A tantermi el\u0151ad\u00e1sok anyaga<br \/>\n<\/a><\/p>\n<p><a href=\"https:\/\/semmelweis.hu\/neurologia\/a-gyakorlati-kepzes-blokk-oktatas-anyaga\/\">A gyakorlati k\u00e9pz\u00e9s (blokk oktat\u00e1s) anyaga<\/a><\/p>\n<p><a href=\"https:\/\/itc.semmelweis.hu\/moodle\/course\/view.php?id=869\">Neurol\u00f3giai esetek<\/a><\/p>\n<p><a href=\"https:\/\/semmelweis.hu\/neurologia\/az-online-konzultaciok-meghivoi-zoom-meetingek\/\">Az online konzult\u00e1ci\u00f3k megh\u00edv\u00f3i (Zoom meetingek)<\/a><\/p>\n","protected":false},"excerpt":{"rendered":"<p>Bevezet\u00e9s A t\u00e1voktat\u00e1s sor\u00e1n a Neurol\u00f3giai Klinika e-learning fejezeteire, a napi 4 \u00f3r\u00e1s blokkok sor\u00e1n \u00f6n\u00e1ll\u00f3 tanul\u00e1sra \u00e9s esetfeldolgoz\u00e1sra, ill. a Klinika folyamatosan b\u0151v\u00fcl\u0151 esettanulm\u00e1nyaira t\u00e1maszkodunk.A hallgat\u00f3kat a Neptunban \u00e9rtes\u00edtj\u00fck a blokk oktat\u00e1s m\u00f3dj\u00e1r\u00f3l, \u00e9s ott h\u00edvjuk meg a \u0151ket. A napi 4 \u00f3r\u00e1s blokk menete &#8211; A n\u00e9gy\u00f3r\u00e1s blokk els\u0151 \u00f3r\u00e1j\u00e1ban n\u00e9zz\u00e9k \u00e1t a &hellip;<\/p>\n","protected":false},"author":101622,"featured_media":0,"parent":0,"menu_order":0,"comment_status":"closed","ping_status":"closed","template":"","meta":{"_acf_changed":false,"footnotes":""},"categories":[],"tags":[],"class_list":["post-991","page","type-page","status-publish","hentry"],"acf":[],"_links":{"self":[{"href":"https:\/\/semmelweis.hu\/neurologia\/wp-json\/wp\/v2\/pages\/991","targetHints":{"allow":["GET"]}}],"collection":[{"href":"https:\/\/semmelweis.hu\/neurologia\/wp-json\/wp\/v2\/pages"}],"about":[{"href":"https:\/\/semmelweis.hu\/neurologia\/wp-json\/wp\/v2\/types\/page"}],"author":[{"embeddable":true,"href":"https:\/\/semmelweis.hu\/neurologia\/wp-json\/wp\/v2\/users\/101622"}],"replies":[{"embeddable":true,"href":"https:\/\/semmelweis.hu\/neurologia\/wp-json\/wp\/v2\/comments?post=991"}],"version-history":[{"count":4,"href":"https:\/\/semmelweis.hu\/neurologia\/wp-json\/wp\/v2\/pages\/991\/revisions"}],"predecessor-version":[{"id":1008,"href":"https:\/\/semmelweis.hu\/neurologia\/wp-json\/wp\/v2\/pages\/991\/revisions\/1008"}],"wp:attachment":[{"href":"https:\/\/semmelweis.hu\/neurologia\/wp-json\/wp\/v2\/media?parent=991"}],"wp:term":[{"taxonomy":"category","embeddable":true,"href":"https:\/\/semmelweis.hu\/neurologia\/wp-json\/wp\/v2\/categories?post=991"},{"taxonomy":"post_tag","embeddable":true,"href":"https:\/\/semmelweis.hu\/neurologia\/wp-json\/wp\/v2\/tags?post=991"}],"curies":[{"name":"wp","href":"https:\/\/api.w.org\/{rel}","templated":true}]}}