{"id":89,"date":"2012-08-27T14:30:44","date_gmt":"2012-08-27T14:30:44","guid":{"rendered":"http:\/\/semmelweis-egyetem.hu\/neurologia\/?page_id=89"},"modified":"2025-10-16T13:49:59","modified_gmt":"2025-10-16T11:49:59","slug":"intenziv-osztaly","status":"publish","type":"page","link":"https:\/\/semmelweis.hu\/neurologia\/betegellatas\/fekvobeteg-osztalyok\/intenziv-osztaly\/","title":{"rendered":"Intenz\u00edv Oszt\u00e1ly"},"content":{"rendered":"<p><strong>Profil:<\/strong>\u00a0\u00c1ltal\u00e1nos neurol\u00f3giai betegs\u00e9gek \u00e9s agyi \u00e9rbetegs\u00e9gek, Gyullad\u00e1sos idegrendszeri betegs\u00e9gek<\/p>\n<p><strong>Oszt\u00e1lyvezet\u0151:<\/strong><br \/>\nDr Sipos Ildik\u00f3 egyetemi adjunktus<\/p>\n<p><strong>Munkat\u00e1rsak:<\/strong><\/p>\n<p>Dr. Sz\u0151ke Krist\u00f3f klinikai szakorvos<\/p>\n<p><strong>F\u0151n\u0151v\u00e9r:<br \/>\n<\/strong>Simonn\u00e9 Szappanos Erzs\u00e9bet\u00a0<\/p>\n<p><strong>El\u00e9rhet\u0151s\u00e9gek:<\/strong> <br \/>\n<em>a n\u0151v\u00e9rpult telefonsz\u00e1ma<\/em>: 51127 mell\u00e9k<\/p>\n","protected":false},"excerpt":{"rendered":"<p>Profil:\u00a0\u00c1ltal\u00e1nos neurol\u00f3giai betegs\u00e9gek \u00e9s agyi \u00e9rbetegs\u00e9gek, Gyullad\u00e1sos idegrendszeri betegs\u00e9gek<br \/>\nOszt\u00e1lyvezet\u0151:<br \/>\nDr Sipos Ildik\u00f3 egyetemi adjunktus<br \/>\nMunkat\u00e1rsak:<br \/>\nDr. Sz\u0151ke Krist\u00f3f klinikai szakorvos<br \/>\nF\u0151n\u0151v\u00e9r:<br \/>\nSimonn\u00e9 Szappanos Erzs\u00e9bet\u00a0<br \/>\nEl\u00e9rhet\u0151s\u00e9gek:<br \/>\na n\u0151v\u00e9rpult telefonsz\u00e1ma: 51127 mell\u00e9k<\/p>\n","protected":false},"author":80,"featured_media":0,"parent":63,"menu_order":0,"comment_status":"closed","ping_status":"closed","template":"","meta":{"_acf_changed":false,"footnotes":""},"categories":[],"tags":[],"class_list":["post-89","page","type-page","status-publish","hentry"],"acf":[],"_links":{"self":[{"href":"https:\/\/semmelweis.hu\/neurologia\/wp-json\/wp\/v2\/pages\/89","targetHints":{"allow":["GET"]}}],"collection":[{"href":"https:\/\/semmelweis.hu\/neurologia\/wp-json\/wp\/v2\/pages"}],"about":[{"href":"https:\/\/semmelweis.hu\/neurologia\/wp-json\/wp\/v2\/types\/page"}],"author":[{"embeddable":true,"href":"https:\/\/semmelweis.hu\/neurologia\/wp-json\/wp\/v2\/users\/80"}],"replies":[{"embeddable":true,"href":"https:\/\/semmelweis.hu\/neurologia\/wp-json\/wp\/v2\/comments?post=89"}],"version-history":[{"count":4,"href":"https:\/\/semmelweis.hu\/neurologia\/wp-json\/wp\/v2\/pages\/89\/revisions"}],"predecessor-version":[{"id":1726,"href":"https:\/\/semmelweis.hu\/neurologia\/wp-json\/wp\/v2\/pages\/89\/revisions\/1726"}],"up":[{"embeddable":true,"href":"https:\/\/semmelweis.hu\/neurologia\/wp-json\/wp\/v2\/pages\/63"}],"wp:attachment":[{"href":"https:\/\/semmelweis.hu\/neurologia\/wp-json\/wp\/v2\/media?parent=89"}],"wp:term":[{"taxonomy":"category","embeddable":true,"href":"https:\/\/semmelweis.hu\/neurologia\/wp-json\/wp\/v2\/categories?post=89"},{"taxonomy":"post_tag","embeddable":true,"href":"https:\/\/semmelweis.hu\/neurologia\/wp-json\/wp\/v2\/tags?post=89"}],"curies":[{"name":"wp","href":"https:\/\/api.w.org\/{rel}","templated":true}]}}