{"id":88,"date":"2012-08-27T14:30:17","date_gmt":"2012-08-27T14:30:17","guid":{"rendered":"http:\/\/semmelweis-egyetem.hu\/neurologia\/?page_id=88"},"modified":"2021-11-03T08:28:44","modified_gmt":"2021-11-03T07:28:44","slug":"liquor-laboratorium","status":"publish","type":"page","link":"https:\/\/semmelweis.hu\/neurologia\/betegellatas\/diagnosztikai-laboratoriumok\/liquor-laboratorium\/","title":{"rendered":"Liquor Laborat\u00f3rium"},"content":{"rendered":"<p><strong>Laborvezet\u0151<\/strong>:<br \/>\nDr Sipos Ildik\u00f3, egyetemi adjunktus<\/p>\n<p><strong>Szakasszisztens<\/strong>:\u00a0<br \/>\nHajas Judit<\/p>\n<p><strong>El\u00e9rhet\u0151s\u00e9g<\/strong>:<br \/>\n459-1500\/ 51211-es mell\u00e9k<br \/>\nHajas Judit: 06208250414 kedd &#8211; cs\u00fct\u00f6rt\u00f6k 9:00-13:00 k\u00f6z\u00f6tt<\/p>\n","protected":false},"excerpt":{"rendered":"<p>Laborvezet\u0151:<br \/>\nDr Sipos Ildik\u00f3, egyetemi adjunktus<br \/>\nSzakasszisztens:\u00a0<br \/>\nHajas Judit<br \/>\nEl\u00e9rhet\u0151s\u00e9g:<br \/>\n459-1500\/ 51211-es mell\u00e9k<br \/>\nHajas Judit: 06208250414 kedd &#8211; cs\u00fct\u00f6rt\u00f6k 9:00-13:00 k\u00f6z\u00f6tt<\/p>\n","protected":false},"author":80,"featured_media":0,"parent":65,"menu_order":0,"comment_status":"open","ping_status":"open","template":"","meta":{"_acf_changed":false,"footnotes":""},"categories":[],"tags":[],"class_list":["post-88","page","type-page","status-publish","hentry"],"acf":[],"_links":{"self":[{"href":"https:\/\/semmelweis.hu\/neurologia\/wp-json\/wp\/v2\/pages\/88","targetHints":{"allow":["GET"]}}],"collection":[{"href":"https:\/\/semmelweis.hu\/neurologia\/wp-json\/wp\/v2\/pages"}],"about":[{"href":"https:\/\/semmelweis.hu\/neurologia\/wp-json\/wp\/v2\/types\/page"}],"author":[{"embeddable":true,"href":"https:\/\/semmelweis.hu\/neurologia\/wp-json\/wp\/v2\/users\/80"}],"replies":[{"embeddable":true,"href":"https:\/\/semmelweis.hu\/neurologia\/wp-json\/wp\/v2\/comments?post=88"}],"version-history":[{"count":7,"href":"https:\/\/semmelweis.hu\/neurologia\/wp-json\/wp\/v2\/pages\/88\/revisions"}],"predecessor-version":[{"id":1361,"href":"https:\/\/semmelweis.hu\/neurologia\/wp-json\/wp\/v2\/pages\/88\/revisions\/1361"}],"up":[{"embeddable":true,"href":"https:\/\/semmelweis.hu\/neurologia\/wp-json\/wp\/v2\/pages\/65"}],"wp:attachment":[{"href":"https:\/\/semmelweis.hu\/neurologia\/wp-json\/wp\/v2\/media?parent=88"}],"wp:term":[{"taxonomy":"category","embeddable":true,"href":"https:\/\/semmelweis.hu\/neurologia\/wp-json\/wp\/v2\/categories?post=88"},{"taxonomy":"post_tag","embeddable":true,"href":"https:\/\/semmelweis.hu\/neurologia\/wp-json\/wp\/v2\/tags?post=88"}],"curies":[{"name":"wp","href":"https:\/\/api.w.org\/{rel}","templated":true}]}}