{"id":87,"date":"2012-08-27T14:23:05","date_gmt":"2012-08-27T14:23:05","guid":{"rendered":"http:\/\/semmelweis-egyetem.hu\/neurologia\/?page_id=87"},"modified":"2024-10-08T13:37:47","modified_gmt":"2024-10-08T11:37:47","slug":"dii-emeleti-osztaly","status":"publish","type":"page","link":"https:\/\/semmelweis.hu\/neurologia\/betegellatas\/fekvobeteg-osztalyok\/dii-emeleti-osztaly\/","title":{"rendered":"DII. emeleti Oszt\u00e1ly"},"content":{"rendered":"<p><strong>D II emeleti oszt\u00e1ly<\/strong><\/p>\n<p><strong>Profil:<\/strong>\u00a0\u00a0\u00c1ltal\u00e1nos neurol\u00f3giai betegs\u00e9gek \u00e9s agyi \u00e9rbetegs\u00e9gek, 2021-t\u0151l dedik\u00e1lt Stroke oszt\u00e1ly.<\/p>\n<p><strong>Oszt\u00e1lyvezet\u0151k:<\/strong><strong><br \/>\n<\/strong>Dr. Gunda Bence egyetemi adjunktus<br \/>\nDr. Sipos Ildik\u00f3 egyetemi adjunktus<br \/>\nDr. Szatm\u00e1ri Szabolcs egyetemi adjunktus<\/p>\n<p><strong>Munkat\u00e1rsak:<br \/>\n<\/strong>Dr. Dobronyi Levente<br \/>\nDr. Magyar &#8211; Stang Rita<br \/>\nDr. Tak\u00e1cs T\u00edmea<\/p>\n<p><strong>F\u0151n\u0151v\u00e9r:<\/strong><strong><br \/>\n<\/strong>Vad\u00e1szn\u00e9 Balassa M\u00e1ria<\/p>\n<p><strong>El\u00e9rhet\u0151s\u00e9gek: <\/strong><em>a n\u0151v\u00e9rpult telefonsz\u00e1ma<\/em>: 51209 mell\u00e9k<\/p>\n","protected":false},"excerpt":{"rendered":"<p>D II emeleti oszt\u00e1ly<br \/>\nProfil:\u00a0\u00a0\u00c1ltal\u00e1nos neurol\u00f3giai betegs\u00e9gek \u00e9s agyi \u00e9rbetegs\u00e9gek, 2021-t\u0151l dedik\u00e1lt Stroke oszt\u00e1ly.<br \/>\nOszt\u00e1lyvezet\u0151k:<br \/>\nDr. Gunda Bence egyetemi adjunktus<br \/>\nDr. Sipos Ildik\u00f3 egyetemi adjunktus<br \/>\nDr. Szatm\u00e1ri Szabolcs egyetemi adjunktus<br \/>\nMunkat\u00e1rsak:<br \/>\nDr. Dobronyi Levente<br \/>\nDr. Magyar &#8211; Stang Rita<br \/>\nDr. Tak\u00e1cs T\u00edmea<br \/>\nF\u0151n\u0151v\u00e9r:<br \/>\nVad\u00e1szn\u00e9 Balassa M\u00e1ria<br \/>\nEl\u00e9rhet\u0151s\u00e9gek: a n\u0151v\u00e9rpult telefonsz\u00e1ma: 51209 mell\u00e9k<\/p>\n","protected":false},"author":80,"featured_media":0,"parent":63,"menu_order":0,"comment_status":"open","ping_status":"open","template":"","meta":{"_acf_changed":false,"footnotes":""},"categories":[],"tags":[],"class_list":["post-87","page","type-page","status-publish","hentry"],"acf":[],"_links":{"self":[{"href":"https:\/\/semmelweis.hu\/neurologia\/wp-json\/wp\/v2\/pages\/87","targetHints":{"allow":["GET"]}}],"collection":[{"href":"https:\/\/semmelweis.hu\/neurologia\/wp-json\/wp\/v2\/pages"}],"about":[{"href":"https:\/\/semmelweis.hu\/neurologia\/wp-json\/wp\/v2\/types\/page"}],"author":[{"embeddable":true,"href":"https:\/\/semmelweis.hu\/neurologia\/wp-json\/wp\/v2\/users\/80"}],"replies":[{"embeddable":true,"href":"https:\/\/semmelweis.hu\/neurologia\/wp-json\/wp\/v2\/comments?post=87"}],"version-history":[{"count":7,"href":"https:\/\/semmelweis.hu\/neurologia\/wp-json\/wp\/v2\/pages\/87\/revisions"}],"predecessor-version":[{"id":1605,"href":"https:\/\/semmelweis.hu\/neurologia\/wp-json\/wp\/v2\/pages\/87\/revisions\/1605"}],"up":[{"embeddable":true,"href":"https:\/\/semmelweis.hu\/neurologia\/wp-json\/wp\/v2\/pages\/63"}],"wp:attachment":[{"href":"https:\/\/semmelweis.hu\/neurologia\/wp-json\/wp\/v2\/media?parent=87"}],"wp:term":[{"taxonomy":"category","embeddable":true,"href":"https:\/\/semmelweis.hu\/neurologia\/wp-json\/wp\/v2\/categories?post=87"},{"taxonomy":"post_tag","embeddable":true,"href":"https:\/\/semmelweis.hu\/neurologia\/wp-json\/wp\/v2\/tags?post=87"}],"curies":[{"name":"wp","href":"https:\/\/api.w.org\/{rel}","templated":true}]}}