{"id":85,"date":"2012-08-27T14:12:23","date_gmt":"2012-08-27T14:12:23","guid":{"rendered":"http:\/\/semmelweis-egyetem.hu\/neurologia\/?page_id=85"},"modified":"2025-10-16T13:52:33","modified_gmt":"2025-10-16T11:52:33","slug":"neurologiai-klinika-d-foldszinti-osztaly","status":"publish","type":"page","link":"https:\/\/semmelweis.hu\/neurologia\/betegellatas\/fekvobeteg-osztalyok\/neurologiai-klinika-d-foldszinti-osztaly\/","title":{"rendered":"D f\u00f6ldszinti Oszt\u00e1ly"},"content":{"rendered":"<p><strong>Profil:<\/strong> Dementia, Degenerat\u00edv idegrendszeri betegs\u00e9gek, Agyi \u00e9rbetegs\u00e9gek, \u00c1ltal\u00e1nos Neurol\u00f3giai betegs\u00e9gek<br \/>\n<strong><br \/>\nOszt\u00e1lyvezet\u0151k:<\/strong><br \/>\nDr. Kov\u00e1cs Tibor egyetemi docens<br \/>\nDr. Debreczeni R\u00f3bert egyetemi adjunktus<\/p>\n<p><strong>Munkat\u00e1rsak:<\/strong><br \/>\nDr. Horny\u00e1k Csilla egyetemi tan\u00e1rseg\u00e9d<br \/>\nDr. Sisak Dominika egyetemi tan\u00e1rseg\u00e9d<br \/>\nDr. T\u00f3th Adri\u00e1n egyetemi tan\u00e1rseg\u00e9d<\/p>\n<p><strong>F\u0151n\u0151v\u00e9r:<br \/>\n<\/strong>Bucsin\u00e9 Garai Roz\u00e1lia<\/p>\n<p><strong>El\u00e9rhet\u0151s\u00e9gek:<\/strong> <br \/>\n<em>vizsg\u00e1l\u00f3 szob\u00e1k telefonja:<\/em> 51197 mell\u00e9k<br \/>\n<em>a n\u0151v\u00e9rpult telefonsz\u00e1ma<\/em>: 51242 mell\u00e9k<\/p>\n","protected":false},"excerpt":{"rendered":"<p>Profil: Dementia, Degenerat\u00edv idegrendszeri betegs\u00e9gek, Agyi \u00e9rbetegs\u00e9gek, \u00c1ltal\u00e1nos Neurol\u00f3giai betegs\u00e9gek<\/p>\n<p>Oszt\u00e1lyvezet\u0151k:<br \/>\nDr. Kov\u00e1cs Tibor egyetemi docens<br \/>\nDr. Debreczeni R\u00f3bert egyetemi adjunktus<br \/>\nMunkat\u00e1rsak:<br \/>\nDr. Horny\u00e1k Csilla egyetemi tan\u00e1rseg\u00e9d<br \/>\nDr. Sisak Dominika egyetemi tan\u00e1rseg\u00e9d<br \/>\nDr. T\u00f3th Adri\u00e1n egyetemi tan\u00e1rseg\u00e9d<br \/>\nF\u0151n\u0151v\u00e9r:<br \/>\nBucsin\u00e9 Garai Roz\u00e1lia<br \/>\nEl\u00e9rhet\u0151s\u00e9gek:<br \/>\nvizsg\u00e1l\u00f3 szob\u00e1k telefonja: 51197 mell\u00e9k<br \/>\na n\u0151v\u00e9rpult telefonsz\u00e1ma: 51242 mell\u00e9k<\/p>\n","protected":false},"author":80,"featured_media":0,"parent":63,"menu_order":0,"comment_status":"open","ping_status":"open","template":"","meta":{"_acf_changed":false,"footnotes":""},"categories":[],"tags":[],"class_list":["post-85","page","type-page","status-publish","hentry"],"acf":[],"_links":{"self":[{"href":"https:\/\/semmelweis.hu\/neurologia\/wp-json\/wp\/v2\/pages\/85","targetHints":{"allow":["GET"]}}],"collection":[{"href":"https:\/\/semmelweis.hu\/neurologia\/wp-json\/wp\/v2\/pages"}],"about":[{"href":"https:\/\/semmelweis.hu\/neurologia\/wp-json\/wp\/v2\/types\/page"}],"author":[{"embeddable":true,"href":"https:\/\/semmelweis.hu\/neurologia\/wp-json\/wp\/v2\/users\/80"}],"replies":[{"embeddable":true,"href":"https:\/\/semmelweis.hu\/neurologia\/wp-json\/wp\/v2\/comments?post=85"}],"version-history":[{"count":6,"href":"https:\/\/semmelweis.hu\/neurologia\/wp-json\/wp\/v2\/pages\/85\/revisions"}],"predecessor-version":[{"id":1728,"href":"https:\/\/semmelweis.hu\/neurologia\/wp-json\/wp\/v2\/pages\/85\/revisions\/1728"}],"up":[{"embeddable":true,"href":"https:\/\/semmelweis.hu\/neurologia\/wp-json\/wp\/v2\/pages\/63"}],"wp:attachment":[{"href":"https:\/\/semmelweis.hu\/neurologia\/wp-json\/wp\/v2\/media?parent=85"}],"wp:term":[{"taxonomy":"category","embeddable":true,"href":"https:\/\/semmelweis.hu\/neurologia\/wp-json\/wp\/v2\/categories?post=85"},{"taxonomy":"post_tag","embeddable":true,"href":"https:\/\/semmelweis.hu\/neurologia\/wp-json\/wp\/v2\/tags?post=85"}],"curies":[{"name":"wp","href":"https:\/\/api.w.org\/{rel}","templated":true}]}}