{"id":838,"date":"2018-11-29T21:40:37","date_gmt":"2018-11-29T20:40:37","guid":{"rendered":"http:\/\/semmelweis.hu\/neurologia\/?page_id=838"},"modified":"2024-10-01T13:12:23","modified_gmt":"2024-10-01T11:12:23","slug":"betegjogi-kepviselo","status":"publish","type":"page","link":"https:\/\/semmelweis.hu\/neurologia\/betegellatas\/betegjogi-kepviselo\/","title":{"rendered":"Betegjogi k\u00e9pvisel\u0151"},"content":{"rendered":"<p style=\"text-align: justify\"><strong>Ter\u00fcletileg illet\u00e9kes betegjogi k\u00e9pvisel\u0151:<\/strong><\/p>\n<p style=\"text-align: center\"><span style=\"font-size: 18pt\"><strong>Dr. Mina Andr\u00e1s<\/strong><\/span><\/p>\n<p style=\"text-align: center\"><strong>Telefonsz\u00e1ma<\/strong><strong>:<\/strong><strong> \u00a0+36-20<\/strong><strong>\/489-9577<\/strong><\/p>\n<p style=\"text-align: justify\"><strong>E-mail c\u00edme<\/strong><strong>:<\/strong>\u00a0 \u00a0 \u00a0 \u00a0 \u00a0 \u00a0 \u00a0 \u00a0 \u00a0 \u00a0 \u00a0 \u00a0 andras.mina@ijsz.bm.gov.hu<\/p>\n<p style=\"text-align: justify\"><strong>Fogad\u00f3\u00f3ra id\u0151pontja<\/strong><strong>:\u00a0 el\u0151zetes egyeztet\u00e9st k\u00f6vet\u0151en.<\/strong><\/p>\n<p style=\"text-align: justify\"><strong>Fogad\u00f3\u00f3ra helye<\/strong><strong>:\u00a0<\/strong>Pszichi\u00e1triai \u00e9s Pszichoter\u00e1pi\u00e1s Klinika fsz. oktat\u00f3i\u00a0szoba (1083 Budapest, Balassa J. u. 6.)<strong>\u00a0<\/strong><\/p>\n<p style=\"text-align: justify\"><strong>A JOGV\u00c9DELMI K\u00c9PVISEL\u0150 AZ INTEGR\u00c1LT JOGV\u00c9DELMI SZOLG\u00c1LAT (IJSZ) MUNKAT\u00c1RSA.\u00a0<\/strong><strong>A JOGV\u00c9DELMI K\u00c9PVISEL\u0150 AZ EG\u00c9SZS\u00c9G\u00dcGYI INT\u00c9ZM\u00c9NYT\u0150L F\u00dcGGETLEN SZEM\u00c9LY.<\/strong><\/p>\n","protected":false},"excerpt":{"rendered":"<p>Ter\u00fcletileg illet\u00e9kes betegjogi k\u00e9pvisel\u0151: Dr. Mina Andr\u00e1s Telefonsz\u00e1ma: \u00a0+36-20\/489-9577 E-mail c\u00edme:\u00a0 \u00a0 \u00a0 \u00a0 \u00a0 \u00a0 \u00a0 \u00a0 \u00a0 \u00a0 \u00a0 \u00a0 andras.mina@ijsz.bm.gov.hu Fogad\u00f3\u00f3ra id\u0151pontja:\u00a0 el\u0151zetes egyeztet\u00e9st k\u00f6vet\u0151en. Fogad\u00f3\u00f3ra helye:\u00a0Pszichi\u00e1triai \u00e9s Pszichoter\u00e1pi\u00e1s Klinika fsz. oktat\u00f3i\u00a0szoba (1083 Budapest, Balassa J. u. 6.)\u00a0 A JOGV\u00c9DELMI K\u00c9PVISEL\u0150 AZ INTEGR\u00c1LT JOGV\u00c9DELMI SZOLG\u00c1LAT (IJSZ) MUNKAT\u00c1RSA.\u00a0A JOGV\u00c9DELMI K\u00c9PVISEL\u0150 AZ EG\u00c9SZS\u00c9G\u00dcGYI INT\u00c9ZM\u00c9NYT\u0150L &hellip;<\/p>\n","protected":false},"author":101234,"featured_media":0,"parent":49,"menu_order":0,"comment_status":"closed","ping_status":"closed","template":"","meta":{"_acf_changed":false,"footnotes":""},"categories":[],"tags":[],"class_list":["post-838","page","type-page","status-publish","hentry"],"acf":[],"_links":{"self":[{"href":"https:\/\/semmelweis.hu\/neurologia\/wp-json\/wp\/v2\/pages\/838","targetHints":{"allow":["GET"]}}],"collection":[{"href":"https:\/\/semmelweis.hu\/neurologia\/wp-json\/wp\/v2\/pages"}],"about":[{"href":"https:\/\/semmelweis.hu\/neurologia\/wp-json\/wp\/v2\/types\/page"}],"author":[{"embeddable":true,"href":"https:\/\/semmelweis.hu\/neurologia\/wp-json\/wp\/v2\/users\/101234"}],"replies":[{"embeddable":true,"href":"https:\/\/semmelweis.hu\/neurologia\/wp-json\/wp\/v2\/comments?post=838"}],"version-history":[{"count":6,"href":"https:\/\/semmelweis.hu\/neurologia\/wp-json\/wp\/v2\/pages\/838\/revisions"}],"predecessor-version":[{"id":1585,"href":"https:\/\/semmelweis.hu\/neurologia\/wp-json\/wp\/v2\/pages\/838\/revisions\/1585"}],"up":[{"embeddable":true,"href":"https:\/\/semmelweis.hu\/neurologia\/wp-json\/wp\/v2\/pages\/49"}],"wp:attachment":[{"href":"https:\/\/semmelweis.hu\/neurologia\/wp-json\/wp\/v2\/media?parent=838"}],"wp:term":[{"taxonomy":"category","embeddable":true,"href":"https:\/\/semmelweis.hu\/neurologia\/wp-json\/wp\/v2\/categories?post=838"},{"taxonomy":"post_tag","embeddable":true,"href":"https:\/\/semmelweis.hu\/neurologia\/wp-json\/wp\/v2\/tags?post=838"}],"curies":[{"name":"wp","href":"https:\/\/api.w.org\/{rel}","templated":true}]}}