{"id":83,"date":"2012-08-27T13:52:51","date_gmt":"2012-08-27T13:52:51","guid":{"rendered":"http:\/\/semmelweis-egyetem.hu\/neurologia\/?page_id=83"},"modified":"2024-10-08T13:47:11","modified_gmt":"2024-10-08T11:47:11","slug":"cerebrovascularis-szakrendeles","status":"publish","type":"page","link":"https:\/\/semmelweis.hu\/neurologia\/betegellatas\/jarobeteg-ellatas\/cerebrovascularis-szakrendeles\/","title":{"rendered":"Cerebrovascularis Szakrendel\u00e9s"},"content":{"rendered":"<p><strong>\u00a0<\/strong><\/p>\n<table style=\"height: 485px;width: 66.142%\" border=\"1\" cellspacing=\"0\" cellpadding=\"0\">\n<tbody>\n<tr style=\"height: 24px\">\n<td style=\"height: 24px;width: 32.86%\" valign=\"top\"><strong>Orvos neve<\/strong><\/td>\n<td style=\"height: 24px;width: 33.4686%;text-align: left\" valign=\"top\"><strong>Rendel\u00e9si id\u0151<\/strong><\/td>\n<td style=\"height: 24px;width: 54.804%\" valign=\"top\"><strong>Id\u0151pont k\u00e9r\u00e9se<\/strong><\/td>\n<\/tr>\n<tr style=\"height: 140px\">\n<td style=\"width: 32.86%;height: 140px;text-align: left\">\n<p><strong>Dr. Debreczeni R\u00f3bert, PhD,<\/strong> neurol\u00f3gus szakorvos, egyetemi adjunktus<\/p>\n<\/td>\n<td style=\"width: 33.4686%;height: 140px;text-align: left\">\n<p>szerda<\/p>\n<\/td>\n<td style=\"width: 54.804%;height: 140px;text-align: left\">\n<p>egy\u00e9ni\u00a0megbesz\u00e9l\u00e9s szerint<\/p>\n<\/td>\n<\/tr>\n<tr style=\"height: 96px\">\n<td style=\"height: 96px;width: 32.86%;text-align: left\" valign=\"top\">\n<p><strong>Dr. Gunda Bence PhD<\/strong><br \/>\nneurol\u00f3gus szakorvos<br \/>\negyetemi adjunktus<\/p>\n<\/td>\n<td style=\"height: 96px;width: 33.4686%;text-align: left\" valign=\"top\">\n<p>szerda 11-13<br \/>\nvagy <br \/>\n13-15 \u00f3ra<\/p>\n<\/td>\n<td style=\"height: 96px;width: 54.804%;text-align: left\" valign=\"top\">\n<p>semmelweis.stroke.centrum@gmail.com, tel: 0620-6663279<\/p>\n<\/td>\n<\/tr>\n<tr style=\"height: 81px\">\n<td style=\"height: 81px;width: 32.86%;text-align: left\" valign=\"top\">\n<p><strong>Dr. Ilniczky S\u00e1ndor<\/strong>, neurol\u00f3gus szakorvos<\/p>\n<\/td>\n<td style=\"height: 81px;width: 33.4686%;text-align: left\" valign=\"top\">kedd 8-12h<br \/>\ncs\u00fct\u00f6rt\u00f6k 8-12h<\/td>\n<td style=\"height: 81px;width: 54.804%;text-align: left\" valign=\"top\">egy\u00e9ni megbesz\u00e9l\u00e9s szerint<\/td>\n<\/tr>\n<tr style=\"height: 144px\">\n<td style=\"height: 144px;width: 32.86%;text-align: left\" valign=\"top\"><strong>Dr. Kov\u00e1cs Tibor<\/strong>, PhD, med.habil, neurol\u00f3gus, neuropathol\u00f3gus szakorvos, egyetemi tan\u00e1r<\/td>\n<td style=\"height: 144px;width: 33.4686%;text-align: left\" valign=\"top\">egy\u00e9ni megbesz\u00e9l\u00e9s szerint<\/td>\n<td style=\"height: 144px;width: 54.804%;text-align: left\" valign=\"top\">egy\u00e9ni megbesz\u00e9l\u00e9s szerint<\/td>\n<\/tr>\n<\/tbody>\n<\/table>\n<p><strong><span style=\"text-decoration: underline\">\u00c1ltal\u00e1nos inform\u00e1ci\u00f3k<\/span><\/strong><\/p>\n<p>A cerebrovascularis betegs\u00e9g az agy v\u00e9rkering\u00e9si zavar\u00e1t jelenti, stroke betegs\u00e9gnek, guta\u00fct\u00e9snek vagy sz\u00e9l\u00fct\u00e9snek is nevezik. A cerebrovascularis betegs\u00e9gek vil\u00e1gszerte vezet\u0151 helyen szerepelnek a megbeteged\u00e9si, rokkants\u00e1gi \u00e9s hal\u00e1loz\u00e1si list\u00e1kon. Megk\u00fcl\u00f6nb\u00f6ztet\u00fcnk ischaemi\u00e1s \u00e9s v\u00e9rz\u00e9ses stroke betegs\u00e9get. A betegs\u00e9g id\u0151ben val\u00f3 felismer\u00e9se, a beteg miel\u0151bbi k\u00f3rh\u00e1zba ker\u00fcl\u00e9se fontos, mert az ischaemi\u00e1s cerebrovascularis betegs\u00e9g eset\u00e9n csak 4,5 \u00f3ra \u00e1ll rendelkez\u00e9sre a hat\u00e9kony kezel\u00e9s megkezd\u00e9s\u00e9ig. A betegek gondoz\u00e1sa nagyon fontos, mert a betegs\u00e9g ism\u00e9tl\u0151dhet. Az ism\u00e9tl\u0151d\u00e9s kiv\u00e9d\u00e9s\u00e9ben szerepe van a hajlamos\u00edt\u00f3 t\u00e9nyez\u0151k (\u00fagynevezett rizik\u00f3faktorok) felismer\u00e9s\u00e9nek \u00e9s kezel\u00e9s\u00e9nek. Kezelhet\u0151 hajlamos\u00edt\u00f3 t\u00e9nyez\u0151 a magasv\u00e9rnyom\u00e1s betegs\u00e9g, a cukorbetegs\u00e9g, a sz\u00edvbetegs\u00e9gek egy csoportja, az emelkedett v\u00e9rzs\u00edross\u00e1g, a doh\u00e1nyz\u00e1s, a m\u00e9rt\u00e9ktelen alkoholfogyaszt\u00e1s, az elh\u00edz\u00e1s.<\/p>\n<p>A betegeket f\u00e9l\u00e9vente, \u00e9vente egyszer kontroll\u00e1ljuk.<\/p>\n<p>\u00daj betegek vizsg\u00e1latakor a betegs\u00e9ggel kapcsolatos minden kor\u00e1bbi orvosi dokument\u00e1ci\u00f3t el kell hozni.<\/p>\n<p>\u00daj betegn\u00e9l h\u00e1ziorvosi vagy szakorvosi beutal\u00f3ra van sz\u00fcks\u00e9g. Kontroll vizsg\u00e1latra nem sz\u00fcks\u00e9ges beutal\u00f3. Amennyiben az el\u0151z\u0151 vizsg\u00e1lat egy \u00e9vn\u00e9l r\u00e9gebben t\u00f6rt\u00e9nt, akkor \u00fajb\u00f3l beutal\u00f3ra van sz\u00fcks\u00e9g. A rendel\u00e9s el\u0151jegyz\u00e9ssel m\u0171k\u00f6dik. Az el\u0151jegyz\u00e9si id\u0151pontokat\u00a0igyeksz\u00fcnk tartani, azonban tekintettel arra, hogy a rendel\u00e9st v\u00e9gz\u0151 orvosok fekv\u0151beteg\u00a0oszt\u00e1lyon is dolgoznak, el\u0151fordul, hogy v\u00e1rakozniuk kell az el\u0151jegyzett betegeknek is.<\/p>\n<p>&nbsp;<\/p>\n","protected":false},"excerpt":{"rendered":"<p>\u00a0 Orvos neve Rendel\u00e9si id\u0151 Id\u0151pont k\u00e9r\u00e9se Dr. Debreczeni R\u00f3bert, PhD, neurol\u00f3gus szakorvos, egyetemi adjunktus szerda egy\u00e9ni\u00a0megbesz\u00e9l\u00e9s szerint Dr. Gunda Bence PhD neurol\u00f3gus szakorvos egyetemi adjunktus szerda 11-13 vagy 13-15 \u00f3ra semmelweis.stroke.centrum@gmail.com, tel: 0620-6663279 Dr. Ilniczky S\u00e1ndor, neurol\u00f3gus szakorvos kedd 8-12h cs\u00fct\u00f6rt\u00f6k 8-12h egy\u00e9ni megbesz\u00e9l\u00e9s szerint Dr. Kov\u00e1cs Tibor, PhD, med.habil, neurol\u00f3gus, neuropathol\u00f3gus szakorvos, egyetemi &hellip;<\/p>\n","protected":false},"author":80,"featured_media":0,"parent":64,"menu_order":0,"comment_status":"open","ping_status":"open","template":"","meta":{"_acf_changed":false,"footnotes":""},"categories":[],"tags":[],"class_list":["post-83","page","type-page","status-publish","hentry"],"acf":[],"_links":{"self":[{"href":"https:\/\/semmelweis.hu\/neurologia\/wp-json\/wp\/v2\/pages\/83","targetHints":{"allow":["GET"]}}],"collection":[{"href":"https:\/\/semmelweis.hu\/neurologia\/wp-json\/wp\/v2\/pages"}],"about":[{"href":"https:\/\/semmelweis.hu\/neurologia\/wp-json\/wp\/v2\/types\/page"}],"author":[{"embeddable":true,"href":"https:\/\/semmelweis.hu\/neurologia\/wp-json\/wp\/v2\/users\/80"}],"replies":[{"embeddable":true,"href":"https:\/\/semmelweis.hu\/neurologia\/wp-json\/wp\/v2\/comments?post=83"}],"version-history":[{"count":10,"href":"https:\/\/semmelweis.hu\/neurologia\/wp-json\/wp\/v2\/pages\/83\/revisions"}],"predecessor-version":[{"id":1610,"href":"https:\/\/semmelweis.hu\/neurologia\/wp-json\/wp\/v2\/pages\/83\/revisions\/1610"}],"up":[{"embeddable":true,"href":"https:\/\/semmelweis.hu\/neurologia\/wp-json\/wp\/v2\/pages\/64"}],"wp:attachment":[{"href":"https:\/\/semmelweis.hu\/neurologia\/wp-json\/wp\/v2\/media?parent=83"}],"wp:term":[{"taxonomy":"category","embeddable":true,"href":"https:\/\/semmelweis.hu\/neurologia\/wp-json\/wp\/v2\/categories?post=83"},{"taxonomy":"post_tag","embeddable":true,"href":"https:\/\/semmelweis.hu\/neurologia\/wp-json\/wp\/v2\/tags?post=83"}],"curies":[{"name":"wp","href":"https:\/\/api.w.org\/{rel}","templated":true}]}}