{"id":81,"date":"2012-08-27T13:42:22","date_gmt":"2012-08-27T13:42:22","guid":{"rendered":"http:\/\/semmelweis-egyetem.hu\/neurologia\/?page_id=81"},"modified":"2025-10-16T13:48:32","modified_gmt":"2025-10-16T11:48:32","slug":"neuroimmunologiai-sclerosis-multiplex-szakrendeles","status":"publish","type":"page","link":"https:\/\/semmelweis.hu\/neurologia\/betegellatas\/jarobeteg-ellatas\/neuroimmunologiai-sclerosis-multiplex-szakrendeles\/","title":{"rendered":"Neuroimmunol\u00f3giai (sclerosis multiplex) Szakrendel\u00e9s"},"content":{"rendered":"<p><strong><span style=\"text-decoration: underline\">A szakrendel\u00e9s vezet\u0151je<\/span><\/strong><span style=\"text-decoration: underline\">:<\/span><\/p>\n<p><em>Dr. Sim\u00f3 Magdolna<\/em>, PhD, \u00a0egyetemi docens<br \/>\nneurol\u00f3gus \u00e9s klinikai neurofiziol\u00f3gus szakorvos<\/p>\n<p><strong><span style=\"text-decoration: underline\">Munkat\u00e1rsak:<\/span><\/strong><\/p>\n<p><em>Dr. Iljicsov Anna PhD,<\/em> egyetemi adjunktus, neurol\u00f3gus szakorvos<\/p>\n<p><em>Dr. Milanovich D\u00e1niel,\u00a0<\/em>neurol\u00f3gus \u00e9s klinikai immunol\u00f3gus szakorvos<\/p>\n<p><em>Dr Mezei Zsolt PhD,<\/em> egyetemi adjunktus, neurol\u00f3gus szakorvos<\/p>\n<p><em>Dr Tegze N\u00e1rcis<\/em>, klinikai f\u0151orvos<\/p>\n<p><strong><span style=\"text-decoration: underline\">\u00c1ltal\u00e1nos inform\u00e1ci\u00f3k:<\/span><\/strong><\/p>\n<p>A szakrendel\u00e9sen az idegrendszert \u00e9rint\u0151 immunol\u00f3giai k\u00f3rk\u00e9pekben szenved\u0151 betegeket (sclerosis multiplex, Devic betegs\u00e9g, agyi vasculitis, stb.) fogadjuk.<\/p>\n<p>A sclerosis multiplex a leggyakoribb k\u00f6zponti idegrendszeri autoimmun megbeteged\u00e9s, ami els\u0151sorban a fiatal feln\u0151tteket \u00e9rinti. A betegs\u00e9g a k\u00f6zponti idegrendszer<br \/>\ncsaknem minden ter\u00fclet\u00e9t \u00e9rintheti, ennek megfelel\u0151en t\u00fcnettana igen<br \/>\nv\u00e1ltozatos. A diagn\u00f3zis fel\u00e1ll\u00edt\u00e1s\u00e1hoz k\u00e9palkot\u00f3 vizsg\u00e1lat (M\u00e1gneses rezonancia<br \/>\n\u2013MRI-), elektrofiziol\u00f3giai vizsg\u00e1latok, agyv\u00edz vizsg\u00e1lat ny\u00fajthatnak seg\u00edts\u00e9get<br \/>\n\u2013 ezek mindegyike el\u00e9rhet\u0151 a Klinik\u00e1n.<\/p>\n<p>A sclerosis multiplexes betegek t\u00f6bbs\u00e9g\u00e9n\u00e9l ma m\u00e1r hossz\u00fat\u00e1v\u00fa, az immunrendszer m\u0171k\u00f6d\u00e9s\u00e9re hat\u00f3 gy\u00f3gyszerel\u00e9s alkalmazhat\u00f3. A Klinik\u00e1n gondozott betegek h\u00e1rom havonta jelennek meg ambul\u00e1ns kontroll vizsg\u00e1laton.<\/p>\n<p><strong><span style=\"text-decoration: underline\">Beutal\u00e1s rendje \/el\u00e9rhet\u0151s\u00e9gek:<\/span><\/strong><\/p>\n<p>A neuroimmunol\u00f3giai szakrendel\u00e9sen \u00faj beteget kiz\u00e1r\u00f3lag el\u0151zetes megbesz\u00e9l\u00e9st<br \/>\nk\u00f6vet\u0151en, beutal\u00f3val fogadunk.<\/p>\n<p>A rendel\u00e9s el\u0151jegyz\u00e9ssel m\u0171k\u00f6dik.<\/p>\n<p>Rendel\u00e9si id\u0151: \u00a0kedd, p\u00e9ntek d\u00e9lel\u0151tt, illetve egy\u00e9ni megbesz\u00e9l\u00e9s alapj\u00e1n.<\/p>\n<p>Id\u0151pontot telefonon lehet egyeztetni:<\/p>\n<ul>\n<li>El\u0151jegyz\u00e9si telefonvonal <strong>munkaid\u0151ben:\u00a006-1-210-0330<\/strong><\/li>\n<\/ul>\n","protected":false},"excerpt":{"rendered":"<p>A szakrendel\u00e9s vezet\u0151je: Dr. Sim\u00f3 Magdolna, PhD, \u00a0egyetemi docens neurol\u00f3gus \u00e9s klinikai neurofiziol\u00f3gus szakorvos Munkat\u00e1rsak: Dr. Iljicsov Anna PhD, egyetemi adjunktus, neurol\u00f3gus szakorvos Dr. Milanovich D\u00e1niel,\u00a0neurol\u00f3gus \u00e9s klinikai immunol\u00f3gus szakorvos Dr Mezei Zsolt PhD, egyetemi adjunktus, neurol\u00f3gus szakorvos Dr Tegze N\u00e1rcis, klinikai f\u0151orvos \u00c1ltal\u00e1nos inform\u00e1ci\u00f3k: A szakrendel\u00e9sen az idegrendszert \u00e9rint\u0151 immunol\u00f3giai k\u00f3rk\u00e9pekben szenved\u0151 betegeket (sclerosis &hellip;<\/p>\n","protected":false},"author":80,"featured_media":0,"parent":64,"menu_order":0,"comment_status":"closed","ping_status":"closed","template":"","meta":{"_acf_changed":false,"footnotes":""},"categories":[],"tags":[],"class_list":["post-81","page","type-page","status-publish","hentry"],"acf":[],"_links":{"self":[{"href":"https:\/\/semmelweis.hu\/neurologia\/wp-json\/wp\/v2\/pages\/81","targetHints":{"allow":["GET"]}}],"collection":[{"href":"https:\/\/semmelweis.hu\/neurologia\/wp-json\/wp\/v2\/pages"}],"about":[{"href":"https:\/\/semmelweis.hu\/neurologia\/wp-json\/wp\/v2\/types\/page"}],"author":[{"embeddable":true,"href":"https:\/\/semmelweis.hu\/neurologia\/wp-json\/wp\/v2\/users\/80"}],"replies":[{"embeddable":true,"href":"https:\/\/semmelweis.hu\/neurologia\/wp-json\/wp\/v2\/comments?post=81"}],"version-history":[{"count":9,"href":"https:\/\/semmelweis.hu\/neurologia\/wp-json\/wp\/v2\/pages\/81\/revisions"}],"predecessor-version":[{"id":1725,"href":"https:\/\/semmelweis.hu\/neurologia\/wp-json\/wp\/v2\/pages\/81\/revisions\/1725"}],"up":[{"embeddable":true,"href":"https:\/\/semmelweis.hu\/neurologia\/wp-json\/wp\/v2\/pages\/64"}],"wp:attachment":[{"href":"https:\/\/semmelweis.hu\/neurologia\/wp-json\/wp\/v2\/media?parent=81"}],"wp:term":[{"taxonomy":"category","embeddable":true,"href":"https:\/\/semmelweis.hu\/neurologia\/wp-json\/wp\/v2\/categories?post=81"},{"taxonomy":"post_tag","embeddable":true,"href":"https:\/\/semmelweis.hu\/neurologia\/wp-json\/wp\/v2\/tags?post=81"}],"curies":[{"name":"wp","href":"https:\/\/api.w.org\/{rel}","templated":true}]}}