{"id":80,"date":"2012-08-27T13:39:00","date_gmt":"2012-08-27T13:39:00","guid":{"rendered":"http:\/\/semmelweis-egyetem.hu\/neurologia\/?page_id=80"},"modified":"2023-09-29T11:23:28","modified_gmt":"2023-09-29T09:23:28","slug":"mozgaszavar-ambulancia","status":"publish","type":"page","link":"https:\/\/semmelweis.hu\/neurologia\/betegellatas\/jarobeteg-ellatas\/mozgaszavar-ambulancia\/","title":{"rendered":"Parkinson-k\u00f3r \u00e9s Mozg\u00e1szavarok Szakrendel\u00e9s"},"content":{"rendered":"<p>Klinik\u00e1nkon az orsz\u00e1gban els\u0151k\u00e9nt, 1975-ben alak\u00edtottunk ki j\u00e1r\u00f3beteg rendel\u00e9st Parkinson-k\u00f3rban \u00e9s egy\u00e9b mozg\u00e1szavarban szenved\u0151 betegek sz\u00e1m\u00e1ra, \u00edgy m\u00e1ra az orsz\u00e1g legnagyobb betegforgalm\u00fa betegell\u00e1t\u00f3 k\u00f6zpontja lett\u00fcnk. N\u00e9h\u00e1ny \u00e9vvel a kezdetek ut\u00e1n fekv\u0151beteg r\u00e9szleget is l\u00e9trehoztunk.<\/p>\n<p>Ma kb. 1500 beteget gondozunk \u00e9s 12 \u00e1gy \u00e1ll rendelkez\u00e9s\u00fcnkre a mozg\u00e1szavarok int\u00e9zeti kezel\u00e9s\u00e9re.<\/p>\n<p><strong>Az ambulancia \u00e9s a Parkinson-oszt\u00e1ly vezet\u0151je:<\/strong><\/p>\n<p>dr. Tak\u00e1ts Annam\u00e1ria klinikai f\u0151orvos <em>neurol\u00f3gus, psychi\u00e1ter \u00e9s klinikai farmakol\u00f3gus <\/em><\/p>\n<p><strong>helyettes:<\/strong><\/p>\n<p>dr. Tam\u00e1s Gertr\u00fad PhD, egyetemi adjunktus <em>neurol\u00f3gus<\/em><\/p>\n<p><strong>munkat\u00e1rsak:<\/strong><\/p>\n<p>dr. Kelemen Andrea, klinikai szakorvos<br \/>\ndr. T\u00f3th Adri\u00e1n, klinikai szakorvos<br \/>\nUdvarhelyi Edina gy\u00f3gytorn\u00e1sz<\/p>\n<p><strong><em>\u00c1ltal\u00e1nos inform\u00e1ci\u00f3k<\/em><\/strong><\/p>\n<p>Szakrendel\u00e9s\u00fcnk\u00f6n a Parkinson-k\u00f3rban \u00e9s Parkinson-szindr\u00f3m\u00e1kban, valamint az egy\u00e9b mozg\u00e1szavarokban (pl. Huntington-chorea, Wilson-k\u00f3r, k\u00fcl\u00f6nf\u00e9le dystoni\u00e1k stb.) szenved\u0151 betegeket fogadjuk.<\/p>\n<p>A Parkinson-k\u00f3r a m\u00e1sodik leggyakoribb \u00fan. degenerat\u00edv idegrendszeri betegs\u00e9g az Alzheimer-k\u00f3r ut\u00e1n, gyakoris\u00e1ga ma m\u00e1r 200-400\/100 000 lakos. El\u0151fordul\u00e1sa 65 \u00e9v felett a m\u00e1sodlagos parkinsonos-t\u00fcnetekkel is j\u00e1r\u00f3 betegs\u00e9gekkel, az \u00fan. Parkinson-szindr\u00f3m\u00e1kkal egy\u00fctt ennek t\u00edz\u2013h\u00faszszorosa is lehet. Magyarorsz\u00e1gon becsl\u00e9sek alapj\u00e1n 20-30 000 beteggel sz\u00e1molhatunk.<\/p>\n<p>A Parkinson-k\u00f3r t\u00fcnetei m\u00e1s degenerat\u00edv idegrendszeri betegs\u00e9gekben, gy\u00f3gyszerek mell\u00e9khat\u00e1sak\u00e9nt, idegrendszeri gyullad\u00e1st \u00e9s t\u00f6bbsz\u00f6r\u00f6s s\u00e9r\u00fcl\u00e9st k\u00f6vet\u0151en, valamint az idegrendszeri \u00e9rk\u00e1rosod\u00e1sokkal j\u00e1r\u00f3 (vascularis) betegs\u00e9gekben is kialakulhatnak (Parkinson-szindr\u00f3m\u00e1k).<\/p>\n<p>A Parkinson-k\u00f3r oka ismeretlen. Genetikai \u00e9s k\u00f6rnyezeti t\u00e9nyez\u0151k egy\u00fctt tehet\u0151k felel\u0151ss\u00e9 a betegs\u00e9g kialakul\u00e1s\u00e1\u00e9rt. A betegs\u00e9g a mozg\u00e1slassul\u00e1ssal \u00e9s izommerevs\u00e9ggel jellemezhet\u0151 mozg\u00e1szavarok k\u00f6z\u00e9 tartozik, gyakori t\u00fcnete m\u00e9g a nyugalmi remeg\u00e9s. A t\u00fcnetek kezdetben f\u00e9loldaliak, \u00e9s az aszimmetria a betegs\u00e9g lefoly\u00e1sa sor\u00e1n mindv\u00e9gig megfigyelhet\u0151. A betegek kb. egyharmad\u00e1ban remeg\u00e9s soha nem l\u00e9p fel. A nemzetk\u00f6zi krit\u00e9riumok szerint a diagn\u00f3zist ma is a klinikai t\u00fcnetek alapj\u00e1n \u00e1ll\u00edtjuk fel.<\/p>\n<p>Parkinson-k\u00f3rban a motoros t\u00fcneteken k\u00edv\u00fcl nem\u2013motoros t\u00fcnetek is jelentkeznek, melyek gyakran jobban befoly\u00e1solj\u00e1k a betegek \u00e9letmin\u0151s\u00e9g\u00e9t, mint a mozg\u00e1s-t\u00fcnetek. Leggyakoribb a szagl\u00e1scs\u00f6kken\u00e9s, depresszi\u00f3 \u00e9s p\u00e1nik rohamok, nyugtalan alv\u00e1s \u00e9s a sz\u00e9kreked\u00e9sre val\u00f3 hajlam. Id\u0151s korban, hosszan tart\u00f3 betegs\u00e9g ut\u00e1n szellemi hanyatl\u00e1s is el\u0151fordulhat. Auton\u00f3m (vegetat\u00edv) zavarok is kialakulhatnak: h\u0151szab\u00e1lyoz\u00e1si \u00e9s v\u00e9rnyom\u00e1s szab\u00e1lyoz\u00e1si zavar (fel\u00e1ll\u00e1skor jelent\u0151sen cs\u00f6kken\u0151 v\u00e9rnyom\u00e1s), vizelettart\u00e1si zavar, sexualis dysfunctio, sz\u00e9kreked\u00e9s. Jellemz\u0151 t\u00fcnet lehet a f\u00e1rad\u00e9konys\u00e1g.<\/p>\n<p><strong><span style=\"text-decoration: underline\">Kezel\u00e9s<\/span><\/strong><\/p>\n<p>Korszer\u0171 kezel\u00e9ssel jelent\u0151sen jav\u00edthat\u00f3 a betegek \u00e9letmin\u0151s\u00e9ge \u00e9s \u00e9letkil\u00e1t\u00e1sa, hossz\u00fa \u00e9vekig megtarthatj\u00e1k munkak\u00e9pess\u00e9g\u00fcket.<\/p>\n<p>A kezel\u00e9s \u201caranym\u00e9rt\u00e9ke\u201d a levodopa, mely a dopamin el\u0151anyaga. Gyakran alkalmazunk azonban m\u00e1s gy\u00f3gyszereket is, pl. dopamin-szer\u0171 hat\u00f3anyagokat.<\/p>\n<p>El\u0151rehaladott Parkinson-k\u00f3rban \u00faj lehet\u0151s\u00e9g \u2013 haz\u00e1nkban is &#8211; a gyomron kereszt\u00fcl a v\u00e9konyb\u00e9lbe juttatott intesztin\u00e1lis levodopa inf\u00fazi\u00f3, \u00e9s a m\u0171t\u00e9ti elj\u00e1r\u00e1s, a m\u00e9ly agyi stimul\u00e1ci\u00f3. Ezek a kezel\u00e9sek akkor indokoltak, ha a szok\u00e1sos, sz\u00e1jon \u00e1t adott gy\u00f3gyszerekkel nem tudjuk kell\u0151en jav\u00edtani a beteg \u00e9letmin\u0151s\u00e9g\u00e9t.<\/p>\n<p><strong><em>F\u0151 profilunk<\/em><\/strong><em>:<\/em><\/p>\n<ul>\n<li>korai diagn\u00f3zis fel\u00e1ll\u00edt\u00e1sa (korszer\u0171 m\u0171szeres h\u00e1tt\u00e9rrel)<\/li>\n<li>Parkinson-k\u00f3r \u00e9s Parkinson-szindr\u00f3m\u00e1k elk\u00fcl\u00f6n\u00edt\u0151 diagn\u00f3zisa<\/li>\n<li>a mindenkori legkorszer\u0171bb gy\u00f3gyszeres kezel\u00e9s be\u00e1ll\u00edt\u00e1sa<\/li>\n<li>nem gy\u00f3gyszeres kezel\u00e9s (pl. torna, mozg\u00e1s, besz\u00e9d \u2013\u00e9s hangter\u00e1pia)<\/li>\n<li>az el\u0151rehaladott betegs\u00e9g kezel\u00e9se, melyben k\u00fcl\u00f6n hangs\u00falyt kap a m\u0171t\u00e9ti kezel\u00e9s (m\u00e9ly agyi stimul\u00e1ci\u00f3) \u00e9s a duoden\u00e1lis levodopa inf\u00fazi\u00f3. Mindk\u00e9t kezel\u00e9st tekintve klinik\u00e1nk centrumk\u00e9nt m\u0171k\u00f6dik a beavatkoz\u00e1sok el\u0151tti kivizsg\u00e1l\u00e1sban \u00e9s az ut\u00f3gondoz\u00e1sban.<\/li>\n<li>a genetikai vizsg\u00e1latok lehet\u0151s\u00e9ge sokszor seg\u00edt a diagn\u00f3zis fel\u00e1ll\u00edt\u00e1s\u00e1ban<\/li>\n<li>minden m\u0171szeres adotts\u00e1gunk \u00e9s szakk\u00e9pes\u00edt\u00e9s\u00fcnk megvan a korszer\u0171 klinikai vizsg\u00e1latokban val\u00f3 r\u00e9szv\u00e9telre<\/li>\n<\/ul>\n<p><strong>M\u0171szeres remeg\u00e9s vizsg\u00e1lat \/tremorometria\/<\/strong><strong>:<\/strong><\/p>\n<p><em>dr. Farkas Zsuzsanna<\/em>, neurol\u00f3gus szakorvos<\/p>\n<p><em>dr. Farsang Marianna<\/em> neurol\u00f3gus szakorvos, klinikai farmakol\u00f3gus \/00 36 20 8250362\/<\/p>\n<p><strong>H\u00e1romdimenzi\u00f3s tremor \u00e9s mozg\u00e1selemz\u00e9s, j\u00e1r\u00e1svizsg\u00e1lat:<\/strong><\/p>\n<p><em>Dr. Tam\u00e1s Gertr\u00fad<\/em>\u00a0id\u0151pont a Neurol\u00f3giai Klinika Felv\u00e9teli Irod\u00e1j\u00e1ban k\u00e9rhet\u0151: 210-0330\/51190<\/p>\n<p>&nbsp;<\/p>\n<p>&nbsp;<\/p>\n<p>Els\u0151sorban k\u00f6telez\u0151 ell\u00e1t\u00e1si ter\u00fclet\u00fcnkr\u0151l fogadunk betegeket, de ter\u00fcleten k\u00edv\u00fcli betegek fogad\u00e1s\u00e1ra is van lehet\u0151s\u00e9g.\u00a0 Indokolt esetben az orsz\u00e1g eg\u00e9sz ter\u00fclet\u00e9r\u0151l, neurol\u00f3gus szakorvosi beutal\u00f3val fogadhatunk beteget. Kontroll vizsg\u00e1latra nem sz\u00fcks\u00e9ges beutal\u00f3.<\/p>\n<p>Els\u0151 vizsg\u00e1latkor a betegs\u00e9gre vonatkoz\u00f3 kor\u00e1bbi orvosi dokument\u00e1ci\u00f3t k\u00e9rj\u00fck elhozni.<\/p>\n<p>Az ambul\u00e1ns \u00e9s fekv\u0151 betegek ell\u00e1t\u00e1sa, valamint a fizioter\u00e1pi\u00e1ra val\u00f3 jelentkez\u00e9s el\u0151jegyz\u00e9s alapj\u00e1n t\u00f6rt\u00e9nik, el\u0151jegyz\u00e9st a\u00a0 210-0330\/ 51193 -es telefonsz\u00e1mon lehet kapni.<br \/>\nDr. Tak\u00e1ts Annam\u00e1ri\u00e1hoz id\u0151pontot a 210-0330\/51206 -s telefonsz\u00e1mon lehet k\u00e9rni.<\/p>\n<p><em>Rendel\u00e9si id\u0151:<\/em> kedd- szerda \u2013 cs\u00fct\u00f6rt\u00f6k 12.00 \u2013 16.00 \u00f3ra k\u00f6z\u00f6tt<\/p>\n<p><strong><em>Fizioter\u00e1pia:<\/em><\/strong>\u00a0Udvarhelyi Edina, csoportos foglalkoz\u00e1s: h\u00e9tf\u0151n \u00e9s cs\u00fct\u00f6rt\u00f6k\u00f6n 10.00 &#8211; 11.00-ig el\u0151zetes \u00e1llapotfelm\u00e9r\u00e9s alapj\u00e1n.\u00a0<\/p>\n<p><strong><em>Hang-\u00e9nekter\u00e1pia:<\/em><\/strong>\u00a0Hasznosi Judit, h\u00e9tf\u0151n \u00e9s cs\u00fct\u00f6rt\u00f6k\u00f6n 11.00-12.00-ig.\u00a0<\/p>\n","protected":false},"excerpt":{"rendered":"<p>Klinik\u00e1nkon az orsz\u00e1gban els\u0151k\u00e9nt, 1975-ben alak\u00edtottunk ki j\u00e1r\u00f3beteg rendel\u00e9st Parkinson-k\u00f3rban \u00e9s egy\u00e9b mozg\u00e1szavarban szenved\u0151 betegek sz\u00e1m\u00e1ra, \u00edgy m\u00e1ra az orsz\u00e1g legnagyobb betegforgalm\u00fa betegell\u00e1t\u00f3 k\u00f6zpontja lett\u00fcnk. N\u00e9h\u00e1ny \u00e9vvel a kezdetek ut\u00e1n fekv\u0151beteg r\u00e9szleget is l\u00e9trehoztunk. Ma kb. 1500 beteget gondozunk \u00e9s 12 \u00e1gy \u00e1ll rendelkez\u00e9s\u00fcnkre a mozg\u00e1szavarok int\u00e9zeti kezel\u00e9s\u00e9re. Az ambulancia \u00e9s a Parkinson-oszt\u00e1ly vezet\u0151je: dr. &hellip;<\/p>\n","protected":false},"author":80,"featured_media":0,"parent":64,"menu_order":0,"comment_status":"open","ping_status":"open","template":"","meta":{"_acf_changed":false,"footnotes":""},"categories":[],"tags":[],"class_list":["post-80","page","type-page","status-publish","hentry"],"acf":[],"_links":{"self":[{"href":"https:\/\/semmelweis.hu\/neurologia\/wp-json\/wp\/v2\/pages\/80","targetHints":{"allow":["GET"]}}],"collection":[{"href":"https:\/\/semmelweis.hu\/neurologia\/wp-json\/wp\/v2\/pages"}],"about":[{"href":"https:\/\/semmelweis.hu\/neurologia\/wp-json\/wp\/v2\/types\/page"}],"author":[{"embeddable":true,"href":"https:\/\/semmelweis.hu\/neurologia\/wp-json\/wp\/v2\/users\/80"}],"replies":[{"embeddable":true,"href":"https:\/\/semmelweis.hu\/neurologia\/wp-json\/wp\/v2\/comments?post=80"}],"version-history":[{"count":9,"href":"https:\/\/semmelweis.hu\/neurologia\/wp-json\/wp\/v2\/pages\/80\/revisions"}],"predecessor-version":[{"id":1469,"href":"https:\/\/semmelweis.hu\/neurologia\/wp-json\/wp\/v2\/pages\/80\/revisions\/1469"}],"up":[{"embeddable":true,"href":"https:\/\/semmelweis.hu\/neurologia\/wp-json\/wp\/v2\/pages\/64"}],"wp:attachment":[{"href":"https:\/\/semmelweis.hu\/neurologia\/wp-json\/wp\/v2\/media?parent=80"}],"wp:term":[{"taxonomy":"category","embeddable":true,"href":"https:\/\/semmelweis.hu\/neurologia\/wp-json\/wp\/v2\/categories?post=80"},{"taxonomy":"post_tag","embeddable":true,"href":"https:\/\/semmelweis.hu\/neurologia\/wp-json\/wp\/v2\/tags?post=80"}],"curies":[{"name":"wp","href":"https:\/\/api.w.org\/{rel}","templated":true}]}}