{"id":79,"date":"2012-08-27T13:38:05","date_gmt":"2012-08-27T13:38:05","guid":{"rendered":"http:\/\/semmelweis-egyetem.hu\/neurologia\/?page_id=79"},"modified":"2025-03-11T14:40:38","modified_gmt":"2025-03-11T13:40:38","slug":"fejfajas-ambulancia","status":"publish","type":"page","link":"https:\/\/semmelweis.hu\/neurologia\/betegellatas\/jarobeteg-ellatas\/fejfajas-ambulancia\/","title":{"rendered":"Fejf\u00e1j\u00e1s Ambulancia"},"content":{"rendered":"<p style=\"text-align: center\"><strong>Fejf\u00e1j\u00e1s Szakrendel\u00e9s<\/strong><\/p>\n<p><em>A rendel\u00e9s feladata \u00e9s m\u0171k\u00f6d\u00e9se:<\/em><\/p>\n<p>A Fejf\u00e1j\u00e1s Szakrendel\u00e9s alapvet\u0151 c\u00e9lja az els\u0151dleges f\u00e1jdalombetegs\u00e9gekkel \u00e9l\u0151k ell\u00e1t\u00e1sa, illetve olyan t\u00fcneti fejf\u00e1j\u00e1sok kezel\u00e9se, ahol a s\u00fcrg\u0151ss\u00e9gi ell\u00e1t\u00e1st ig\u00e9nyl\u0151 k\u00f3rk\u00e9peket m\u00e1r kiz\u00e1rt\u00e1k. Az azonnali ell\u00e1t\u00e1st ig\u00e9nyl\u0151 k\u00f3rk\u00e9pek felismer\u00e9se\/kiz\u00e1r\u00e1s\u00e1ra, a Fejf\u00e1j\u00e1s Szakrendel\u00e9s szervezeti fel\u00e9p\u00edt\u00e9s\u00e9b\u0151l \u00e9s m\u0171k\u00f6d\u00e9si m\u00f3dj\u00e1b\u00f3l (p\u00e9ld\u00e1ul: id\u0151pontra val\u00f3 v\u00e1rakoz\u00e1s) ad\u00f3d\u00f3an nem alkalmas. Azonnali kivizsg\u00e1l\u00e1st \u00e9s ell\u00e1t\u00e1st ig\u00e9nyl\u0151 k\u00f3rk\u00e9pek gyan\u00faja eset\u00e9n (l\u00e1sd lentebb), k\u00e9rj\u00fck, forduljon a s\u00fcrg\u0151ss\u00e9gi ell\u00e1t\u00f3rendszerhez (orvosi \u00fcgyelet, s\u00fcrg\u0151ss\u00e9gi oszt\u00e1lyok, ter\u00fcleti neurol\u00f3giai szakrendel\u00e9s\/oszt\u00e1ly).<br \/>\n<span style=\"font-size: 1rem\">Optim\u00e1lis, ha a Fejf\u00e1j\u00e1s Szakrendel\u00e9sre \u00e9rkez\u0151 betegekn\u00e9l m\u00e1r megt\u00f6rt\u00e9ntek az alapvet\u0151 vizsg\u00e1latok (neurol\u00f3giai vizsg\u00e1lat, k\u00e9palkot\u00f3k, rutin labor, indokolt konz\u00edliumok).<\/span><\/p>\n<p><em>A rendel\u00e9s menete:<\/em><\/p>\n<p>A Fejf\u00e1j\u00e1s Szakrendel\u00e9s orvosi beutal\u00f3val, el\u0151jegyz\u00e9s alapj\u00e1n fogad betegeket. <br \/>\nEl\u0151jegyz\u00e9s a Neurol\u00f3giai Klinika Felv\u00e9teli Irod\u00e1j\u00e1ban k\u00e9rhet\u0151 munkanapokon 11-14 \u00f3ra k\u00f6z\u00f6tt. (A Semmelweis Egyetem telefon k\u00f6zpontj\u00e1n kereszt\u00fcl kell k\u00e9rni a Neurol\u00f3giai Klinika felv\u00e9teli irod\u00e1j\u00e1t, telefonsz\u00e1m: +36 1 210 0330\/51190 mell\u00e9k). Ett\u0151l elt\u00e9r\u0151 id\u0151pontk\u00e9r\u00e9si m\u00f3d eset\u00e9n azt a t\u00e1bl\u00e1zatban kiemelt\u00fck.<br \/>\nK\u00e9rj\u00fck, amennyiben nem tud megjelenni a foglalt id\u0151ponton, t\u00f6r\u00f6ltesse azt!<\/p>\n<table style=\"width: 96.1295%;height: 475px\">\n<tbody>\n<tr style=\"height: 53px\">\n<td style=\"width: 24.5847%;height: 53px\" width=\"149\">\n<p><strong>N\u00e9v:<\/strong><\/p>\n<\/td>\n<td style=\"width: 22.093%;height: 53px\" width=\"134\">\n<p><strong>Beoszt\u00e1s:<\/strong><\/p>\n<\/td>\n<td style=\"width: 29.5681%;height: 53px\" width=\"179\">\n<p><strong>Rendel\u00e9si id\u0151:<\/strong><\/p>\n<\/td>\n<td style=\"width: 143.023%;height: 53px\" width=\"142\">\n<p><strong>Id\u0151pontk\u00e9r\u00e9s:<\/strong><\/p>\n<\/td>\n<\/tr>\n<tr style=\"height: 103px\">\n<td style=\"width: 24.5847%;height: 103px\" width=\"149\">\n<p><strong>Dr Bozsik Gy\u00f6rgy<\/strong><\/p>\n<\/td>\n<td style=\"width: 22.093%;height: 103px\" width=\"134\">\n<p>Klinikai f\u0151orvos<\/p>\n<\/td>\n<td style=\"width: 29.5681%;height: 103px\" width=\"179\">\n<p>Kedd, szerda, cs\u00fct\u00f6rt\u00f6k 12-17 \u00f3ra<\/p>\n<\/td>\n<td style=\"width: 143.023%;height: 103px\" width=\"142\">\n<p>061-2100330\/<\/p>\n<p>51190 mell\u00e9k<\/p>\n<\/td>\n<\/tr>\n<tr style=\"height: 153px\">\n<td style=\"width: 24.5847%;height: 206px\" rowspan=\"2\" width=\"149\">\n<p><strong>Dr Kelemen Andrea Judit<\/strong><\/p>\n<\/td>\n<td style=\"width: 22.093%;height: 206px\" rowspan=\"2\" width=\"134\">\n<p>Egyetemi tan\u00e1rseg\u00e9d<\/p>\n<\/td>\n<td style=\"width: 29.5681%;height: 153px\" width=\"179\">\n<p>Cs\u00fct\u00f6rt\u00f6k\u00f6n<\/p>\n<p>9-15 \u00f3ra<\/p>\n<p>&nbsp;<\/p>\n<\/td>\n<td style=\"width: 143.023%;height: 153px\" width=\"142\">\n<p>061-2100330\/<\/p>\n<p>51190 mell\u00e9k<\/p>\n<\/td>\n<\/tr>\n<tr style=\"height: 53px\">\n<td style=\"width: 29.5681%;height: 53px\" width=\"179\">\n<p>H\u00e9tf\u0151 13-15 \u00f3ra (komplex rendel\u00e9s)<\/p>\n<\/td>\n<td style=\"width: 143.023%;height: 53px\" width=\"142\">\n<p>Beutal\u00e1s a Fejf\u00e1j\u00e1s Szakrendel\u00e9s\u0151l<\/p>\n<\/td>\n<\/tr>\n<tr style=\"height: 103px\">\n<td style=\"width: 24.5847%;height: 103px\" width=\"149\">\n<p><strong>Dr T\u00f3th Adri\u00e1n<\/strong><\/p>\n<\/td>\n<td style=\"width: 22.093%;height: 103px\" width=\"134\">\n<p>Egyetemi tan\u00e1rseg\u00e9d<\/p>\n<\/td>\n<td style=\"width: 29.5681%;height: 103px\" width=\"179\">\n<p>Kialak\u00edt\u00e1s alatt<\/p>\n<\/td>\n<td style=\"width: 143.023%;height: 103px\" width=\"142\">\n<p>061-2100330\/ 51197<\/p>\n<\/td>\n<\/tr>\n<tr style=\"height: 10px\">\n<td style=\"width: 24.5847%;height: 10px\" width=\"149\">\n<p><strong>Dr Szatm\u00e1ri Szabolcs<\/strong><\/p>\n<\/td>\n<td style=\"width: 22.093%;height: 10px\" width=\"134\">\n<p>Egyetemi tan\u00e1rseg\u00e9d<\/p>\n<\/td>\n<td style=\"width: 29.5681%;height: 10px\" width=\"179\">\n<p>Kialak\u00edt\u00e1s alatt<\/p>\n<\/td>\n<td style=\"width: 143.023%;height: 10px\" width=\"142\">\n<p>061-2100330\/<\/p>\n<p>51190 mell\u00e9k<\/p>\n<\/td>\n<\/tr>\n<\/tbody>\n<\/table>\n<p>&nbsp;<\/p>\n<p>Tov\u00e1bbi munkat\u00e1rsak: Dr Heged\u00fcs Katalin: klinikai szakpszichol\u00f3gus.<\/p>\n<p>Az orsz\u00e1gban m\u0171k\u00f6d\u0151 Fejf\u00e1j\u00e1s centrumok list\u00e1j\u00e1t <a href=\"https:\/\/semmelweis.hu\/neurologia\/files\/2024\/10\/fejfajascentrumoklistaja_2024_06_honlapra.xlsx\">ITT<\/a> tal\u00e1lja.\u00a0<br \/>\nAz al\u00e1bbiakban tov\u00e1bbi kieg\u00e9sz\u00edt\u0151 \u00e9s hasznos inform\u00e1ci\u00f3kat olvashat.<\/p>\n<p>&nbsp;<\/p>\n<p>&nbsp;<\/p>\n<p>A fejf\u00e1j\u00e1sok csoportos\u00edt\u00e1sa:<\/p>\n<p>Ismertet\u0151: A fejf\u00e1j\u00e1s a leggyakoribb panaszok egyike, amivel a p\u00e1ciensek orvoshoz fordulnak. Az emberek 70%-a \u00e9lete sor\u00e1n \u00e1t\u00e9l kisebb-nagyobb fejf\u00e1j\u00e1st. M\u00e1s orsz\u00e1gokhoz hasonl\u00f3an Magyarorsz\u00e1gon is magas a rendszeres fejf\u00e1j\u00e1st\u00f3l szenved\u0151k ar\u00e1nya. Amennyiben a panasz csak ritk\u00e1n jelentkezik, spont\u00e1n vagy hagyom\u00e1nyos f\u00e1jdalomcsillap\u00edt\u00f3kra megsz\u0171nik, nem j\u00e1r egy\u00e9b t\u00fcnettel \u00e9s nem okoz \u00e9letmin\u0151s\u00e9gbeli korl\u00e1tozotts\u00e1got, val\u00f3sz\u00edn\u0171leg nincs sz\u00fcks\u00e9g speci\u00e1lis vizsg\u00e1latokra \u00e9s kezel\u00e9sekre. M\u00e1s esetekben a fejf\u00e1j\u00e1s valamilyen egy\u00e9b, ak\u00e1r vesz\u00e9lyes betegs\u00e9g t\u00fcnete is lehet, \u00edgy k\u00e9ts\u00e9g eset\u00e9n kivizsg\u00e1l\u00e1s javasolt.<\/p>\n<p>&nbsp;<\/p>\n<p>A kivizsg\u00e1l\u00e1st \u00e9s kezel\u00e9st ig\u00e9nyl\u0151 fejf\u00e1j\u00e1sok k\u00f6z\u00f6tt megk\u00fcl\u00f6nb\u00f6ztet\u00fcnk:<\/p>\n<p>&#8211; T\u00fcneti fejf\u00e1j\u00e1sokat: amikor a fejf\u00e1j\u00e1st egy m\u00e1sik betegs\u00e9g vagy \u00e1llapot okozza. Ezek k\u00f6z\u00f6tt az okok k\u00f6z\u00f6tt \u00e1rtalmatlan \u00e9s vesz\u00e9lyes okok egyar\u00e1nt \u00e1llhatnak (p\u00e9ld\u00e1ul: kev\u00e9s folyad\u00e9kfogyaszt\u00e1s, magas v\u00e9rnyom\u00e1s betegs\u00e9g, fert\u0151z\u00e9s, agyi t\u00e9rfoglal\u00f3 folyamatok).<br \/>\n&#8211; Els\u0151dleges fejf\u00e1j\u00e1sbetegs\u00e9geket: ezekhez a migr\u00e9n, a tenzi\u00f3s fejf\u00e1j\u00e1s, a cluster fejf\u00e1j\u00e1s tartozik. Ezen k\u00f3rk\u00e9pek t\u00fcnetei \u00e9s jellemz\u0151i k\u00fcl\u00f6nb\u00f6znek, de k\u00f6z\u00f6sek abban, hogy a panaszokat a f\u00e1jdalmat \u00e9rz\u00e9kel\u0151 \u00e9s tov\u00e1bb\u00edt\u00f3 rendszerek megv\u00e1ltozott m\u0171k\u00f6d\u00e9se okozza.<br \/>\n&#8211; Arcf\u00e1jdalmakat, p\u00e9ld\u00e1ul trigeminus neuralgia (arcidegzs\u00e1ba), melyek lehetnek els\u0151dleges f\u00e1jdalomszindr\u00f3m\u00e1k, vagy kialakulhatnak m\u00e1s betegs\u00e9gek t\u00fcnetek\u00e9nt.<\/p>\n<p>&nbsp;<\/p>\n<p>T\u00fcneti\/s\u00fcrg\u0151s kivizsg\u00e1l\u00e1st \u00e9s ell\u00e1t\u00e1st ig\u00e9nyl\u0151 fejf\u00e1j\u00e1sra figyelmeztet\u0151 jelek:<\/p>\n<p>K\u00e9rj\u00fck, hogy els\u0151sorban\/el\u0151sz\u00f6r a s\u00fcrg\u0151ss\u00e9gi ell\u00e1t\u00f3khoz forduljon, ha:<br \/>\n&#8211; A fejf\u00e1j\u00e1shoz fert\u0151z\u00e9sre jellemz\u0151 t\u00fcnetek, l\u00e1z t\u00e1rsulnak<br \/>\n&#8211; M\u00e1s betegs\u00e9g t\u00fcneteivel egy\u00fctt jelentkezik a fejf\u00e1j\u00e1s (p\u00e9ld\u00e1ul arc\u00fcreg-gyullad\u00e1s, szem\u00e9szeti, fog\u00e1szati eredet\u0171 gyullad\u00e1s)<br \/>\n&#8211; \u00d6nt (b\u00e1rmilyen) daganatos betegs\u00e9g miatt kezelik (vagy kezelt\u00e9k 5 \u00e9ven bel\u00fcl), vagy az immunrendszere k\u00e1rosodott (p\u00e9ld\u00e1ul autoimmun betegs\u00e9gek miatti immung\u00e1tl\u00f3 kezel\u00e9sek, HIV fert\u0151z\u00e9s)<br \/>\n&#8211; A f\u00e1jdalomhoz (kor\u00e1bban nem jellemz\u0151) idegrendszeri t\u00fcnetek t\u00e1rsulnak, p\u00e9ld\u00e1ul: kett\u0151sl\u00e1t\u00e1s, l\u00e1t\u00e1szavar, besz\u00e9dzavar, f\u00e9loldali gyenges\u00e9g vagy \u00e9rz\u00e9szavar, k\u00e9z\u00fcgyetlens\u00e9g, alusz\u00e9konys\u00e1g<br \/>\n&#8211; Er\u0151s fejf\u00e1j\u00e1sa \u00fajonnan \u00e9s hirtelen kezd\u0151d\u00f6tt<br \/>\n&#8211; \u00d6n 50 \u00e9v feletti, \u00e9s \u00fajkelet\u0171 fejf\u00e1j\u00e1sa jelentkezik<br \/>\n&#8211; Kor\u00e1bban m\u00e1s ismert fejf\u00e1j\u00e1s betegs\u00e9g (p\u00e9ld\u00e1ul migr\u00e9n) jellege \u00e9s k\u00eds\u00e9r\u0151 t\u00fcnetei hirtelen megv\u00e1ltoznak<br \/>\n&#8211; A fejf\u00e1j\u00e1s lehetetlenn\u00e9 teszi, hogy f\u00fcgg\u0151leges testhelyzetben legyen<br \/>\n&#8211; \u00dajkelet\u0171 fejf\u00e1j\u00e1sa van, amelyet k\u00f6h\u00f6g\u00e9s, t\u00fcsszent\u00e9s, el\u0151rehajl\u00e1s fokoz<br \/>\n&#8211; \u00dajkelet\u0171, egyre er\u0151s\u00f6d\u0151, hagyom\u00e1nyos gy\u00f3gyszerekre nem reag\u00e1l\u00f3 f\u00e1jdalma van<br \/>\n&#8211; V\u00e1rand\u00f3ss\u00e1g vagy gyermek\u00e1gy idej\u00e9n jelentkezik \u00d6nn\u00e9l \u00fajkelet\u0171 fejf\u00e1j\u00e1s<br \/>\n&#8211; A k\u00f6zelm\u00faltban fejs\u00e9r\u00fcl\u00e9s (ak\u00e1r kisebb \u00fct\u00e9s) \u00e9rte<br \/>\n&#8211; Ha \u00d6n migr\u00e9nes, \u00e9s a megszokott gy\u00f3gyszerekre nem enyh\u00fcl\u0151, s\u00falyos rohama zajlik, vagy s\u00falyos h\u00e1ny\u00e1s miatt egy\u00e1ltal\u00e1n nem tud gy\u00f3gyszert bevenni, illetve a rohamot kor\u00e1bban nem jellemz\u0151 idegrendszeri panaszok (p\u00e9ld\u00e1ul: f\u00e9loldali v\u00e9gtagi gyenges\u00e9g) k\u00eds\u00e9rik.<\/p>\n<p>&nbsp;<\/p>\n<p>A Fejf\u00e1j\u00e1s Szakrendel\u00e9s profiljai:<\/p>\n<p>&#8211; Els\u0151dleges fejf\u00e1j\u00e1s betegs\u00e9gek korszer\u0171 kezel\u00e9se, bele\u00e9rtve a migr\u00e9n modern rohamold\u00f3 \u00e9s megel\u0151z\u0151 kezel\u00e9s\u00e9t<br \/>\n&#8211; Esetleges operat\u00edv elj\u00e1r\u00e1sok (p\u00e9ld\u00e1ul idegblok\u00e1d, idegstimul\u00e1ci\u00f3s kezel\u00e9sek) javaslat\u00e1nak v\u00e9lem\u00e9nyez\u00e9se, \u00e9s a p\u00e1ciens ezir\u00e1ny\u00fa beutal\u00e1sa<br \/>\n&#8211; Esetleges kieg\u00e9sz\u00edt\u0151 diagnosztikai vizsg\u00e1latok javaslata<br \/>\n&#8211; A f\u00e1jdalommal \u00f6sszef\u00fcgg\u0151 testi \u00e9s lelki t\u00e9nyez\u0151k (p\u00e9ld\u00e1ul: stresszfaktorok) komplex felm\u00e9r\u00e9se \u00e9s ezzel kapcsolatos pszichol\u00f3giai \u00e9s \u00e9letm\u00f3dbeli tan\u00e1csad\u00e1s<\/p>\n<p>&nbsp;<\/p>\n<p>Felk\u00e9sz\u00fcl\u00e9s az els\u0151 vizsg\u00e1latra:<\/p>\n<p>&#8211; Az els\u0151 vizsg\u00e1lat 40-60 percet ig\u00e9nyel. Elemei: 1. A k\u00f3rel\u0151zm\u00e9ny \u00e9s a jelenlegi t\u00fcnettan kik\u00e9rdez\u00e9se 2. A fejf\u00e1j\u00e1ssal esetleg \u00f6sszef\u00fcgg\u0151 provok\u00e1l\u00f3 illetve \u00e9letm\u00f3dbeli t\u00e9nyez\u0151k fem\u00e9r\u00e9se 3. \u00c1ltal\u00e1nos \u00e9s neurol\u00f3giai fizik\u00e1lis vizsg\u00e1lat, 4. T\u00e1j\u00e9koztat\u00e1s a diagn\u00f3zis(ok)r\u00f3l \u00e9s az esetlegesen sz\u00fcks\u00e9ges tov\u00e1bbi vizsg\u00e1latokr\u00f3l, 5. A kezel\u00e9si javaslat megbesz\u00e9l\u00e9se.<br \/>\n&#8211; Az els\u0151 id\u0151pontra, k\u00e9rj\u00fck, hozza el a kor\u00e1bbi orvosi dokument\u00e1ci\u00f3t, melyhez els\u0151sorban a fejf\u00e1j\u00e1s miatt m\u00e1r elv\u00e9gzett vizsg\u00e1latok, m\u00e1sr\u00e9szt a t\u00e1rsbetegs\u00e9gekkel \u00f6sszef\u00fcgg\u0151 vizsg\u00e1latok tartoznak.<br \/>\n&#8211; Amennyiben m\u00e1r t\u00f6rt\u00e9nt koponya CT vagy MR vizsg\u00e1lat, \u00e9s ennek a k\u00e9panyaga el\u00e9rhet\u0151 (CD, online hozz\u00e1f\u00e9r\u00e9si lehet\u0151s\u00e9g), akkor ezt hozza mag\u00e1val.<br \/>\n&#8211; Seg\u00edtheti a munk\u00e1nkat (\u00e9s ezzel n\u00f6velheti azt az id\u0151t, amit a t\u00e9nyleges vizsg\u00e1latra \u00e9s tan\u00e1csad\u00e1sra tudunk ford\u00edtani), ha rendszerezi az orvosi dokument\u00e1ci\u00f3t, list\u00e1t \u00edr a fontosabb t\u00e1rsbetegs\u00e9gekr\u0151l, illetve a rendszeresen \u00e9s alkalomszer\u0171en szedett gy\u00f3gyszerekr\u0151l.<br \/>\n&#8211; M\u00e1r az els\u0151 vizsg\u00e1latn\u00e1l sz\u00e1mos fontos inform\u00e1ci\u00f3t nyerhet\u00fcnk az \u00d6n fejf\u00e1j\u00e1s\u00e1r\u00f3l, ha elkezdett fejf\u00e1j\u00e1snapl\u00f3val \u00e9rkezik (p\u00e9ld\u00e1ul <a href=\"https:\/\/semmelweis.hu\/neurologia\/files\/2024\/10\/Fejfajas_naplo_2012.xlsx\">INNEN<\/a> t\u00f6ltheti le).\u00a0<br \/>\n&#8211; Az al\u00e1bbiakban a fejf\u00e1j\u00e1ssal \u00e9s a <a href=\"https:\/\/semmelweis.hu\/neurologia\/files\/2024\/10\/Tajekoztato-anyagok-rendszeres-fejfajasokat-tapasztalo-paciensek-szamara-honlap.docx\">f\u00e1jdalommal kapcsolatos t\u00e1j\u00e9koztat\u00f3 anyagokat, olvasnival\u00f3kat<\/a><em>\u00a0<\/em>gy\u0171jt\u00f6tt\u00fcnk \u00f6ssze, illetve \u00f6ssze\u00e1ll\u00edtottuk a <a href=\"https:\/\/semmelweis.hu\/neurologia\/files\/2024\/10\/TAJEKOZTATO-A-KRONIKUS-FAJDALOMDALOMROL_felnott_202404.docx\">kr\u00f3nikus f\u00e1jdalomr\u00f3l val\u00f3 t\u00e1j\u00e9koztat\u00f3nkat <\/a>(<em>Forr\u00e1s:<\/em> <em>Bethesda K\u00f3rh\u00e1z F\u00e1jdalom Ambulancia t\u00e1j\u00e9koztat\u00f3 anyaga, feln\u0151tt p\u00e1ciensek sz\u00e1m\u00e1ra \u00e1talak\u00edtotta: Dr Heged\u00fcs Katalin)<\/em><br \/>\n&#8211; K\u00e9rj\u00fck, vegye figyelembe, hogy a betegell\u00e1t\u00e1s saj\u00e1toss\u00e1gaib\u00f3l ad\u00f3d\u00f3an, b\u00e1r igyeksz\u00fcnk tartani az id\u0151beli kereteket, v\u00e1rakoz\u00e1si id\u0151vel is kell sz\u00e1molni.<\/p>\n","protected":false},"excerpt":{"rendered":"<p>Fejf\u00e1j\u00e1s Szakrendel\u00e9s A rendel\u00e9s feladata \u00e9s m\u0171k\u00f6d\u00e9se: A Fejf\u00e1j\u00e1s Szakrendel\u00e9s alapvet\u0151 c\u00e9lja az els\u0151dleges f\u00e1jdalombetegs\u00e9gekkel \u00e9l\u0151k ell\u00e1t\u00e1sa, illetve olyan t\u00fcneti fejf\u00e1j\u00e1sok kezel\u00e9se, ahol a s\u00fcrg\u0151ss\u00e9gi ell\u00e1t\u00e1st ig\u00e9nyl\u0151 k\u00f3rk\u00e9peket m\u00e1r kiz\u00e1rt\u00e1k. Az azonnali ell\u00e1t\u00e1st ig\u00e9nyl\u0151 k\u00f3rk\u00e9pek felismer\u00e9se\/kiz\u00e1r\u00e1s\u00e1ra, a Fejf\u00e1j\u00e1s Szakrendel\u00e9s szervezeti fel\u00e9p\u00edt\u00e9s\u00e9b\u0151l \u00e9s m\u0171k\u00f6d\u00e9si m\u00f3dj\u00e1b\u00f3l (p\u00e9ld\u00e1ul: id\u0151pontra val\u00f3 v\u00e1rakoz\u00e1s) ad\u00f3d\u00f3an nem alkalmas. Azonnali kivizsg\u00e1l\u00e1st \u00e9s ell\u00e1t\u00e1st &hellip;<\/p>\n","protected":false},"author":80,"featured_media":0,"parent":64,"menu_order":0,"comment_status":"open","ping_status":"open","template":"","meta":{"_acf_changed":false,"footnotes":""},"categories":[],"tags":[],"class_list":["post-79","page","type-page","status-publish","hentry"],"acf":[],"_links":{"self":[{"href":"https:\/\/semmelweis.hu\/neurologia\/wp-json\/wp\/v2\/pages\/79","targetHints":{"allow":["GET"]}}],"collection":[{"href":"https:\/\/semmelweis.hu\/neurologia\/wp-json\/wp\/v2\/pages"}],"about":[{"href":"https:\/\/semmelweis.hu\/neurologia\/wp-json\/wp\/v2\/types\/page"}],"author":[{"embeddable":true,"href":"https:\/\/semmelweis.hu\/neurologia\/wp-json\/wp\/v2\/users\/80"}],"replies":[{"embeddable":true,"href":"https:\/\/semmelweis.hu\/neurologia\/wp-json\/wp\/v2\/comments?post=79"}],"version-history":[{"count":12,"href":"https:\/\/semmelweis.hu\/neurologia\/wp-json\/wp\/v2\/pages\/79\/revisions"}],"predecessor-version":[{"id":1654,"href":"https:\/\/semmelweis.hu\/neurologia\/wp-json\/wp\/v2\/pages\/79\/revisions\/1654"}],"up":[{"embeddable":true,"href":"https:\/\/semmelweis.hu\/neurologia\/wp-json\/wp\/v2\/pages\/64"}],"wp:attachment":[{"href":"https:\/\/semmelweis.hu\/neurologia\/wp-json\/wp\/v2\/media?parent=79"}],"wp:term":[{"taxonomy":"category","embeddable":true,"href":"https:\/\/semmelweis.hu\/neurologia\/wp-json\/wp\/v2\/categories?post=79"},{"taxonomy":"post_tag","embeddable":true,"href":"https:\/\/semmelweis.hu\/neurologia\/wp-json\/wp\/v2\/tags?post=79"}],"curies":[{"name":"wp","href":"https:\/\/api.w.org\/{rel}","templated":true}]}}