{"id":77,"date":"2012-08-27T13:35:28","date_gmt":"2012-08-27T13:35:28","guid":{"rendered":"http:\/\/semmelweis-egyetem.hu\/neurologia\/?page_id=77"},"modified":"2025-04-23T20:10:09","modified_gmt":"2025-04-23T18:10:09","slug":"epilepszia-szakrendeles","status":"publish","type":"page","link":"https:\/\/semmelweis.hu\/neurologia\/betegellatas\/jarobeteg-ellatas\/epilepszia-szakrendeles\/","title":{"rendered":"Epilepszia Szakrendel\u00e9s"},"content":{"rendered":"<p><strong><span style=\"text-decoration: underline\">Az epilepszia szakrendel\u00e9s orvosai:<\/span><\/strong><\/p>\n<p><em>Dr. Ar\u00e1nyi Zsuzsanna<\/em>, MTA doktora, med. habil., egyetemi tan\u00e1r, neurol\u00f3gus \u00e9s klinikai neurofiziol\u00f3gus szakorvos<\/p>\n<p><em>Dr. Csillik Anita<\/em>, egyetemi adjunktus, neurol\u00f3gus, \u00e9s klinikai neurofiziol\u00f3gus szakorvos<\/p>\n<p><em>Dr. Dobronyi Levente<\/em>, klinikai szakorvos, neurol\u00f3gus szakorvos<\/p>\n<p><strong>\u00daj betegek vizsg\u00e1latakor a betegs\u00e9ggel kapcsolatos minden kor\u00e1bbi orvosi dokument\u00e1ci\u00f3t felt\u00e9tlen\u00fcl el kell hozni.<\/strong><\/p>\n<p>Szerencs\u00e9s, ha hozz\u00e1tartoz\u00f3 (szemtan\u00fa) is k\u00eds\u00e9ri a beteget, aki a rohamokat le tudja \u00edrni az orvosnak.<\/p>\n<p><strong><span style=\"text-decoration: underline\">Beutal\u00e1s rendje \/el\u00e9rhet\u0151s\u00e9gek:<\/span><\/strong><\/p>\n<p>Az epilepszia szakrendel\u00e9sre, \u00faj betegeket\u00a0<strong>neurol\u00f3gus <\/strong><strong>szakorvos<\/strong> utalhat be.\u00a0<\/p>\n<p>\u00daj betegeket (kiz\u00e1r\u00f3lag a Klinika ell\u00e1t\u00e1si ter\u00fclet\u00e9r\u0151l) csak Dr. Csillik Anita \u00e9s Dr. Dobronyi Levente fogad.\u00a0<br \/>\nDr. Ar\u00e1nyi Zsuzsanna nem fogad \u00faj betegeket.<\/p>\n<p>A rendel\u00e9s el\u0151jegyz\u00e9ssel m\u0171k\u00f6dik. Az el\u0151jegyz\u00e9si id\u0151pontokat igyeksz\u00fcnk tartani, azonban tekintettel arra, hogy az orvosi munka nem kisz\u00e1m\u00edthat\u00f3, el\u0151fordul, hogy hosszabb v\u00e1rakoz\u00e1ssal is sz\u00e1molni kell.<\/p>\n<p>Rendel\u00e9si id\u0151: H\u00e9tf\u0151: 08:30-12:00;<br \/>\n\u00a0 \u00a0 \u00a0 \u00a0 \u00a0 \u00a0 \u00a0 \u00a0 \u00a0 \u00a0 \u00a0 \u00a0 \u00a0 \u00a0Kedd: 12.30-14.00.<\/p>\n<p>Id\u0151pontot telefonon lehet egyeztetni:<\/p>\n<ul>\n<li>El\u0151jegyz\u00e9si telefonvonal telefonon kereszt\u00fcl <strong>kedd-cs\u00fct\u00f6rt\u00f6k 13:00-14:00 k\u00f6z\u00f6tt:<br \/>\n06-20\/670-1392.\u00a0<\/strong><\/li>\n<li>A fenti telefonsz\u00e1mon id\u0151pontk\u00e9r\u00e9s c\u00e9lj\u00e1b\u00f3l SMS-t is fogadunk<\/li>\n<\/ul>\n","protected":false},"excerpt":{"rendered":"<p>Az epilepszia szakrendel\u00e9s orvosai: Dr. Ar\u00e1nyi Zsuzsanna, MTA doktora, med. habil., egyetemi tan\u00e1r, neurol\u00f3gus \u00e9s klinikai neurofiziol\u00f3gus szakorvos Dr. Csillik Anita, egyetemi adjunktus, neurol\u00f3gus, \u00e9s klinikai neurofiziol\u00f3gus szakorvos Dr. Dobronyi Levente, klinikai szakorvos, neurol\u00f3gus szakorvos \u00daj betegek vizsg\u00e1latakor a betegs\u00e9ggel kapcsolatos minden kor\u00e1bbi orvosi dokument\u00e1ci\u00f3t felt\u00e9tlen\u00fcl el kell hozni. Szerencs\u00e9s, ha hozz\u00e1tartoz\u00f3 (szemtan\u00fa) is k\u00eds\u00e9ri &hellip;<\/p>\n","protected":false},"author":80,"featured_media":0,"parent":64,"menu_order":0,"comment_status":"closed","ping_status":"closed","template":"","meta":{"_acf_changed":false,"footnotes":""},"categories":[],"tags":[],"class_list":["post-77","page","type-page","status-publish","hentry"],"acf":[],"_links":{"self":[{"href":"https:\/\/semmelweis.hu\/neurologia\/wp-json\/wp\/v2\/pages\/77","targetHints":{"allow":["GET"]}}],"collection":[{"href":"https:\/\/semmelweis.hu\/neurologia\/wp-json\/wp\/v2\/pages"}],"about":[{"href":"https:\/\/semmelweis.hu\/neurologia\/wp-json\/wp\/v2\/types\/page"}],"author":[{"embeddable":true,"href":"https:\/\/semmelweis.hu\/neurologia\/wp-json\/wp\/v2\/users\/80"}],"replies":[{"embeddable":true,"href":"https:\/\/semmelweis.hu\/neurologia\/wp-json\/wp\/v2\/comments?post=77"}],"version-history":[{"count":11,"href":"https:\/\/semmelweis.hu\/neurologia\/wp-json\/wp\/v2\/pages\/77\/revisions"}],"predecessor-version":[{"id":1681,"href":"https:\/\/semmelweis.hu\/neurologia\/wp-json\/wp\/v2\/pages\/77\/revisions\/1681"}],"up":[{"embeddable":true,"href":"https:\/\/semmelweis.hu\/neurologia\/wp-json\/wp\/v2\/pages\/64"}],"wp:attachment":[{"href":"https:\/\/semmelweis.hu\/neurologia\/wp-json\/wp\/v2\/media?parent=77"}],"wp:term":[{"taxonomy":"category","embeddable":true,"href":"https:\/\/semmelweis.hu\/neurologia\/wp-json\/wp\/v2\/categories?post=77"},{"taxonomy":"post_tag","embeddable":true,"href":"https:\/\/semmelweis.hu\/neurologia\/wp-json\/wp\/v2\/tags?post=77"}],"curies":[{"name":"wp","href":"https:\/\/api.w.org\/{rel}","templated":true}]}}