{"id":75,"date":"2012-08-27T13:31:00","date_gmt":"2012-08-27T13:31:00","guid":{"rendered":"http:\/\/semmelweis-egyetem.hu\/neurologia\/?page_id=75"},"modified":"2018-09-26T13:25:15","modified_gmt":"2018-09-26T11:25:15","slug":"dementia-ambulancia","status":"publish","type":"page","link":"https:\/\/semmelweis.hu\/neurologia\/betegellatas\/jarobeteg-ellatas\/dementia-ambulancia\/","title":{"rendered":"Dementia Ambulancia"},"content":{"rendered":"<p><strong>Profil:<\/strong> Alzheimer-k\u00f3rban \u00e9s m\u00e1s dementi\u00e1ban, mem\u00f3riazavarban<br \/>\nszenved\u0151 betegek gondoz\u00e1sa<\/p>\n<p><strong>Dr. Kov\u00e1cs Tibor<\/strong> egyetemi docens<br \/>\nEl\u0151jegyz\u00e9s orvossal megbesz\u00e9lve<\/p>\n","protected":false},"excerpt":{"rendered":"<p>Profil: Alzheimer-k\u00f3rban \u00e9s m\u00e1s dementi\u00e1ban, mem\u00f3riazavarban<br \/>\nszenved\u0151 betegek gondoz\u00e1sa<br \/>\nDr. Kov\u00e1cs Tibor egyetemi docens<br \/>\nEl\u0151jegyz\u00e9s orvossal megbesz\u00e9lve<\/p>\n","protected":false},"author":80,"featured_media":0,"parent":64,"menu_order":0,"comment_status":"open","ping_status":"open","template":"","meta":{"_acf_changed":false,"footnotes":""},"categories":[],"tags":[],"class_list":["post-75","page","type-page","status-publish","hentry"],"acf":[],"_links":{"self":[{"href":"https:\/\/semmelweis.hu\/neurologia\/wp-json\/wp\/v2\/pages\/75","targetHints":{"allow":["GET"]}}],"collection":[{"href":"https:\/\/semmelweis.hu\/neurologia\/wp-json\/wp\/v2\/pages"}],"about":[{"href":"https:\/\/semmelweis.hu\/neurologia\/wp-json\/wp\/v2\/types\/page"}],"author":[{"embeddable":true,"href":"https:\/\/semmelweis.hu\/neurologia\/wp-json\/wp\/v2\/users\/80"}],"replies":[{"embeddable":true,"href":"https:\/\/semmelweis.hu\/neurologia\/wp-json\/wp\/v2\/comments?post=75"}],"version-history":[{"count":1,"href":"https:\/\/semmelweis.hu\/neurologia\/wp-json\/wp\/v2\/pages\/75\/revisions"}],"predecessor-version":[{"id":659,"href":"https:\/\/semmelweis.hu\/neurologia\/wp-json\/wp\/v2\/pages\/75\/revisions\/659"}],"up":[{"embeddable":true,"href":"https:\/\/semmelweis.hu\/neurologia\/wp-json\/wp\/v2\/pages\/64"}],"wp:attachment":[{"href":"https:\/\/semmelweis.hu\/neurologia\/wp-json\/wp\/v2\/media?parent=75"}],"wp:term":[{"taxonomy":"category","embeddable":true,"href":"https:\/\/semmelweis.hu\/neurologia\/wp-json\/wp\/v2\/categories?post=75"},{"taxonomy":"post_tag","embeddable":true,"href":"https:\/\/semmelweis.hu\/neurologia\/wp-json\/wp\/v2\/tags?post=75"}],"curies":[{"name":"wp","href":"https:\/\/api.w.org\/{rel}","templated":true}]}}