{"id":74,"date":"2012-08-27T13:28:30","date_gmt":"2012-08-27T13:28:30","guid":{"rendered":"http:\/\/semmelweis-egyetem.hu\/neurologia\/?page_id=74"},"modified":"2025-02-04T12:17:55","modified_gmt":"2025-02-04T11:17:55","slug":"altalanos-neurologiai-ambulancia","status":"publish","type":"page","link":"https:\/\/semmelweis.hu\/neurologia\/betegellatas\/jarobeteg-ellatas\/altalanos-neurologiai-ambulancia\/","title":{"rendered":"\u00c1ltal\u00e1nos Neurol\u00f3giai Ambulancia"},"content":{"rendered":"<p><strong>Profil: <\/strong>\u00c1ltal\u00e1nos neurol\u00f3giai betegs\u00e9gek<\/p>\n<p><strong>Ambulancia vezet\u0151:\u00a0<\/strong><strong><br \/>\n<\/strong>Dr Tegze N\u00e1rcis, klinikai f\u0151orvos<\/p>\n<p><strong>Munkat\u00e1rsak:<\/strong><strong><br \/>\n<\/strong>Dr Csillik Anita, egyetemi adjunktus<br \/>\nDr Guly\u00e1s Szilvia, egyetemi tan\u00e1rseg\u00e9d<br \/>\nDr Farkas Zsuzsanna, klinikai szakorvos<br \/>\nDr. Kelemen Andrea, egyetemi tan\u00e1rseg\u00e9d<br \/>\nDr Kollai Sarolta, klinikai szakorvos<br \/>\nDr. Saftics Katalin, klinikai szakorvos<br \/>\nDr Sz\u0151ke Krist\u00f3f,\u00a0 klinikai szakorvos<\/p>\n<p><strong>Asszisztens:<br \/>\n<\/strong>Albert S\u00e1ndorn\u00e9<br \/>\nHubai M\u00f3nika<\/p>\n<p>\n<span style=\"text-decoration: underline\"><strong>Beutal\u00e1s rendje\/el\u00e9rhet\u0151s\u00e9gek:<\/strong><\/span><\/p>\n<p><em>Rendel\u00e9si id\u0151:<\/em> munkanapokon\u00a0<strong>08:00-15:00 \u00f3ra k\u00f6z\u00f6tt<\/strong><\/p>\n<p>A vizsg\u00e1latra a betegeket a klinika ell\u00e1t\u00e1si ter\u00fclet\u00e9r\u0151l <strong>h\u00e1ziorvosi<\/strong>, m\u00edg ter\u00fcleten k\u00edv\u00fcli betegeket<strong> neurol\u00f3gus szakorvosi beutal\u00f3val <\/strong>tudunk fogadni.\u00a0<\/p>\n<ol>\n<li>A h\u00e1ziorvosi beutal\u00f3val rendelkez\u0151 ter\u00fcleti betegek emailen vagy telefonon k\u00e9rhetnek el\u0151jegyz\u00e9st<\/li>\n<li>A ter\u00fcleten k\u00edv\u00fcli betegek nerurol\u00f3gus szakorvosa emailen k\u00e9rhet id\u0151pontot az eset r\u00f6vid le\u00edr\u00e1s\u00e1val, a konzult\u00e1ci\u00f3s ig\u00e9ny indokl\u00e1s\u00e1val<\/li>\n<li>A s\u00fcrg\u0151ss\u00e9gi ell\u00e1t\u00e1s a S\u00fcrg\u0151ss\u00e9gi Orvostani Klinika betegfogad\u00f3 hely\u00e9n t\u00f6rt\u00e9nik<\/li>\n<\/ol>\n<p>A ter\u00fcleti ell\u00e1t\u00e1si k\u00f6telezetts\u00e9gr\u0151l az al\u00e1bbi c\u00edmen tudnak t\u00e1j\u00e9koz\u00f3dni: <a href=\"http:\/\/84.206.43.26:7080\/ellatas\/xtek\/?0\"><strong><em>http:\/\/84.206.43.26:7080\/ellatas\/xtek\/?0\u00a0<\/em><\/strong><\/a><br \/>\nA vizsg\u00e1latok <strong>el\u0151jegyz\u00e9ssel t\u00f6rt\u00e9nnek<\/strong>. Az el\u0151jegyz\u00e9si id\u0151pontokat igyeksz\u00fcnk tartani, azonban tekintettel arra, hogy az orvosi munka nem kisz\u00e1m\u00edthat\u00f3 \u00e9s a vizsg\u00e1latokat v\u00e9gz\u0151 orvosoknak t\u00f6bb egy\u00e9b, sokszor v\u00e1ratlan feladatuk is van, ez nem mindig lehets\u00e9ges. Ritk\u00e1n hosszabb v\u00e1rakoz\u00e1ssal is sz\u00e1molni kell.<\/p>\n<p>Id\u0151pontot telefonon lehet egyeztetni: el\u0151jegyz\u00e9si telefonvonal <strong>munkanapokon 12:00-13:00 k\u00f6z\u00f6tt:<br \/>\n<\/strong><strong>06-20\/666-3279.<\/strong><\/p>\n<p>&nbsp;<\/p>\n<div class=\"fontos_div\">\n<p>Emailben a <span style=\"font-size: 14pt\"><strong>soteneurol@gmail.com<\/strong><\/span> c\u00edmen tudnak id\u0151pontot foglalni.<\/p>\n<\/div>\n<p>&nbsp;<\/p>\n<p><strong>S\u00fcrg\u0151ss\u00e9gi beteg ell\u00e1t\u00e1s<\/strong> <strong>ter\u00fcleti illet\u00e9kess\u00e9g alapj\u00e1n t\u00f6rt\u00e9nik<\/strong>, soron k\u00edv\u00fcl, h\u00e1ziorvosi vagy egy\u00e9b beutal\u00f3val,\u00a0munkanapokon 08:00-15:00 \u00f3ra k\u00f6z\u00f6tt.<\/p>\n","protected":false},"excerpt":{"rendered":"<p>Profil: \u00c1ltal\u00e1nos neurol\u00f3giai betegs\u00e9gek Ambulancia vezet\u0151:\u00a0 Dr Tegze N\u00e1rcis, klinikai f\u0151orvos Munkat\u00e1rsak: Dr Csillik Anita, egyetemi adjunktus Dr Guly\u00e1s Szilvia, egyetemi tan\u00e1rseg\u00e9d Dr Farkas Zsuzsanna, klinikai szakorvos Dr. Kelemen Andrea, egyetemi tan\u00e1rseg\u00e9d Dr Kollai Sarolta, klinikai szakorvos Dr. Saftics Katalin, klinikai szakorvos Dr Sz\u0151ke Krist\u00f3f,\u00a0 klinikai szakorvos Asszisztens: Albert S\u00e1ndorn\u00e9 Hubai M\u00f3nika Beutal\u00e1s rendje\/el\u00e9rhet\u0151s\u00e9gek: Rendel\u00e9si &hellip;<\/p>\n","protected":false},"author":80,"featured_media":0,"parent":64,"menu_order":0,"comment_status":"open","ping_status":"open","template":"","meta":{"_acf_changed":false,"footnotes":""},"categories":[],"tags":[],"class_list":["post-74","page","type-page","status-publish","hentry"],"acf":[],"_links":{"self":[{"href":"https:\/\/semmelweis.hu\/neurologia\/wp-json\/wp\/v2\/pages\/74","targetHints":{"allow":["GET"]}}],"collection":[{"href":"https:\/\/semmelweis.hu\/neurologia\/wp-json\/wp\/v2\/pages"}],"about":[{"href":"https:\/\/semmelweis.hu\/neurologia\/wp-json\/wp\/v2\/types\/page"}],"author":[{"embeddable":true,"href":"https:\/\/semmelweis.hu\/neurologia\/wp-json\/wp\/v2\/users\/80"}],"replies":[{"embeddable":true,"href":"https:\/\/semmelweis.hu\/neurologia\/wp-json\/wp\/v2\/comments?post=74"}],"version-history":[{"count":10,"href":"https:\/\/semmelweis.hu\/neurologia\/wp-json\/wp\/v2\/pages\/74\/revisions"}],"predecessor-version":[{"id":1652,"href":"https:\/\/semmelweis.hu\/neurologia\/wp-json\/wp\/v2\/pages\/74\/revisions\/1652"}],"up":[{"embeddable":true,"href":"https:\/\/semmelweis.hu\/neurologia\/wp-json\/wp\/v2\/pages\/64"}],"wp:attachment":[{"href":"https:\/\/semmelweis.hu\/neurologia\/wp-json\/wp\/v2\/media?parent=74"}],"wp:term":[{"taxonomy":"category","embeddable":true,"href":"https:\/\/semmelweis.hu\/neurologia\/wp-json\/wp\/v2\/categories?post=74"},{"taxonomy":"post_tag","embeddable":true,"href":"https:\/\/semmelweis.hu\/neurologia\/wp-json\/wp\/v2\/tags?post=74"}],"curies":[{"name":"wp","href":"https:\/\/api.w.org\/{rel}","templated":true}]}}