{"id":72,"date":"2012-08-27T13:15:31","date_gmt":"2012-08-27T13:15:31","guid":{"rendered":"http:\/\/semmelweis-egyetem.hu\/neurologia\/?page_id=72"},"modified":"2026-03-27T09:05:08","modified_gmt":"2026-03-27T08:05:08","slug":"elektrofiziologiai-laboratorium","status":"publish","type":"page","link":"https:\/\/semmelweis.hu\/neurologia\/betegellatas\/diagnosztikai-laboratoriumok\/elektrofiziologiai-laboratorium\/","title":{"rendered":"Klinikai neurofiziol\u00f3giai laborat\u00f3rium"},"content":{"rendered":"<p><strong><span style=\"text-decoration: underline\">A klinikai neurofiziol\u00f3giai laborat\u00f3rium vezet\u0151je<\/span><\/strong><span style=\"text-decoration: underline\">:<\/span><\/p>\n<p><em>Dr. Ar\u00e1nyi Zsuzsanna<\/em>, MTA doktora, egyetemi tan\u00e1r, neurol\u00f3gus \u00e9s klinikai neurofiziol\u00f3gus szakorvos<\/p>\n<p><strong><span style=\"text-decoration: underline\">Orvos munkat\u00e1rsak<\/span><\/strong><span style=\"text-decoration: underline\">:<\/span><\/p>\n<p><em>Dr. Csillik Anita, <\/em>PhD, egyetemi adjunktus, neurol\u00f3gus \u00e9s klinikai neurofiziol\u00f3gus szakorvos<br \/>\n<em>Dr. Dobronyi Levente<\/em>, klinikai szakorvos, neurol\u00f3gus szakorvos<br \/>\n<em>Dr. Farkas Zsuzsanna<\/em>, PhD, egyetemi tan\u00e1rseg\u00e9d, neurol\u00f3gus szakorvos<br \/>\n<em>Dr. Farsang Marianna<\/em>, egyetemi tan\u00e1rseg\u00e9d, neurol\u00f3gus szakorvos<br \/>\n<em>Dr. Guly\u00e1s Szilvia, <\/em>PhD<em>,<\/em> egyetemi tan\u00e1rseg\u00e9d, neurol\u00f3gus \u00e9s klinikai neurofiziol\u00f3gus szakorvos<br \/>\n<em>Dr. Kelemen Andrea,<\/em> PhD, egyetemi tan\u00e1rseg\u00e9d, neurol\u00f3gus szakorvos<br \/>\n<em>Dr. Saftics Katalin<\/em>, klinikai szakorvos, neurol\u00f3gus \u00e9s klinikai neurofiziol\u00f3gus szakorvos<br \/>\n<em>Dr. Sim\u00f3 Magdolna<\/em>, PhD, egyetemi docens, neurol\u00f3gus \u00e9s klinikai neurofiziol\u00f3gus szakorvos<br \/>\n<em>Dr. So\u00f3s Krisztina,\u00a0<\/em>klinikai f\u0151orvos,\u00a0neurol\u00f3gus \u00e9s klinikai neurofiziol\u00f3gus szakorvos<br \/>\n<em>Dr. Sz\u0151ke Krist\u00f3f,\u00a0<\/em>klinikai szakorvos, neurol\u00f3gus, klinikai neurofiziol\u00f3gus \u00e9s intenz\u00edv ter\u00e1pi\u00e1s szakorvos<\/p>\n<p><strong><span style=\"text-decoration: underline\">Asszisztens munkat\u00e1rsak<\/span><\/strong><span style=\"text-decoration: underline\">:<br \/>\n<\/span><br \/>\n<em>B\u00faz\u00e1n\u00e9 Hanyecz \u00c1gnes<\/em>, vezet\u0151 szakasszisztens<br \/>\n<em>Blah\u00f3 Rita, <\/em>szakasszisztens<em><br \/>\nGuly\u00e1s Katalin<\/em>, szakasszisztens<br \/>\n<em>N\u00e9meth T\u00edmea, <\/em>szakasszisztens<\/p>\n<p><strong><span style=\"text-decoration: underline\">Tev\u00e9kenys\u00e9gek:<\/span><\/strong><\/p>\n<ul>\n<li><strong>Elektroencefalogr\u00e1fia (EEG)<\/strong><\/li>\n<li><strong>Kiv\u00e1ltott v\u00e1lasz vizsg\u00e1latok<\/strong>\n<ul>\n<li><em>Vizu\u00e1lis kiv\u00e1ltott v\u00e1lasz (VEP)\u00a0<\/em><\/li>\n<li><em>Agyt\u00f6rzsi akusztikus kiv\u00e1ltott v\u00e1lasz<\/em> <em>(BAEP)<\/em>\u00a0<\/li>\n<li><em>Szomatoszenzoros kiv\u00e1ltott v\u00e1lasz (SEP)\u00a0<\/em><\/li>\n<li><em>Transzkrani\u00e1lis m\u00e1gneses ingerl\u00e9s (motoros kiv\u00e1ltott v\u00e1lasz [MEP])<\/em><\/li>\n<\/ul>\n<\/li>\n<li><strong>Elektroneurogr\u00e1fia\/elektromiogr\u00e1fia (EMG)<\/strong><\/li>\n<li><strong>Perif\u00e9ri\u00e1s idegek ultrahang vizsg\u00e1lata<\/strong><\/li>\n<li><strong>Tremorometria<\/strong><\/li>\n<\/ul>\n<p><strong><span style=\"text-decoration: underline\">Teend\u0151k a vizsg\u00e1lat el\u0151tt:<br \/>\n<\/span><\/strong>Az elektrofiziol\u00f3giai vizsg\u00e1latok legt\u00f6bbsz\u00f6r nem ig\u00e9nyelnek speci\u00e1lis el\u0151k\u00e9sz\u00edt\u00e9st \u00e9s nem sz\u00fcks\u00e9ges \u00e9hgyomorra j\u00f6nni a vizsg\u00e1latra.<br \/>\nA vizsg\u00e1latok el\u0151tt test\u00e1pol\u00f3 haszn\u00e1lat\u00e1nak ker\u00fcl\u00e9se javasolt.<\/p>\n<p>Alv\u00e1smegvon\u00e1sos EEG vizsg\u00e1lat eset\u00e9n a vizsg\u00e1latot megel\u0151z\u0151 24 \u00f3r\u00e1ban nem szabad aludni, ill. nagyobb mennyis\u00e9g\u0171 k\u00e1v\u00e9t, energiaitalt inni. Reggelizhet, gy\u00f3gyszereit vegye be, illetve mindenk\u00e9ppen k\u00eds\u00e9r\u0151vel \u00e9rkezzen, illetve ne vezessen!<\/p>\n<p>Amennyiben miaszt\u00e9nia gr\u00e1visz betegs\u00e9g gyan\u00faja miatt EMG vizsg\u00e1latot k\u00e9rnek \u00e9s a beteg m\u00e1r szed egy Mestinon (piridosztigmin) nev\u0171 gy\u00f3gyszert, a gy\u00f3gyszert el kell hagyni a vizsg\u00e1latot megel\u0151z\u0151 este.<\/p>\n<p><strong>K\u00e9rj\u00fck, hogy a betegs\u00e9ggel kapcsolatos orvosi dokument\u00e1ci\u00f3t, ill. az esetleges kor\u00e1bbi hasonl\u00f3 vizsg\u00e1latok eredm\u00e9nyeit a vizsg\u00e1latra hozza mag\u00e1val. <\/strong><\/p>\n<p><strong><span style=\"text-decoration: underline\">A vizsg\u00e1latok \u00e9rt\u00e9kel\u00e9se \/ leletkiad\u00e1s:<br \/>\n<\/span><\/strong>Minden vizsg\u00e1latot orvos \u00e9rt\u00e9kel. Egyes vizsg\u00e1latok eset\u00e9ben a leletet a beteg a vizsg\u00e1lat ut\u00e1n megkapja, a t\u00f6bbi vizsg\u00e1lat \u00e9rt\u00e9kel\u00e9se ut\u00f3lag, n\u00e9h\u00e1ny napon \u2013 egy h\u00e9ten bel\u00fcl t\u00f6rt\u00e9nik. Az elk\u00e9sz\u00fclt leletet az EESZT-be felt\u00f6ltj\u00fck, illetve megbesz\u00e9l\u00e9s alapj\u00e1n post\u00e1zzuk vagy szem\u00e9lyesen lehet \u00e9rte j\u00f6nni.<\/p>\n<p><strong><span style=\"text-decoration: underline\">Beutal\u00e1s rendje \/el\u00e9rhet\u0151s\u00e9gek:<br \/>\n<\/span><\/strong>A vizsg\u00e1latra a betegeket\u00a0<strong>neurol\u00f3gus<\/strong> <strong>szakorvos<\/strong>\u00a0utalhatja be. <\/p>\n<p>A vizsg\u00e1latok el\u0151jegyz\u00e9ssel t\u00f6rt\u00e9nnek, az id\u0151pontokat a laborat\u00f3rium osztja ki a beutal\u00f3nak megfelel\u0151 vizsg\u00e1lati modalit\u00e1s alapj\u00e1n. A vizsg\u00e1lati ig\u00e9nyt a <span style=\"text-decoration: underline\">beutal\u00f3 orvos elektronikusan <\/span>vagy a <span style=\"text-decoration: underline\">beteg a beutal\u00f3 birtok\u00e1ban SMS-ben<\/span> (<strong>06-20\/670-1392)<\/strong> jelezheti. K\u00e9rj\u00fck, hogy az SMS-hez csatolj\u00e1k a beutal\u00f3r\u00f3l k\u00e9sz\u00edtett fot\u00f3t. A laborat\u00f3rium munkat\u00e1rsai fogj\u00e1k a beteget az id\u0151pontr\u00f3l \u00e9rtes\u00edteni.<\/p>\n<ul>\n<li>Az SMS-ben k\u00fcld\u00f6tt k\u00e9r\u00e9sben k\u00e9rj\u00fck a k\u00f6vetkez\u0151 adatokat t\u00fcntesse fel: n\u00e9v, TAJ sz\u00e1m, sz\u00fclet\u00e9si d\u00e1tum, beutal\u00f3 diagn\u00f3zis, vizsg\u00e1lati modalit\u00e1s, beutal\u00f3 orvos neve, email c\u00edm (amennyiben van).<\/li>\n<li>Tremorometri\u00e1ra nem SMS-ben, hanem telefonon k\u00e9rhet id\u0151pontot munkanapokon <strong>11 \u00e9s 14 \u00f3ra<\/strong> k\u00f6z\u00f6tt: <strong>210-0330 \/ 51190<\/strong><\/li>\n<\/ul>\n<p>&nbsp;<\/p>\n<p>Az el\u0151jegyz\u00e9si id\u0151pontokat igyeksz\u00fcnk tartani, azonban tekintettel arra, hogy az orvosi munka nem kisz\u00e1m\u00edthat\u00f3 \u00e9s a vizsg\u00e1latokat v\u00e9gz\u0151 orvosoknak t\u00f6bb egy\u00e9b, sokszor v\u00e1ratlan feladatuk is van, ez nem mindig lehets\u00e9ges. Ritk\u00e1n hosszabb v\u00e1rakoz\u00e1ssal is sz\u00e1molni kell.<\/p>\n","protected":false},"excerpt":{"rendered":"<p>A klinikai neurofiziol\u00f3giai laborat\u00f3rium vezet\u0151je: Dr. Ar\u00e1nyi Zsuzsanna, MTA doktora, egyetemi tan\u00e1r, neurol\u00f3gus \u00e9s klinikai neurofiziol\u00f3gus szakorvos Orvos munkat\u00e1rsak: Dr. Csillik Anita, PhD, egyetemi adjunktus, neurol\u00f3gus \u00e9s klinikai neurofiziol\u00f3gus szakorvos Dr. Dobronyi Levente, klinikai szakorvos, neurol\u00f3gus szakorvos Dr. Farkas Zsuzsanna, PhD, egyetemi tan\u00e1rseg\u00e9d, neurol\u00f3gus szakorvos Dr. Farsang Marianna, egyetemi tan\u00e1rseg\u00e9d, neurol\u00f3gus szakorvos Dr. Guly\u00e1s Szilvia, &hellip;<\/p>\n","protected":false},"author":80,"featured_media":0,"parent":65,"menu_order":0,"comment_status":"closed","ping_status":"closed","template":"","meta":{"_acf_changed":false,"footnotes":""},"categories":[],"tags":[],"class_list":["post-72","page","type-page","status-publish","hentry"],"acf":[],"_links":{"self":[{"href":"https:\/\/semmelweis.hu\/neurologia\/wp-json\/wp\/v2\/pages\/72","targetHints":{"allow":["GET"]}}],"collection":[{"href":"https:\/\/semmelweis.hu\/neurologia\/wp-json\/wp\/v2\/pages"}],"about":[{"href":"https:\/\/semmelweis.hu\/neurologia\/wp-json\/wp\/v2\/types\/page"}],"author":[{"embeddable":true,"href":"https:\/\/semmelweis.hu\/neurologia\/wp-json\/wp\/v2\/users\/80"}],"replies":[{"embeddable":true,"href":"https:\/\/semmelweis.hu\/neurologia\/wp-json\/wp\/v2\/comments?post=72"}],"version-history":[{"count":12,"href":"https:\/\/semmelweis.hu\/neurologia\/wp-json\/wp\/v2\/pages\/72\/revisions"}],"predecessor-version":[{"id":1747,"href":"https:\/\/semmelweis.hu\/neurologia\/wp-json\/wp\/v2\/pages\/72\/revisions\/1747"}],"up":[{"embeddable":true,"href":"https:\/\/semmelweis.hu\/neurologia\/wp-json\/wp\/v2\/pages\/65"}],"wp:attachment":[{"href":"https:\/\/semmelweis.hu\/neurologia\/wp-json\/wp\/v2\/media?parent=72"}],"wp:term":[{"taxonomy":"category","embeddable":true,"href":"https:\/\/semmelweis.hu\/neurologia\/wp-json\/wp\/v2\/categories?post=72"},{"taxonomy":"post_tag","embeddable":true,"href":"https:\/\/semmelweis.hu\/neurologia\/wp-json\/wp\/v2\/tags?post=72"}],"curies":[{"name":"wp","href":"https:\/\/api.w.org\/{rel}","templated":true}]}}