{"id":71,"date":"2012-08-27T13:06:47","date_gmt":"2012-08-27T13:06:47","guid":{"rendered":"http:\/\/semmelweis-egyetem.hu\/neurologia\/?page_id=71"},"modified":"2023-05-09T11:01:37","modified_gmt":"2023-05-09T09:01:37","slug":"doppler-ultrahang-laboratorium","status":"publish","type":"page","link":"https:\/\/semmelweis.hu\/neurologia\/betegellatas\/diagnosztikai-laboratoriumok\/doppler-ultrahang-laboratorium\/","title":{"rendered":"Doppler-ultrahang Laborat\u00f3rium"},"content":{"rendered":"<p>A Semmelweis Egyetem Neurol\u00f3giai Klinik\u00e1j\u00e1n h\u00e1rom \u00e9vtizedes tapasztalat \u00e9s a legkorszer\u0171bb diagnosztikus ultrahang k\u00e9sz\u00fcl\u00e9kek birtok\u00e1ban v\u00e9gezz\u00fck a nyaki nagyerek \u00fan. duplex-scan \u00e9s az agyalapi ver\u0151erek transcranialis Doppler vizsg\u00e1lat\u00e1t agyi v\u00e9rkering\u00e9si zavar gyan\u00faja eset\u00e9n. Az egy\u00e9bk\u00e9nt f\u00e1jdalmatlan, kb. 15 perces vizsg\u00e1latok optim\u00e1lis felt\u00e9telei a <em>f\u00f6ldszinti 39. sz\u00e1m\u00fa<\/em> t\u00e1gas, kl\u00edmatiz\u00e1lt laborat\u00f3riumban adottak, azonban sz\u00fcks\u00e9g szerint k\u00f6zvetlen beteg\u00e1gy mellett v\u00e9gzett vizsg\u00e1latokra (intenz\u00edv oszt\u00e1lyon kezelt betegek) is van m\u00f3d.<\/p>\n<p>A laborat\u00f3riumot tapasztalt szakorvos vezeti, \u00e9s a vizsg\u00e1latokat v\u00e9gz\u0151 orvosok mindegyike rendelkezik a Magyar Neuroszonol\u00f3giai T\u00e1rsas\u00e1g \u00e1ltal kiadott j\u00e1rtass\u00e1gi bizony\u00edtv\u00e1nnyal.<\/p>\n<p><span style=\"text-decoration: underline\"><strong>Beutal\u00e1s rendje \/ el\u00e9rhet\u0151s\u00e9gek:<\/strong><\/span><\/p>\n<p>A vizsg\u00e1latra a betegeket\u00a0<strong>a Semmelweis Egyetem \u00e9s annak ell\u00e1t\u00e1si ter\u00fclet\u00e9n dolgoz\u00f3 b\u00e1rmely orvos beutalhat.<\/strong><\/p>\n<p>A vizsg\u00e1latok el\u0151jegyz\u00e9ssel t\u00f6rt\u00e9nnek. Az el\u0151jegyz\u00e9si id\u0151pontokat igyeksz\u00fcnk<br \/>\ntartani, azonban tekintettel arra, hogy az orvosi munka nem kisz\u00e1m\u00edthat\u00f3 \u00e9s a<br \/>\nvizsg\u00e1latokat v\u00e9gz\u0151 orvosoknak t\u00f6bb egy\u00e9b, sokszor v\u00e1ratlan feladatuk is van, ez<br \/>\nnem mindig lehets\u00e9ges. Ritk\u00e1n hosszabb v\u00e1rakoz\u00e1ssal is sz\u00e1molni kell.<\/p>\n<p><strong>El\u0151jegyz\u00e9si telefonsz\u00e1m:<\/strong> Vassn\u00e9 Mariann (20\/825-0132) mindennap 12.30-14.00 \u00f3ra k\u00f6z\u00f6tt h\u00edvhat\u00f3.<\/p>\n<p>Vizsg\u00e1lat el\u0151tt a Betegfelv\u00e9teli Irod\u00e1n legyenek sz\u00edvesek jelentkezni!<\/p>\n<p>S\u00fcrg\u0151s k\u00e9r\u00e9st, szem\u00e9lyes megbesz\u00e9l\u00e9st k\u00f6vet\u0151en, soron k\u00edv\u00fcl teljes\u00edt\u00fcnk.<\/p>\n<p>Az \u00edr\u00e1sos leletet a vizsg\u00e1latot k\u00f6vet\u0151en azonnal kiadjuk.<br \/>\nVesz\u00e9lyeztet\u0151 \u00e1llapot \u00e9szlel\u00e9se eset\u00e9n (kritikus sz\u0171k\u00fclet) a vizsg\u00e1l\u00f3 orvos gondoskodik a beteg s\u00fcrg\u0151s int\u00e9zeti felv\u00e9tel\u00e9r\u0151l, amir\u0151l a beutal\u00f3 orvost k\u00e9s\u0151bb t\u00e1j\u00e9koztatjuk.<\/p>\n<p><strong>A Doppler laborat\u00f3rium orvosai:<\/strong><\/p>\n<p>Dr. Debreczeni R\u00f3bert\u00a0<em>laborvezet\u0151<\/em><br \/>\nDr. Horny\u00e1k Csilla<br \/>\nDr. Kollai Sarolta<\/p>\n<p><strong>Szakasszisztens:<br \/>\n<\/strong>Vassn\u00e9 Mariann<\/p>\n","protected":false},"excerpt":{"rendered":"<p>A Semmelweis Egyetem Neurol\u00f3giai Klinik\u00e1j\u00e1n h\u00e1rom \u00e9vtizedes tapasztalat \u00e9s a legkorszer\u0171bb diagnosztikus ultrahang k\u00e9sz\u00fcl\u00e9kek birtok\u00e1ban v\u00e9gezz\u00fck a nyaki nagyerek \u00fan. duplex-scan \u00e9s az agyalapi ver\u0151erek transcranialis Doppler vizsg\u00e1lat\u00e1t agyi v\u00e9rkering\u00e9si zavar gyan\u00faja eset\u00e9n. Az egy\u00e9bk\u00e9nt f\u00e1jdalmatlan, kb. 15 perces vizsg\u00e1latok optim\u00e1lis felt\u00e9telei a f\u00f6ldszinti 39. sz\u00e1m\u00fa t\u00e1gas, kl\u00edmatiz\u00e1lt laborat\u00f3riumban adottak, azonban sz\u00fcks\u00e9g szerint k\u00f6zvetlen beteg\u00e1gy &hellip;<\/p>\n","protected":false},"author":80,"featured_media":0,"parent":65,"menu_order":0,"comment_status":"open","ping_status":"open","template":"","meta":{"_acf_changed":false,"footnotes":""},"categories":[],"tags":[],"class_list":["post-71","page","type-page","status-publish","hentry"],"acf":[],"_links":{"self":[{"href":"https:\/\/semmelweis.hu\/neurologia\/wp-json\/wp\/v2\/pages\/71","targetHints":{"allow":["GET"]}}],"collection":[{"href":"https:\/\/semmelweis.hu\/neurologia\/wp-json\/wp\/v2\/pages"}],"about":[{"href":"https:\/\/semmelweis.hu\/neurologia\/wp-json\/wp\/v2\/types\/page"}],"author":[{"embeddable":true,"href":"https:\/\/semmelweis.hu\/neurologia\/wp-json\/wp\/v2\/users\/80"}],"replies":[{"embeddable":true,"href":"https:\/\/semmelweis.hu\/neurologia\/wp-json\/wp\/v2\/comments?post=71"}],"version-history":[{"count":6,"href":"https:\/\/semmelweis.hu\/neurologia\/wp-json\/wp\/v2\/pages\/71\/revisions"}],"predecessor-version":[{"id":1434,"href":"https:\/\/semmelweis.hu\/neurologia\/wp-json\/wp\/v2\/pages\/71\/revisions\/1434"}],"up":[{"embeddable":true,"href":"https:\/\/semmelweis.hu\/neurologia\/wp-json\/wp\/v2\/pages\/65"}],"wp:attachment":[{"href":"https:\/\/semmelweis.hu\/neurologia\/wp-json\/wp\/v2\/media?parent=71"}],"wp:term":[{"taxonomy":"category","embeddable":true,"href":"https:\/\/semmelweis.hu\/neurologia\/wp-json\/wp\/v2\/categories?post=71"},{"taxonomy":"post_tag","embeddable":true,"href":"https:\/\/semmelweis.hu\/neurologia\/wp-json\/wp\/v2\/tags?post=71"}],"curies":[{"name":"wp","href":"https:\/\/api.w.org\/{rel}","templated":true}]}}