{"id":70,"date":"2012-08-27T13:00:07","date_gmt":"2012-08-27T13:00:07","guid":{"rendered":"http:\/\/semmelweis-egyetem.hu\/neurologia\/?page_id=70"},"modified":"2024-10-13T12:48:09","modified_gmt":"2024-10-13T10:48:09","slug":"mozgas-laboratorium","status":"publish","type":"page","link":"https:\/\/semmelweis.hu\/neurologia\/betegellatas\/diagnosztikai-laboratoriumok\/mozgas-laboratorium\/","title":{"rendered":"Mozg\u00e1s Laborat\u00f3rium"},"content":{"rendered":"<p>A Mozg\u00e1sdiagnosztikai Laborat\u00f3rium a mozg\u00e1szavarok (tremor, Parkinson-k\u00f3r, dystonia, myoclonus, chorea) t\u00fcneteinek komplex, eszk\u00f6z\u00f6s vizsg\u00e1lat\u00e1t v\u00e9gzi. Els\u0151sorban a diagnosztik\u00e1t szolg\u00e1lja, de a be\u00e1ll\u00edtott ter\u00e1pi\u00e1k hat\u00e9konys\u00e1g\u00e1t is k\u00f6veti.<\/p>\n<p><strong>Vizsg\u00e1latok:<\/strong> 3D akcelerom\u00e9ter, giroszk\u00f3p \u00e9s elektromiogr\u00e1fia seg\u00edts\u00e9g\u00e9vel a k\u00fcl\u00f6nb\u00f6z\u0151 eredet\u0171 remeg\u00e9sek (tremorok) elk\u00fcl\u00f6n\u00edt\u00e9se<\/p>\n<p>\u00a0\u00a0\u00a0\u00a0\u00a0\u00a0\u00a0\u00a0\u00a0\u00a0\u00a0\u00a0\u00a0\u00a0\u00a0\u00a0\u00a0\u00a0\u00a0\u00a0\u00a0\u00a0\u00a0 3D mozg\u00e1s\u00e9rz\u00e9kel\u0151kkel a j\u00e1r\u00e1szavarok, egyens\u00falyzavarok besorol\u00e1sa<\/p>\n<p>\u00a0\u00a0\u00a0\u00a0\u00a0\u00a0\u00a0\u00a0\u00a0\u00a0\u00a0\u00a0\u00a0\u00a0\u00a0\u00a0\u00a0\u00a0\u00a0\u00a0\u00a0\u00a0\u00a0 Elektroenkefalogr\u00e1fia a mozg\u00e1st\u00fcnetekkel \u00f6sszef\u00fcgg\u0151 agyh\u00e1l\u00f3zati elt\u00e9r\u00e9sek felt\u00e1r\u00e1s\u00e1ra<\/p>\n<p>A vizsg\u00e1latokat a Mozg\u00e1szavar Ambulanci\u00e1n dolgoz\u00f3 orvosok \u00edrj\u00e1k el\u0151 vizsg\u00e1latot k\u00f6vet\u0151en. <em>A Mozg\u00e1szavar Ambulanci\u00e1nkra a Felv\u00e9teli Irod\u00e1ban lehet id\u0151pontot k\u00e9rni.<\/em><\/p>\n<p><strong>Kutat\u00e1si t\u00e9m\u00e1k: <\/strong>A m\u00e9ly agyi stimul\u00e1ci\u00f3 hat\u00e1smechanizmus\u00e1nak vizsg\u00e1lata<\/p>\n<p>\u00a0\u00a0\u00a0\u00a0\u00a0\u00a0\u00a0\u00a0\u00a0\u00a0\u00a0\u00a0\u00a0\u00a0\u00a0\u00a0\u00a0\u00a0\u00a0\u00a0\u00a0\u00a0\u00a0\u00a0\u00a0\u00a0\u00a0\u00a0\u00a0\u00a0\u00a0 Mozg\u00e1szavarok vizsg\u00e1lata h\u00e1romdimenzi\u00f3s mozg\u00e1s\u00e9rz\u00e9kel\u0151kkel<\/p>\n<p><strong>Laborvezet\u0151:<\/strong> Dr. Tam\u00e1s Gertr\u00fad PhD, med. habil egyetemi docens<\/p>\n<p><strong>Orvosok: \u00a0 \u00a0 \u00a0\u00a0 <\/strong>Dr. So\u00f3s Krisztina klinikai f\u0151orvos<\/p>\n<p>\u00a0\u00a0\u00a0\u00a0\u00a0\u00a0\u00a0\u00a0\u00a0\u00a0\u00a0\u00a0\u00a0\u00a0\u00a0\u00a0\u00a0\u00a0\u00a0\u00a0\u00a0\u00a0\u00a0\u00a0\u00a0 Dr. Berki \u00c1d\u00e1m rezidens, PhD hallgat\u00f3<\/p>\n<p>\u00a0\u00a0\u00a0\u00a0\u00a0\u00a0\u00a0\u00a0\u00a0\u00a0\u00a0\u00a0\u00a0\u00a0\u00a0\u00a0\u00a0\u00a0\u00a0\u00a0\u00a0\u00a0\u00a0\u00a0\u00a0 Dr. Palotai Marcell rezidens, PhD hallgat\u00f3<\/p>\n<p>\u00a0\u00a0\u00a0\u00a0\u00a0\u00a0\u00a0\u00a0\u00a0\u00a0\u00a0\u00a0\u00a0\u00a0\u00a0\u00a0\u00a0\u00a0\u00a0\u00a0\u00a0\u00a0\u00a0\u00a0\u00a0 Dr. Papp Andrea rezidens, PhD hallgat\u00f3<\/p>\n<p><strong>PhD hallgat\u00f3:<\/strong> Aphrodite Babakhani MD<\/p>\n<p><strong>MD-PhD hallgat\u00f3:<\/strong> Nagy L\u0151rinc<\/p>\n","protected":false},"excerpt":{"rendered":"<p>A Mozg\u00e1sdiagnosztikai Laborat\u00f3rium a mozg\u00e1szavarok (tremor, Parkinson-k\u00f3r, dystonia, myoclonus, chorea) t\u00fcneteinek komplex, eszk\u00f6z\u00f6s vizsg\u00e1lat\u00e1t v\u00e9gzi. Els\u0151sorban a diagnosztik\u00e1t szolg\u00e1lja, de a be\u00e1ll\u00edtott ter\u00e1pi\u00e1k hat\u00e9konys\u00e1g\u00e1t is k\u00f6veti. Vizsg\u00e1latok: 3D akcelerom\u00e9ter, giroszk\u00f3p \u00e9s elektromiogr\u00e1fia seg\u00edts\u00e9g\u00e9vel a k\u00fcl\u00f6nb\u00f6z\u0151 eredet\u0171 remeg\u00e9sek (tremorok) elk\u00fcl\u00f6n\u00edt\u00e9se \u00a0\u00a0\u00a0\u00a0\u00a0\u00a0\u00a0\u00a0\u00a0\u00a0\u00a0\u00a0\u00a0\u00a0\u00a0\u00a0\u00a0\u00a0\u00a0\u00a0\u00a0\u00a0\u00a0 3D mozg\u00e1s\u00e9rz\u00e9kel\u0151kkel a j\u00e1r\u00e1szavarok, egyens\u00falyzavarok besorol\u00e1sa \u00a0\u00a0\u00a0\u00a0\u00a0\u00a0\u00a0\u00a0\u00a0\u00a0\u00a0\u00a0\u00a0\u00a0\u00a0\u00a0\u00a0\u00a0\u00a0\u00a0\u00a0\u00a0\u00a0 Elektroenkefalogr\u00e1fia a mozg\u00e1st\u00fcnetekkel \u00f6sszef\u00fcgg\u0151 agyh\u00e1l\u00f3zati elt\u00e9r\u00e9sek felt\u00e1r\u00e1s\u00e1ra A &hellip;<\/p>\n","protected":false},"author":80,"featured_media":0,"parent":65,"menu_order":0,"comment_status":"open","ping_status":"open","template":"","meta":{"_acf_changed":false,"footnotes":""},"categories":[],"tags":[],"class_list":["post-70","page","type-page","status-publish","hentry"],"acf":[],"_links":{"self":[{"href":"https:\/\/semmelweis.hu\/neurologia\/wp-json\/wp\/v2\/pages\/70","targetHints":{"allow":["GET"]}}],"collection":[{"href":"https:\/\/semmelweis.hu\/neurologia\/wp-json\/wp\/v2\/pages"}],"about":[{"href":"https:\/\/semmelweis.hu\/neurologia\/wp-json\/wp\/v2\/types\/page"}],"author":[{"embeddable":true,"href":"https:\/\/semmelweis.hu\/neurologia\/wp-json\/wp\/v2\/users\/80"}],"replies":[{"embeddable":true,"href":"https:\/\/semmelweis.hu\/neurologia\/wp-json\/wp\/v2\/comments?post=70"}],"version-history":[{"count":2,"href":"https:\/\/semmelweis.hu\/neurologia\/wp-json\/wp\/v2\/pages\/70\/revisions"}],"predecessor-version":[{"id":1618,"href":"https:\/\/semmelweis.hu\/neurologia\/wp-json\/wp\/v2\/pages\/70\/revisions\/1618"}],"up":[{"embeddable":true,"href":"https:\/\/semmelweis.hu\/neurologia\/wp-json\/wp\/v2\/pages\/65"}],"wp:attachment":[{"href":"https:\/\/semmelweis.hu\/neurologia\/wp-json\/wp\/v2\/media?parent=70"}],"wp:term":[{"taxonomy":"category","embeddable":true,"href":"https:\/\/semmelweis.hu\/neurologia\/wp-json\/wp\/v2\/categories?post=70"},{"taxonomy":"post_tag","embeddable":true,"href":"https:\/\/semmelweis.hu\/neurologia\/wp-json\/wp\/v2\/tags?post=70"}],"curies":[{"name":"wp","href":"https:\/\/api.w.org\/{rel}","templated":true}]}}