{"id":69,"date":"2012-08-27T12:58:54","date_gmt":"2012-08-27T12:58:54","guid":{"rendered":"http:\/\/semmelweis-egyetem.hu\/neurologia\/?page_id=69"},"modified":"2020-09-21T14:12:48","modified_gmt":"2020-09-21T12:12:48","slug":"schaffer-karoly-neuropatologiai-laboratorium","status":"publish","type":"page","link":"https:\/\/semmelweis.hu\/neurologia\/betegellatas\/diagnosztikai-laboratoriumok\/schaffer-karoly-neuropatologiai-laboratorium\/","title":{"rendered":"Schaffer K\u00e1roly Neuropatol\u00f3giai Laborat\u00f3rium"},"content":{"rendered":"<p>Neuropatol\u00f3giai \u00e9s liquorcitol\u00f3giai diagnosztika<\/p>\n<p><strong>Munkat\u00e1rsak:<\/strong><br \/>\nDr. Kov\u00e1cs Tibor egyetemi docens<\/p>\n<p><strong>Vezet\u0151 asszisztens:<\/strong> <br \/>\nB\u00edr\u00f3 Eszter<strong><br \/>\n<\/strong><\/p>\n<p><strong>El\u00e9rhet\u0151s\u00e9g:<\/strong> <br \/>\n459-1500\/51182-es mell\u00e9k<\/p>\n<p>&nbsp;<\/p>\n","protected":false},"excerpt":{"rendered":"<p>Neuropatol\u00f3giai \u00e9s liquorcitol\u00f3giai diagnosztika<br \/>\nMunkat\u00e1rsak:<br \/>\nDr. Kov\u00e1cs Tibor egyetemi docens<br \/>\nVezet\u0151 asszisztens:<br \/>\nB\u00edr\u00f3 Eszter<\/p>\n<p>El\u00e9rhet\u0151s\u00e9g:<br \/>\n459-1500\/51182-es mell\u00e9k<br \/>\n&nbsp;<\/p>\n","protected":false},"author":80,"featured_media":0,"parent":65,"menu_order":0,"comment_status":"closed","ping_status":"closed","template":"","meta":{"_acf_changed":false,"footnotes":""},"categories":[],"tags":[],"class_list":["post-69","page","type-page","status-publish","hentry"],"acf":[],"_links":{"self":[{"href":"https:\/\/semmelweis.hu\/neurologia\/wp-json\/wp\/v2\/pages\/69","targetHints":{"allow":["GET"]}}],"collection":[{"href":"https:\/\/semmelweis.hu\/neurologia\/wp-json\/wp\/v2\/pages"}],"about":[{"href":"https:\/\/semmelweis.hu\/neurologia\/wp-json\/wp\/v2\/types\/page"}],"author":[{"embeddable":true,"href":"https:\/\/semmelweis.hu\/neurologia\/wp-json\/wp\/v2\/users\/80"}],"replies":[{"embeddable":true,"href":"https:\/\/semmelweis.hu\/neurologia\/wp-json\/wp\/v2\/comments?post=69"}],"version-history":[{"count":4,"href":"https:\/\/semmelweis.hu\/neurologia\/wp-json\/wp\/v2\/pages\/69\/revisions"}],"predecessor-version":[{"id":1200,"href":"https:\/\/semmelweis.hu\/neurologia\/wp-json\/wp\/v2\/pages\/69\/revisions\/1200"}],"up":[{"embeddable":true,"href":"https:\/\/semmelweis.hu\/neurologia\/wp-json\/wp\/v2\/pages\/65"}],"wp:attachment":[{"href":"https:\/\/semmelweis.hu\/neurologia\/wp-json\/wp\/v2\/media?parent=69"}],"wp:term":[{"taxonomy":"category","embeddable":true,"href":"https:\/\/semmelweis.hu\/neurologia\/wp-json\/wp\/v2\/categories?post=69"},{"taxonomy":"post_tag","embeddable":true,"href":"https:\/\/semmelweis.hu\/neurologia\/wp-json\/wp\/v2\/tags?post=69"}],"curies":[{"name":"wp","href":"https:\/\/api.w.org\/{rel}","templated":true}]}}