{"id":6,"date":"2012-02-03T12:46:59","date_gmt":"2012-02-03T12:46:59","guid":{"rendered":"http:\/\/semmelweis-egyetem.hu\/neurologia\/?page_id=6"},"modified":"2020-09-21T14:12:11","modified_gmt":"2020-09-21T12:12:11","slug":"a-klinika-tortenete","status":"publish","type":"page","link":"https:\/\/semmelweis.hu\/neurologia\/a-neurologiai-klinikarol\/a-klinika-tortenete\/","title":{"rendered":"A Klinika t\u00f6rt\u00e9nete"},"content":{"rendered":"<p style=\"text-align: justify\"><a href=\"https:\/\/semmelweis.hu\/neurologia\/files\/2012\/02\/RS33579_84.-Elmek\u00f3rtanii-klinika-f\u0151homlokzat-scr.jpg\"><img loading=\"lazy\" decoding=\"async\" class=\"aligncenter size-full wp-image-495\" src=\"https:\/\/semmelweis.hu\/neurologia\/files\/2012\/02\/RS33579_84.-Elmek\u00f3rtanii-klinika-f\u0151homlokzat-scr.jpg\" alt=\"\" width=\"950\" height=\"573\" srcset=\"https:\/\/semmelweis.hu\/neurologia\/files\/2012\/02\/RS33579_84.-Elmek\u00f3rtanii-klinika-f\u0151homlokzat-scr.jpg 950w, https:\/\/semmelweis.hu\/neurologia\/files\/2012\/02\/RS33579_84.-Elmek\u00f3rtanii-klinika-f\u0151homlokzat-scr-300x181.jpg 300w, https:\/\/semmelweis.hu\/neurologia\/files\/2012\/02\/RS33579_84.-Elmek\u00f3rtanii-klinika-f\u0151homlokzat-scr-768x463.jpg 768w, https:\/\/semmelweis.hu\/neurologia\/files\/2012\/02\/RS33579_84.-Elmek\u00f3rtanii-klinika-f\u0151homlokzat-scr-497x300.jpg 497w\" sizes=\"auto, (max-width: 950px) 100vw, 950px\" \/><\/a><\/p>\n<p>A Budapesti Egyetem az ideg- \u00e9s elmebetegs\u00e9gek oktat\u00e1s\u00e1ra 1882-ben alap\u00edtott tansz\u00e9ket. Az Ideg-Elmek\u00f3rtani Klinika Moravcsik Ern\u0151 \u00fatmutat\u00e1sa alapj\u00e1n a K\u00fcls\u0151 Klinikai T\u00f6mb kialak\u00edt\u00e1s\u00e1val egyid\u0151ben, a F\u00fcv\u00e9szkert szomsz\u00e9ds\u00e1g\u00e1ban \u00e9p\u00fclt fel. A\u00a0munk\u00e1latok 1906 \u0151sz\u00e9t\u0151l 1908 november\u00e9ig tartottak. A klinika els\u0151 igazgat\u00f3ja Moravcsik professzor volt, ut\u00e1na Schaffer K\u00e1roly, Benedek L\u00e1szl\u00f3, Hor\u00e1nyi B\u00e9la \u00e9s Ny\u00edr\u0151 Gyula vezette a tansz\u00e9ket. 1957-ben v\u00e1lt k\u00fcl\u00f6n el\u0151sz\u00f6r a neurol\u00f3gia \u00e9s pszichi\u00e1tria, k\u00e9s\u0151bb azonban, mint I. \u00e9s II. sz. Ideg-Elmegy\u00f3gy\u00e1szati Klinika folytatta m\u0171k\u00f6d\u00e9s\u00e9t. 1976-t\u00f3l a neurol\u00f3gi\u00e1t \u00e9s a pszichi\u00e1tri\u00e1t egy \u00e9p\u00fcletben m\u0171k\u00f6d\u0151, szakmai \u00e9s igazgat\u00e1si szempontb\u00f3l k\u00fcl\u00f6n\u00e1ll\u00f3 k\u00e9t int\u00e9zm\u00e9nyben m\u0171velik. A Neurol\u00f3giai Klinika igazgat\u00f3ja 1975-1993 k\u00f6z\u00f6tt Csanda Endre, 1993-2007-ig Szirmai Imre volt. 2007-t\u0151l a klinik\u00e1t Bereczki D\u00e1niel vezeti.<\/p>\n<p>A Neurol\u00f3giai Klinika a r\u00e9gi\u00f3 meghat\u00e1roz\u00f3 betegell\u00e1t\u00e1si, oktat\u00e1si, \u00e9s tudom\u00e1nyos k\u00f6zpontja. Ter\u00fcleti ell\u00e1t\u00e1si k\u00f6telezetts\u00e9g\u00e9n t\u00fal, mint a legmagasabb progresszivit\u00e1si kateg\u00f3ri\u00e1ba tartoz\u00f3 int\u00e9zm\u00e9ny, az eg\u00e9sz orsz\u00e1g ter\u00fclet\u00e9r\u0151l fogad \u00e9s l\u00e1t el betegeket.<\/p>\n<p>A Neurol\u00f3giai Klinika a Semmelweis Egyetem egyetlen, a neurol\u00f3gia teljes vertikum\u00e1t oktat\u00f3 int\u00e9zm\u00e9nye. Oktat\u00e1si tev\u00e9kenys\u00e9g\u00e9ben az \u00e1ltal\u00e1nos orvosok, fogorvosok, pszichol\u00f3gusok, diplom\u00e1s \u00e1pol\u00f3k, gy\u00f3gytorn\u00e1szok gradu\u00e1lis k\u00e9pz\u00e9se mellett kiemelten fontos a posztgradu\u00e1lis k\u00e9pz\u00e9s (szakorvosk\u00e9pz\u00e9s \u00e9s folyamatos tov\u00e1bbk\u00e9pz\u00e9s).<\/p>\n<p>A tudom\u00e1nyos kutat\u00e1s f\u0151bb ter\u00fcletei: agyi v\u00e9rkering\u00e9si zavarok, az idegrendszer degenerat\u00edv betegs\u00e9gei, neurol\u00f3giai eredet\u0171 mozg\u00e1szavarok, prion-betegs\u00e9gek, kognit\u00edv zavarok, fejf\u00e1j\u00e1s-betegs\u00e9gek, izom- \u00e9s perif\u00e9ri\u00e1s idegbetegs\u00e9gek, neuro\u00adimmuno\u00adl\u00f3giai k\u00f3rk\u00e9pek. A klinik\u00e1n m\u0171k\u00f6dik az MTA-SE Neuroepidemiol\u00f3giai Kutat\u00f3csoport \u00e9s a Schaffer K\u00e1roly Neuropathol\u00f3giai Laborat\u00f3rium.<\/p>\n<p>Az egyetemek k\u00f6z\u00f6tti szerz\u0151d\u00e9sek alapj\u00e1n, ill. a klinika munkat\u00e1sainak kutat\u00f3i tev\u00e9kenys\u00e9g\u00e9hez k\u00f6thet\u0151en sz\u00e1mos k\u00fclf\u00f6ldi \u00e9s magyar int\u00e9zm\u00e9nnyel tart fenn tudom\u00e1nyos egy\u00fcttm\u0171k\u00f6d\u00e9st. A betegell\u00e1t\u00e1s, oktat\u00e1s \u00e9s kutat\u00e1s fejleszt\u00e9s\u00e9hez \u201eAz Ideggy\u00f3gy\u00e1\u00adszat J\u00f6v\u0151j\u00e9\u00e9rt K\u00f6zhaszn\u00fa Alap\u00edtv\u00e1ny\u201d ny\u00fajt seg\u00edts\u00e9get. A Schaffer K\u00e1roly Eml\u00e9k\u00e9re Alap\u00edtv\u00e1ny 2001-t\u0151l a klinikai neurol\u00f3giai kutat\u00e1sok t\u00e1rgyk\u00f6r\u00e9ben eredm\u00e9nyes fiatal kutat\u00f3k r\u00e9sz\u00e9re ny\u00fajt p\u00e1ly\u00e1zhat\u00f3 t\u00e1mogat\u00e1st.<\/p>\n","protected":false},"excerpt":{"rendered":"<p><a href=\"https:\/\/semmelweis.hu\/neurologia\/files\/2012\/02\/RS33579_84.-Elmek\u00f3rtanii-klinika-f\u0151homlokzat-scr.jpg\"><\/a> A Budapesti Egyetem az ideg- \u00e9s elmebetegs\u00e9gek oktat\u00e1s\u00e1ra 1882-ben alap\u00edtott tansz\u00e9ket. Az Ideg-Elmek\u00f3rtani Klinika Moravcsik Ern\u0151 \u00fatmutat\u00e1sa alapj\u00e1n a K\u00fcls\u0151 Klinikai T\u00f6mb kialak\u00edt\u00e1s\u00e1val egyid\u0151ben, a F\u00fcv\u00e9szkert szomsz\u00e9ds\u00e1g\u00e1ban \u00e9p\u00fclt fel. A\u00a0munk\u00e1latok 1906 \u0151sz\u00e9t\u0151l 1908 november\u00e9ig tartottak. A klinika els\u0151 igazgat\u00f3ja Moravcsik professzor volt, ut\u00e1na Schaffer K\u00e1roly, Benedek L\u00e1szl\u00f3, Hor\u00e1nyi B\u00e9la \u00e9s Ny\u00edr\u0151 Gyula vezette a tansz\u00e9ket. &hellip;<\/p>\n","protected":false},"author":101234,"featured_media":0,"parent":487,"menu_order":0,"comment_status":"closed","ping_status":"closed","template":"","meta":{"_acf_changed":false,"footnotes":""},"categories":[],"tags":[],"class_list":["post-6","page","type-page","status-publish","hentry"],"acf":[],"_links":{"self":[{"href":"https:\/\/semmelweis.hu\/neurologia\/wp-json\/wp\/v2\/pages\/6","targetHints":{"allow":["GET"]}}],"collection":[{"href":"https:\/\/semmelweis.hu\/neurologia\/wp-json\/wp\/v2\/pages"}],"about":[{"href":"https:\/\/semmelweis.hu\/neurologia\/wp-json\/wp\/v2\/types\/page"}],"author":[{"embeddable":true,"href":"https:\/\/semmelweis.hu\/neurologia\/wp-json\/wp\/v2\/users\/101234"}],"replies":[{"embeddable":true,"href":"https:\/\/semmelweis.hu\/neurologia\/wp-json\/wp\/v2\/comments?post=6"}],"version-history":[{"count":6,"href":"https:\/\/semmelweis.hu\/neurologia\/wp-json\/wp\/v2\/pages\/6\/revisions"}],"predecessor-version":[{"id":1199,"href":"https:\/\/semmelweis.hu\/neurologia\/wp-json\/wp\/v2\/pages\/6\/revisions\/1199"}],"up":[{"embeddable":true,"href":"https:\/\/semmelweis.hu\/neurologia\/wp-json\/wp\/v2\/pages\/487"}],"wp:attachment":[{"href":"https:\/\/semmelweis.hu\/neurologia\/wp-json\/wp\/v2\/media?parent=6"}],"wp:term":[{"taxonomy":"category","embeddable":true,"href":"https:\/\/semmelweis.hu\/neurologia\/wp-json\/wp\/v2\/categories?post=6"},{"taxonomy":"post_tag","embeddable":true,"href":"https:\/\/semmelweis.hu\/neurologia\/wp-json\/wp\/v2\/tags?post=6"}],"curies":[{"name":"wp","href":"https:\/\/api.w.org\/{rel}","templated":true}]}}