{"id":5,"date":"2012-02-03T12:35:18","date_gmt":"2012-02-03T11:35:18","guid":{"rendered":"http:\/\/semmelweis-egyetem.hu\/neurologia\/?page_id=5"},"modified":"2026-03-19T09:20:14","modified_gmt":"2026-03-19T08:20:14","slug":"elerhetoseg","status":"publish","type":"page","link":"https:\/\/semmelweis.hu\/neurologia\/elerhetoseg\/","title":{"rendered":"El\u00e9rhet\u0151s\u00e9g"},"content":{"rendered":"<p><strong>C\u00edm: 1083 Budapest, Balassa u. 6.<br \/>\nPostac\u00edm: 1085 Budapest, \u00dcll\u0151i \u00fat 26.\u00a0<\/strong><\/p>\n<p><strong>K\u00f6zponti telefonsz\u00e1m: 061\/ 210-0330<\/strong><\/p>\n<p><strong>Titk\u00e1rs\u00e1gi email:<\/strong> <span data-olk-copy-source=\"MessageBody\">titkarsag.neurologia [kukac] semmelweis.hu<\/span><\/p>\n<p style=\"padding-left: 30px\">Porta: <strong>51221<\/strong>-es mell\u00e9k<br \/>\n<a href=\"https:\/\/semmelweis.hu\/neurologia\/munkatarsak\/professzori-titkarsag\/\">Professzori titk\u00e1rs\u00e1g:<\/a> <strong>51171<\/strong>, <strong>51191<\/strong>-es mell\u00e9k<br \/>\nBetegfelv\u00e9teli iroda: <strong>51190<\/strong>-es mell\u00e9k<\/p>\n<p style=\"padding-left: 30px\">\n<a href=\"https:\/\/semmelweis.hu\/neurologia\/betegellatas\/\">Betegell\u00e1t\u00f3 oszt\u00e1lyok, szakrendel\u00e9sek, ambulanci\u00e1k el\u00e9rhet\u0151s\u00e9geit a &#8222;Betegell\u00e1t\u00e1s&#8221; f\u00fcl alatt r\u00e9szletezz\u00fck.<\/a><\/p>\n<p>&nbsp;<\/p>\n\n<!-- iframe plugin v.4.9 wordpress.org\/plugins\/iframe\/ -->\n<iframe loading=\"lazy\" src=\"https:\/\/www.google.com\/maps\/embed?pb=!1m18!1m12!1m3!1d2696.283233670439!2d19.07956201562626!3d47.484395479176705!2m3!1f0!2f0!3f0!3m2!1i1024!2i768!4f13.1!3m3!1m2!1s0x4741dcf088f574b1%3A0xb8394432b418ecb2!2sBudapest%2C+Balassa+u.+6%2C+1083!5e0!3m2!1shu!2shu!4v1543228983667\" width=\"100%\" height=\"350\" scrolling=\"yes\" class=\"iframe-class\" frameborder=\"0\"><\/iframe>\n\n","protected":false},"excerpt":{"rendered":"<p>C\u00edm: 1083 Budapest, Balassa u. 6.<br \/>\nPostac\u00edm: 1085 Budapest, \u00dcll\u0151i \u00fat 26.\u00a0<br \/>\nK\u00f6zponti telefonsz\u00e1m: 061\/ 210-0330<br \/>\nTitk\u00e1rs\u00e1gi email: titkarsag.neurologia [kukac] semmelweis.hu<br \/>\nPorta: 51221-es mell\u00e9k<br \/>\n<a href=\"https:\/\/semmelweis.hu\/neurologia\/munkatarsak\/professzori-titkarsag\/\">Professzori titk\u00e1rs\u00e1g:<\/a> 51171, 51191-es mell\u00e9k<br \/>\nBetegfelv\u00e9teli iroda: 51190-es mell\u00e9k<\/p>\n<p><a href=\"https:\/\/semmelweis.hu\/neurologia\/betegellatas\/\">Betegell\u00e1t\u00f3 oszt\u00e1lyok, szakrendel\u00e9sek, ambulanci\u00e1k el\u00e9rhet\u0151s\u00e9geit a &#8222;Betegell\u00e1t\u00e1s&#8221; f\u00fcl alatt r\u00e9szletezz\u00fck.<\/a><br \/>\n&nbsp;<\/p>\n","protected":false},"author":101234,"featured_media":0,"parent":0,"menu_order":4,"comment_status":"open","ping_status":"closed","template":"","meta":{"_acf_changed":false,"footnotes":""},"categories":[],"tags":[],"class_list":["post-5","page","type-page","status-publish","hentry"],"acf":[],"_links":{"self":[{"href":"https:\/\/semmelweis.hu\/neurologia\/wp-json\/wp\/v2\/pages\/5","targetHints":{"allow":["GET"]}}],"collection":[{"href":"https:\/\/semmelweis.hu\/neurologia\/wp-json\/wp\/v2\/pages"}],"about":[{"href":"https:\/\/semmelweis.hu\/neurologia\/wp-json\/wp\/v2\/types\/page"}],"author":[{"embeddable":true,"href":"https:\/\/semmelweis.hu\/neurologia\/wp-json\/wp\/v2\/users\/101234"}],"replies":[{"embeddable":true,"href":"https:\/\/semmelweis.hu\/neurologia\/wp-json\/wp\/v2\/comments?post=5"}],"version-history":[{"count":13,"href":"https:\/\/semmelweis.hu\/neurologia\/wp-json\/wp\/v2\/pages\/5\/revisions"}],"predecessor-version":[{"id":1742,"href":"https:\/\/semmelweis.hu\/neurologia\/wp-json\/wp\/v2\/pages\/5\/revisions\/1742"}],"wp:attachment":[{"href":"https:\/\/semmelweis.hu\/neurologia\/wp-json\/wp\/v2\/media?parent=5"}],"wp:term":[{"taxonomy":"category","embeddable":true,"href":"https:\/\/semmelweis.hu\/neurologia\/wp-json\/wp\/v2\/categories?post=5"},{"taxonomy":"post_tag","embeddable":true,"href":"https:\/\/semmelweis.hu\/neurologia\/wp-json\/wp\/v2\/tags?post=5"}],"curies":[{"name":"wp","href":"https:\/\/api.w.org\/{rel}","templated":true}]}}