{"id":49,"date":"2012-08-22T14:22:41","date_gmt":"2012-08-22T12:22:41","guid":{"rendered":"http:\/\/semmelweis-egyetem.hu\/neurologia\/?page_id=49"},"modified":"2018-11-26T12:05:54","modified_gmt":"2018-11-26T11:05:54","slug":"betegellatas","status":"publish","type":"page","link":"https:\/\/semmelweis.hu\/neurologia\/betegellatas\/","title":{"rendered":"Betegell\u00e1t\u00e1s"},"content":{"rendered":"<p><a href=\"https:\/\/semmelweis.hu\/neurologia\/files\/2018\/11\/RS27557_20120112-IMG_6520-scr.jpg\"><img loading=\"lazy\" decoding=\"async\" class=\"size-medium wp-image-788 alignright\" src=\"https:\/\/semmelweis.hu\/neurologia\/files\/2018\/11\/RS27557_20120112-IMG_6520-scr-200x300.jpg\" alt=\"\" width=\"200\" height=\"300\" srcset=\"https:\/\/semmelweis.hu\/neurologia\/files\/2018\/11\/RS27557_20120112-IMG_6520-scr-200x300.jpg 200w, https:\/\/semmelweis.hu\/neurologia\/files\/2018\/11\/RS27557_20120112-IMG_6520-scr.jpg 500w\" sizes=\"auto, (max-width: 200px) 100vw, 200px\" \/><\/a>A Semmelweis Egyetem Neurol\u00f3giai Klinika 90 akt\u00edv \u00e1gyon \u00e1lland\u00f3 felv\u00e9teles rendszerben v\u00e9gzi az V., VIII. ker\u00fcletek, a r\u00e1ckevei \u00e9s az \u00e9rdi kist\u00e9rs\u00e9g akut ell\u00e1t\u00e1s\u00e1t. A 6 \u00e1gyas szubintenz\u00edv r\u00e9szleg\u00a0 kezeli az acut ell\u00e1t\u00e1st ig\u00e9nyl\u0151 neurol\u00f3giai betegeket, bele\u00e9rtve az agyi ischaemi\u00e1k thrombo\u00adlysis\u00e9t.<\/p>\n<p>A stroke betegs\u00e9g mellett az idegrendszeri degenerat\u00edv betegs\u00e9gek, mozg\u00e1szavarok, dementi\u00e1k, izom-, neuroimmu\u00adnol\u00f3\u00adgiai, neurogenetikai daganatos, f\u00e1jdalom-, epilepszi\u00e1s \u00e9s a k\u00f6rny\u00e9ki idegrendszeri betegs\u00e9gek gy\u00f3gy\u00edt\u00e1sa is folyik int\u00e9zm\u00e9ny\u00fckben, ahol 1975-t\u0151l m\u0171k\u00f6dik \u201ePar\u00adkinson-k\u00f6zpont\u201d. 12 speci\u00e1lis ambulanci\u00e1n fogadunk cerebrovascularis, fejf\u00e1j\u00e1s-, epilepszia-, Par\u00adkin\u00adson-\u00adbeteg\u00ads\u00e9g\u00adben, kognit\u00edv zavarokban, izom- \u00e9s perif\u00e9ri\u00e1s k\u00f3rk\u00e9pekben szenved\u0151, \u00f6r\u00f6kl\u0151d\u0151 idegrendszeri betegs\u00e9gekben szenved\u0151, tov\u00e1bb\u00e1 sclerosis multiplexes betegeket.<\/p>\n<p>Klinik\u00e1nkon liquor-, ultrahang-, elektrofiziol\u00f3giai (EEG-EMG \u00e9s kiv\u00e1ltott v\u00e1lasz diagnosztika, tremorvizsg\u00e1lat, nystagmographia) laborat\u00f3rium, pszichol\u00f3giai, valamint neuro\u00adpato\u00adl\u00f3giai \u00e9s immunhiszto\u00adk\u00e9miai kutat\u00f3laborat\u00f3rium m\u0171k\u00f6dik. N\u00e1lunk m\u0171k\u00f6dik\u00a02001-t\u0151l a Schaffer K\u00e1roly Klinikai Neuropatol\u00f3giai Laborat\u00f3rium a prion\u00adbetegs\u00e9gek k\u00f6zpontja a II. Sz. Patol\u00f3giai Int\u00e9zettel egy\u00fcttm\u0171k\u00f6d\u00e9sben. Az elektro\u00adfizio\u00adl\u00f3giai (EEG, kiv\u00e1ltott v\u00e1laszok, EMG \u00e9s trans\u00adcrani\u00adalis m\u00e1gneses ingerl\u00e9s), valamint ultrahang-\u00adlabora\u00adt\u00f3riumunk (sz\u00ednes Doppler, transcranialis Doppler, perif\u00e9ri\u00e1s idegek ultrahang-vizsg\u00e1lata) j\u00e1r\u00f3bete\u00adgeket is vizsg\u00e1l.<\/p>\n<p>K\u00fcls\u0151 int\u00e9zm\u00e9nyeket is kiszolg\u00e1l a n\u00e1lunk m\u0171k\u00f6d\u0151 specializ\u00e1lt liquor\u00adlaborat\u00f3rium. Az MRKK \u00e9s a Radiol\u00f3giai Klinika l\u00e1tja el a k\u00e9palkot\u00f3 diagnosztik\u00e1t klinik\u00e1nk sz\u00e1m\u00e1ra, illetve logop\u00e9dus, klinikai pszichol\u00f3gus \u00e9s gy\u00f3gytorn\u00e1sz seg\u00edti a beteggondoz\u00e1st.<\/p>\n","protected":false},"excerpt":{"rendered":"<p><a href=\"https:\/\/semmelweis.hu\/neurologia\/files\/2018\/11\/RS27557_20120112-IMG_6520-scr.jpg\"><\/a> A Semmelweis Egyetem Neurol\u00f3giai Klinika 90 akt\u00edv \u00e1gyon \u00e1lland\u00f3 felv\u00e9teles rendszerben v\u00e9gzi az V., VIII. ker\u00fcletek, a r\u00e1ckevei \u00e9s az \u00e9rdi kist\u00e9rs\u00e9g akut ell\u00e1t\u00e1s\u00e1t. A 6 \u00e1gyas szubintenz\u00edv r\u00e9szleg\u00a0 kezeli az acut ell\u00e1t\u00e1st ig\u00e9nyl\u0151 neurol\u00f3giai betegeket, bele\u00e9rtve az agyi ischaemi\u00e1k thrombo\u00adlysis\u00e9t. A stroke betegs\u00e9g mellett az idegrendszeri degenerat\u00edv betegs\u00e9gek, mozg\u00e1szavarok, dementi\u00e1k, izom-, neuroimmu\u00adnol\u00f3\u00adgiai, neurogenetikai daganatos, &hellip;<\/p>\n","protected":false},"author":80,"featured_media":0,"parent":0,"menu_order":1,"comment_status":"open","ping_status":"closed","template":"","meta":{"_acf_changed":false,"footnotes":""},"categories":[],"tags":[],"class_list":["post-49","page","type-page","status-publish","hentry"],"acf":[],"_links":{"self":[{"href":"https:\/\/semmelweis.hu\/neurologia\/wp-json\/wp\/v2\/pages\/49","targetHints":{"allow":["GET"]}}],"collection":[{"href":"https:\/\/semmelweis.hu\/neurologia\/wp-json\/wp\/v2\/pages"}],"about":[{"href":"https:\/\/semmelweis.hu\/neurologia\/wp-json\/wp\/v2\/types\/page"}],"author":[{"embeddable":true,"href":"https:\/\/semmelweis.hu\/neurologia\/wp-json\/wp\/v2\/users\/80"}],"replies":[{"embeddable":true,"href":"https:\/\/semmelweis.hu\/neurologia\/wp-json\/wp\/v2\/comments?post=49"}],"version-history":[{"count":7,"href":"https:\/\/semmelweis.hu\/neurologia\/wp-json\/wp\/v2\/pages\/49\/revisions"}],"predecessor-version":[{"id":791,"href":"https:\/\/semmelweis.hu\/neurologia\/wp-json\/wp\/v2\/pages\/49\/revisions\/791"}],"wp:attachment":[{"href":"https:\/\/semmelweis.hu\/neurologia\/wp-json\/wp\/v2\/media?parent=49"}],"wp:term":[{"taxonomy":"category","embeddable":true,"href":"https:\/\/semmelweis.hu\/neurologia\/wp-json\/wp\/v2\/categories?post=49"},{"taxonomy":"post_tag","embeddable":true,"href":"https:\/\/semmelweis.hu\/neurologia\/wp-json\/wp\/v2\/tags?post=49"}],"curies":[{"name":"wp","href":"https:\/\/api.w.org\/{rel}","templated":true}]}}