{"id":487,"date":"2017-04-27T09:23:32","date_gmt":"2017-04-27T07:23:32","guid":{"rendered":"http:\/\/semmelweis.hu\/neurologia\/?page_id=487"},"modified":"2024-04-22T11:01:53","modified_gmt":"2024-04-22T09:01:53","slug":"a-neurologiai-klinikarol","status":"publish","type":"page","link":"https:\/\/semmelweis.hu\/neurologia\/a-neurologiai-klinikarol\/","title":{"rendered":"A Neurol\u00f3giai Klinik\u00e1r\u00f3l"},"content":{"rendered":"<p><a href=\"https:\/\/semmelweis.hu\/neurologia\/files\/2017\/04\/RS16657_neurologia_pszichiatria-scr.jpg\"><img loading=\"lazy\" decoding=\"async\" class=\"alignright size-medium wp-image-488\" src=\"https:\/\/semmelweis.hu\/neurologia\/files\/2017\/04\/RS16657_neurologia_pszichiatria-scr-200x300.jpg\" alt=\"\" width=\"200\" height=\"300\" srcset=\"https:\/\/semmelweis.hu\/neurologia\/files\/2017\/04\/RS16657_neurologia_pszichiatria-scr-200x300.jpg 200w, https:\/\/semmelweis.hu\/neurologia\/files\/2017\/04\/RS16657_neurologia_pszichiatria-scr.jpg 500w\" sizes=\"auto, (max-width: 200px) 100vw, 200px\" \/><\/a>A Neurol\u00f3giai Klinika a Semmelweis Egyetem egyetlen gradu\u00e1lis \u00e9s posztgradu\u00e1lis neurol\u00f3giai k\u00e9pz\u00e9st ny\u00fajt\u00f3 int\u00e9zete, ahol \u00e9vente mintegy ezer hallgat\u00f3 gradu\u00e1lis neurol\u00f3giai oktat\u00e1sa folyik. A klinika 90 akt\u00edv \u00e1gyon \u00e1lland\u00f3 felv\u00e9teles rendszerben v\u00e9gzi a f\u0151v\u00e1ros \u00e9s az agglomer\u00e1ci\u00f3 egy r\u00e9sz\u00e9nek akut ell\u00e1t\u00e1s\u00e1t, tov\u00e1bb\u00e1 akt\u00edvan r\u00e9szt vesz a k\u00fcl\u00f6nb\u00f6z\u0151 idegrendszeri megbeteged\u00e9sekhez kapcsol\u00f3d\u00f3 kutat\u00e1sokban is.<\/p>\n<p>A magyar, angol \u00e9s n\u00e9met nyelv\u0171 V. \u00e9s VI. \u00e9vfolyamos hallgat\u00f3k sz\u00e1m\u00e1ra a neurol\u00f3giai oktat\u00e1s k\u00e9tszemeszteres rendszerben folyik. Neurol\u00f3giai t\u00e9m\u00e1b\u00f3l \u00e9vente 15-20 szakdolgozat \u00e9s n\u00e9h\u00e1ny rektori p\u00e1ly\u00e1zat k\u00e9sz\u00fcl. A klinika ir\u00e1ny\u00edtja a budapesti r\u00e9gi\u00f3ban a rezidensk\u00e9pz\u00e9st, ami \u00e9vente 15\u201320 bel\u00e9p\u0151 orvost jelent. A szakorvosk\u00e9pz\u00e9sben a klinika saj\u00e1t programj\u00e1val vesz r\u00e9szt, ezen bel\u00fcl h\u00e1rom t\u00e9mak\u00f6rb\u0151l (neuropatol\u00f3gia, elektrofiziol\u00f3gia, , \u00e1gy melletti gyakorlati k\u00e9pz\u00e9s) ad speci\u00e1lis kurzusokat. \u00c9vi 8\u201310 szakorvosjel\u00f6lt k\u00e9sz\u00fcl szakvizsg\u00e1ra a klinik\u00e1n 4\u20136 h\u00f3napon kereszt\u00fcl. Az int\u00e9zet rendszeresen szervez tov\u00e1bbk\u00e9pz\u0151 tanfolyamokat neurol\u00f3gusok sz\u00e1m\u00e1ra. \u00d6n\u00e1ll\u00f3, Klinikai neurol\u00f3giai kutat\u00e1sok c\u00edm\u0171, \u00f6t alprogramb\u00f3l \u00e1ll\u00f3 PhD programj\u00e1val 2000-ben csatlakozott az egyetemi doktori k\u00e9pz\u00e9shez.<\/p>\n<p>A tudom\u00e1nyos kutat\u00e1s f\u0151bb ter\u00fcletei k\u00f6z\u00e9 tartozik a Parkinson-k\u00f3r, az agyi kering\u00e9szavarok, az idegrendszer degenerat\u00edv betegs\u00e9gei, a prion-betegs\u00e9gek, a kognit\u00edv zavarok \u00e9s af\u00e1zia, az \u00f6n\u00e1ll\u00f3 fejf\u00e1j\u00e1s-betegs\u00e9gek, a neuroimmunol\u00f3giai k\u00f3rk\u00e9pek, az izom- \u00e9s perif\u00e9ri\u00e1s idegbetegs\u00e9gek vizsg\u00e1lata. Az egyetemek k\u00f6z\u00f6tti szerz\u0151d\u00e9sek alapj\u00e1n k\u00fclf\u00f6ldi \u00e9s magyar int\u00e9zm\u00e9nyekkel tudom\u00e1nyos egy\u00fcttm\u0171k\u00f6d\u00e9st \u00e1pol a klinika.<\/p>\n<p><a href=\"https:\/\/semmelweis.hu\/neurologia\/files\/2017\/04\/RS27552_20120112-IMG_6499-scr.jpg\"><img loading=\"lazy\" decoding=\"async\" class=\"alignleft wp-image-489 size-medium\" src=\"https:\/\/semmelweis.hu\/neurologia\/files\/2017\/04\/RS27552_20120112-IMG_6499-scr-300x200.jpg\" alt=\"\" width=\"300\" height=\"200\" srcset=\"https:\/\/semmelweis.hu\/neurologia\/files\/2017\/04\/RS27552_20120112-IMG_6499-scr-300x200.jpg 300w, https:\/\/semmelweis.hu\/neurologia\/files\/2017\/04\/RS27552_20120112-IMG_6499-scr-768x512.jpg 768w, https:\/\/semmelweis.hu\/neurologia\/files\/2017\/04\/RS27552_20120112-IMG_6499-scr-450x300.jpg 450w, https:\/\/semmelweis.hu\/neurologia\/files\/2017\/04\/RS27552_20120112-IMG_6499-scr.jpg 950w\" sizes=\"auto, (max-width: 300px) 100vw, 300px\" \/><\/a><\/p>\n<p>Az int\u00e9zm\u00e9ny 90 akt\u00edv \u00e1gyon \u00e1lland\u00f3 felv\u00e9teles rendszerben v\u00e9gzi az V., VIII. ker\u00fcletek, a r\u00e1ckevei \u00e9s az \u00e9rdi kist\u00e9rs\u00e9g akut ell\u00e1t\u00e1s\u00e1t. A 8 \u00e1gyas szakmaspecifikus szubintenz\u00edv r\u00e9szleg kezeli az akut ell\u00e1t\u00e1st ig\u00e9nyl\u0151 neurol\u00f3giai betegeket, bele\u00e9rtve az agyi \u00e9rkatasztr\u00f3f\u00e1k trombol\u00edzis\u00e9t. A stroke betegs\u00e9g mellett az idegrendszeri degenerat\u00edv betegs\u00e9gek, mozg\u00e1szavarok \u00e9s demenci\u00e1k, izom-, neuroimmunol\u00f3giai, neurogenetikai, daganatos betegs\u00e9gek gy\u00f3gy\u00edt\u00e1s\u00e1t v\u00e9gzi, emellett az epilepszi\u00e1s \u00e9s a perif\u00e9ri\u00e1s idegrendszeri betegs\u00e9gek kezel\u00e9se is beletartozik a klinika portf\u00f3li\u00f3j\u00e1ba. Az int\u00e9zm\u00e9ny 12 speci\u00e1lis ambulanci\u00e1n fogad cerebrovascularis (agyi \u00e9rbetegs\u00e9gek), fejf\u00e1j\u00e1sban, epilepszi\u00e1ban, Parkinson-betegs\u00e9gben, kognit\u00edv zavarokban, izom- \u00e9s perif\u00e9ri\u00e1s k\u00f3rk\u00e9pekben szenved\u0151, \u00f6r\u00f6kl\u0151d\u0151 idegrendszeri betegs\u00e9gekkel k\u00fczd\u0151, tov\u00e1bb\u00e1 sclerosis multiplexes p\u00e1cienseket. 1975-t\u0151l a klinik\u00e1n Parkinson-k\u00f6zpont m\u0171k\u00f6dik.<\/p>\n<p><a href=\"https:\/\/semmelweis.hu\/neurologia\/files\/2017\/04\/RS27561_20120112-IMG_6544-scr.jpg\"><img loading=\"lazy\" decoding=\"async\" class=\"alignright size-medium wp-image-490\" src=\"https:\/\/semmelweis.hu\/neurologia\/files\/2017\/04\/RS27561_20120112-IMG_6544-scr-200x300.jpg\" alt=\"\" width=\"200\" height=\"300\" srcset=\"https:\/\/semmelweis.hu\/neurologia\/files\/2017\/04\/RS27561_20120112-IMG_6544-scr-200x300.jpg 200w, https:\/\/semmelweis.hu\/neurologia\/files\/2017\/04\/RS27561_20120112-IMG_6544-scr.jpg 500w\" sizes=\"auto, (max-width: 200px) 100vw, 200px\" \/><\/a>Az int\u00e9zm\u00e9nyben agy-gerincvel\u0151i folyad\u00e9k (liquor), ultrahang, elektrofiziol\u00f3giai laborat\u00f3rium, pszichol\u00f3giai, valamint neuropatol\u00f3giai \u00e9s immunhisztok\u00e9miai kutat\u00f3laborat\u00f3rium m\u0171k\u00f6dik. 2001-t\u0151l a Schaffer K\u00e1roly Klinikai Neuropatol\u00f3giai Laborat\u00f3rium a prionbetegs\u00e9gek k\u00f6zpontja a II. Sz. Patol\u00f3giai Int\u00e9zettel egy\u00fcttm\u0171k\u00f6d\u00e9sben. Az elektrofiziol\u00f3giai, valamint ultrahang-laborat\u00f3rium j\u00e1r\u00f3betegeket is vizsg\u00e1l, a specializ\u00e1lt liquorlaborat\u00f3rium pedig k\u00fcls\u0151 int\u00e9zm\u00e9nyeket is kiszolg\u00e1l. A k\u00e9palkot\u00f3 diagnosztik\u00e1t a Radiol\u00f3giai Klinika \u00e9s 2006 febru\u00e1rj\u00e1t\u00f3l a Szent\u00e1gothai Tud\u00e1sk\u00f6zpont \u00e9s a Semmelweis Egyetem \u00e1ltal \u00fczemeltetett MRI labor l\u00e1tja el, ahol morfol\u00f3giai \u00e9s funkcion\u00e1lis vizsg\u00e1latok elv\u00e9gz\u00e9s\u00e9re is van lehet\u0151s\u00e9g.<\/p>\n<p>A beteggondoz\u00e1st logop\u00e9dus, klinikai pszichol\u00f3gusok \u00e9s gy\u00f3gytorn\u00e1szok seg\u00edtik. 2008-t\u00f3l a Neurol\u00f3giai Klinika Molekul\u00e1ris Neurol\u00f3giai K\u00f6zpontja ideg-, izom- \u00e9s b\u0151rbiopszi\u00e1k f\u00e9ny- \u00e9s elektronmikroszk\u00f3pos feldolgoz\u00e1s\u00e1t v\u00e1llalta, a K\u00f6zpont 2012-ben lev\u00e1lt a klinik\u00e1t\u00f3l \u00e9s az\u00f3ta a klinik\u00e1val egy\u00fcttm\u0171k\u00f6dve, de f\u00fcggetlen egys\u00e9gk\u00e9nt m\u0171k\u00f6dik. A k\u00f6zpontban lehet\u0151s\u00e9g van az \u00f6r\u00f6kletes idegrendszeri betegs\u00e9gek g\u00e9ndiagnosztik\u00e1j\u00e1ra (pl. Huntington-k\u00f3r, mitokondri\u00e1lis betegs\u00e9gek, famili\u00e1ris Parkinson-k\u00f3r), illetve polig\u00e9nes multifaktori\u00e1lis betegs\u00e9gek genetikai rizik\u00f3t\u00e9nyez\u0151inek vizsg\u00e1lat\u00e1ra (pl. stroke, famili\u00e1ris Alzheimer-k\u00f3r).<\/p>\n<p>Az <a href=\"http:\/\/ideggyogyjovojeert.mindenkilapja.hu\/\">Ideggy\u00f3gy\u00e1szat J\u00f6v\u0151j\u00e9\u00e9rt K\u00f6zhaszn\u00fa Alap\u00edtv\u00e1ny<\/a> 2009-ben j\u00f6tt l\u00e9tre a neurol\u00f3giai betegell\u00e1t\u00e1s, oktat\u00e1s \u00e9s kutat\u00e1s fejleszt\u00e9s\u00e9re. A Schaffer K\u00e1roly Eml\u00e9k\u00e9re Alap\u00edtv\u00e1ny 2001-ben p\u00e1ly\u00e1zatot alap\u00edtott a klinikai neurol\u00f3giai kutat\u00e1sok t\u00e1rgyk\u00f6r\u00e9ben dolgozatot beny\u00fajt\u00f3 rezidensek, szakorvosok, \u00e9s PhD-hallgat\u00f3k r\u00e9sz\u00e9re.<\/p>\n","protected":false},"excerpt":{"rendered":"<p>Klinik\u00e1nk 90 akt\u00edv \u00e1gyon l\u00e1tja el a VIII. ker\u00fclet, valamint a r\u00e1ckevei \u00e9s szigetszentmikl\u00f3si kist\u00e9rs\u00e9g akut eseteit \u00e1lland\u00f3 felv\u00e9teles rendszerben.  Oszt\u00e1lyainkon a  stroke betegs\u00e9g mellett az idegrendszeri degenerat\u00edv betegs\u00e9gek, mozg\u00e1szavarok, dementi\u00e1k, izom-, neuroimmunol\u00f3giai, neurogenetikai daganatos, f\u00e1jdalom-, epilepszi\u00e1s \u00e9s a k\u00f6rny\u00e9ki idegrendszeri betegs\u00e9gek gy\u00f3gy\u00edt\u00e1sa folyik.<\/p>\n<p>A Neurol\u00f3giai Klinika a Semmelweis Egyetem egyetlen gradu\u00e1lis \u00e9s posztgradu\u00e1lis neurol\u00f3giai k\u00e9pz\u00e9st ny\u00fajt\u00f3 int\u00e9zete. A klinik\u00e1n \u00e9vente kb. 1000 magyar, angol \u00e9s n\u00e9met nyelv\u0171 hallgat\u00f3 gradu\u00e1lis neurol\u00f3giai oktat\u00e1sa folyik, emellett a klinika ir\u00e1ny\u00edtja az egyetem r\u00e9gi\u00f3j\u00e1ban a rezidensk\u00e9pz\u00e9st is. \u00d6n\u00e1ll\u00f3 PhD programunk mellett rendszeresen szervez\u00fcnk tov\u00e1bbk\u00e9pz\u0151 tanfolyamokat is. <\/p>\n","protected":false},"author":12,"featured_media":767,"parent":0,"menu_order":0,"comment_status":"closed","ping_status":"closed","template":"","meta":{"_acf_changed":false,"footnotes":""},"categories":[],"tags":[],"class_list":["post-487","page","type-page","status-publish","has-post-thumbnail","hentry"],"acf":[],"_links":{"self":[{"href":"https:\/\/semmelweis.hu\/neurologia\/wp-json\/wp\/v2\/pages\/487","targetHints":{"allow":["GET"]}}],"collection":[{"href":"https:\/\/semmelweis.hu\/neurologia\/wp-json\/wp\/v2\/pages"}],"about":[{"href":"https:\/\/semmelweis.hu\/neurologia\/wp-json\/wp\/v2\/types\/page"}],"author":[{"embeddable":true,"href":"https:\/\/semmelweis.hu\/neurologia\/wp-json\/wp\/v2\/users\/12"}],"replies":[{"embeddable":true,"href":"https:\/\/semmelweis.hu\/neurologia\/wp-json\/wp\/v2\/comments?post=487"}],"version-history":[{"count":8,"href":"https:\/\/semmelweis.hu\/neurologia\/wp-json\/wp\/v2\/pages\/487\/revisions"}],"predecessor-version":[{"id":1516,"href":"https:\/\/semmelweis.hu\/neurologia\/wp-json\/wp\/v2\/pages\/487\/revisions\/1516"}],"wp:featuredmedia":[{"embeddable":true,"href":"https:\/\/semmelweis.hu\/neurologia\/wp-json\/wp\/v2\/media\/767"}],"wp:attachment":[{"href":"https:\/\/semmelweis.hu\/neurologia\/wp-json\/wp\/v2\/media?parent=487"}],"wp:term":[{"taxonomy":"category","embeddable":true,"href":"https:\/\/semmelweis.hu\/neurologia\/wp-json\/wp\/v2\/categories?post=487"},{"taxonomy":"post_tag","embeddable":true,"href":"https:\/\/semmelweis.hu\/neurologia\/wp-json\/wp\/v2\/tags?post=487"}],"curies":[{"name":"wp","href":"https:\/\/api.w.org\/{rel}","templated":true}]}}