{"id":388,"date":"2014-08-25T11:51:46","date_gmt":"2014-08-25T09:51:46","guid":{"rendered":"http:\/\/semmelweis.hu\/neurologia\/?page_id=388"},"modified":"2018-11-26T12:37:56","modified_gmt":"2018-11-26T11:37:56","slug":"a-neurologiai-klinika-konyvtara","status":"publish","type":"page","link":"https:\/\/semmelweis.hu\/neurologia\/oktatas\/a-neurologiai-klinika-konyvtara\/","title":{"rendered":"A Neurol\u00f3giai Klinika K\u00f6nyvt\u00e1ra"},"content":{"rendered":"<p><strong>C\u00edm:<\/strong> Budapest VIII., Balassa u. 6. <br \/>\n<strong>Telefon:<\/strong> +36 1 210 03 30 \/51201 <br \/>\n<strong>E-mail:<\/strong> <a href=\"mailto:parcsami@psych.sote.hu\">parcsami.gaborne@med.semmelweis-univ.hu<\/a> <br \/>\n<strong>K\u00f6nyvt\u00e1ros:<\/strong> Parcsami G\u00e1born\u00e9 <br \/>\n<strong>Nyitva tart\u00e1s:<\/strong> Munkanapokon 7.30-15.30 \u00f3r\u00e1ig<\/p>\n<p><strong>Szolg\u00e1ltat\u00e1sok: <\/strong>A k\u00f6nyvt\u00e1rban csak a klinikai dolgoz\u00f3k k\u00f6lcs\u00f6n\u00f6zhetnek k\u00f6nyveket, a hallgat\u00f3k \u00e9s a k\u00fcls\u0151s\u00f6k helyben haszn\u00e1lhatj\u00e1k a k\u00f6nyvt\u00e1ri dokumentumokat. Mivel foly\u00f3irat, szakdolgozat nem k\u00f6lcs\u00f6n\u00f6zhet\u0151, f\u00e9nym\u00e1sol\u00e1sra van lehet\u0151s\u00e9g. K\u00f6nyvt\u00e1rak k\u00f6nyvt\u00e1rk\u00f6zi k\u00f6lcs\u00f6nz\u00e9ssel k\u00e9rhetnek k\u00f6nyveket. A k\u00f6nyvek k\u00f6lcs\u00f6nz\u00e9si ideje egy h\u00f3nap.<\/p>\n<p><a href=\"https:\/\/semmelweis.hu\/neurologia\/files\/2014\/08\/neur_konyvtar.jpg\"><img loading=\"lazy\" decoding=\"async\" class=\"aligncenter size-large wp-image-389\" src=\"https:\/\/semmelweis.hu\/neurologia\/files\/2014\/08\/neur_konyvtar-1024x568.jpg\" alt=\"neur_konyvtar\" width=\"640\" height=\"355\" srcset=\"https:\/\/semmelweis.hu\/neurologia\/files\/2014\/08\/neur_konyvtar-1024x568.jpg 1024w, https:\/\/semmelweis.hu\/neurologia\/files\/2014\/08\/neur_konyvtar-300x166.jpg 300w, https:\/\/semmelweis.hu\/neurologia\/files\/2014\/08\/neur_konyvtar-540x300.jpg 540w, https:\/\/semmelweis.hu\/neurologia\/files\/2014\/08\/neur_konyvtar.jpg 1493w\" sizes=\"auto, (max-width: 640px) 100vw, 640px\" \/><\/a><\/p>\n<p><strong>A k\u00f6nyvt\u00e1r t\u00f6rt\u00e9nete:<\/strong> Az int\u00e9zm\u00e9ny k\u00f6nyvt\u00e1r\u00e1nak t\u00f6rt\u00e9nete 1908. november 1-j\u00e9ig, a Budapesti Kir\u00e1lyi Magyar Tudom\u00e1ny-Egyetem Ideg- \u00e9s Elmek\u00f3rtani Klinika megnyit\u00e1s\u00e1ig vezethet\u0151 vissza. Az alap\u00edt\u00f3 igazgat\u00f3 Moravcsik Ern\u0151 Emil k\u00f6teless\u00e9g\u00e9nek \u00e9rezte, hogy a gy\u00f3gy\u00edt\u00e1son k\u00edv\u00fcl a tudom\u00e1nyos kutat\u00e1snak is helyet adjon. A r\u00e9szletes t\u00f6rt\u00e9neti le\u00edr\u00e1s a Semmelweis Egyetem Pszichi\u00e1triai \u00e9s Pszichoter\u00e1pi\u00e1s Klinika <a href=\"https:\/\/semmelweis.hu\/pszichiatria\/a-klinika-tortenete\/a-semmelweis-egyetem-pszichiatriai-es-pszichoterapias-klinika-konyvtara\/\">K\u00f6nyvt\u00e1r\u00e1nak <\/a>t\u00f6rt\u00e9net\u00e9n\u00e9l olvashat\u00f3.<\/p>\n<p>1957-ben a k\u00e9t klinika kett\u00e9v\u00e1lt: Budapesti Orvostudom\u00e1nyi Egyetem Pszichi\u00e1triai \u00e9s Neurol\u00f3giai Klinik\u00e1ra. A Neurol\u00f3giai Klinika Hor\u00e1nyi B\u00e9la professzor vezet\u00e9s\u00e9vel m\u0171k\u00f6d\u00f6tt tov\u00e1bb.Az 1957. m\u00e1jus 28-t\u00f3l keltezett lelt\u00e1rk\u00f6nyv tan\u00fas\u00e1ga szerint a k\u00f6nyvt\u00e1r 1960-ban 167 db k\u00f6nyvvel rendelkezett. A k\u00f6nyvt\u00e1r a f\u0151\u00e9p\u00fclet alagsor\u00e1ban m\u0171k\u00f6d\u00f6tt a klinika 1982-ben kezd\u0151d\u0151 rekonstrukci\u00f3ja el\u0151tt, a k\u00f6nyvt\u00e1ros szem\u00e9ly\u00e9r\u0151l 1983-ig nincs \u00edr\u00e1sos feljegyz\u00e9s &#8211; ekkort\u00f3l P\u00f6hm B\u00e9l\u00e1n\u00e9 kezelte az \u00e1llom\u00e1nyt. 1992-ben Bakonyi Zsuzsa vette \u00e1t a k\u00f6nyvt\u00e1r vezet\u00e9s\u00e9t, ami a D \u00e9p\u00fclet f\u00f6ldszintj\u00e9n egy betegszob\u00e1ban tartott nyitva. 1994-ben a Neurol\u00f3giai Klinika K\u00f6nyvt\u00e1ra &#8211; a Pszichi\u00e1triai Klinika K\u00f6nyvt\u00e1r\u00e1val egy\u00fctt &#8211; bek\u00f6lt\u00f6z\u00f6tt a fel\u00faj\u00edtott f\u0151\u00e9p\u00fclet m\u00e1sodik emelet\u00e9n tal\u00e1lhat\u00f3, F\u00fcv\u00e9szkertre n\u00e9z\u0151 k\u00f6nyvt\u00e1rterembe. Ekkor 1 724 db k\u00f6nyv 844 db \u00e9s foly\u00f3irat k\u00e9pezte a lelt\u00e1rt. Bakonyi Zsuzsa 1996-ig gondozta az \u00e1llom\u00e1nyt. \u0150t k\u00f6vet\u0151en a k\u00f6nyvt\u00e1rat t\u00f6bb szem\u00e9ly vezette: T\u00f3th \u00c1gnes, Mih\u00e1ly Anna, Budav\u00e1ri Mikl\u00f3sn\u00e9, \u00e9s Gr\u0151b Rita, eg\u00e9szen 2008. november 1-j\u00e9ig. A 100 \u00e9ves \u00e9vfordul\u00f3 ut\u00e1n a Neurol\u00f3giai Klinika igazgat\u00f3ja, Bereczki D\u00e1niel professzor Parcsami G\u00e1born\u00e9t b\u00edzta meg a k\u00f6nyvt\u00e1r vezet\u00e9s\u00e9vel. A k\u00f6nyvt\u00e1ri \u00e1llom\u00e1ny ekkor 842 db k\u00f6nyvb\u0151l \u00e9s 1 989 db foly\u00f3iratb\u00f3l \u00e1llt.<\/p>\n","protected":false},"excerpt":{"rendered":"<p>C\u00edm: Budapest VIII., Balassa u. 6. Telefon: +36 1 210 03 30 \/51201 E-mail: <a href=\"mailto:parcsami@psych.sote.hu\">parcsami.gaborne@med.semmelweis-univ.hu<\/a> K\u00f6nyvt\u00e1ros: Parcsami G\u00e1born\u00e9 Nyitva tart\u00e1s: Munkanapokon 7.30-15.30 \u00f3r\u00e1ig Szolg\u00e1ltat\u00e1sok: A k\u00f6nyvt\u00e1rban csak a klinikai dolgoz\u00f3k k\u00f6lcs\u00f6n\u00f6zhetnek k\u00f6nyveket, a hallgat\u00f3k \u00e9s a k\u00fcls\u0151s\u00f6k helyben haszn\u00e1lhatj\u00e1k a k\u00f6nyvt\u00e1ri dokumentumokat. Mivel foly\u00f3irat, szakdolgozat nem k\u00f6lcs\u00f6n\u00f6zhet\u0151, f\u00e9nym\u00e1sol\u00e1sra van lehet\u0151s\u00e9g. K\u00f6nyvt\u00e1rak k\u00f6nyvt\u00e1rk\u00f6zi k\u00f6lcs\u00f6nz\u00e9ssel k\u00e9rhetnek k\u00f6nyveket. A &hellip;<\/p>\n","protected":false},"author":12,"featured_media":0,"parent":38,"menu_order":8,"comment_status":"closed","ping_status":"closed","template":"","meta":{"_acf_changed":false,"footnotes":""},"categories":[],"tags":[],"class_list":["post-388","page","type-page","status-publish","hentry"],"acf":[],"_links":{"self":[{"href":"https:\/\/semmelweis.hu\/neurologia\/wp-json\/wp\/v2\/pages\/388","targetHints":{"allow":["GET"]}}],"collection":[{"href":"https:\/\/semmelweis.hu\/neurologia\/wp-json\/wp\/v2\/pages"}],"about":[{"href":"https:\/\/semmelweis.hu\/neurologia\/wp-json\/wp\/v2\/types\/page"}],"author":[{"embeddable":true,"href":"https:\/\/semmelweis.hu\/neurologia\/wp-json\/wp\/v2\/users\/12"}],"replies":[{"embeddable":true,"href":"https:\/\/semmelweis.hu\/neurologia\/wp-json\/wp\/v2\/comments?post=388"}],"version-history":[{"count":5,"href":"https:\/\/semmelweis.hu\/neurologia\/wp-json\/wp\/v2\/pages\/388\/revisions"}],"predecessor-version":[{"id":745,"href":"https:\/\/semmelweis.hu\/neurologia\/wp-json\/wp\/v2\/pages\/388\/revisions\/745"}],"up":[{"embeddable":true,"href":"https:\/\/semmelweis.hu\/neurologia\/wp-json\/wp\/v2\/pages\/38"}],"wp:attachment":[{"href":"https:\/\/semmelweis.hu\/neurologia\/wp-json\/wp\/v2\/media?parent=388"}],"wp:term":[{"taxonomy":"category","embeddable":true,"href":"https:\/\/semmelweis.hu\/neurologia\/wp-json\/wp\/v2\/categories?post=388"},{"taxonomy":"post_tag","embeddable":true,"href":"https:\/\/semmelweis.hu\/neurologia\/wp-json\/wp\/v2\/tags?post=388"}],"curies":[{"name":"wp","href":"https:\/\/api.w.org\/{rel}","templated":true}]}}