{"id":367,"date":"2014-03-12T14:23:21","date_gmt":"2014-03-12T14:23:21","guid":{"rendered":"http:\/\/semmelweis.hu\/neurologia\/?page_id=367"},"modified":"2022-12-12T09:49:28","modified_gmt":"2022-12-12T08:49:28","slug":"alapitvany-2","status":"publish","type":"page","link":"https:\/\/semmelweis.hu\/neurologia\/alapitvany-2\/","title":{"rendered":"Alap\u00edtv\u00e1ny"},"content":{"rendered":"<p style=\"text-align: left\" align=\"right\"><span style=\"font-size: large\">\u201e<strong>Az Ideggy\u00f3gy\u00e1szat J\u00f6v\u0151j\u00e9\u00e9rt K\u00f6zh<\/strong><strong>aszn\u00fa Alap\u00edtv\u00e1ny\u201d<\/strong><\/span><\/p>\n<p>\u00a0<b>Sz\u00e9khelye:<\/b> Semmelweis Egyetem \u00c1OK Neurol\u00f3giai Klinika, 1083 Budapest, Balassa u. 6.<\/p>\n<p><b>Az alap\u00edtv\u00e1ny c\u00e9lja<\/b> a k\u00f6zhaszn\u00fa szervezetekr\u0151l sz\u00f3l\u00f3 m\u00f3dos\u00edtott 1997. \u00e9vi CLVI. T\u00f6rv\u00e9nyben megjel\u00f6lt k\u00f6zhaszn\u00fa tev\u00e9kenys\u00e9gek k\u00f6z\u00fcl:<\/p>\n<ul>\n<li>\u00a0eg\u00e9szs\u00e9g\u00fcgyi habilit\u00e1ci\u00f3s tev\u00e9kenys\u00e9g<\/li>\n<li>tudom\u00e1nyos tev\u00e9kenys\u00e9g, kutat\u00e1s<\/li>\n<li>nevel\u00e9s \u00e9s oktat\u00e1s, k\u00e9pess\u00e9gfejleszt\u00e9s, ismeretterjeszt\u00e9s<\/li>\n<\/ul>\n<p><strong>Ezen f\u0151 c\u00e9lokon bel\u00fcl t\u00f6bbek k\u00f6z\u00f6tt:<\/strong><\/p>\n<ul>\n<li>\u00a0seg\u00edti az orvosok, orvostanhallgat\u00f3k, \u00e1pol\u00f3k, eg\u00e9szs\u00e9g\u00fcgyi szakdolgoz\u00f3k k\u00e9pz\u00e9s\u00e9t \u00e9s tov\u00e1bbk\u00e9pz\u00e9s\u00e9t<\/li>\n<li>kutat\u00e1sokat, tudom\u00e1nyos konferenci\u00e1kat szervez \u00e9s finansz\u00edroz<\/li>\n<li>c\u00e9ljainak megval\u00f3s\u00edt\u00e1s\u00e1hoz sz\u00fcks\u00e9ges kiadv\u00e1nyokat, foly\u00f3iratokat, tudom\u00e1nyos munk\u00e1kat ad ki, illetve ezek kiad\u00e1s\u00e1t t\u00e1mogatja<\/li>\n<li>bekapcsol\u00f3dik a hazai fels\u0151oktat\u00e1sba \u00e9s a posztgradu\u00e1lis k\u00e9pz\u00e9sbe<\/li>\n<li>\u00f6szt\u00f6nd\u00edjakat adom\u00e1nyoz<\/li>\n<li>szervezi a kutat\u00f3k \u00e9s az oktat\u00f3k, orvostanhallgat\u00f3k, n\u0151v\u00e9rek \u00e9s egy\u00e9b eg\u00e9szs\u00e9g\u00fcgyi szakdolgoz\u00f3k nemzetk\u00f6zi kapcsolatait<\/li>\n<li>tanulm\u00e1nyutakat szervez, fejleszti a vend\u00e9gkutat\u00f3i kapcsolatokat<\/li>\n<li>t\u00e1mogat\u00e1st ny\u00fajt a neurol\u00f3giai oktat\u00e1s, kutat\u00e1s, \u00e9s betegell\u00e1t\u00e1s m\u0171szerezetts\u00e9gi sz\u00ednvonal\u00e1nak emel\u00e9s\u00e9hez, informatikai rendszer\u00e9nek fejleszt\u00e9s\u00e9hez<\/li>\n<\/ul>\n<p><b>K\u00f6sz\u00f6nettel vessz\u00fck, ha t\u00e1mogatni k\u00edv\u00e1nja c\u00e9ljainkat. Az alap\u00edtv\u00e1ny adatai<\/b>:<\/p>\n<p style=\"text-align: left\" align=\"center\">AZ IDEGGY\u00d3GY\u00c1SZAT J\u00d6V\u0150J\u00c9\u00c9RT<br \/>\nK\u00d6ZHASZN\u00da ALAP\u00cdTV\u00c1NY<br \/>\n1083. Budapest, Balassa u. 6.<br \/>\nAd\u00f3sz\u00e1m: 18198915-1-42<br \/>\nSorsz\u00e1m (F\u0151v\u00e1rosi B\u00edr\u00f3s\u00e1g): 10730<br \/>\nBanksz\u00e1mlasz\u00e1m: 11600006-00000000-33759964<\/p>\n<p>\u00a0Tisztelettel:<\/p>\n<p>Dr. Bereczki D\u00e1niel<br \/>\negyetemi tan\u00e1r<br \/>\naz Alap\u00edtv\u00e1ny kurat\u00f3rium\u00e1nak eln\u00f6ke<\/p>\n<p>\n<a href=\"https:\/\/semmelweis.hu\/neurologia\/files\/2018\/12\/Az-Ideggy\u00f3gy\u00e1szat-j\u00f6v\u0151j\u00e9\u00e9rt-K\u00f6zhaszn\u00fa-Alap\u00edtv\u00e1ny-tev\u00e9kenys\u00e9gei.pdf\">Az Ideggy\u00f3gy\u00e1szat j\u00f6v\u0151j\u00e9\u00e9rt K\u00f6zhaszn\u00fa Alap\u00edtv\u00e1ny tev\u00e9kenys\u00e9gei<\/a><\/p>\n","protected":false},"excerpt":{"rendered":"<p>\u201eAz Ideggy\u00f3gy\u00e1szat J\u00f6v\u0151j\u00e9\u00e9rt K\u00f6zhaszn\u00fa Alap\u00edtv\u00e1ny\u201d \u00a0Sz\u00e9khelye: Semmelweis Egyetem \u00c1OK Neurol\u00f3giai Klinika, 1083 Budapest, Balassa u. 6. Az alap\u00edtv\u00e1ny c\u00e9lja a k\u00f6zhaszn\u00fa szervezetekr\u0151l sz\u00f3l\u00f3 m\u00f3dos\u00edtott 1997. \u00e9vi CLVI. T\u00f6rv\u00e9nyben megjel\u00f6lt k\u00f6zhaszn\u00fa tev\u00e9kenys\u00e9gek k\u00f6z\u00fcl: \u00a0eg\u00e9szs\u00e9g\u00fcgyi habilit\u00e1ci\u00f3s tev\u00e9kenys\u00e9g tudom\u00e1nyos tev\u00e9kenys\u00e9g, kutat\u00e1s nevel\u00e9s \u00e9s oktat\u00e1s, k\u00e9pess\u00e9gfejleszt\u00e9s, ismeretterjeszt\u00e9s Ezen f\u0151 c\u00e9lokon bel\u00fcl t\u00f6bbek k\u00f6z\u00f6tt: \u00a0seg\u00edti az orvosok, orvostanhallgat\u00f3k, \u00e1pol\u00f3k, eg\u00e9szs\u00e9g\u00fcgyi &hellip;<\/p>\n","protected":false},"author":80,"featured_media":0,"parent":0,"menu_order":7,"comment_status":"closed","ping_status":"closed","template":"","meta":{"_acf_changed":false,"footnotes":""},"categories":[],"tags":[],"class_list":["post-367","page","type-page","status-publish","hentry"],"acf":[],"_links":{"self":[{"href":"https:\/\/semmelweis.hu\/neurologia\/wp-json\/wp\/v2\/pages\/367","targetHints":{"allow":["GET"]}}],"collection":[{"href":"https:\/\/semmelweis.hu\/neurologia\/wp-json\/wp\/v2\/pages"}],"about":[{"href":"https:\/\/semmelweis.hu\/neurologia\/wp-json\/wp\/v2\/types\/page"}],"author":[{"embeddable":true,"href":"https:\/\/semmelweis.hu\/neurologia\/wp-json\/wp\/v2\/users\/80"}],"replies":[{"embeddable":true,"href":"https:\/\/semmelweis.hu\/neurologia\/wp-json\/wp\/v2\/comments?post=367"}],"version-history":[{"count":10,"href":"https:\/\/semmelweis.hu\/neurologia\/wp-json\/wp\/v2\/pages\/367\/revisions"}],"predecessor-version":[{"id":1420,"href":"https:\/\/semmelweis.hu\/neurologia\/wp-json\/wp\/v2\/pages\/367\/revisions\/1420"}],"wp:attachment":[{"href":"https:\/\/semmelweis.hu\/neurologia\/wp-json\/wp\/v2\/media?parent=367"}],"wp:term":[{"taxonomy":"category","embeddable":true,"href":"https:\/\/semmelweis.hu\/neurologia\/wp-json\/wp\/v2\/categories?post=367"},{"taxonomy":"post_tag","embeddable":true,"href":"https:\/\/semmelweis.hu\/neurologia\/wp-json\/wp\/v2\/tags?post=367"}],"curies":[{"name":"wp","href":"https:\/\/api.w.org\/{rel}","templated":true}]}}