{"id":195,"date":"2012-09-10T14:21:42","date_gmt":"2012-09-10T14:21:42","guid":{"rendered":"http:\/\/semmelweis-egyetem.hu\/neurologia\/?page_id=195"},"modified":"2025-04-22T09:16:30","modified_gmt":"2025-04-22T07:16:30","slug":"fok-magyar-iv-evfolyam","status":"publish","type":"page","link":"https:\/\/semmelweis.hu\/neurologia\/oktatas\/gradualis-oktatas-2\/fok-magyar-iv-evfolyam\/","title":{"rendered":"FOK"},"content":{"rendered":"<p><a href=\"https:\/\/semmelweis.hu\/neurologia\/files\/2025\/03\/FOK-kovetelmenyek-2024-2025-magyar.pdf\">FOK-Ko\u0308vetelme\u0301nyrendszer 2024\/2025<\/a><\/p>\n<p><a href=\"https:\/\/semmelweis.hu\/neurologia\/files\/2025\/04\/FOK-tetelsor-magyar.docx\">Szigorlati t\u00e9telek<\/a><\/p>\n<p><a href=\"https:\/\/semmelweis.hu\/neurologia\/files\/2025\/03\/FOKmagyar-2024-25-II-m.docx\">El\u0151ad\u00e1sok tematik\u00e1ja 2024\/2025<\/a><\/p>\n<p><a href=\"https:\/\/semmelweis.hu\/neurologia\/files\/2025\/04\/OMHV-Intezkedesi-terv-2024-2025.-I.-felev.pdf\">Inte\u0301zkede\u0301si terv<\/a><\/p>\n","protected":false},"excerpt":{"rendered":"<p><a href=\"https:\/\/semmelweis.hu\/neurologia\/files\/2025\/03\/FOK-kovetelmenyek-2024-2025-magyar.pdf\">FOK-Ko\u0308vetelme\u0301nyrendszer 2024\/2025<\/a><br \/>\n<a href=\"https:\/\/semmelweis.hu\/neurologia\/files\/2025\/04\/FOK-tetelsor-magyar.docx\">Szigorlati t\u00e9telek<\/a><br \/>\n<a href=\"https:\/\/semmelweis.hu\/neurologia\/files\/2025\/03\/FOKmagyar-2024-25-II-m.docx\">El\u0151ad\u00e1sok tematik\u00e1ja 2024\/2025<\/a><br \/>\n<a href=\"https:\/\/semmelweis.hu\/neurologia\/files\/2025\/04\/OMHV-Intezkedesi-terv-2024-2025.-I.-felev.pdf\">Inte\u0301zkede\u0301si terv<\/a><\/p>\n","protected":false},"author":80,"featured_media":0,"parent":191,"menu_order":0,"comment_status":"closed","ping_status":"closed","template":"","meta":{"_acf_changed":false,"footnotes":""},"categories":[],"tags":[],"class_list":["post-195","page","type-page","status-publish","hentry"],"acf":[],"_links":{"self":[{"href":"https:\/\/semmelweis.hu\/neurologia\/wp-json\/wp\/v2\/pages\/195","targetHints":{"allow":["GET"]}}],"collection":[{"href":"https:\/\/semmelweis.hu\/neurologia\/wp-json\/wp\/v2\/pages"}],"about":[{"href":"https:\/\/semmelweis.hu\/neurologia\/wp-json\/wp\/v2\/types\/page"}],"author":[{"embeddable":true,"href":"https:\/\/semmelweis.hu\/neurologia\/wp-json\/wp\/v2\/users\/80"}],"replies":[{"embeddable":true,"href":"https:\/\/semmelweis.hu\/neurologia\/wp-json\/wp\/v2\/comments?post=195"}],"version-history":[{"count":10,"href":"https:\/\/semmelweis.hu\/neurologia\/wp-json\/wp\/v2\/pages\/195\/revisions"}],"predecessor-version":[{"id":1678,"href":"https:\/\/semmelweis.hu\/neurologia\/wp-json\/wp\/v2\/pages\/195\/revisions\/1678"}],"up":[{"embeddable":true,"href":"https:\/\/semmelweis.hu\/neurologia\/wp-json\/wp\/v2\/pages\/191"}],"wp:attachment":[{"href":"https:\/\/semmelweis.hu\/neurologia\/wp-json\/wp\/v2\/media?parent=195"}],"wp:term":[{"taxonomy":"category","embeddable":true,"href":"https:\/\/semmelweis.hu\/neurologia\/wp-json\/wp\/v2\/categories?post=195"},{"taxonomy":"post_tag","embeddable":true,"href":"https:\/\/semmelweis.hu\/neurologia\/wp-json\/wp\/v2\/tags?post=195"}],"curies":[{"name":"wp","href":"https:\/\/api.w.org\/{rel}","templated":true}]}}