{"id":1586,"date":"2024-10-01T13:13:35","date_gmt":"2024-10-01T11:13:35","guid":{"rendered":"https:\/\/semmelweis.hu\/neurologia\/?page_id=1586"},"modified":"2024-10-01T13:48:28","modified_gmt":"2024-10-01T11:48:28","slug":"fizioterapiai-szakrendeles","status":"publish","type":"page","link":"https:\/\/semmelweis.hu\/neurologia\/betegellatas\/jarobeteg-ellatas\/fizioterapiai-szakrendeles\/","title":{"rendered":"Fizioter\u00e1piai szakrendel\u00e9s"},"content":{"rendered":"<div>Egy\u00e9ni kezel\u00e9sek: kiz\u00e1r\u00f3lag a Klinik\u00e1n dolgoz\u00f3 orvosok \u00e1ltal javasolt betegek sz\u00e1m\u00e1ra<\/div>\n<div>Csoportos kezel\u00e9sek:<\/div>\n<ul data-editing-info=\"{&quot;orderedStyleType&quot;:1,&quot;unorderedStyleType&quot;:2}\">\n<li>\n<div>Parkinson betegs\u00e9g<\/div>\n<\/li>\n<li>\n<div>Sclerosis Multiplex<\/div>\n<\/li>\n<li>\n<div>Kognit\u00edv fejleszt\u0151 mozg\u00e1ster\u00e1pia (dementia)<\/div>\n<\/li>\n<\/ul>\n<div>\u00a0<\/div>\n<div>Csoportos foglalkoz\u00e1sba val\u00f3 bevon\u00e1s el\u0151tt el\u0151zetes \u00e1llapotfelm\u00e9r\u00e9s sz\u00fcks\u00e9ges!<\/div>\n<div>Id\u0151pont egyeztet\u00e9s: 06 30 877 0403<\/div>\n","protected":false},"excerpt":{"rendered":"<p>Egy\u00e9ni kezel\u00e9sek: kiz\u00e1r\u00f3lag a Klinik\u00e1n dolgoz\u00f3 orvosok \u00e1ltal javasolt betegek sz\u00e1m\u00e1ra<br \/>\nCsoportos kezel\u00e9sek:<\/p>\n<p>Parkinson betegs\u00e9g<\/p>\n<p>Sclerosis Multiplex<\/p>\n<p>Kognit\u00edv fejleszt\u0151 mozg\u00e1ster\u00e1pia (dementia)<\/p>\n<p>\u00a0<br \/>\nCsoportos foglalkoz\u00e1sba val\u00f3 bevon\u00e1s el\u0151tt el\u0151zetes \u00e1llapotfelm\u00e9r\u00e9s sz\u00fcks\u00e9ges!<br \/>\nId\u0151pont egyeztet\u00e9s: 06 30 877 0403<\/p>\n","protected":false},"author":101622,"featured_media":0,"parent":64,"menu_order":0,"comment_status":"open","ping_status":"open","template":"","meta":{"_acf_changed":false,"footnotes":""},"categories":[],"tags":[],"class_list":["post-1586","page","type-page","status-publish","hentry"],"acf":[],"_links":{"self":[{"href":"https:\/\/semmelweis.hu\/neurologia\/wp-json\/wp\/v2\/pages\/1586","targetHints":{"allow":["GET"]}}],"collection":[{"href":"https:\/\/semmelweis.hu\/neurologia\/wp-json\/wp\/v2\/pages"}],"about":[{"href":"https:\/\/semmelweis.hu\/neurologia\/wp-json\/wp\/v2\/types\/page"}],"author":[{"embeddable":true,"href":"https:\/\/semmelweis.hu\/neurologia\/wp-json\/wp\/v2\/users\/101622"}],"replies":[{"embeddable":true,"href":"https:\/\/semmelweis.hu\/neurologia\/wp-json\/wp\/v2\/comments?post=1586"}],"version-history":[{"count":1,"href":"https:\/\/semmelweis.hu\/neurologia\/wp-json\/wp\/v2\/pages\/1586\/revisions"}],"predecessor-version":[{"id":1587,"href":"https:\/\/semmelweis.hu\/neurologia\/wp-json\/wp\/v2\/pages\/1586\/revisions\/1587"}],"up":[{"embeddable":true,"href":"https:\/\/semmelweis.hu\/neurologia\/wp-json\/wp\/v2\/pages\/64"}],"wp:attachment":[{"href":"https:\/\/semmelweis.hu\/neurologia\/wp-json\/wp\/v2\/media?parent=1586"}],"wp:term":[{"taxonomy":"category","embeddable":true,"href":"https:\/\/semmelweis.hu\/neurologia\/wp-json\/wp\/v2\/categories?post=1586"},{"taxonomy":"post_tag","embeddable":true,"href":"https:\/\/semmelweis.hu\/neurologia\/wp-json\/wp\/v2\/tags?post=1586"}],"curies":[{"name":"wp","href":"https:\/\/api.w.org\/{rel}","templated":true}]}}