{"id":1537,"date":"2024-08-06T15:29:12","date_gmt":"2024-08-06T13:29:12","guid":{"rendered":"https:\/\/semmelweis.hu\/neurologia\/?page_id=1537"},"modified":"2024-09-02T13:07:17","modified_gmt":"2024-09-02T11:07:17","slug":"adatbiztonsag-es-adatvedelem","status":"publish","type":"page","link":"https:\/\/semmelweis.hu\/neurologia\/adatbiztonsag-es-adatvedelem\/","title":{"rendered":"Adatbiztons\u00e1g \u00e9s adatv\u00e9delem"},"content":{"rendered":"<p>A Semmelweis Egyetemen a szem\u00e9lyes \u00e9s k\u00fcl\u00f6nleges adatok kezel\u00e9se \u00e9s v\u00e9delme a jogszab\u00e1lyoknak megfelel\u0151en, biztons\u00e1gosan t\u00f6rt\u00e9nik. Ezt a\u00a0<a href=\"https:\/\/semmelweis.hu\/jogigfoig\/dokumentumtar\/szabalyzattar\/adatvedelmi-szabalyzat\/\"><strong>Semmelweis Egyetem Adatv\u00e9delmi Szab\u00e1lyzata<\/strong><\/a>\u00a0foglalja \u00f6ssze.<\/p>\n<p>Az egyetemi adatv\u00e9delmi felel\u0151s alapvet\u0151 feladata, hogy az Adatv\u00e9delmi Szab\u00e1lyzatban r\u00f6gz\u00edtett feladatait teljes\u00edtve gondoskodjon az egyetem adatv\u00e9delmi \u00e9s az ezzel \u00f6sszef\u00fcgg\u0151 adatbiztons\u00e1gi szempontokat kiel\u00e9g\u00edt\u0151 m\u0171k\u00f6d\u00e9s\u00e9r\u0151l.<\/p>\n<p><strong>A Semmelweis Egyetem adatv\u00e9delmi tisztvisel\u0151je:<\/strong><\/p>\n<p><strong>Dr. Tr\u00f3cs\u00e1nyi S\u00e1ra<\/strong><br \/>\n1125 Budapest, K\u00fatv\u00f6lgyi \u00fat 6.<br \/>\nTel.: 06-1\/224-1547<br \/>\nE-mail:\u00a0adatvedelemATsemmelweis-univ.hu<\/p>\n<p>&nbsp;<\/p>\n<p><a href=\"https:\/\/semmelweis.hu\/neurologia\/files\/2024\/09\/Adatkezelesi-tajekoztato-Neurologiai-Klinika.pdf\">Adatkezel\u00e9si t\u00e1j\u00e9koztat\u00f3 a Neurol\u00f3giai Klinika betegei r\u00e9sz\u00e9re<\/a><\/p>\n<p><a href=\"https:\/\/semmelweis.hu\/neurologia\/files\/2024\/09\/Adatkezelesi-nyilvantartas-titkarsag-NK.xls\">Adatkezel\u00e9si nyilv\u00e1ntart\u00e1s titk\u00e1rs\u00e1g<\/a><br \/>\n<a href=\"https:\/\/semmelweis.hu\/neurologia\/files\/2024\/09\/Adatkezelesi-nyilvantartas-fekvo-jaro-beteg-ellatas-NK.xlsx\">Adatkezel\u00e9si nyilv\u00e1ntart\u00e1s fekv\u0151 \u2013 j\u00e1r\u00f3beteg ell\u00e1t\u00e1s<\/a><br \/>\n<a href=\"https:\/\/semmelweis.hu\/neurologia\/files\/2024\/09\/Adatkezelesi-nyilvantartas-tudomanyos-kutatas-NK-1.xlsx\">Adatkezel\u00e9si nyilv\u00e1ntart\u00e1s tudom\u00e1nyos kutat\u00e1s<\/a><br \/>\n<a href=\"https:\/\/semmelweis.hu\/neurologia\/files\/2024\/09\/Adatkezelesi-nyilvantartas-Munka-es-Berugy-NK.xlsx\">Adatkezel\u00e9si nyilv\u00e1ntart\u00e1s Munka- \u00e9s B\u00e9r\u00fcgy<\/a><br \/>\n<a href=\"https:\/\/semmelweis.hu\/neurologia\/files\/2024\/09\/Adatkezelesi-nyilvantartas-szakkepzes-NK.xlsx\">Adatkezel\u00e9si nyilv\u00e1ntart\u00e1s szakk\u00e9pz\u00e9s<\/a><\/p>\n","protected":false},"excerpt":{"rendered":"<p>A Semmelweis Egyetemen a szem\u00e9lyes \u00e9s k\u00fcl\u00f6nleges adatok kezel\u00e9se \u00e9s v\u00e9delme a jogszab\u00e1lyoknak megfelel\u0151en, biztons\u00e1gosan t\u00f6rt\u00e9nik. Ezt a\u00a0 <a href=\"https:\/\/semmelweis.hu\/jogigfoig\/dokumentumtar\/szabalyzattar\/adatvedelmi-szabalyzat\/\">Semmelweis Egyetem Adatv\u00e9delmi Szab\u00e1lyzata<\/a> \u00a0foglalja \u00f6ssze. Az egyetemi adatv\u00e9delmi felel\u0151s alapvet\u0151 feladata, hogy az Adatv\u00e9delmi Szab\u00e1lyzatban r\u00f6gz\u00edtett feladatait teljes\u00edtve gondoskodjon az egyetem adatv\u00e9delmi \u00e9s az ezzel \u00f6sszef\u00fcgg\u0151 adatbiztons\u00e1gi szempontokat kiel\u00e9g\u00edt\u0151 m\u0171k\u00f6d\u00e9s\u00e9r\u0151l. A Semmelweis Egyetem adatv\u00e9delmi tisztvisel\u0151je: Dr. Tr\u00f3cs\u00e1nyi S\u00e1ra 1125 Budapest, &hellip;<\/p>\n","protected":false},"author":101622,"featured_media":0,"parent":0,"menu_order":0,"comment_status":"closed","ping_status":"closed","template":"","meta":{"_acf_changed":false,"footnotes":""},"categories":[],"tags":[],"class_list":["post-1537","page","type-page","status-publish","hentry"],"acf":[],"_links":{"self":[{"href":"https:\/\/semmelweis.hu\/neurologia\/wp-json\/wp\/v2\/pages\/1537","targetHints":{"allow":["GET"]}}],"collection":[{"href":"https:\/\/semmelweis.hu\/neurologia\/wp-json\/wp\/v2\/pages"}],"about":[{"href":"https:\/\/semmelweis.hu\/neurologia\/wp-json\/wp\/v2\/types\/page"}],"author":[{"embeddable":true,"href":"https:\/\/semmelweis.hu\/neurologia\/wp-json\/wp\/v2\/users\/101622"}],"replies":[{"embeddable":true,"href":"https:\/\/semmelweis.hu\/neurologia\/wp-json\/wp\/v2\/comments?post=1537"}],"version-history":[{"count":6,"href":"https:\/\/semmelweis.hu\/neurologia\/wp-json\/wp\/v2\/pages\/1537\/revisions"}],"predecessor-version":[{"id":1570,"href":"https:\/\/semmelweis.hu\/neurologia\/wp-json\/wp\/v2\/pages\/1537\/revisions\/1570"}],"wp:attachment":[{"href":"https:\/\/semmelweis.hu\/neurologia\/wp-json\/wp\/v2\/media?parent=1537"}],"wp:term":[{"taxonomy":"category","embeddable":true,"href":"https:\/\/semmelweis.hu\/neurologia\/wp-json\/wp\/v2\/categories?post=1537"},{"taxonomy":"post_tag","embeddable":true,"href":"https:\/\/semmelweis.hu\/neurologia\/wp-json\/wp\/v2\/tags?post=1537"}],"curies":[{"name":"wp","href":"https:\/\/api.w.org\/{rel}","templated":true}]}}