{"id":146,"date":"2012-09-01T19:17:51","date_gmt":"2012-09-01T19:17:51","guid":{"rendered":"http:\/\/semmelweis-egyetem.hu\/neurologia\/?page_id=146"},"modified":"2024-10-13T12:20:49","modified_gmt":"2024-10-13T10:20:49","slug":"dr-tamas-gertrud-phd","status":"publish","type":"page","link":"https:\/\/semmelweis.hu\/neurologia\/munkatarsak\/dr-tamas-gertrud-phd\/","title":{"rendered":"Dr. Tam\u00e1s Gertr\u00fad PhD med. habil"},"content":{"rendered":"<p><a href=\"https:\/\/semmelweis.hu\/neurologia\/files\/2012\/09\/Tam\u00e1sGertr\u00fad.jpg\"><img loading=\"lazy\" decoding=\"async\" class=\"alignleft size-medium wp-image-148\" title=\"Tam\u00e1sGertr\u00fad\" src=\"https:\/\/semmelweis.hu\/neurologia\/files\/2012\/09\/Tam\u00e1sGertr\u00fad-219x300.jpg\" alt=\"\" width=\"219\" height=\"300\" srcset=\"https:\/\/semmelweis.hu\/neurologia\/files\/2012\/09\/Tam\u00e1sGertr\u00fad-219x300.jpg 219w, https:\/\/semmelweis.hu\/neurologia\/files\/2012\/09\/Tam\u00e1sGertr\u00fad.jpg 325w\" sizes=\"auto, (max-width: 219px) 100vw, 219px\" \/><\/a>Egyetemi docens<\/p>\n<p>Tel: 1 210 0330 Fax: 1 210 1368<\/p>\n<p><a href=\"https:\/\/semmelweis.hu\/neurologia\/betegellatas\/jarobeteg-ellatas\/mozgaszavar-ambulancia\/\">Parkinson-k\u00f3r \u00e9s Mozg\u00e1szavarok Szakrendel\u00e9s<\/a><\/p>\n<p><a href=\"https:\/\/semmelweis.hu\/neurologia\/betegellatas\/diagnosztikai-laboratoriumok\/mozgas-laboratorium\/\">Mozg\u00e1s Laborat\u00f3rium<\/a><\/p>\n<p><a href=\"https:\/\/semmelweis.hu\/neurologia\/betegellatas\/fekvobeteg-osztalyok\/di-emeleti-osztaly\/\">DI. emeleti Oszt\u00e1ly<\/a><\/p>\n<p>&nbsp;<\/p>\n","protected":false},"excerpt":{"rendered":"<p><a href=\"https:\/\/semmelweis.hu\/neurologia\/files\/2012\/09\/Tam\u00e1sGertr\u00fad.jpg\"><\/a>Egyetemi docens<br \/>\nTel: 1 210 0330 Fax: 1 210 1368<br \/>\n<a href=\"https:\/\/semmelweis.hu\/neurologia\/betegellatas\/jarobeteg-ellatas\/mozgaszavar-ambulancia\/\">Parkinson-k\u00f3r \u00e9s Mozg\u00e1szavarok Szakrendel\u00e9s<\/a><br \/>\n<a href=\"https:\/\/semmelweis.hu\/neurologia\/betegellatas\/diagnosztikai-laboratoriumok\/mozgas-laboratorium\/\">Mozg\u00e1s Laborat\u00f3rium<\/a><br \/>\n<a href=\"https:\/\/semmelweis.hu\/neurologia\/betegellatas\/fekvobeteg-osztalyok\/di-emeleti-osztaly\/\">DI. emeleti Oszt\u00e1ly<\/a><br \/>\n&nbsp;<\/p>\n","protected":false},"author":80,"featured_media":0,"parent":57,"menu_order":0,"comment_status":"closed","ping_status":"closed","template":"","meta":{"_acf_changed":false,"footnotes":""},"categories":[],"tags":[],"class_list":["post-146","page","type-page","status-publish","hentry"],"acf":[],"_links":{"self":[{"href":"https:\/\/semmelweis.hu\/neurologia\/wp-json\/wp\/v2\/pages\/146","targetHints":{"allow":["GET"]}}],"collection":[{"href":"https:\/\/semmelweis.hu\/neurologia\/wp-json\/wp\/v2\/pages"}],"about":[{"href":"https:\/\/semmelweis.hu\/neurologia\/wp-json\/wp\/v2\/types\/page"}],"author":[{"embeddable":true,"href":"https:\/\/semmelweis.hu\/neurologia\/wp-json\/wp\/v2\/users\/80"}],"replies":[{"embeddable":true,"href":"https:\/\/semmelweis.hu\/neurologia\/wp-json\/wp\/v2\/comments?post=146"}],"version-history":[{"count":10,"href":"https:\/\/semmelweis.hu\/neurologia\/wp-json\/wp\/v2\/pages\/146\/revisions"}],"predecessor-version":[{"id":1612,"href":"https:\/\/semmelweis.hu\/neurologia\/wp-json\/wp\/v2\/pages\/146\/revisions\/1612"}],"up":[{"embeddable":true,"href":"https:\/\/semmelweis.hu\/neurologia\/wp-json\/wp\/v2\/pages\/57"}],"wp:attachment":[{"href":"https:\/\/semmelweis.hu\/neurologia\/wp-json\/wp\/v2\/media?parent=146"}],"wp:term":[{"taxonomy":"category","embeddable":true,"href":"https:\/\/semmelweis.hu\/neurologia\/wp-json\/wp\/v2\/categories?post=146"},{"taxonomy":"post_tag","embeddable":true,"href":"https:\/\/semmelweis.hu\/neurologia\/wp-json\/wp\/v2\/tags?post=146"}],"curies":[{"name":"wp","href":"https:\/\/api.w.org\/{rel}","templated":true}]}}