{"id":144,"date":"2012-09-01T19:15:37","date_gmt":"2012-09-01T19:15:37","guid":{"rendered":"http:\/\/semmelweis-egyetem.hu\/neurologia\/?page_id=144"},"modified":"2024-10-08T13:35:19","modified_gmt":"2024-10-08T11:35:19","slug":"dr-gunda-bence","status":"publish","type":"page","link":"https:\/\/semmelweis.hu\/neurologia\/munkatarsak\/dr-gunda-bence\/","title":{"rendered":"Dr. Gunda Bence PhD"},"content":{"rendered":"<p><strong>Beoszt\u00e1s:<\/strong> egyetemi adjunktus<\/p>\n<p><a href=\"https:\/\/semmelweis.hu\/neurologia\/files\/2018\/09\/Dr.-Gunda-Bence-e1537958502114.jpg\"><img loading=\"lazy\" decoding=\"async\" class=\"alignnone size-medium wp-image-652\" src=\"https:\/\/semmelweis.hu\/neurologia\/files\/2018\/09\/Dr.-Gunda-Bence-e1537958502114-200x300.jpg\" alt=\"\" width=\"200\" height=\"300\" srcset=\"https:\/\/semmelweis.hu\/neurologia\/files\/2018\/09\/Dr.-Gunda-Bence-e1537958502114-200x300.jpg 200w, https:\/\/semmelweis.hu\/neurologia\/files\/2018\/09\/Dr.-Gunda-Bence-e1537958502114-768x1152.jpg 768w, https:\/\/semmelweis.hu\/neurologia\/files\/2018\/09\/Dr.-Gunda-Bence-e1537958502114-683x1024.jpg 683w\" sizes=\"auto, (max-width: 200px) 100vw, 200px\" \/><\/a><\/p>\n<p>Orvosi diplom\u00e1j\u00e1t 2005-ben a Semmelweis Egyetemen szerezte Summa cum laude min\u0151s\u00edt\u00e9ssel.<br \/>\nNeurol\u00f3giai szakk\u00e9pz\u00e9s\u00e9t az Agy\u00e9rbetegs\u00e9gek Orsz\u00e1gos K\u00f6zpontj\u00e1ban (OPNI) kezdte, majd a Semmelweis Egyetem Neurol\u00f3giai Klinik\u00e1j\u00e1n folytatta, 1 \u00e9vet a Lausanne-i Egyetemi Klinik\u00e1n t\u00f6lt\u00f6tt.<br \/>\nKor\u00e1n kialakult \u00e9rdekl\u0151d\u00e9se az agy\u00e9rbetegs\u00e9gek ir\u00e1nt, ez\u00e9rt 2007-ben tanulm\u00e1nyi \u00f6szt\u00f6nd\u00edjjal a p\u00e1rizsi Salpetri\u00e8re k\u00f3rh\u00e1z Stroke oszt\u00e1ly\u00e1n j\u00e1rt, 2008-ban az ESO Stroke Summer School-j\u00e1n vett r\u00e9szt, majd PhD \u00f6szt\u00f6nd\u00edjask\u00e9nt az agyi kis\u00e9rbetegs\u00e9gek k\u00e9palkot\u00e1s\u00e1val kezdett foglalkozni a Neurol\u00f3giai Klinik\u00e1n Bereczki D\u00e1niel vezet\u00e9s\u00e9vel.<br \/>\n2010-ben az EFNS \u00e9s az Institut Servier \u00f6szt\u00f6nd\u00edjasak\u00e9nt egy \u00e9vet a p\u00e1rizsi Lariboisi\u00e8re k\u00f3rh\u00e1zban kutatott Hugues Chabriat munkacsoportj\u00e1ban genetikai agyi kis\u00e9rbetegs\u00e9gek MR k\u00e9palkot\u00e1sa t\u00e9m\u00e1j\u00e1ban. Ugyanitt klinikai mentora Marie-Germaine Bousser volt.<br \/>\n2013-ban a Weill Cornell Seminar in Neurology k\u00e9pz\u00e9s\u00e9n vett r\u00e9szt, majd a Heidelbergi Egyetem Neurol\u00f3giai Klinik\u00e1j\u00e1nak stroke r\u00e9szleg\u00e9n tett tanulm\u00e1nyutat. Ugyanebben az \u00e9vben szerzett doktori fokozatot a Semmelweis Egyetem Idegtudom\u00e1nyi Doktori Iskol\u00e1j\u00e1ban, valamint szakvizsg\u00e1zott neurol\u00f3gi\u00e1b\u00f3l.<br \/>\n2014-ben a londoni King\u2019s College Hospital Neurol\u00f3giai oszt\u00e1ly\u00e1n dolgozott, majd a plymouth-i Derriford Hospital Stroke oszt\u00e1ly\u00e1n lett oszt\u00e1lyvezet\u0151 f\u0151orvos.<br \/>\n2015-ben szerzett diplom\u00e1t az ESO Master in Stroke Medicine k\u00e9pz\u00e9s\u00e9n.<br \/>\n2016-t\u00f3l a Semmelweis Egyetem Neurol\u00f3giai Klinik\u00e1ja az \u00e1lland\u00f3 munkahelye, 2019-t\u0151l oszt\u00e1lyvezet\u0151, 2021-t\u0151l Stroke r\u00e9szlegvezet\u0151, 2021-2024-ig a Stroke ell\u00e1t\u00e1s fejleszt\u00e9s\u00e9\u00e9rt felel\u0151s Klinikai K\u00f6zpont Eln\u00f6ki Biztos.<\/p>\n<p>Szakter\u00fclete az agy\u00e9rbetegs\u00e9gek, k\u00fcl\u00f6n\u00f6sen is az akut stroke ell\u00e1t\u00e1s, a ritka, \u00f6r\u00f6kletes, \u00e9s fiatalkori agy\u00e9rbetegs\u00e9gek, a vascularis fejf\u00e1j\u00e1sok \u00e9s a neurovascularis k\u00e9palkot\u00e1s.<\/p>\n<p>rendel\u00e9si id\u0151: szerda 11-13 vagy 13-15 \u00f3ra<br \/>\nbejelentkez\u00e9s: semmelweis.stroke.centrum@gmail.com, tel: 0620-6663279<\/p>\n<p>&nbsp;<\/p>\n<p>&nbsp;<\/p>\n","protected":false},"excerpt":{"rendered":"<p>Beoszt\u00e1s: egyetemi adjunktus <a href=\"https:\/\/semmelweis.hu\/neurologia\/files\/2018\/09\/Dr.-Gunda-Bence-e1537958502114.jpg\"><\/a> Orvosi diplom\u00e1j\u00e1t 2005-ben a Semmelweis Egyetemen szerezte Summa cum laude min\u0151s\u00edt\u00e9ssel. Neurol\u00f3giai szakk\u00e9pz\u00e9s\u00e9t az Agy\u00e9rbetegs\u00e9gek Orsz\u00e1gos K\u00f6zpontj\u00e1ban (OPNI) kezdte, majd a Semmelweis Egyetem Neurol\u00f3giai Klinik\u00e1j\u00e1n folytatta, 1 \u00e9vet a Lausanne-i Egyetemi Klinik\u00e1n t\u00f6lt\u00f6tt. Kor\u00e1n kialakult \u00e9rdekl\u0151d\u00e9se az agy\u00e9rbetegs\u00e9gek ir\u00e1nt, ez\u00e9rt 2007-ben tanulm\u00e1nyi \u00f6szt\u00f6nd\u00edjjal a p\u00e1rizsi Salpetri\u00e8re k\u00f3rh\u00e1z Stroke oszt\u00e1ly\u00e1n j\u00e1rt, 2008-ban az &hellip;<\/p>\n","protected":false},"author":80,"featured_media":0,"parent":57,"menu_order":0,"comment_status":"open","ping_status":"open","template":"","meta":{"_acf_changed":false,"footnotes":""},"categories":[],"tags":[],"class_list":["post-144","page","type-page","status-publish","hentry"],"acf":[],"_links":{"self":[{"href":"https:\/\/semmelweis.hu\/neurologia\/wp-json\/wp\/v2\/pages\/144","targetHints":{"allow":["GET"]}}],"collection":[{"href":"https:\/\/semmelweis.hu\/neurologia\/wp-json\/wp\/v2\/pages"}],"about":[{"href":"https:\/\/semmelweis.hu\/neurologia\/wp-json\/wp\/v2\/types\/page"}],"author":[{"embeddable":true,"href":"https:\/\/semmelweis.hu\/neurologia\/wp-json\/wp\/v2\/users\/80"}],"replies":[{"embeddable":true,"href":"https:\/\/semmelweis.hu\/neurologia\/wp-json\/wp\/v2\/comments?post=144"}],"version-history":[{"count":10,"href":"https:\/\/semmelweis.hu\/neurologia\/wp-json\/wp\/v2\/pages\/144\/revisions"}],"predecessor-version":[{"id":1603,"href":"https:\/\/semmelweis.hu\/neurologia\/wp-json\/wp\/v2\/pages\/144\/revisions\/1603"}],"up":[{"embeddable":true,"href":"https:\/\/semmelweis.hu\/neurologia\/wp-json\/wp\/v2\/pages\/57"}],"wp:attachment":[{"href":"https:\/\/semmelweis.hu\/neurologia\/wp-json\/wp\/v2\/media?parent=144"}],"wp:term":[{"taxonomy":"category","embeddable":true,"href":"https:\/\/semmelweis.hu\/neurologia\/wp-json\/wp\/v2\/categories?post=144"},{"taxonomy":"post_tag","embeddable":true,"href":"https:\/\/semmelweis.hu\/neurologia\/wp-json\/wp\/v2\/tags?post=144"}],"curies":[{"name":"wp","href":"https:\/\/api.w.org\/{rel}","templated":true}]}}