{"id":14,"date":"2012-02-03T13:05:32","date_gmt":"2012-02-03T12:05:32","guid":{"rendered":"http:\/\/semmelweis-egyetem.hu\/neurologia\/?page_id=14"},"modified":"2025-10-16T13:32:18","modified_gmt":"2025-10-16T11:32:18","slug":"meghirdetett-tdk-temak","status":"publish","type":"page","link":"https:\/\/semmelweis.hu\/neurologia\/oktatas\/meghirdetett-tdk-temak\/","title":{"rendered":"TDK"},"content":{"rendered":"<p><strong>F\u0151 t\u00e9mak\u00f6r\u00f6k III. \u00e9v elej\u00e9t\u0151l:<\/strong><\/p>\n<ul>\n<li>Parkinson-betegek elektrofiziol\u00f3giai, patol\u00f3giai \u00e9s gy\u00f3gyszerhat\u00e1stani\u00a0vizsg\u00e1lata<\/li>\n<li>Parkinson-k\u00f3r etiol\u00f3gi\u00e1ja, patomechanizmusa<\/li>\n<li>Degenerat\u00edv idegrendszeri betegs\u00e9gek\u00a0neuropatol\u00f3giai vizsg\u00e1lata<\/li>\n<li>Transcranialis Doppler-vizsg\u00e1latok agyi ischaemi\u00e1s betegs\u00e9gekben<\/li>\n<li>Az agyi\u00a0kering\u00e9sregulatio vizsg\u00e1lata<\/li>\n<li>Aphasi\u00e1s betegek klinikai vizsg\u00e1lata<\/li>\n<li>Pszichofiziol\u00f3giai vizsg\u00e1latok sclerosis multiplexben<\/li>\n<li>Fejf\u00e1j\u00e1sok klinikum\u00e1nak \u00e9s patomechanizmus\u00e1nak vizsg\u00e1lata<\/li>\n<li>Funkcion\u00e1lis TCD- \u00e9s EEG-vizsg\u00e1latok<\/li>\n<li>Genomikai kutat\u00e1sok neurol\u00f3giai k\u00f3rk\u00e9pekben<\/li>\n<li>M\u00e9ly agyi stimul\u00e1ci\u00f3 mozg\u00e1szavarokban<\/li>\n<li>Lacunaris\u00a0agyinfarctusok klinikai jelent\u0151s\u00e9gei<\/li>\n<li>Liquor feh\u00e9rjemarkerek neuro-immunol\u00f3giai megbeteged\u00e9sekben<\/li>\n<li>Post\u00a0stroke depresszi\u00f3<\/li>\n<li>Intergenomi\u00e1lis kommunik\u00e1ci\u00f3 zavarok fenot\u00edpus-genot\u00edpus korrel\u00e1ci\u00f3j\u00e1nak vizsg\u00e1lata<\/li>\n<li>Sclerosis multiplex egy\u00e9nre szabott kezel\u00e9se<\/li>\n<\/ul>\n<p><a href=\"https:\/\/semmelweis.hu\/neurologia\/files\/2025\/10\/TDK-temak-2025-2026.pdf\">TDK-t\u00e9m\u00e1k (2025\/2026 tan\u00e9vt\u0151l)<\/a><\/p>\n","protected":false},"excerpt":{"rendered":"<p>F\u0151 t\u00e9mak\u00f6r\u00f6k III. \u00e9v elej\u00e9t\u0151l: Parkinson-betegek elektrofiziol\u00f3giai, patol\u00f3giai \u00e9s gy\u00f3gyszerhat\u00e1stani\u00a0vizsg\u00e1lata Parkinson-k\u00f3r etiol\u00f3gi\u00e1ja, patomechanizmusa Degenerat\u00edv idegrendszeri betegs\u00e9gek\u00a0neuropatol\u00f3giai vizsg\u00e1lata Transcranialis Doppler-vizsg\u00e1latok agyi ischaemi\u00e1s betegs\u00e9gekben Az agyi\u00a0kering\u00e9sregulatio vizsg\u00e1lata Aphasi\u00e1s betegek klinikai vizsg\u00e1lata Pszichofiziol\u00f3giai vizsg\u00e1latok sclerosis multiplexben Fejf\u00e1j\u00e1sok klinikum\u00e1nak \u00e9s patomechanizmus\u00e1nak vizsg\u00e1lata Funkcion\u00e1lis TCD- \u00e9s EEG-vizsg\u00e1latok Genomikai kutat\u00e1sok neurol\u00f3giai k\u00f3rk\u00e9pekben M\u00e9ly agyi stimul\u00e1ci\u00f3 mozg\u00e1szavarokban Lacunaris\u00a0agyinfarctusok klinikai jelent\u0151s\u00e9gei Liquor feh\u00e9rjemarkerek &hellip;<\/p>\n","protected":false},"author":101234,"featured_media":0,"parent":38,"menu_order":7,"comment_status":"open","ping_status":"closed","template":"","meta":{"_acf_changed":false,"footnotes":""},"categories":[],"tags":[],"class_list":["post-14","page","type-page","status-publish","hentry"],"acf":[],"_links":{"self":[{"href":"https:\/\/semmelweis.hu\/neurologia\/wp-json\/wp\/v2\/pages\/14","targetHints":{"allow":["GET"]}}],"collection":[{"href":"https:\/\/semmelweis.hu\/neurologia\/wp-json\/wp\/v2\/pages"}],"about":[{"href":"https:\/\/semmelweis.hu\/neurologia\/wp-json\/wp\/v2\/types\/page"}],"author":[{"embeddable":true,"href":"https:\/\/semmelweis.hu\/neurologia\/wp-json\/wp\/v2\/users\/101234"}],"replies":[{"embeddable":true,"href":"https:\/\/semmelweis.hu\/neurologia\/wp-json\/wp\/v2\/comments?post=14"}],"version-history":[{"count":9,"href":"https:\/\/semmelweis.hu\/neurologia\/wp-json\/wp\/v2\/pages\/14\/revisions"}],"predecessor-version":[{"id":1722,"href":"https:\/\/semmelweis.hu\/neurologia\/wp-json\/wp\/v2\/pages\/14\/revisions\/1722"}],"up":[{"embeddable":true,"href":"https:\/\/semmelweis.hu\/neurologia\/wp-json\/wp\/v2\/pages\/38"}],"wp:attachment":[{"href":"https:\/\/semmelweis.hu\/neurologia\/wp-json\/wp\/v2\/media?parent=14"}],"wp:term":[{"taxonomy":"category","embeddable":true,"href":"https:\/\/semmelweis.hu\/neurologia\/wp-json\/wp\/v2\/categories?post=14"},{"taxonomy":"post_tag","embeddable":true,"href":"https:\/\/semmelweis.hu\/neurologia\/wp-json\/wp\/v2\/tags?post=14"}],"curies":[{"name":"wp","href":"https:\/\/api.w.org\/{rel}","templated":true}]}}