{"id":135,"date":"2012-09-01T18:52:30","date_gmt":"2012-09-01T18:52:30","guid":{"rendered":"http:\/\/semmelweis-egyetem.hu\/neurologia\/?page_id=135"},"modified":"2025-03-13T14:24:53","modified_gmt":"2025-03-13T13:24:53","slug":"dr-takats-annamaria","status":"publish","type":"page","link":"https:\/\/semmelweis.hu\/neurologia\/munkatarsak\/dr-takats-annamaria\/","title":{"rendered":"Dr. Tak\u00e1ts Annam\u00e1ria"},"content":{"rendered":"<p><a href=\"https:\/\/semmelweis.hu\/neurologia\/files\/2012\/09\/TakatsAnnamaria.jpg\"><img loading=\"lazy\" decoding=\"async\" class=\"alignleft size-medium wp-image-137\" title=\"TakatsAnnamaria\" src=\"https:\/\/semmelweis.hu\/neurologia\/files\/2012\/09\/TakatsAnnamaria-219x300.jpg\" alt=\"\" width=\"219\" height=\"300\" srcset=\"https:\/\/semmelweis.hu\/neurologia\/files\/2012\/09\/TakatsAnnamaria-219x300.jpg 219w, https:\/\/semmelweis.hu\/neurologia\/files\/2012\/09\/TakatsAnnamaria.jpg 326w\" sizes=\"auto, (max-width: 219px) 100vw, 219px\" \/><\/a>Klinikai f\u0151orvos<\/p>\n<p><strong>El\u00e9rhet\u0151s\u00e9g:<\/strong><\/p>\n<p>E-mail: <a href=\"takats.annamaria@semmelweis.hu\">takats.annamaria@semmelweis.hu<\/a><\/p>\n<p>Tel: 1 210 0330\/51206 Fax: 1 210 1368<\/p>\n<p><a href=\"https:\/\/semmelweis.hu\/neurologia\/betegellatas\/jarobeteg-ellatas\/mozgaszavar-ambulancia\/\">Parkinson-k\u00f3r \u00e9s Mozg\u00e1szavarok Ambulancia<\/a><\/p>\n<p><a href=\"https:\/\/semmelweis.hu\/neurologia\/betegellatas\/fekvobeteg-osztalyok\/dii-emeleti-osztaly\/\">DII. emeleti Oszt\u00e1ly<\/a><\/p>\n<p>&nbsp;<\/p>\n<p>&nbsp;<\/p>\n","protected":false},"excerpt":{"rendered":"<p><a href=\"https:\/\/semmelweis.hu\/neurologia\/files\/2012\/09\/TakatsAnnamaria.jpg\"><\/a>Klinikai f\u0151orvos<br \/>\nEl\u00e9rhet\u0151s\u00e9g:<br \/>\nE-mail: <a href=\"takats.annamaria@semmelweis.hu\">takats.annamaria@semmelweis.hu<\/a><br \/>\nTel: 1 210 0330\/51206 Fax: 1 210 1368<br \/>\n<a href=\"https:\/\/semmelweis.hu\/neurologia\/betegellatas\/jarobeteg-ellatas\/mozgaszavar-ambulancia\/\">Parkinson-k\u00f3r \u00e9s Mozg\u00e1szavarok Ambulancia<\/a><br \/>\n<a href=\"https:\/\/semmelweis.hu\/neurologia\/betegellatas\/fekvobeteg-osztalyok\/dii-emeleti-osztaly\/\">DII. emeleti Oszt\u00e1ly<\/a><br \/>\n&nbsp;<br \/>\n&nbsp;<\/p>\n","protected":false},"author":80,"featured_media":0,"parent":57,"menu_order":0,"comment_status":"open","ping_status":"open","template":"","meta":{"_acf_changed":false,"footnotes":""},"categories":[],"tags":[],"class_list":["post-135","page","type-page","status-publish","hentry"],"acf":[],"_links":{"self":[{"href":"https:\/\/semmelweis.hu\/neurologia\/wp-json\/wp\/v2\/pages\/135","targetHints":{"allow":["GET"]}}],"collection":[{"href":"https:\/\/semmelweis.hu\/neurologia\/wp-json\/wp\/v2\/pages"}],"about":[{"href":"https:\/\/semmelweis.hu\/neurologia\/wp-json\/wp\/v2\/types\/page"}],"author":[{"embeddable":true,"href":"https:\/\/semmelweis.hu\/neurologia\/wp-json\/wp\/v2\/users\/80"}],"replies":[{"embeddable":true,"href":"https:\/\/semmelweis.hu\/neurologia\/wp-json\/wp\/v2\/comments?post=135"}],"version-history":[{"count":3,"href":"https:\/\/semmelweis.hu\/neurologia\/wp-json\/wp\/v2\/pages\/135\/revisions"}],"predecessor-version":[{"id":1668,"href":"https:\/\/semmelweis.hu\/neurologia\/wp-json\/wp\/v2\/pages\/135\/revisions\/1668"}],"up":[{"embeddable":true,"href":"https:\/\/semmelweis.hu\/neurologia\/wp-json\/wp\/v2\/pages\/57"}],"wp:attachment":[{"href":"https:\/\/semmelweis.hu\/neurologia\/wp-json\/wp\/v2\/media?parent=135"}],"wp:term":[{"taxonomy":"category","embeddable":true,"href":"https:\/\/semmelweis.hu\/neurologia\/wp-json\/wp\/v2\/categories?post=135"},{"taxonomy":"post_tag","embeddable":true,"href":"https:\/\/semmelweis.hu\/neurologia\/wp-json\/wp\/v2\/tags?post=135"}],"curies":[{"name":"wp","href":"https:\/\/api.w.org\/{rel}","templated":true}]}}