{"id":13,"date":"2012-02-03T13:01:10","date_gmt":"2012-02-03T13:01:10","guid":{"rendered":"http:\/\/semmelweis-egyetem.hu\/neurologia\/?page_id=13"},"modified":"2025-10-16T13:33:46","modified_gmt":"2025-10-16T11:33:46","slug":"fobb-szakdolgozat-temak-es-rektori-palyatetelek","status":"publish","type":"page","link":"https:\/\/semmelweis.hu\/neurologia\/oktatas\/fobb-szakdolgozat-temak-es-rektori-palyatetelek\/","title":{"rendered":"Szakdolgozat t\u00e9m\u00e1k"},"content":{"rendered":"<p style=\"text-align: center\"><a href=\"https:\/\/semmelweis.hu\/neurologia\/files\/2025\/10\/Szakdolgozat-cimek-2025-2026.pdf\"><strong>\u00a0A 2025\/2026-es tan\u00e9vben meghirdetend\u0151 <\/strong><strong>szakdolgozatok c\u00edmjegyz\u00e9ke<\/strong><\/a><\/p>\n","protected":false},"excerpt":{"rendered":"<p><a href=\"https:\/\/semmelweis.hu\/neurologia\/files\/2025\/10\/Szakdolgozat-cimek-2025-2026.pdf\">\u00a0A 2025\/2026-es tan\u00e9vben meghirdetend\u0151 szakdolgozatok c\u00edmjegyz\u00e9ke<\/a><\/p>\n","protected":false},"author":101234,"featured_media":0,"parent":38,"menu_order":0,"comment_status":"closed","ping_status":"closed","template":"","meta":{"_acf_changed":false,"footnotes":""},"categories":[],"tags":[],"class_list":["post-13","page","type-page","status-publish","hentry"],"acf":[],"_links":{"self":[{"href":"https:\/\/semmelweis.hu\/neurologia\/wp-json\/wp\/v2\/pages\/13","targetHints":{"allow":["GET"]}}],"collection":[{"href":"https:\/\/semmelweis.hu\/neurologia\/wp-json\/wp\/v2\/pages"}],"about":[{"href":"https:\/\/semmelweis.hu\/neurologia\/wp-json\/wp\/v2\/types\/page"}],"author":[{"embeddable":true,"href":"https:\/\/semmelweis.hu\/neurologia\/wp-json\/wp\/v2\/users\/101234"}],"replies":[{"embeddable":true,"href":"https:\/\/semmelweis.hu\/neurologia\/wp-json\/wp\/v2\/comments?post=13"}],"version-history":[{"count":11,"href":"https:\/\/semmelweis.hu\/neurologia\/wp-json\/wp\/v2\/pages\/13\/revisions"}],"predecessor-version":[{"id":1723,"href":"https:\/\/semmelweis.hu\/neurologia\/wp-json\/wp\/v2\/pages\/13\/revisions\/1723"}],"up":[{"embeddable":true,"href":"https:\/\/semmelweis.hu\/neurologia\/wp-json\/wp\/v2\/pages\/38"}],"wp:attachment":[{"href":"https:\/\/semmelweis.hu\/neurologia\/wp-json\/wp\/v2\/media?parent=13"}],"wp:term":[{"taxonomy":"category","embeddable":true,"href":"https:\/\/semmelweis.hu\/neurologia\/wp-json\/wp\/v2\/categories?post=13"},{"taxonomy":"post_tag","embeddable":true,"href":"https:\/\/semmelweis.hu\/neurologia\/wp-json\/wp\/v2\/tags?post=13"}],"curies":[{"name":"wp","href":"https:\/\/api.w.org\/{rel}","templated":true}]}}