{"id":126,"date":"2012-09-01T16:37:33","date_gmt":"2012-09-01T16:37:33","guid":{"rendered":"http:\/\/semmelweis-egyetem.hu\/neurologia\/?page_id=126"},"modified":"2025-03-13T14:24:43","modified_gmt":"2025-03-13T13:24:43","slug":"dr-debreczeni-robert","status":"publish","type":"page","link":"https:\/\/semmelweis.hu\/neurologia\/munkatarsak\/dr-debreczeni-robert\/","title":{"rendered":"Dr. Debreczeni R\u00f3bert PhD"},"content":{"rendered":"<p><a href=\"https:\/\/semmelweis.hu\/neurologia\/files\/2012\/09\/Debreczeni-Dr1.jpg\"><img loading=\"lazy\" decoding=\"async\" class=\"alignleft size-medium wp-image-130\" title=\"Debreczeni Dr\" src=\"https:\/\/semmelweis.hu\/neurologia\/files\/2012\/09\/Debreczeni-Dr1-219x300.jpg\" alt=\"\" width=\"219\" height=\"300\" srcset=\"https:\/\/semmelweis.hu\/neurologia\/files\/2012\/09\/Debreczeni-Dr1-219x300.jpg 219w, https:\/\/semmelweis.hu\/neurologia\/files\/2012\/09\/Debreczeni-Dr1.jpg 325w\" sizes=\"auto, (max-width: 219px) 100vw, 219px\" \/><\/a>Egyetemi adjunktus<\/p>\n<p><strong>El\u00e9rhet\u0151s\u00e9g:<\/strong><\/p>\n<p>E-mail: <a href=\"debreczeni.robert@semmelweis.hu\">debreczeni.robert@semmelweis.hu<\/a><\/p>\n<p>Tel: 1 210 0330 Fax: 1 210 1368<\/p>\n<p><a href=\"https:\/\/semmelweis.hu\/neurologia\/betegellatas\/jarobeteg-ellatas\/cerebrovascularis-szakrendeles\/\">Cerebrovascularis Szakrendel\u00e9s<\/a><\/p>\n<p><a href=\"https:\/\/semmelweis.hu\/neurologia\/betegellatas\/diagnosztikai-laboratoriumok\/doppler-ultrahang-laboratorium\/\">Doppler-ultrahang Laborat\u00f3rium<\/a><\/p>\n<p><a href=\"https:\/\/semmelweis.hu\/neurologia\/betegellatas\/fekvobeteg-osztalyok\/neurologiai-klinika-d-f\u00f6ldszinti-osztaly\/\">D f\u00f6ldszinti Oszt\u00e1ly<\/a><\/p>\n","protected":false},"excerpt":{"rendered":"<p><a href=\"https:\/\/semmelweis.hu\/neurologia\/files\/2012\/09\/Debreczeni-Dr1.jpg\"><\/a>Egyetemi adjunktus<br \/>\nEl\u00e9rhet\u0151s\u00e9g:<br \/>\nE-mail: <a href=\"debreczeni.robert@semmelweis.hu\">debreczeni.robert@semmelweis.hu<\/a><br \/>\nTel: 1 210 0330 Fax: 1 210 1368<br \/>\n<a href=\"https:\/\/semmelweis.hu\/neurologia\/betegellatas\/jarobeteg-ellatas\/cerebrovascularis-szakrendeles\/\">Cerebrovascularis Szakrendel\u00e9s<\/a><br \/>\n<a href=\"https:\/\/semmelweis.hu\/neurologia\/betegellatas\/diagnosztikai-laboratoriumok\/doppler-ultrahang-laboratorium\/\">Doppler-ultrahang Laborat\u00f3rium<\/a><br \/>\n<a href=\"https:\/\/semmelweis.hu\/neurologia\/betegellatas\/fekvobeteg-osztalyok\/neurologiai-klinika-d-f\u00f6ldszinti-osztaly\/\">D f\u00f6ldszinti Oszt\u00e1ly<\/a><\/p>\n","protected":false},"author":80,"featured_media":0,"parent":57,"menu_order":0,"comment_status":"open","ping_status":"open","template":"","meta":{"_acf_changed":false,"footnotes":""},"categories":[],"tags":[],"class_list":["post-126","page","type-page","status-publish","hentry"],"acf":[],"_links":{"self":[{"href":"https:\/\/semmelweis.hu\/neurologia\/wp-json\/wp\/v2\/pages\/126","targetHints":{"allow":["GET"]}}],"collection":[{"href":"https:\/\/semmelweis.hu\/neurologia\/wp-json\/wp\/v2\/pages"}],"about":[{"href":"https:\/\/semmelweis.hu\/neurologia\/wp-json\/wp\/v2\/types\/page"}],"author":[{"embeddable":true,"href":"https:\/\/semmelweis.hu\/neurologia\/wp-json\/wp\/v2\/users\/80"}],"replies":[{"embeddable":true,"href":"https:\/\/semmelweis.hu\/neurologia\/wp-json\/wp\/v2\/comments?post=126"}],"version-history":[{"count":4,"href":"https:\/\/semmelweis.hu\/neurologia\/wp-json\/wp\/v2\/pages\/126\/revisions"}],"predecessor-version":[{"id":1667,"href":"https:\/\/semmelweis.hu\/neurologia\/wp-json\/wp\/v2\/pages\/126\/revisions\/1667"}],"up":[{"embeddable":true,"href":"https:\/\/semmelweis.hu\/neurologia\/wp-json\/wp\/v2\/pages\/57"}],"wp:attachment":[{"href":"https:\/\/semmelweis.hu\/neurologia\/wp-json\/wp\/v2\/media?parent=126"}],"wp:term":[{"taxonomy":"category","embeddable":true,"href":"https:\/\/semmelweis.hu\/neurologia\/wp-json\/wp\/v2\/categories?post=126"},{"taxonomy":"post_tag","embeddable":true,"href":"https:\/\/semmelweis.hu\/neurologia\/wp-json\/wp\/v2\/tags?post=126"}],"curies":[{"name":"wp","href":"https:\/\/api.w.org\/{rel}","templated":true}]}}